{"id":1708,"date":"2017-09-26T18:38:16","date_gmt":"2017-09-26T16:38:16","guid":{"rendered":"http:\/\/www.archiwum.diecezjazg.pl\/?page_id=1708"},"modified":"2017-09-26T18:38:16","modified_gmt":"2017-09-26T16:38:16","slug":"akta-parafii-katolickiej-wolkow-k-lwowa-zespol-208-sygnatura-pwo-kat","status":"publish","type":"page","link":"https:\/\/archiwum.diecezjazg.pl\/index.php\/zasoby-archiwalne\/akta-parafii-katolickiej-wolkow-k-lwowa-zespol-208-sygnatura-pwo-kat\/","title":{"rendered":"Akta parafii katolickiej Wo\u0142k\u00f3w k.Lwowa, zesp\u00f3\u0142 208, sygnatura PWo-kat"},"content":{"rendered":"\n<table id=\"tablepress-2138\" class=\"tablepress tablepress-id-2138\">\n<thead>\n<tr class=\"row-1 odd\">\n\t<th class=\"column-1\">Sygn<\/th><th class=\"column-2\">Zesp\u00f3\u0142 208<\/th><th class=\"column-3\">Tytu\u0142<\/th><th class=\"column-4\">Rok_ant<\/th><th class=\"column-5\">Rok_p<\/th><th class=\"column-6\">Rok_k<\/th><th class=\"column-7\">Rok_pos<\/th><th class=\"column-8\">Opis_fizyczny<\/th><th class=\"column-9\">ilo\u015b\u0107 stron<\/th><th class=\"column-10\">wymiar<\/th><th class=\"column-11\">j\u0119zyk<\/th><th class=\"column-12\">Sygnatury dawne<\/th><th class=\"column-13\">Uwagi<\/th>\n<\/tr>\n<\/thead>\n<tbody class=\"row-hover\">\n<tr class=\"row-2 even\">\n\t<td class=\"column-1\">PWo-kat 1<\/td><td class=\"column-2\">Parafia rzymskokatolicka Wo\u0142k\u00f3w k\/Lwowa<\/td><td class=\"column-3\">Nauka przygotowawcza do I Komunii \u015bw.<\/td><td class=\"column-4\"><\/td><td class=\"column-5\">1935<\/td><td class=\"column-6\">1946<\/td><td class=\"column-7\"><\/td><td class=\"column-8\">ksi\u0119ga<\/td><td class=\"column-9\"><\/td><td class=\"column-10\">115x118<\/td><td class=\"column-11\">pol<\/td><td class=\"column-12\"><\/td><td class=\"column-13\"><\/td>\n<\/tr>\n<tr class=\"row-3 odd\">\n\t<td class=\"column-1\">PWo-kat 2<\/td><td class=\"column-2\">Parafia rzymskokatolicka Wo\u0142k\u00f3w k\/Lwowa<\/td><td class=\"column-3\">Ksi\u0119ga og\u0142osze\u0144<\/td><td class=\"column-4\"><\/td><td class=\"column-5\">1940<\/td><td class=\"column-6\">1940<\/td><td class=\"column-7\"><\/td><td class=\"column-8\">ksi\u0119ga<\/td><td class=\"column-9\"><\/td><td class=\"column-10\">117x210<\/td><td class=\"column-11\">pol<\/td><td class=\"column-12\"><\/td><td class=\"column-13\"><\/td>\n<\/tr>\n<tr class=\"row-4 even\">\n\t<td class=\"column-1\">PWo-kat 3<\/td><td class=\"column-2\">Parafia rzymskokatolicka Wo\u0142k\u00f3w k\/Lwowa<\/td><td class=\"column-3\">Ksi\u0119ga og\u0142osze\u0144<\/td><td class=\"column-4\"><\/td><td class=\"column-5\">1944<\/td><td class=\"column-6\">1944<\/td><td class=\"column-7\"><\/td><td class=\"column-8\">ksi\u0119ga<\/td><td class=\"column-9\"><\/td><td class=\"column-10\">114x210<\/td><td class=\"column-11\">pol<\/td><td class=\"column-12\"><\/td><td class=\"column-13\"><\/td>\n<\/tr>\n<tr class=\"row-5 odd\">\n\t<td class=\"column-1\">PWo-kat 4<\/td><td class=\"column-2\">Parafia rzymskokatolicka Wo\u0142k\u00f3w k\/Lwowa<\/td><td class=\"column-3\">Ksi\u0119ga og\u0142osze\u0144<\/td><td class=\"column-4\"><\/td><td class=\"column-5\">1945<\/td><td class=\"column-6\">1945<\/td><td class=\"column-7\"><\/td><td class=\"column-8\">ksi\u0119ga<\/td><td class=\"column-9\"><\/td><td class=\"column-10\">114x205<\/td><td class=\"column-11\">pol<\/td><td class=\"column-12\"><\/td><td class=\"column-13\"><\/td>\n<\/tr>\n<\/tbody>\n<\/table>\n<!-- #tablepress-2138 from cache -->\n","protected":false},"excerpt":{"rendered":"","protected":false},"author":1,"featured_media":0,"parent":46,"menu_order":0,"comment_status":"closed","ping_status":"closed","template":"","meta":{"ngg_post_thumbnail":0},"_links":{"self":[{"href":"https:\/\/archiwum.diecezjazg.pl\/index.php\/wp-json\/wp\/v2\/pages\/1708"}],"collection":[{"href":"https:\/\/archiwum.diecezjazg.pl\/index.php\/wp-json\/wp\/v2\/pages"}],"about":[{"href":"https:\/\/archiwum.diecezjazg.pl\/index.php\/wp-json\/wp\/v2\/types\/page"}],"author":[{"embeddable":true,"href":"https:\/\/archiwum.diecezjazg.pl\/index.php\/wp-json\/wp\/v2\/users\/1"}],"replies":[{"embeddable":true,"href":"https:\/\/archiwum.diecezjazg.pl\/index.php\/wp-json\/wp\/v2\/comments?post=1708"}],"version-history":[{"count":1,"href":"https:\/\/archiwum.diecezjazg.pl\/index.php\/wp-json\/wp\/v2\/pages\/1708\/revisions"}],"predecessor-version":[{"id":1709,"href":"https:\/\/archiwum.diecezjazg.pl\/index.php\/wp-json\/wp\/v2\/pages\/1708\/revisions\/1709"}],"up":[{"embeddable":true,"href":"https:\/\/archiwum.diecezjazg.pl\/index.php\/wp-json\/wp\/v2\/pages\/46"}],"wp:attachment":[{"href":"https:\/\/archiwum.diecezjazg.pl\/index.php\/wp-json\/wp\/v2\/media?parent=1708"}],"curies":[{"name":"wp","href":"https:\/\/api.w.org\/{rel}","templated":true}]}}