{"id":1700,"date":"2017-09-26T18:31:39","date_gmt":"2017-09-26T16:31:39","guid":{"rendered":"http:\/\/www.archiwum.diecezjazg.pl\/?page_id=1700"},"modified":"2017-09-26T18:31:39","modified_gmt":"2017-09-26T16:31:39","slug":"akta-kosciola-ewangelickiego-trzemeszno-lubuskie-schermeisel-zespol-204-sygnatura-ptl-ew","status":"publish","type":"page","link":"https:\/\/archiwum.diecezjazg.pl\/index.php\/zasoby-archiwalne\/akta-kosciola-ewangelickiego-trzemeszno-lubuskie-schermeisel-zespol-204-sygnatura-ptl-ew\/","title":{"rendered":"Akta ko\u015bcio\u0142a ewangelickiego Trzemeszno Lubuskie Schermeisel, zesp\u00f3\u0142 204, sygnatura PTL-ew"},"content":{"rendered":"\n<table id=\"tablepress-2134\" class=\"tablepress tablepress-id-2134\">\n<thead>\n<tr class=\"row-1 odd\">\n\t<th class=\"column-1\">Sygn<\/th><th class=\"column-2\">Zesp\u00f3\u0142 204<\/th><th class=\"column-3\">Tytu\u0142<\/th><th class=\"column-4\">Rok_ant<\/th><th class=\"column-5\">Rok_p<\/th><th class=\"column-6\">Rok_k<\/th><th class=\"column-7\">Rok_pos<\/th><th class=\"column-8\">Opis_fizyczny<\/th><th class=\"column-9\">ilo\u015b\u0107 stron<\/th><th class=\"column-10\">wymiar<\/th><th class=\"column-11\">j\u0119zyk<\/th><th class=\"column-12\">Sygnatury dawne<\/th><th class=\"column-13\">Uwagi<\/th>\n<\/tr>\n<\/thead>\n<tbody class=\"row-hover\">\n<tr class=\"row-2 even\">\n\t<td class=\"column-1\">PTL-ew 1<\/td><td class=\"column-2\">Ko\u015bci\u00f3\u0142 ewangelicki Trzemeszno Lubuskie (Schermeisel)<\/td><td class=\"column-3\">Abloesung der Naturalabgeben u. Rentenfortschreitung<\/td><td class=\"column-4\"><\/td><td class=\"column-5\">1897<\/td><td class=\"column-6\">1910<\/td><td class=\"column-7\"><\/td><td class=\"column-8\">poszyt<\/td><td class=\"column-9\"><\/td><td class=\"column-10\"><\/td><td class=\"column-11\">niem<\/td><td class=\"column-12\"><\/td><td class=\"column-13\"><\/td>\n<\/tr>\n<tr class=\"row-3 odd\">\n\t<td class=\"column-1\">PTL-ew 2<\/td><td class=\"column-2\">Ko\u015bci\u00f3\u0142 ewangelicki Trzemeszno Lubuskie (Schermeisel)<\/td><td class=\"column-3\">Acta der Pfarre zu Schermeisel. Protokolle der Sitzung des Gemeinde-Kirchenwahl u. Gemeinde-Vertretung<\/td><td class=\"column-4\"><\/td><td class=\"column-5\">1898<\/td><td class=\"column-6\">1910<\/td><td class=\"column-7\"><\/td><td class=\"column-8\">ksi\u0119ga<\/td><td class=\"column-9\"><\/td><td class=\"column-10\"><\/td><td class=\"column-11\">niem<\/td><td class=\"column-12\"><\/td><td class=\"column-13\">[syg.dawn.] K. B6<\/td>\n<\/tr>\n<tr class=\"row-4 even\">\n\t<td class=\"column-1\">PTL-ew 3<\/td><td class=\"column-2\">Ko\u015bci\u00f3\u0142 ewangelicki Trzemeszno Lubuskie (Schermeisel)<\/td><td class=\"column-3\">Amtsverrichtungen<\/td><td class=\"column-4\"><\/td><td class=\"column-5\">1849<\/td><td class=\"column-6\">1875<\/td><td class=\"column-7\"><\/td><td class=\"column-8\">ksi\u0119ga<\/td><td class=\"column-9\"><\/td><td class=\"column-10\"><\/td><td class=\"column-11\">niem<\/td><td class=\"column-12\"><\/td><td class=\"column-13\">[syg.dawn.] X 84<\/td>\n<\/tr>\n<\/tbody>\n<\/table>\n<!-- #tablepress-2134 from cache -->\n","protected":false},"excerpt":{"rendered":"","protected":false},"author":1,"featured_media":0,"parent":46,"menu_order":0,"comment_status":"closed","ping_status":"closed","template":"","meta":{"ngg_post_thumbnail":0},"_links":{"self":[{"href":"https:\/\/archiwum.diecezjazg.pl\/index.php\/wp-json\/wp\/v2\/pages\/1700"}],"collection":[{"href":"https:\/\/archiwum.diecezjazg.pl\/index.php\/wp-json\/wp\/v2\/pages"}],"about":[{"href":"https:\/\/archiwum.diecezjazg.pl\/index.php\/wp-json\/wp\/v2\/types\/page"}],"author":[{"embeddable":true,"href":"https:\/\/archiwum.diecezjazg.pl\/index.php\/wp-json\/wp\/v2\/users\/1"}],"replies":[{"embeddable":true,"href":"https:\/\/archiwum.diecezjazg.pl\/index.php\/wp-json\/wp\/v2\/comments?post=1700"}],"version-history":[{"count":1,"href":"https:\/\/archiwum.diecezjazg.pl\/index.php\/wp-json\/wp\/v2\/pages\/1700\/revisions"}],"predecessor-version":[{"id":1701,"href":"https:\/\/archiwum.diecezjazg.pl\/index.php\/wp-json\/wp\/v2\/pages\/1700\/revisions\/1701"}],"up":[{"embeddable":true,"href":"https:\/\/archiwum.diecezjazg.pl\/index.php\/wp-json\/wp\/v2\/pages\/46"}],"wp:attachment":[{"href":"https:\/\/archiwum.diecezjazg.pl\/index.php\/wp-json\/wp\/v2\/media?parent=1700"}],"curies":[{"name":"wp","href":"https:\/\/api.w.org\/{rel}","templated":true}]}}