{"id":1696,"date":"2017-09-26T18:29:28","date_gmt":"2017-09-26T16:29:28","guid":{"rendered":"http:\/\/www.archiwum.diecezjazg.pl\/?page_id=1696"},"modified":"2017-09-26T18:29:28","modified_gmt":"2017-09-26T16:29:28","slug":"akta-kosciola-ewangelickiego-toporow-topper-zespol-202-sygnatura-pto-ew","status":"publish","type":"page","link":"https:\/\/archiwum.diecezjazg.pl\/index.php\/zasoby-archiwalne\/akta-kosciola-ewangelickiego-toporow-topper-zespol-202-sygnatura-pto-ew\/","title":{"rendered":"Akta ko\u015bcio\u0142a ewangelickiego Topor\u00f3w Topper, zesp\u00f3\u0142 202, sygnatura PTo-ew"},"content":{"rendered":"\n<table id=\"tablepress-2132\" class=\"tablepress tablepress-id-2132\">\n<thead>\n<tr class=\"row-1 odd\">\n\t<th class=\"column-1\">Sygn<\/th><th class=\"column-2\">Zesp\u00f3\u0142 202<\/th><th class=\"column-3\">Tytu\u0142<\/th><th class=\"column-4\">Rok_ant<\/th><th class=\"column-5\">Rok_p<\/th><th class=\"column-6\">Rok_k<\/th><th class=\"column-7\">Rok_pos<\/th><th class=\"column-8\">Opis_fizyczny<\/th><th class=\"column-9\">ilo\u015b\u0107 stron<\/th><th class=\"column-10\">wymiar<\/th><th class=\"column-11\">j\u0119zyk<\/th><th class=\"column-12\">Sygnatury dawne<\/th><th class=\"column-13\">Uwagi<\/th>\n<\/tr>\n<\/thead>\n<tbody class=\"row-hover\">\n<tr class=\"row-2 even\">\n\t<td class=\"column-1\">PTo-ew 1<\/td><td class=\"column-2\">Ko\u015bci\u00f3\u0142 ewangelicki Topor\u00f3w (Topper)<\/td><td class=\"column-3\">Kirchenbuch der Gebornen und Getauften zu Topper im Crossener-Kreise 1824<\/td><td class=\"column-4\"><\/td><td class=\"column-5\">1824<\/td><td class=\"column-6\">1877<\/td><td class=\"column-7\"><\/td><td class=\"column-8\">ksi\u0119ga<\/td><td class=\"column-9\"><\/td><td class=\"column-10\">brak pag.<\/td><td class=\"column-11\">niem<\/td><td class=\"column-12\"><\/td><td class=\"column-13\">skorowidz<\/td>\n<\/tr>\n<tr class=\"row-3 odd\">\n\t<td class=\"column-1\">PTo-ew 2<\/td><td class=\"column-2\">Ko\u015bci\u00f3\u0142 ewangelicki Topor\u00f3w (Topper)<\/td><td class=\"column-3\">Kirchenbuch der Aufgebotenen und Getrauten zu Topper im Crossener-Kreise 1825<\/td><td class=\"column-4\"><\/td><td class=\"column-5\">1824<\/td><td class=\"column-6\">1943<\/td><td class=\"column-7\"><\/td><td class=\"column-8\">ksi\u0119ga<\/td><td class=\"column-9\"><\/td><td class=\"column-10\">brak pag.<\/td><td class=\"column-11\">niem<\/td><td class=\"column-12\"><\/td><td class=\"column-13\">Anfang 25 stron: s.1-9 Verzeichniss der eingesegneten Kinder, theils am hisigen Orte, theils aus hisiger Gemeine. Topper den 2ten May 1824 [1831]; s.12-13 Heute, am 3. (drei) August 1896...; s.15-25 dalszy ci\u0105g ksi\u0119gi za\u015blubionych do 1943 roku<\/td>\n<\/tr>\n<\/tbody>\n<\/table>\n<!-- #tablepress-2132 from cache -->\n","protected":false},"excerpt":{"rendered":"","protected":false},"author":1,"featured_media":0,"parent":46,"menu_order":0,"comment_status":"closed","ping_status":"closed","template":"","meta":{"ngg_post_thumbnail":0},"_links":{"self":[{"href":"https:\/\/archiwum.diecezjazg.pl\/index.php\/wp-json\/wp\/v2\/pages\/1696"}],"collection":[{"href":"https:\/\/archiwum.diecezjazg.pl\/index.php\/wp-json\/wp\/v2\/pages"}],"about":[{"href":"https:\/\/archiwum.diecezjazg.pl\/index.php\/wp-json\/wp\/v2\/types\/page"}],"author":[{"embeddable":true,"href":"https:\/\/archiwum.diecezjazg.pl\/index.php\/wp-json\/wp\/v2\/users\/1"}],"replies":[{"embeddable":true,"href":"https:\/\/archiwum.diecezjazg.pl\/index.php\/wp-json\/wp\/v2\/comments?post=1696"}],"version-history":[{"count":1,"href":"https:\/\/archiwum.diecezjazg.pl\/index.php\/wp-json\/wp\/v2\/pages\/1696\/revisions"}],"predecessor-version":[{"id":1697,"href":"https:\/\/archiwum.diecezjazg.pl\/index.php\/wp-json\/wp\/v2\/pages\/1696\/revisions\/1697"}],"up":[{"embeddable":true,"href":"https:\/\/archiwum.diecezjazg.pl\/index.php\/wp-json\/wp\/v2\/pages\/46"}],"wp:attachment":[{"href":"https:\/\/archiwum.diecezjazg.pl\/index.php\/wp-json\/wp\/v2\/media?parent=1696"}],"curies":[{"name":"wp","href":"https:\/\/api.w.org\/{rel}","templated":true}]}}