{"id":1694,"date":"2017-09-26T18:28:43","date_gmt":"2017-09-26T16:28:43","guid":{"rendered":"http:\/\/www.archiwum.diecezjazg.pl\/?page_id=1694"},"modified":"2017-09-26T18:28:43","modified_gmt":"2017-09-26T16:28:43","slug":"akta-parafii-katolickiej-tarnawica-polna-zespol-201-sygnatura-pt-kat","status":"publish","type":"page","link":"https:\/\/archiwum.diecezjazg.pl\/index.php\/zasoby-archiwalne\/akta-parafii-katolickiej-tarnawica-polna-zespol-201-sygnatura-pt-kat\/","title":{"rendered":"Akta parafii katolickiej Tarnawica Polna, zesp\u00f3\u0142 201, sygnatura PT-kat"},"content":{"rendered":"\n<table id=\"tablepress-2131\" class=\"tablepress tablepress-id-2131\">\n<thead>\n<tr class=\"row-1 odd\">\n\t<th class=\"column-1\">Sygn<\/th><th class=\"column-2\">Zesp\u00f3\u0142 201<\/th><th class=\"column-3\">Tytu\u0142<\/th><th class=\"column-4\">Rok_ant<\/th><th class=\"column-5\">Rok_p<\/th><th class=\"column-6\">Rok_k<\/th><th class=\"column-7\">Rok_pos<\/th><th class=\"column-8\">Opis_fizyczny<\/th><th class=\"column-9\">ilo\u015b\u0107 stron<\/th><th class=\"column-10\">wymiar<\/th><th class=\"column-11\">j\u0119zyk<\/th><th class=\"column-12\">Sygnatury dawne<\/th><th class=\"column-13\">Uwagi<\/th>\n<\/tr>\n<\/thead>\n<tbody class=\"row-hover\">\n<tr class=\"row-2 even\">\n\t<td class=\"column-1\">PT-kat 1<\/td><td class=\"column-2\">Parafia rzymskokatolicka Tarnawica Polna<\/td><td class=\"column-3\">Inwentarz beneficjalny przy Ko\u015bciele parafialnym o.\u0142. W Tarnawicy Polnej sporz\u0105dzony na dnia 1 pa\u017adziernika 1935 r.<\/td><td class=\"column-4\"><\/td><td class=\"column-5\">1935<\/td><td class=\"column-6\">1935<\/td><td class=\"column-7\"><\/td><td class=\"column-8\">akta lu\u017ane<\/td><td class=\"column-9\"><\/td><td class=\"column-10\">340x210<\/td><td class=\"column-11\">pol<\/td><td class=\"column-12\"><\/td><td class=\"column-13\"><\/td>\n<\/tr>\n<tr class=\"row-3 odd\">\n\t<td class=\"column-1\">PT-kat 2<\/td><td class=\"column-2\">Parafia rzymskokatolicka Tarnawica Polna<\/td><td class=\"column-3\">Inwentarz ko\u015bcielny. Ko\u015bci\u00f3\u0142 macierzysty<\/td><td class=\"column-4\"><\/td><td class=\"column-5\">1935<\/td><td class=\"column-6\">1935<\/td><td class=\"column-7\"><\/td><td class=\"column-8\">akta lu\u017ane<\/td><td class=\"column-9\"><\/td><td class=\"column-10\">340x210<\/td><td class=\"column-11\">pol<\/td><td class=\"column-12\"><\/td><td class=\"column-13\"><\/td>\n<\/tr>\n<tr class=\"row-4 even\">\n\t<td class=\"column-1\">PT-kat 3<\/td><td class=\"column-2\">Parafia rzymskokatolicka Tarnawica Polna<\/td><td class=\"column-3\">Inwentarz fundacyjny<\/td><td class=\"column-4\"><\/td><td class=\"column-5\">1935<\/td><td class=\"column-6\">1935<\/td><td class=\"column-7\"><\/td><td class=\"column-8\">akta lu\u017ane<\/td><td class=\"column-9\"><\/td><td class=\"column-10\">340x210<\/td><td class=\"column-11\">pol<\/td><td class=\"column-12\"><\/td><td class=\"column-13\"><\/td>\n<\/tr>\n<\/tbody>\n<\/table>\n<!-- #tablepress-2131 from cache -->\n","protected":false},"excerpt":{"rendered":"","protected":false},"author":1,"featured_media":0,"parent":46,"menu_order":0,"comment_status":"closed","ping_status":"closed","template":"","meta":{"ngg_post_thumbnail":0},"_links":{"self":[{"href":"https:\/\/archiwum.diecezjazg.pl\/index.php\/wp-json\/wp\/v2\/pages\/1694"}],"collection":[{"href":"https:\/\/archiwum.diecezjazg.pl\/index.php\/wp-json\/wp\/v2\/pages"}],"about":[{"href":"https:\/\/archiwum.diecezjazg.pl\/index.php\/wp-json\/wp\/v2\/types\/page"}],"author":[{"embeddable":true,"href":"https:\/\/archiwum.diecezjazg.pl\/index.php\/wp-json\/wp\/v2\/users\/1"}],"replies":[{"embeddable":true,"href":"https:\/\/archiwum.diecezjazg.pl\/index.php\/wp-json\/wp\/v2\/comments?post=1694"}],"version-history":[{"count":1,"href":"https:\/\/archiwum.diecezjazg.pl\/index.php\/wp-json\/wp\/v2\/pages\/1694\/revisions"}],"predecessor-version":[{"id":1695,"href":"https:\/\/archiwum.diecezjazg.pl\/index.php\/wp-json\/wp\/v2\/pages\/1694\/revisions\/1695"}],"up":[{"embeddable":true,"href":"https:\/\/archiwum.diecezjazg.pl\/index.php\/wp-json\/wp\/v2\/pages\/46"}],"wp:attachment":[{"href":"https:\/\/archiwum.diecezjazg.pl\/index.php\/wp-json\/wp\/v2\/media?parent=1694"}],"curies":[{"name":"wp","href":"https:\/\/api.w.org\/{rel}","templated":true}]}}