{"id":1692,"date":"2017-09-26T18:26:23","date_gmt":"2017-09-26T16:26:23","guid":{"rendered":"http:\/\/www.archiwum.diecezjazg.pl\/?page_id=1692"},"modified":"2017-09-26T18:26:23","modified_gmt":"2017-09-26T16:26:23","slug":"akta-parafii-katolickiej-swieciechowa-schwetzkau-zespol-200-sygnatura-pswie-kat","status":"publish","type":"page","link":"https:\/\/archiwum.diecezjazg.pl\/index.php\/akta-parafii-katolickiej-swieciechowa-schwetzkau-zespol-200-sygnatura-pswie-kat\/","title":{"rendered":"Akta parafii katolickiej \u015awi\u0119ciechowa Schwetzkau, zesp\u00f3\u0142 200, sygnatura P\u015awi\u0119-kat"},"content":{"rendered":"\n<table id=\"tablepress-2130\" class=\"tablepress tablepress-id-2130\">\n<thead>\n<tr class=\"row-1 odd\">\n\t<th class=\"column-1\">Sygn<\/th><th class=\"column-2\">Zesp\u00f3\u0142 200<\/th><th class=\"column-3\">Tytu\u0142<\/th><th class=\"column-4\">Rok_ant<\/th><th class=\"column-5\">Rok_p<\/th><th class=\"column-6\">Rok_k<\/th><th class=\"column-7\">Rok_pos<\/th><th class=\"column-8\">Opis_fizyczny<\/th><th class=\"column-9\">ilo\u015b\u0107 stron<\/th><th class=\"column-10\">wymiar<\/th><th class=\"column-11\">j\u0119zyk<\/th><th class=\"column-12\">Sygnatury dawne<\/th><th class=\"column-13\">Uwagi<\/th>\n<\/tr>\n<\/thead>\n<tbody class=\"row-hover\">\n<tr class=\"row-2 even\">\n\t<td class=\"column-1\">P\u015awi\u0119-kat 1<\/td><td class=\"column-2\">Parafia rzymskokatolicka \u015awi\u0119ciechowa<\/td><td class=\"column-3\">Aus der Chronik von Schwetzkau (\u015awi\u0119ciechowa)<\/td><td class=\"column-4\"><\/td><td class=\"column-5\">1710<\/td><td class=\"column-6\">1821<\/td><td class=\"column-7\"><\/td><td class=\"column-8\">ksi\u0119ga<\/td><td class=\"column-9\"><\/td><td class=\"column-10\">180x430<\/td><td class=\"column-11\">\u0142ac<\/td><td class=\"column-12\"><\/td><td class=\"column-13\">AP \u015amieszkowo<\/td>\n<\/tr>\n<tr class=\"row-3 odd\">\n\t<td class=\"column-1\">P\u015awi\u0119-kat 2<\/td><td class=\"column-2\">Parafia rzymskokatolicka \u015awi\u0119ciechowa<\/td><td class=\"column-3\">Notata Specialiora Quae Circa Oppidum et Ecclesiam Parochialem Swi\u0119ciechoviensem Ab Anno Domini 1710mo [kopia  orygina\u0142u]<\/td><td class=\"column-4\"><\/td><td class=\"column-5\">1710<\/td><td class=\"column-6\">1821<\/td><td class=\"column-7\"><\/td><td class=\"column-8\">poszyt<\/td><td class=\"column-9\"><\/td><td class=\"column-10\">210x330<\/td><td class=\"column-11\">\u0142ac, niem<\/td><td class=\"column-12\"><\/td><td class=\"column-13\">AP \u015amieszkowo<\/td>\n<\/tr>\n<\/tbody>\n<\/table>\n<!-- #tablepress-2130 from cache -->\n","protected":false},"excerpt":{"rendered":"","protected":false},"author":1,"featured_media":0,"parent":0,"menu_order":0,"comment_status":"closed","ping_status":"closed","template":"","meta":{"ngg_post_thumbnail":0},"_links":{"self":[{"href":"https:\/\/archiwum.diecezjazg.pl\/index.php\/wp-json\/wp\/v2\/pages\/1692"}],"collection":[{"href":"https:\/\/archiwum.diecezjazg.pl\/index.php\/wp-json\/wp\/v2\/pages"}],"about":[{"href":"https:\/\/archiwum.diecezjazg.pl\/index.php\/wp-json\/wp\/v2\/types\/page"}],"author":[{"embeddable":true,"href":"https:\/\/archiwum.diecezjazg.pl\/index.php\/wp-json\/wp\/v2\/users\/1"}],"replies":[{"embeddable":true,"href":"https:\/\/archiwum.diecezjazg.pl\/index.php\/wp-json\/wp\/v2\/comments?post=1692"}],"version-history":[{"count":1,"href":"https:\/\/archiwum.diecezjazg.pl\/index.php\/wp-json\/wp\/v2\/pages\/1692\/revisions"}],"predecessor-version":[{"id":1693,"href":"https:\/\/archiwum.diecezjazg.pl\/index.php\/wp-json\/wp\/v2\/pages\/1692\/revisions\/1693"}],"wp:attachment":[{"href":"https:\/\/archiwum.diecezjazg.pl\/index.php\/wp-json\/wp\/v2\/media?parent=1692"}],"curies":[{"name":"wp","href":"https:\/\/api.w.org\/{rel}","templated":true}]}}