{"id":1678,"date":"2017-09-26T18:13:57","date_gmt":"2017-09-26T16:13:57","guid":{"rendered":"http:\/\/www.archiwum.diecezjazg.pl\/?page_id=1678"},"modified":"2017-09-26T18:14:04","modified_gmt":"2017-09-26T16:14:04","slug":"akta-parafii-katolickiej-sulechow-zullichau-zespol-193-sygnatura-psu-kat","status":"publish","type":"page","link":"https:\/\/archiwum.diecezjazg.pl\/index.php\/zasoby-archiwalne\/akta-parafii-katolickiej-sulechow-zullichau-zespol-193-sygnatura-psu-kat\/","title":{"rendered":"Akta parafii katolickiej Sulech\u00f3w Z\u00fcllichau, zesp\u00f3\u0142 193, sygnatura PSu-kat"},"content":{"rendered":"\n<table id=\"tablepress-2123\" class=\"tablepress tablepress-id-2123\">\n<thead>\n<tr class=\"row-1 odd\">\n\t<th class=\"column-1\">Sygn<\/th><th class=\"column-2\">Zesp\u00f3\u0142 193<\/th><th class=\"column-3\">Tytu\u0142<\/th><th class=\"column-4\">Rok_ant<\/th><th class=\"column-5\">Rok_p<\/th><th class=\"column-6\">Rok_k<\/th><th class=\"column-7\">Rok_pos<\/th><th class=\"column-8\">Opis_fizyczny<\/th><th class=\"column-9\">ilo\u015b\u0107 stron<\/th><th class=\"column-10\">wymiar<\/th><th class=\"column-11\">j\u0119zyk<\/th><th class=\"column-12\">Sygnatury dawne<\/th><th class=\"column-13\">Uwagi<\/th>\n<\/tr>\n<\/thead>\n<tbody class=\"row-hover\">\n<tr class=\"row-2 even\">\n\t<td class=\"column-1\">PSu-kat 1<\/td><td class=\"column-2\">Parafia rzymskokatolicka Sulech\u00f3w (Z \u00fcllichau ) 1856-1979<\/td><td class=\"column-3\">Ksi\u0119ga chrzt\u00f3w<\/td><td class=\"column-4\">1856<\/td><td class=\"column-5\">1864<\/td><td class=\"column-6\">1946<\/td><td class=\"column-7\"><\/td><td class=\"column-8\">ksi\u0119ga<\/td><td class=\"column-9\"><\/td><td class=\"column-10\"><\/td><td class=\"column-11\">niem,pol<\/td><td class=\"column-12\"><\/td><td class=\"column-13\">AP Sulech\u00f3w<\/td>\n<\/tr>\n<tr class=\"row-3 odd\">\n\t<td class=\"column-1\">PSu-kat 2<\/td><td class=\"column-2\">Parafia rzymskokatolicka Sulech\u00f3w (Z \u00fcllichau ) 1856-1980<\/td><td class=\"column-3\">Ksi\u0119ga \u015blub\u00f3w<\/td><td class=\"column-4\"><\/td><td class=\"column-5\">1864<\/td><td class=\"column-6\">1946<\/td><td class=\"column-7\"><\/td><td class=\"column-8\">ksi\u0119ga<\/td><td class=\"column-9\"><\/td><td class=\"column-10\"><\/td><td class=\"column-11\">niem,pol<\/td><td class=\"column-12\"><\/td><td class=\"column-13\">AP Sulech\u00f3w<\/td>\n<\/tr>\n<tr class=\"row-4 even\">\n\t<td class=\"column-1\">PSu-kat 3<\/td><td class=\"column-2\">Parafia rzymskokatolicka Sulech\u00f3w (Z \u00fcllichau ) 1856-1981<\/td><td class=\"column-3\">Ksi\u0119ga zgon\u00f3w<\/td><td class=\"column-4\"><\/td><td class=\"column-5\">1886<\/td><td class=\"column-6\">1946<\/td><td class=\"column-7\"><\/td><td class=\"column-8\">ksi\u0119ga<\/td><td class=\"column-9\"><\/td><td class=\"column-10\"><\/td><td class=\"column-11\">niem,pol<\/td><td class=\"column-12\"><\/td><td class=\"column-13\">AP Sulech\u00f3w<\/td>\n<\/tr>\n<tr class=\"row-5 odd\">\n\t<td class=\"column-1\">PSu-kat 4<\/td><td class=\"column-2\">Parafia rzymskokatolicka Sulech\u00f3w (Z \u00fcllichau ) 1856-1982<\/td><td class=\"column-3\">Verzeichniss der Neocommunicanten<\/td><td class=\"column-4\"><\/td><td class=\"column-5\">1883<\/td><td class=\"column-6\">1941<\/td><td class=\"column-7\"><\/td><td class=\"column-8\">ksi\u0119ga<\/td><td class=\"column-9\"><\/td><td class=\"column-10\"><\/td><td class=\"column-11\">niem,pol<\/td><td class=\"column-12\"><\/td><td class=\"column-13\">AP Sulech\u00f3w<\/td>\n<\/tr>\n<tr class=\"row-6 even\">\n\t<td class=\"column-1\">PSu-kat 5<\/td><td class=\"column-2\">Parafia rzymskokatolicka Sulech\u00f3w (Z \u00fcllichau ) 1856-1983<\/td><td class=\"column-3\">Grunbuch der kath. Schule zu Z \u00fc llichau<\/td><td class=\"column-4\"><\/td><td class=\"column-5\">1886<\/td><td class=\"column-6\">1902<\/td><td class=\"column-7\"><\/td><td class=\"column-8\">ksi\u0119ga<\/td><td class=\"column-9\"><\/td><td class=\"column-10\"><\/td><td class=\"column-11\">niem,pol<\/td><td class=\"column-12\"><\/td><td class=\"column-13\">AP Sulech\u00f3w<\/td>\n<\/tr>\n<tr class=\"row-7 odd\">\n\t<td class=\"column-1\">PSu-kat 6<\/td><td class=\"column-2\">Parafia rzymskokatolicka Sulech\u00f3w (Z \u00fcllichau ) 1856-1984<\/td><td class=\"column-3\">Akta lu\u017ane z ksi\u0105g metrykalnych<\/td><td class=\"column-4\"><\/td><td class=\"column-5\">1932<\/td><td class=\"column-6\">1978<\/td><td class=\"column-7\"><\/td><td class=\"column-8\">akta lu\u017ane<\/td><td class=\"column-9\"><\/td><td class=\"column-10\"><\/td><td class=\"column-11\">pol<\/td><td class=\"column-12\"><\/td><td class=\"column-13\">AP Sulech\u00f3w<\/td>\n<\/tr>\n<\/tbody>\n<\/table>\n<!-- #tablepress-2123 from cache -->\n","protected":false},"excerpt":{"rendered":"","protected":false},"author":1,"featured_media":0,"parent":46,"menu_order":0,"comment_status":"closed","ping_status":"closed","template":"","meta":{"ngg_post_thumbnail":0},"_links":{"self":[{"href":"https:\/\/archiwum.diecezjazg.pl\/index.php\/wp-json\/wp\/v2\/pages\/1678"}],"collection":[{"href":"https:\/\/archiwum.diecezjazg.pl\/index.php\/wp-json\/wp\/v2\/pages"}],"about":[{"href":"https:\/\/archiwum.diecezjazg.pl\/index.php\/wp-json\/wp\/v2\/types\/page"}],"author":[{"embeddable":true,"href":"https:\/\/archiwum.diecezjazg.pl\/index.php\/wp-json\/wp\/v2\/users\/1"}],"replies":[{"embeddable":true,"href":"https:\/\/archiwum.diecezjazg.pl\/index.php\/wp-json\/wp\/v2\/comments?post=1678"}],"version-history":[{"count":1,"href":"https:\/\/archiwum.diecezjazg.pl\/index.php\/wp-json\/wp\/v2\/pages\/1678\/revisions"}],"predecessor-version":[{"id":1679,"href":"https:\/\/archiwum.diecezjazg.pl\/index.php\/wp-json\/wp\/v2\/pages\/1678\/revisions\/1679"}],"up":[{"embeddable":true,"href":"https:\/\/archiwum.diecezjazg.pl\/index.php\/wp-json\/wp\/v2\/pages\/46"}],"wp:attachment":[{"href":"https:\/\/archiwum.diecezjazg.pl\/index.php\/wp-json\/wp\/v2\/media?parent=1678"}],"curies":[{"name":"wp","href":"https:\/\/api.w.org\/{rel}","templated":true}]}}