{"id":1676,"date":"2017-09-26T18:13:12","date_gmt":"2017-09-26T16:13:12","guid":{"rendered":"http:\/\/www.archiwum.diecezjazg.pl\/?page_id=1676"},"modified":"2017-09-26T18:13:12","modified_gmt":"2017-09-26T16:13:12","slug":"akta-kosciola-ewangelickiego-sulechow-zullichau-zespol-192-sygnatura-psu-ew","status":"publish","type":"page","link":"https:\/\/archiwum.diecezjazg.pl\/index.php\/zasoby-archiwalne\/akta-kosciola-ewangelickiego-sulechow-zullichau-zespol-192-sygnatura-psu-ew\/","title":{"rendered":"Akta ko\u015bcio\u0142a ewangelickiego Sulech\u00f3w Z\u00fcllichau, zesp\u00f3\u0142 192, sygnatura PSu-ew"},"content":{"rendered":"\n<table id=\"tablepress-2122\" class=\"tablepress tablepress-id-2122\">\n<thead>\n<tr class=\"row-1 odd\">\n\t<th class=\"column-1\">Sygn<\/th><th class=\"column-2\">Zesp\u00f3\u0142 192<\/th><th class=\"column-3\">Tytu\u0142<\/th><th class=\"column-4\">Rok_ant<\/th><th class=\"column-5\">Rok_p<\/th><th class=\"column-6\">Rok_k<\/th><th class=\"column-7\">Rok_pos<\/th><th class=\"column-8\">Opis_fizyczny<\/th><th class=\"column-9\">ilo\u015b\u0107 stron<\/th><th class=\"column-10\">wymiar<\/th><th class=\"column-11\">j\u0119zyk<\/th><th class=\"column-12\">Sygnatury dawne<\/th><th class=\"column-13\">Uwagi<\/th>\n<\/tr>\n<\/thead>\n<tbody class=\"row-hover\">\n<tr class=\"row-2 even\">\n\t<td class=\"column-1\">PSu-ew 1<\/td><td class=\"column-2\">Ko\u015bci\u00f3\u0142 ewangelicki (Superintendentura) Sulech\u00f3w (Z \u00fc llichau)<\/td><td class=\"column-3\">Dotation, Erledigung\u2026[akta ordynacyjne]<\/td><td class=\"column-4\"><\/td><td class=\"column-5\">1670<\/td><td class=\"column-6\">1839<\/td><td class=\"column-7\"><\/td><td class=\"column-8\">poszyt<\/td><td class=\"column-9\"><\/td><td class=\"column-10\"><\/td><td class=\"column-11\">niem<\/td><td class=\"column-12\"><\/td><td class=\"column-13\">AP Sulech\u00f3w<\/td>\n<\/tr>\n<tr class=\"row-3 odd\">\n\t<td class=\"column-1\">PSu-ew 2<\/td><td class=\"column-2\">Ko\u015bci\u00f3\u0142 ewangelicki (Superintendentura) Sulech\u00f3w (Z \u00fc llichau)<\/td><td class=\"column-3\">Akta Stadtpfarrkirche<\/td><td class=\"column-4\"><\/td><td class=\"column-5\">1896<\/td><td class=\"column-6\">1902<\/td><td class=\"column-7\"><\/td><td class=\"column-8\">poszyt<\/td><td class=\"column-9\"><\/td><td class=\"column-10\"><\/td><td class=\"column-11\">niem<\/td><td class=\"column-12\"><\/td><td class=\"column-13\">AP Sulech\u00f3w<\/td>\n<\/tr>\n<tr class=\"row-4 even\">\n\t<td class=\"column-1\">PSu-ew 3<\/td><td class=\"column-2\">Ko\u015bci\u00f3\u0142 ewangelicki (Superintendentura) Sulech\u00f3w (Z \u00fc llichau)<\/td><td class=\"column-3\">Acta spec.der K \u00f6 niglichen Superintetentum zu Z \u00fc llichau betreffend Indaganda der reform. Schlosskirche in Z \u00fc llichau<\/td><td class=\"column-4\"><\/td><td class=\"column-5\">1818<\/td><td class=\"column-6\">1818<\/td><td class=\"column-7\"><\/td><td class=\"column-8\">tylko ok\u0142adka<\/td><td class=\"column-9\"><\/td><td class=\"column-10\"><\/td><td class=\"column-11\">niem<\/td><td class=\"column-12\"><\/td><td class=\"column-13\">AP Sulech\u00f3w<\/td>\n<\/tr>\n<tr class=\"row-5 odd\">\n\t<td class=\"column-1\">PSu-ew 4<\/td><td class=\"column-2\">Ko\u015bci\u00f3\u0142 ewangelicki (Superintendentura) Sulech\u00f3w (Z \u00fc llichau)<\/td><td class=\"column-3\">Grund Buch oder Stull Register<\/td><td class=\"column-4\"><\/td><td class=\"column-5\">1834<\/td><td class=\"column-6\">1885<\/td><td class=\"column-7\"><\/td><td class=\"column-8\">ksi\u0119ga<\/td><td class=\"column-9\">brak pag.<\/td><td class=\"column-10\">260x400<\/td><td class=\"column-11\">niem<\/td><td class=\"column-12\"><\/td><td class=\"column-13\">AZGWSD<\/td>\n<\/tr>\n<\/tbody>\n<\/table>\n<!-- #tablepress-2122 from cache -->\n","protected":false},"excerpt":{"rendered":"","protected":false},"author":1,"featured_media":0,"parent":46,"menu_order":0,"comment_status":"closed","ping_status":"closed","template":"","meta":{"ngg_post_thumbnail":0},"_links":{"self":[{"href":"https:\/\/archiwum.diecezjazg.pl\/index.php\/wp-json\/wp\/v2\/pages\/1676"}],"collection":[{"href":"https:\/\/archiwum.diecezjazg.pl\/index.php\/wp-json\/wp\/v2\/pages"}],"about":[{"href":"https:\/\/archiwum.diecezjazg.pl\/index.php\/wp-json\/wp\/v2\/types\/page"}],"author":[{"embeddable":true,"href":"https:\/\/archiwum.diecezjazg.pl\/index.php\/wp-json\/wp\/v2\/users\/1"}],"replies":[{"embeddable":true,"href":"https:\/\/archiwum.diecezjazg.pl\/index.php\/wp-json\/wp\/v2\/comments?post=1676"}],"version-history":[{"count":1,"href":"https:\/\/archiwum.diecezjazg.pl\/index.php\/wp-json\/wp\/v2\/pages\/1676\/revisions"}],"predecessor-version":[{"id":1677,"href":"https:\/\/archiwum.diecezjazg.pl\/index.php\/wp-json\/wp\/v2\/pages\/1676\/revisions\/1677"}],"up":[{"embeddable":true,"href":"https:\/\/archiwum.diecezjazg.pl\/index.php\/wp-json\/wp\/v2\/pages\/46"}],"wp:attachment":[{"href":"https:\/\/archiwum.diecezjazg.pl\/index.php\/wp-json\/wp\/v2\/media?parent=1676"}],"curies":[{"name":"wp","href":"https:\/\/api.w.org\/{rel}","templated":true}]}}