{"id":1674,"date":"2017-09-26T18:12:01","date_gmt":"2017-09-26T16:12:01","guid":{"rendered":"http:\/\/www.archiwum.diecezjazg.pl\/?page_id=1674"},"modified":"2017-09-26T18:12:01","modified_gmt":"2017-09-26T16:12:01","slug":"akta-parafii-katolickiej-strzelce-krajenskie-friedeberg-zespol-191-sygnatura-pskr-kat","status":"publish","type":"page","link":"https:\/\/archiwum.diecezjazg.pl\/index.php\/zasoby-archiwalne\/akta-parafii-katolickiej-strzelce-krajenskie-friedeberg-zespol-191-sygnatura-pskr-kat\/","title":{"rendered":"Akta parafii katolickiej Strzelce Kraje\u0144skie Friedeberg, zesp\u00f3\u0142 191, sygnatura PSKr-kat"},"content":{"rendered":"\n<table id=\"tablepress-2121\" class=\"tablepress tablepress-id-2121\">\n<thead>\n<tr class=\"row-1 odd\">\n\t<th class=\"column-1\">Sygn<\/th><th class=\"column-2\">Zesp\u00f3\u0142 191<\/th><th class=\"column-3\">Tytu\u0142<\/th><th class=\"column-4\">Rok_ant<\/th><th class=\"column-5\">Rok_p<\/th><th class=\"column-6\">Rok_k<\/th><th class=\"column-7\">Rok_pos<\/th><th class=\"column-8\">Opis_fizyczny<\/th><th class=\"column-9\">ilo\u015b\u0107 stron<\/th><th class=\"column-10\">wymiar<\/th><th class=\"column-11\">j\u0119zyk<\/th><th class=\"column-12\">Sygnatury dawne<\/th><th class=\"column-13\">Uwagi<\/th>\n<\/tr>\n<\/thead>\n<tbody class=\"row-hover\">\n<tr class=\"row-2 even\">\n\t<td class=\"column-1\">PSKr-kat 1<\/td><td class=\"column-2\">Parafia Rzymskokatolicka Strzelce Kraj. (Friedeberg)<\/td><td class=\"column-3\">[Ksiega ochrzczonych]<\/td><td class=\"column-4\"><\/td><td class=\"column-5\">1935<\/td><td class=\"column-6\">1945<\/td><td class=\"column-7\"><\/td><td class=\"column-8\">ksi\u0119ga, powa\u017cnie zniszczona<\/td><td class=\"column-9\"><\/td><td class=\"column-10\"><\/td><td class=\"column-11\">niem<\/td><td class=\"column-12\"><\/td><td class=\"column-13\">AP Strzelce Kraj.<\/td>\n<\/tr>\n<tr class=\"row-3 odd\">\n\t<td class=\"column-1\">PSKr-kat 2<\/td><td class=\"column-2\">Parafia Rzymskokatolicka Strzelce Kraj. (Friedeberg)<\/td><td class=\"column-3\">[Ksi\u0119ga zgon\u00f3w]<\/td><td class=\"column-4\"><\/td><td class=\"column-5\">1936<\/td><td class=\"column-6\">1945<\/td><td class=\"column-7\"><\/td><td class=\"column-8\">ksi\u0119ga, powa\u017cnie zniszczona<\/td><td class=\"column-9\"><\/td><td class=\"column-10\"><\/td><td class=\"column-11\">niem<\/td><td class=\"column-12\"><\/td><td class=\"column-13\">AP Strzelce Kraj.<\/td>\n<\/tr>\n<tr class=\"row-4 even\">\n\t<td class=\"column-1\">PSKr-kat 3<\/td><td class=\"column-2\">Parafia Rzymskokatolicka Strzelce Kraj. (Friedeberg)<\/td><td class=\"column-3\">[Zgony w Oflagu II C Woldenberg]<\/td><td class=\"column-4\"><\/td><td class=\"column-5\">1939<\/td><td class=\"column-6\">1943<\/td><td class=\"column-7\"><\/td><td class=\"column-8\">akta lu\u017ane<\/td><td class=\"column-9\"><\/td><td class=\"column-10\"><\/td><td class=\"column-11\">niem<\/td><td class=\"column-12\"><\/td><td class=\"column-13\">AP Strzelce Kraj.<\/td>\n<\/tr>\n<tr class=\"row-5 odd\">\n\t<td class=\"column-1\">PSKr-kat 4<\/td><td class=\"column-2\">Parafia Rzymskokatolicka Strzelce Kraj. (Friedeberg)<\/td><td class=\"column-3\">[Akta lu\u017ane z ksi\u0105g metrykalnych]<\/td><td class=\"column-4\"><\/td><td class=\"column-5\"><\/td><td class=\"column-6\"><\/td><td class=\"column-7\"><\/td><td class=\"column-8\">akta lu\u017ane<\/td><td class=\"column-9\"><\/td><td class=\"column-10\"><\/td><td class=\"column-11\">niem<\/td><td class=\"column-12\"><\/td><td class=\"column-13\">AP Strzelce Kraj.<\/td>\n<\/tr>\n<tr class=\"row-6 even\">\n\t<td class=\"column-1\">PSKr-kat 5<\/td><td class=\"column-2\">Parafia Rzymskokatolicka Strzelce Kraj. (Friedeberg)<\/td><td class=\"column-3\">[Duplikaty - chrzty, \u015bluby i zgony, tak\u017ce Schoenfeld - S\u0142awno]<\/td><td class=\"column-4\"><\/td><td class=\"column-5\">1868<\/td><td class=\"column-6\">1874<\/td><td class=\"column-7\"><\/td><td class=\"column-8\">poszyt<\/td><td class=\"column-9\"><\/td><td class=\"column-10\"><\/td><td class=\"column-11\">niem<\/td><td class=\"column-12\"><\/td><td class=\"column-13\"><\/td>\n<\/tr>\n<\/tbody>\n<\/table>\n<!-- #tablepress-2121 from cache -->\n","protected":false},"excerpt":{"rendered":"","protected":false},"author":1,"featured_media":0,"parent":46,"menu_order":0,"comment_status":"closed","ping_status":"closed","template":"","meta":{"ngg_post_thumbnail":0},"_links":{"self":[{"href":"https:\/\/archiwum.diecezjazg.pl\/index.php\/wp-json\/wp\/v2\/pages\/1674"}],"collection":[{"href":"https:\/\/archiwum.diecezjazg.pl\/index.php\/wp-json\/wp\/v2\/pages"}],"about":[{"href":"https:\/\/archiwum.diecezjazg.pl\/index.php\/wp-json\/wp\/v2\/types\/page"}],"author":[{"embeddable":true,"href":"https:\/\/archiwum.diecezjazg.pl\/index.php\/wp-json\/wp\/v2\/users\/1"}],"replies":[{"embeddable":true,"href":"https:\/\/archiwum.diecezjazg.pl\/index.php\/wp-json\/wp\/v2\/comments?post=1674"}],"version-history":[{"count":1,"href":"https:\/\/archiwum.diecezjazg.pl\/index.php\/wp-json\/wp\/v2\/pages\/1674\/revisions"}],"predecessor-version":[{"id":1675,"href":"https:\/\/archiwum.diecezjazg.pl\/index.php\/wp-json\/wp\/v2\/pages\/1674\/revisions\/1675"}],"up":[{"embeddable":true,"href":"https:\/\/archiwum.diecezjazg.pl\/index.php\/wp-json\/wp\/v2\/pages\/46"}],"wp:attachment":[{"href":"https:\/\/archiwum.diecezjazg.pl\/index.php\/wp-json\/wp\/v2\/media?parent=1674"}],"curies":[{"name":"wp","href":"https:\/\/api.w.org\/{rel}","templated":true}]}}