{"id":1672,"date":"2017-09-26T18:11:10","date_gmt":"2017-09-26T16:11:10","guid":{"rendered":"http:\/\/www.archiwum.diecezjazg.pl\/?page_id=1672"},"modified":"2017-09-26T18:11:10","modified_gmt":"2017-09-26T16:11:10","slug":"akta-parafii-katolickiej-stryjowka-k-zbaraza-zespol-190-sygnatura-pstr-kat","status":"publish","type":"page","link":"https:\/\/archiwum.diecezjazg.pl\/index.php\/zasoby-archiwalne\/akta-parafii-katolickiej-stryjowka-k-zbaraza-zespol-190-sygnatura-pstr-kat\/","title":{"rendered":"Akta parafii katolickiej Stryj\u00f3wka k Zbara\u017ca, zesp\u00f3\u0142 190, sygnatura PStr-kat"},"content":{"rendered":"\n<table id=\"tablepress-2120\" class=\"tablepress tablepress-id-2120\">\n<thead>\n<tr class=\"row-1 odd\">\n\t<th class=\"column-1\">Sygn<\/th><th class=\"column-2\">Zesp\u00f3\u0142 190<\/th><th class=\"column-3\">Tytu\u0142<\/th><th class=\"column-4\">Rok_ant<\/th><th class=\"column-5\">Rok_p<\/th><th class=\"column-6\">Rok_k<\/th><th class=\"column-7\">Rok_pos<\/th><th class=\"column-8\">Opis_fizyczny<\/th><th class=\"column-9\">ilo\u015b\u0107 stron<\/th><th class=\"column-10\">wymiar<\/th><th class=\"column-11\">j\u0119zyk<\/th><th class=\"column-12\">Sygnatury dawne<\/th><th class=\"column-13\">Uwagi<\/th>\n<\/tr>\n<\/thead>\n<tbody class=\"row-hover\">\n<tr class=\"row-2 even\">\n\t<td class=\"column-1\">PStr-kat 1<\/td><td class=\"column-2\">Parafia rzymskokatolicka Stryj\u00f3wka k\/Zbara\u017ca<\/td><td class=\"column-3\">Status animarum<\/td><td class=\"column-4\"><\/td><td class=\"column-5\">1880<\/td><td class=\"column-6\">1934<\/td><td class=\"column-7\"><\/td><td class=\"column-8\">ksi\u0119ga<\/td><td class=\"column-9\"><\/td><td class=\"column-10\"><\/td><td class=\"column-11\">pol<\/td><td class=\"column-12\"><\/td><td class=\"column-13\"><\/td>\n<\/tr>\n<tr class=\"row-3 odd\">\n\t<td class=\"column-1\">PStr-kat 2<\/td><td class=\"column-2\">Parafia rzymskokatolicka Stryj\u00f3wka k\/Zbara\u017ca<\/td><td class=\"column-3\">Ksi\u0119ga zapowiedzi<\/td><td class=\"column-4\"><\/td><td class=\"column-5\">1910<\/td><td class=\"column-6\">1945<\/td><td class=\"column-7\"><\/td><td class=\"column-8\">ksi\u0119ga<\/td><td class=\"column-9\"><\/td><td class=\"column-10\"><\/td><td class=\"column-11\">pol<\/td><td class=\"column-12\"><\/td><td class=\"column-13\">Zapowiedzi parafii Stare Str\u0105cze 1946-1947<\/td>\n<\/tr>\n<tr class=\"row-4 even\">\n\t<td class=\"column-1\">PStr-kat 3<\/td><td class=\"column-2\">Parafia rzymskokatolicka Stryj\u00f3wka k\/Zbara\u017ca<\/td><td class=\"column-3\">[Liczba dusz, statystyka, podzia\u0142 ludno\u015bci ze wzgl\u0119du na narodowo\u015b\u0107]<\/td><td class=\"column-4\"><\/td><td class=\"column-5\">1910<\/td><td class=\"column-6\">1934<\/td><td class=\"column-7\"><\/td><td class=\"column-8\">akta lu\u017ane<\/td><td class=\"column-9\"><\/td><td class=\"column-10\"><\/td><td class=\"column-11\">pol<\/td><td class=\"column-12\"><\/td><td class=\"column-13\"><\/td>\n<\/tr>\n<tr class=\"row-5 odd\">\n\t<td class=\"column-1\">PStr-kat 4<\/td><td class=\"column-2\">Parafia rzymskokatolicka Stryj\u00f3wka k\/Zbara\u017ca<\/td><td class=\"column-3\">[Zawiadomienia Urz\u0119du ds. Administracji Policji w Tarnopolu dotycz\u0105ce wyst\u0105pienia poszczeg\u00f3lnych os\u00f3b z Ko\u015bcio\u0142a katolickiego]<\/td><td class=\"column-4\"><\/td><td class=\"column-5\">1943<\/td><td class=\"column-6\">1944<\/td><td class=\"column-7\"><\/td><td class=\"column-8\">akta lu\u017ane<\/td><td class=\"column-9\"><\/td><td class=\"column-10\"><\/td><td class=\"column-11\">niem<\/td><td class=\"column-12\"><\/td><td class=\"column-13\"><\/td>\n<\/tr>\n<\/tbody>\n<\/table>\n<!-- #tablepress-2120 from cache -->\n","protected":false},"excerpt":{"rendered":"","protected":false},"author":1,"featured_media":0,"parent":46,"menu_order":0,"comment_status":"closed","ping_status":"closed","template":"","meta":{"ngg_post_thumbnail":0},"_links":{"self":[{"href":"https:\/\/archiwum.diecezjazg.pl\/index.php\/wp-json\/wp\/v2\/pages\/1672"}],"collection":[{"href":"https:\/\/archiwum.diecezjazg.pl\/index.php\/wp-json\/wp\/v2\/pages"}],"about":[{"href":"https:\/\/archiwum.diecezjazg.pl\/index.php\/wp-json\/wp\/v2\/types\/page"}],"author":[{"embeddable":true,"href":"https:\/\/archiwum.diecezjazg.pl\/index.php\/wp-json\/wp\/v2\/users\/1"}],"replies":[{"embeddable":true,"href":"https:\/\/archiwum.diecezjazg.pl\/index.php\/wp-json\/wp\/v2\/comments?post=1672"}],"version-history":[{"count":1,"href":"https:\/\/archiwum.diecezjazg.pl\/index.php\/wp-json\/wp\/v2\/pages\/1672\/revisions"}],"predecessor-version":[{"id":1673,"href":"https:\/\/archiwum.diecezjazg.pl\/index.php\/wp-json\/wp\/v2\/pages\/1672\/revisions\/1673"}],"up":[{"embeddable":true,"href":"https:\/\/archiwum.diecezjazg.pl\/index.php\/wp-json\/wp\/v2\/pages\/46"}],"wp:attachment":[{"href":"https:\/\/archiwum.diecezjazg.pl\/index.php\/wp-json\/wp\/v2\/media?parent=1672"}],"curies":[{"name":"wp","href":"https:\/\/api.w.org\/{rel}","templated":true}]}}