{"id":1667,"date":"2017-09-26T18:07:40","date_gmt":"2017-09-26T16:07:40","guid":{"rendered":"http:\/\/www.archiwum.diecezjazg.pl\/?page_id=1667"},"modified":"2017-09-26T18:10:01","modified_gmt":"2017-09-26T16:10:01","slug":"akta-parafii-katolickiej-stary-dwor-altenhof-zespol-188-sygnatura-psdw-kat","status":"publish","type":"page","link":"https:\/\/archiwum.diecezjazg.pl\/index.php\/zasoby-archiwalne\/akta-parafii-katolickiej-stary-dwor-altenhof-zespol-188-sygnatura-psdw-kat\/","title":{"rendered":"Akta parafii katolickiej Stary Dw\u00f3r Altenhof, zesp\u00f3\u0142 188, sygnatura PSDw-kat"},"content":{"rendered":"\n<table id=\"tablepress-2118\" class=\"tablepress tablepress-id-2118\">\n<thead>\n<tr class=\"row-1 odd\">\n\t<th class=\"column-1\">Sygn<\/th><th class=\"column-2\">Zesp\u00f3\u0142 188<\/th><th class=\"column-3\">Tytu\u0142<\/th><th class=\"column-4\">Rok_ant<\/th><th class=\"column-5\">Rok_p<\/th><th class=\"column-6\">Rok_k<\/th><th class=\"column-7\">Rok_pos<\/th><th class=\"column-8\">Opis_fizyczny<\/th><th class=\"column-9\">ilo\u015b\u0107 stron<\/th><th class=\"column-10\">wymiar<\/th><th class=\"column-11\">j\u0119zyk<\/th><th class=\"column-12\">Sygnatury dawne<\/th><th class=\"column-13\">Uwagi<\/th>\n<\/tr>\n<\/thead>\n<tbody class=\"row-hover\">\n<tr class=\"row-2 even\">\n\t<td class=\"column-1\">PSDw-kat 1<\/td><td class=\"column-2\">Parafia rzymskokatolicka Stary Dw\u00f3r (Altenhof)<\/td><td class=\"column-3\">Liber baptisatorum..et mortuorum<\/td><td class=\"column-4\"><\/td><td class=\"column-5\">1712<\/td><td class=\"column-6\">1794<\/td><td class=\"column-7\"><\/td><td class=\"column-8\">ksi\u0119ga<\/td><td class=\"column-9\"><\/td><td class=\"column-10\">64<\/td><td class=\"column-11\">\u0142ac<\/td><td class=\"column-12\"><\/td><td class=\"column-13\">Chrzty 1712-1782, zgony 1746-1794; brak kart od 29-57<\/td>\n<\/tr>\n<tr class=\"row-3 odd\">\n\t<td class=\"column-1\">PSDw-kat 2<\/td><td class=\"column-2\">Parafia rzymskokatolicka Stary Dw\u00f3r (Altenhof)<\/td><td class=\"column-3\">Mertica ecclesiae parochialis Althoffensis\u2026 [Chrzty]<\/td><td class=\"column-4\"><\/td><td class=\"column-5\">1795<\/td><td class=\"column-6\">1903<\/td><td class=\"column-7\"><\/td><td class=\"column-8\">ksi\u0119ga<\/td><td class=\"column-9\"><\/td><td class=\"column-10\">47+nienumerowane<\/td><td class=\"column-11\">\u0142ac, niem<\/td><td class=\"column-12\"><\/td><td class=\"column-13\">brak kart od 48 (1843-1880)<\/td>\n<\/tr>\n<tr class=\"row-4 even\">\n\t<td class=\"column-1\">PSDw-kat 3<\/td><td class=\"column-2\">Parafia rzymskokatolicka Stary Dw\u00f3r (Altenhof)<\/td><td class=\"column-3\">Schema copulatorum in ecclesia parochiali Althofiensi<\/td><td class=\"column-4\"><\/td><td class=\"column-5\">1795<\/td><td class=\"column-6\">1903<\/td><td class=\"column-7\"><\/td><td class=\"column-8\">ksi\u0119ga<\/td><td class=\"column-9\"><\/td><td class=\"column-10\">53+nienumerowane<\/td><td class=\"column-11\">\u0142ac, niem<\/td><td class=\"column-12\">P62<\/td><td class=\"column-13\"><\/td>\n<\/tr>\n<tr class=\"row-5 odd\">\n\t<td class=\"column-1\">PSDw-kat 4<\/td><td class=\"column-2\">Parafia rzymskokatolicka Stary Dw\u00f3r (Altenhof)<\/td><td class=\"column-3\">Schema mortuorum in ecclesia parochiali Althofiensi<\/td><td class=\"column-4\"><\/td><td class=\"column-5\">1795<\/td><td class=\"column-6\">1930<\/td><td class=\"column-7\"><\/td><td class=\"column-8\">ksi\u0119ga<\/td><td class=\"column-9\"><\/td><td class=\"column-10\">41+nienumerowane<\/td><td class=\"column-11\">\u0142ac, niem<\/td><td class=\"column-12\">P63<\/td><td class=\"column-13\">Wpisy ko\u0144cz\u0105 si\u0119 na roku 1903 i rozpoczynaj\u0105 si\u0119 od 1922 (do 1930), na ko\u0144cu ksi\u0119gi: Connotationes varia tam ecclesiam, quam beneficium Altenhofiense attinentes; Noti commendarii Starydworenses; Catalogus comunicantium  Starydworensium conseriptus anno 1805<\/td>\n<\/tr>\n<tr class=\"row-6 even\">\n\t<td class=\"column-1\">PSDw-kat 5<\/td><td class=\"column-2\">Parafia rzymskokatolicka Stary Dw\u00f3r (Altenhof)<\/td><td class=\"column-3\">[Ksi\u0119ga zmar\u0142ych]<\/td><td class=\"column-4\"><\/td><td class=\"column-5\">1904<\/td><td class=\"column-6\">1922<\/td><td class=\"column-7\"><\/td><td class=\"column-8\">ksi\u0119ga<\/td><td class=\"column-9\"><\/td><td class=\"column-10\">brak pag.<\/td><td class=\"column-11\">niem<\/td><td class=\"column-12\"><\/td><td class=\"column-13\">brak ok\u0142adki<\/td>\n<\/tr>\n<tr class=\"row-7 odd\">\n\t<td class=\"column-1\">PSDw-kat 6<\/td><td class=\"column-2\">Parafia rzymskokatolicka Stary Dw\u00f3r (Altenhof)<\/td><td class=\"column-3\">Akta lu\u017ane z ksi\u0105g metrykalnych parafii Stary Dw\u00f3r<\/td><td class=\"column-4\"><\/td><td class=\"column-5\">1884<\/td><td class=\"column-6\">1944<\/td><td class=\"column-7\"><\/td><td class=\"column-8\">akta lu\u017ane<\/td><td class=\"column-9\"><\/td><td class=\"column-10\">brak pag.<\/td><td class=\"column-11\">niem<\/td><td class=\"column-12\"><\/td><td class=\"column-13\"><\/td>\n<\/tr>\n<tr class=\"row-8 even\">\n\t<td class=\"column-1\">PSDw-kat 7<\/td><td class=\"column-2\">Parafia rzymskokatolicka Stary Dw\u00f3r (Altenhof)<\/td><td class=\"column-3\">Manual... Rechnungsbuch<\/td><td class=\"column-4\"><\/td><td class=\"column-5\">1822<\/td><td class=\"column-6\">1886<\/td><td class=\"column-7\"><\/td><td class=\"column-8\">ksi\u0119ga<\/td><td class=\"column-9\"><\/td><td class=\"column-10\">brak pag.<\/td><td class=\"column-11\">niem<\/td><td class=\"column-12\"><\/td><td class=\"column-13\"><\/td>\n<\/tr>\n<tr class=\"row-9 odd\">\n\t<td class=\"column-1\">PSDw-kat 8<\/td><td class=\"column-2\">Parafia rzymskokatolicka Stary Dw\u00f3r (Altenhof)<\/td><td class=\"column-3\">Haupt-Rechnungs-Buch der Parochial Kirche zu Altenhof<\/td><td class=\"column-4\"><\/td><td class=\"column-5\">1832<\/td><td class=\"column-6\">1855<\/td><td class=\"column-7\"><\/td><td class=\"column-8\">ksi\u0119ga<\/td><td class=\"column-9\"><\/td><td class=\"column-10\">brak pag.<\/td><td class=\"column-11\">niem<\/td><td class=\"column-12\"><\/td><td class=\"column-13\"><\/td>\n<\/tr>\n<tr class=\"row-10 even\">\n\t<td class=\"column-1\">PSDw-kat 9<\/td><td class=\"column-2\">Parafia rzymskokatolicka Stary Dw\u00f3r (Altenhof)<\/td><td class=\"column-3\">Haupt-Rechnungs-Buch der Filial Kirche zu Wischen<\/td><td class=\"column-4\"><\/td><td class=\"column-5\">1832<\/td><td class=\"column-6\">1859<\/td><td class=\"column-7\"><\/td><td class=\"column-8\">ksi\u0119ga<\/td><td class=\"column-9\"><\/td><td class=\"column-10\">brak pag.<\/td><td class=\"column-11\">niem<\/td><td class=\"column-12\"><\/td><td class=\"column-13\"><\/td>\n<\/tr>\n<tr class=\"row-11 odd\">\n\t<td class=\"column-1\">PSDw-kat 10<\/td><td class=\"column-2\">Parafia rzymskokatolicka Stary Dw\u00f3r (Altenhof)<\/td><td class=\"column-3\">Auseinandersetzungs=Rezess von Lagowitz, Kreises Meseritz<\/td><td class=\"column-4\"><\/td><td class=\"column-5\">1842<\/td><td class=\"column-6\"><\/td><td class=\"column-7\"><\/td><td class=\"column-8\">ksi\u0119ga<\/td><td class=\"column-9\"><\/td><td class=\"column-10\">brak pag.<\/td><td class=\"column-11\">niem<\/td><td class=\"column-12\"><\/td><td class=\"column-13\"><\/td>\n<\/tr>\n<tr class=\"row-12 even\">\n\t<td class=\"column-1\">PSDw-kat 11<\/td><td class=\"column-2\">Parafia rzymskokatolicka Stary Dw\u00f3r (Altenhof)<\/td><td class=\"column-3\">[Korespondencje]<\/td><td class=\"column-4\"><\/td><td class=\"column-5\">1828<\/td><td class=\"column-6\">1842<\/td><td class=\"column-7\"><\/td><td class=\"column-8\">poszyt<\/td><td class=\"column-9\"><\/td><td class=\"column-10\">brak pag.<\/td><td class=\"column-11\">niem, pol<\/td><td class=\"column-12\"><\/td><td class=\"column-13\"><\/td>\n<\/tr>\n<tr class=\"row-13 odd\">\n\t<td class=\"column-1\">PSDw-kat 12<\/td><td class=\"column-2\">Parafia rzymskokatolicka Stary Dw\u00f3r (Altenhof)<\/td><td class=\"column-3\">Acta die Reparatur des Pfarhaueses in Altenhof betreffend<\/td><td class=\"column-4\"><\/td><td class=\"column-5\">1843<\/td><td class=\"column-6\">1850<\/td><td class=\"column-7\"><\/td><td class=\"column-8\">poszyt<\/td><td class=\"column-9\"><\/td><td class=\"column-10\">brak pag.<\/td><td class=\"column-11\">niem<\/td><td class=\"column-12\"><\/td><td class=\"column-13\"><\/td>\n<\/tr>\n<tr class=\"row-14 even\">\n\t<td class=\"column-1\">PSDw-kat 13<\/td><td class=\"column-2\">Parafia rzymskokatolicka Stary Dw\u00f3r (Altenhof)<\/td><td class=\"column-3\">[Korspondencje]<\/td><td class=\"column-4\"><\/td><td class=\"column-5\">1840<\/td><td class=\"column-6\">1849<\/td><td class=\"column-7\"><\/td><td class=\"column-8\">poszyt<\/td><td class=\"column-9\"><\/td><td class=\"column-10\">brak pag.<\/td><td class=\"column-11\">niem, pol<\/td><td class=\"column-12\"><\/td><td class=\"column-13\"><\/td>\n<\/tr>\n<tr class=\"row-15 odd\">\n\t<td class=\"column-1\">PSDw-kat 14<\/td><td class=\"column-2\">Parafia rzymskokatolicka Stary Dw\u00f3r (Altenhof)<\/td><td class=\"column-3\">[Korspondencje]<\/td><td class=\"column-4\"><\/td><td class=\"column-5\">1849<\/td><td class=\"column-6\">1867<\/td><td class=\"column-7\"><\/td><td class=\"column-8\">poszyt<\/td><td class=\"column-9\"><\/td><td class=\"column-10\">brak pag.<\/td><td class=\"column-11\">niem, \u0142ac<\/td><td class=\"column-12\"><\/td><td class=\"column-13\"><\/td>\n<\/tr>\n<tr class=\"row-16 even\">\n\t<td class=\"column-1\">PSDw-kat 15<\/td><td class=\"column-2\">Parafia rzymskokatolicka Stary Dw\u00f3r (Altenhof)<\/td><td class=\"column-3\">[Korspondencje]<\/td><td class=\"column-4\"><\/td><td class=\"column-5\">1903<\/td><td class=\"column-6\">1907<\/td><td class=\"column-7\"><\/td><td class=\"column-8\">akta lu\u017ane<\/td><td class=\"column-9\"><\/td><td class=\"column-10\">brak pag.<\/td><td class=\"column-11\">niem<\/td><td class=\"column-12\"><\/td><td class=\"column-13\"><\/td>\n<\/tr>\n<tr class=\"row-17 odd\">\n\t<td class=\"column-1\">PSDw-kat 16<\/td><td class=\"column-2\">Parafia rzymskokatolicka Stary Dw\u00f3r (Altenhof)<\/td><td class=\"column-3\">Wischen. Baupflicht f. Kirche u. Kirchenmauer. Reparatur des Kirchturms. Reparatur des Kirchenmauer<\/td><td class=\"column-4\"><\/td><td class=\"column-5\">1882<\/td><td class=\"column-6\">1937<\/td><td class=\"column-7\"><\/td><td class=\"column-8\">skoroszyt<\/td><td class=\"column-9\"><\/td><td class=\"column-10\">brak pag.<\/td><td class=\"column-11\">niem<\/td><td class=\"column-12\"><\/td><td class=\"column-13\"><\/td>\n<\/tr>\n<tr class=\"row-18 even\">\n\t<td class=\"column-1\">PSDw-kat 17<\/td><td class=\"column-2\">Parafia rzymskokatolicka Stary Dw\u00f3r (Altenhof)<\/td><td class=\"column-3\">[Ksi\u0119ga og\u0142osze\u0144]<\/td><td class=\"column-4\"><\/td><td class=\"column-5\">1921<\/td><td class=\"column-6\">1922<\/td><td class=\"column-7\"><\/td><td class=\"column-8\">ksi\u0119ga<\/td><td class=\"column-9\"><\/td><td class=\"column-10\">brak pag.<\/td><td class=\"column-11\">niem<\/td><td class=\"column-12\"><\/td><td class=\"column-13\"><\/td>\n<\/tr>\n<\/tbody>\n<\/table>\n<!-- #tablepress-2118 from cache -->\n","protected":false},"excerpt":{"rendered":"","protected":false},"author":1,"featured_media":0,"parent":46,"menu_order":0,"comment_status":"closed","ping_status":"closed","template":"","meta":{"ngg_post_thumbnail":0},"_links":{"self":[{"href":"https:\/\/archiwum.diecezjazg.pl\/index.php\/wp-json\/wp\/v2\/pages\/1667"}],"collection":[{"href":"https:\/\/archiwum.diecezjazg.pl\/index.php\/wp-json\/wp\/v2\/pages"}],"about":[{"href":"https:\/\/archiwum.diecezjazg.pl\/index.php\/wp-json\/wp\/v2\/types\/page"}],"author":[{"embeddable":true,"href":"https:\/\/archiwum.diecezjazg.pl\/index.php\/wp-json\/wp\/v2\/users\/1"}],"replies":[{"embeddable":true,"href":"https:\/\/archiwum.diecezjazg.pl\/index.php\/wp-json\/wp\/v2\/comments?post=1667"}],"version-history":[{"count":2,"href":"https:\/\/archiwum.diecezjazg.pl\/index.php\/wp-json\/wp\/v2\/pages\/1667\/revisions"}],"predecessor-version":[{"id":1671,"href":"https:\/\/archiwum.diecezjazg.pl\/index.php\/wp-json\/wp\/v2\/pages\/1667\/revisions\/1671"}],"up":[{"embeddable":true,"href":"https:\/\/archiwum.diecezjazg.pl\/index.php\/wp-json\/wp\/v2\/pages\/46"}],"wp:attachment":[{"href":"https:\/\/archiwum.diecezjazg.pl\/index.php\/wp-json\/wp\/v2\/media?parent=1667"}],"curies":[{"name":"wp","href":"https:\/\/api.w.org\/{rel}","templated":true}]}}