{"id":1653,"date":"2017-09-26T17:58:37","date_gmt":"2017-09-26T15:58:37","guid":{"rendered":"http:\/\/www.archiwum.diecezjazg.pl\/?page_id=1653"},"modified":"2017-09-26T17:58:37","modified_gmt":"2017-09-26T15:58:37","slug":"akta-parafii-katolickiej-slawa-schlawa-zespol-181-sygnatura-psl-kat","status":"publish","type":"page","link":"https:\/\/archiwum.diecezjazg.pl\/index.php\/zasoby-archiwalne\/akta-parafii-katolickiej-slawa-schlawa-zespol-181-sygnatura-psl-kat\/","title":{"rendered":"Akta parafii katolickiej S\u0142awa Schlawa, zesp\u00f3\u0142 181, sygnatura PS\u0142-kat"},"content":{"rendered":"\n<table id=\"tablepress-2111\" class=\"tablepress tablepress-id-2111\">\n<thead>\n<tr class=\"row-1 odd\">\n\t<th class=\"column-1\">Sygn<\/th><th class=\"column-2\">Zesp\u00f3\u0142 181<\/th><th class=\"column-3\">Tytu\u0142<\/th><th class=\"column-4\">Rok_ant<\/th><th class=\"column-5\">Rok_p<\/th><th class=\"column-6\">Rok_k<\/th><th class=\"column-7\">Rok_pos<\/th><th class=\"column-8\">Opis_fizyczny<\/th><th class=\"column-9\">ilo\u015b\u0107 stron<\/th><th class=\"column-10\">wymiar<\/th><th class=\"column-11\">j\u0119zyk<\/th><th class=\"column-12\">Sygnatury dawne<\/th><th class=\"column-13\">Uwagi<\/th>\n<\/tr>\n<\/thead>\n<tbody class=\"row-hover\">\n<tr class=\"row-2 even\">\n\t<td class=\"column-1\">PS\u0142-kat 1<\/td><td class=\"column-2\">Parafia rzymskokatolicka S\u0142awa (Schlawa)   <\/td><td class=\"column-3\">Akten Pachtvertraege betr. Pfarrwiedmuth Altstrunz<\/td><td class=\"column-4\"><\/td><td class=\"column-5\">1783<\/td><td class=\"column-6\">1929<\/td><td class=\"column-7\"><\/td><td class=\"column-8\">poszyt<\/td><td class=\"column-9\"><\/td><td class=\"column-10\"><\/td><td class=\"column-11\">niem<\/td><td class=\"column-12\">Altstrunz=Stare Str\u0105cze (filia); C II 4<\/td><td class=\"column-13\">Archiwum Parafii w Starym Str\u0105czu<\/td>\n<\/tr>\n<tr class=\"row-3 odd\">\n\t<td class=\"column-1\">PS\u0142-kat 2<\/td><td class=\"column-2\">Parafia rzymskokatolicka S\u0142awa (Schlawa)   <\/td><td class=\"column-3\">Besetzung der Pfarrei<\/td><td class=\"column-4\"><\/td><td class=\"column-5\">1773<\/td><td class=\"column-6\">1902<\/td><td class=\"column-7\"><\/td><td class=\"column-8\">poszyt<\/td><td class=\"column-9\"><\/td><td class=\"column-10\"><\/td><td class=\"column-11\">\u0142ac, niem<\/td><td class=\"column-12\"><\/td><td class=\"column-13\">Archiwum Parafii w Starym Str\u0105czu<\/td>\n<\/tr>\n<tr class=\"row-4 even\">\n\t<td class=\"column-1\">PS\u0142-kat 3<\/td><td class=\"column-2\">Parafia rzymskokatolicka S\u0142awa (Schlawa)   <\/td><td class=\"column-3\">Akten Pachtvertraege betr. Pfarrwiedmuth Schlawa<\/td><td class=\"column-4\"><\/td><td class=\"column-5\">1826<\/td><td class=\"column-6\">1856<\/td><td class=\"column-7\"><\/td><td class=\"column-8\">poszyt<\/td><td class=\"column-9\"><\/td><td class=\"column-10\"><\/td><td class=\"column-11\">niem<\/td><td class=\"column-12\">C II 3 <\/td><td class=\"column-13\">Archiwum Parafii w Starym Str\u0105czu<\/td>\n<\/tr>\n<tr class=\"row-5 odd\">\n\t<td class=\"column-1\">PS\u0142-kat 4<\/td><td class=\"column-2\">Parafia rzymskokatolicka S\u0142awa (Schlawa)   <\/td><td class=\"column-3\">Acta der katholischen Pfarrei Schlawa betreffen den Reparaturbau des Pfarrhauses und Neubau des Stallgebau der Pfarrei im Jahre 1884\/85<\/td><td class=\"column-4\"><\/td><td class=\"column-5\">1863<\/td><td class=\"column-6\">1885<\/td><td class=\"column-7\"><\/td><td class=\"column-8\">poszyt<\/td><td class=\"column-9\"><\/td><td class=\"column-10\"><\/td><td class=\"column-11\">niem<\/td><td class=\"column-12\">E III 1<\/td><td class=\"column-13\">Archiwum Parafii w Starym Str\u0105czu<\/td>\n<\/tr>\n<tr class=\"row-6 even\">\n\t<td class=\"column-1\">PS\u0142-kat 5<\/td><td class=\"column-2\">Parafia rzymskokatolicka S\u0142awa (Schlawa)   <\/td><td class=\"column-3\">Kosten-Anschlag<\/td><td class=\"column-4\"><\/td><td class=\"column-5\">1880<\/td><td class=\"column-6\">1880<\/td><td class=\"column-7\"><\/td><td class=\"column-8\">poszyt<\/td><td class=\"column-9\"><\/td><td class=\"column-10\"><\/td><td class=\"column-11\">niem<\/td><td class=\"column-12\"><\/td><td class=\"column-13\">Archiwum Parafii w Starym Str\u0105czu<\/td>\n<\/tr>\n<tr class=\"row-7 odd\">\n\t<td class=\"column-1\">PS\u0142-kat 6<\/td><td class=\"column-2\">Parafia rzymskokatolicka S\u0142awa (Schlawa)   <\/td><td class=\"column-3\">Akten Verkauf Pfarracker an Liersch und Rother<\/td><td class=\"column-4\"><\/td><td class=\"column-5\">1897<\/td><td class=\"column-6\">1908<\/td><td class=\"column-7\"><\/td><td class=\"column-8\">poszyt<\/td><td class=\"column-9\"><\/td><td class=\"column-10\"><\/td><td class=\"column-11\">niem<\/td><td class=\"column-12\">C II 6<\/td><td class=\"column-13\">Archiwum Parafii w Starym Str\u0105czu<\/td>\n<\/tr>\n<tr class=\"row-8 even\">\n\t<td class=\"column-1\">PS\u0142-kat 7<\/td><td class=\"column-2\">Parafia rzymskokatolicka S\u0142awa (Schlawa)   <\/td><td class=\"column-3\">[Korespondencja podatkowa, rachunki]<\/td><td class=\"column-4\"><\/td><td class=\"column-5\">1891<\/td><td class=\"column-6\">1919<\/td><td class=\"column-7\"><\/td><td class=\"column-8\">akta lu\u017ane<\/td><td class=\"column-9\"><\/td><td class=\"column-10\"><\/td><td class=\"column-11\">niem<\/td><td class=\"column-12\"><\/td><td class=\"column-13\">Archiwum Parafii w Starym Str\u0105czu<\/td>\n<\/tr>\n<tr class=\"row-9 odd\">\n\t<td class=\"column-1\">PS\u0142-kat 8<\/td><td class=\"column-2\">Parafia rzymskokatolicka S\u0142awa (Schlawa)   <\/td><td class=\"column-3\">Inventarium der katholischen Filial-Kirche ad St. Hedwigis in Alt Strunz<\/td><td class=\"column-4\"><\/td><td class=\"column-5\">1908<\/td><td class=\"column-6\">1908<\/td><td class=\"column-7\"><\/td><td class=\"column-8\">poszyt<\/td><td class=\"column-9\"><\/td><td class=\"column-10\"><\/td><td class=\"column-11\">niem<\/td><td class=\"column-12\"><\/td><td class=\"column-13\">Archiwum Parafii w Starym Str\u0105czu<\/td>\n<\/tr>\n<tr class=\"row-10 even\">\n\t<td class=\"column-1\">PS\u0142-kat 9<\/td><td class=\"column-2\">Parafia rzymskokatolicka S\u0142awa (Schlawa)   <\/td><td class=\"column-3\">Grundbuchsache<\/td><td class=\"column-4\"><\/td><td class=\"column-5\">1907<\/td><td class=\"column-6\">1928<\/td><td class=\"column-7\"><\/td><td class=\"column-8\">poszyt<\/td><td class=\"column-9\"><\/td><td class=\"column-10\"><\/td><td class=\"column-11\">niem<\/td><td class=\"column-12\">G III 2<\/td><td class=\"column-13\">Archiwum Parafii w Starym Str\u0105czu<\/td>\n<\/tr>\n<tr class=\"row-11 odd\">\n\t<td class=\"column-1\">PS\u0142-kat 10<\/td><td class=\"column-2\">Parafia rzymskokatolicka S\u0142awa (Schlawa)   <\/td><td class=\"column-3\">Grundakten der Pfarrei Schlawa<\/td><td class=\"column-4\"><\/td><td class=\"column-5\">1911<\/td><td class=\"column-6\">1915<\/td><td class=\"column-7\"><\/td><td class=\"column-8\">poszyt<\/td><td class=\"column-9\"><\/td><td class=\"column-10\"><\/td><td class=\"column-11\">niem<\/td><td class=\"column-12\">C II 7<\/td><td class=\"column-13\">Archiwum Parafii w Starym Str\u0105czu<\/td>\n<\/tr>\n<tr class=\"row-12 even\">\n\t<td class=\"column-1\">PS\u0142-kat 11<\/td><td class=\"column-2\">Parafia rzymskokatolicka S\u0142awa (Schlawa)   <\/td><td class=\"column-3\">Grundakten der Pfarrei Schlawa<\/td><td class=\"column-4\"><\/td><td class=\"column-5\">1916<\/td><td class=\"column-6\">1918<\/td><td class=\"column-7\"><\/td><td class=\"column-8\">poszyt<\/td><td class=\"column-9\"><\/td><td class=\"column-10\"><\/td><td class=\"column-11\">niem<\/td><td class=\"column-12\">C III 1<\/td><td class=\"column-13\">Archiwum Parafii w Starym Str\u0105czu<\/td>\n<\/tr>\n<tr class=\"row-13 odd\">\n\t<td class=\"column-1\">PS\u0142-kat 12<\/td><td class=\"column-2\">Parafia rzymskokatolicka S\u0142awa (Schlawa)   <\/td><td class=\"column-3\">Grundakten der Pfarrei Schlawa<\/td><td class=\"column-4\"><\/td><td class=\"column-5\">1916<\/td><td class=\"column-6\">1918<\/td><td class=\"column-7\"><\/td><td class=\"column-8\">poszyt<\/td><td class=\"column-9\"><\/td><td class=\"column-10\"><\/td><td class=\"column-11\">niem<\/td><td class=\"column-12\">C III 1<\/td><td class=\"column-13\">Archiwum Parafii w Starym Str\u0105czu<\/td>\n<\/tr>\n<tr class=\"row-14 even\">\n\t<td class=\"column-1\">PS\u0142-kat 13<\/td><td class=\"column-2\">Parafia rzymskokatolicka S\u0142awa (Schlawa)   <\/td><td class=\"column-3\">Taufbuch<\/td><td class=\"column-4\"><\/td><td class=\"column-5\">1796<\/td><td class=\"column-6\">1839<\/td><td class=\"column-7\"><\/td><td class=\"column-8\">ksi\u0119ga<\/td><td class=\"column-9\"><\/td><td class=\"column-10\"><\/td><td class=\"column-11\">niem<\/td><td class=\"column-12\">Communicanten 1788-1796<\/td><td class=\"column-13\">Archiwum Parafii w S\u0142awie<\/td>\n<\/tr>\n<tr class=\"row-15 odd\">\n\t<td class=\"column-1\">PS\u0142-kat 14<\/td><td class=\"column-2\">Parafia rzymskokatolicka S\u0142awa (Schlawa)   <\/td><td class=\"column-3\">Taufbuch<\/td><td class=\"column-4\"><\/td><td class=\"column-5\">1840<\/td><td class=\"column-6\">1874<\/td><td class=\"column-7\"><\/td><td class=\"column-8\">ksi\u0119ga<\/td><td class=\"column-9\"><\/td><td class=\"column-10\"><\/td><td class=\"column-11\">niem<\/td><td class=\"column-12\"><\/td><td class=\"column-13\">Archiwum Parafii w S\u0142awie<\/td>\n<\/tr>\n<tr class=\"row-16 even\">\n\t<td class=\"column-1\">PS\u0142-kat 15<\/td><td class=\"column-2\">Parafia rzymskokatolicka S\u0142awa (Schlawa)   <\/td><td class=\"column-3\">Taufbuch<\/td><td class=\"column-4\"><\/td><td class=\"column-5\">1875<\/td><td class=\"column-6\">1907<\/td><td class=\"column-7\"><\/td><td class=\"column-8\">ksi\u0119ga<\/td><td class=\"column-9\"><\/td><td class=\"column-10\"><\/td><td class=\"column-11\">niem<\/td><td class=\"column-12\"><\/td><td class=\"column-13\">Archiwum Parafii w S\u0142awie<\/td>\n<\/tr>\n<tr class=\"row-17 odd\">\n\t<td class=\"column-1\">PS\u0142-kat 16<\/td><td class=\"column-2\">Parafia rzymskokatolicka S\u0142awa (Schlawa)   <\/td><td class=\"column-3\">Taufbuch<\/td><td class=\"column-4\"><\/td><td class=\"column-5\">1907<\/td><td class=\"column-6\">1944<\/td><td class=\"column-7\"><\/td><td class=\"column-8\">ksi\u0119ga<\/td><td class=\"column-9\"><\/td><td class=\"column-10\"><\/td><td class=\"column-11\">niem<\/td><td class=\"column-12\"><\/td><td class=\"column-13\">Archiwum Parafii w S\u0142awie<\/td>\n<\/tr>\n<tr class=\"row-18 even\">\n\t<td class=\"column-1\">PS\u0142-kat 17<\/td><td class=\"column-2\">Parafia rzymskokatolicka S\u0142awa (Schlawa)   <\/td><td class=\"column-3\">Traunungsbuch<\/td><td class=\"column-4\"><\/td><td class=\"column-5\">1843<\/td><td class=\"column-6\">1943<\/td><td class=\"column-7\"><\/td><td class=\"column-8\">ksi\u0119ga<\/td><td class=\"column-9\"><\/td><td class=\"column-10\"><\/td><td class=\"column-11\">niem<\/td><td class=\"column-12\"><\/td><td class=\"column-13\">Archiwum Parafii w S\u0142awie<\/td>\n<\/tr>\n<tr class=\"row-19 odd\">\n\t<td class=\"column-1\">PS\u0142-kat 18<\/td><td class=\"column-2\">Parafia rzymskokatolicka S\u0142awa (Schlawa)   <\/td><td class=\"column-3\">Beerdigungsbuch<\/td><td class=\"column-4\"><\/td><td class=\"column-5\">1796<\/td><td class=\"column-6\">1866<\/td><td class=\"column-7\"><\/td><td class=\"column-8\">ksi\u0119ga<\/td><td class=\"column-9\"><\/td><td class=\"column-10\"><\/td><td class=\"column-11\">niem<\/td><td class=\"column-12\"><\/td><td class=\"column-13\">Archiwum Parafii w S\u0142awie<\/td>\n<\/tr>\n<tr class=\"row-20 even\">\n\t<td class=\"column-1\">PS\u0142-kat 19<\/td><td class=\"column-2\">Parafia rzymskokatolicka S\u0142awa (Schlawa)   <\/td><td class=\"column-3\">Beerdigungsbuch<\/td><td class=\"column-4\"><\/td><td class=\"column-5\">1867<\/td><td class=\"column-6\">1952<\/td><td class=\"column-7\"><\/td><td class=\"column-8\">ksi\u0119ga<\/td><td class=\"column-9\"><\/td><td class=\"column-10\"><\/td><td class=\"column-11\">niem<\/td><td class=\"column-12\">1867-1943; 1945-1952<\/td><td class=\"column-13\">Archiwum Parafii w S\u0142awie<\/td>\n<\/tr>\n<tr class=\"row-21 odd\">\n\t<td class=\"column-1\">PS\u0142-kat 20<\/td><td class=\"column-2\">Parafia rzymskokatolicka S\u0142awa (Schlawa)   <\/td><td class=\"column-3\">Communicanten und Seelenbuch<\/td><td class=\"column-4\"><\/td><td class=\"column-5\">1799<\/td><td class=\"column-6\">1815<\/td><td class=\"column-7\"><\/td><td class=\"column-8\">ksi\u0119ga<\/td><td class=\"column-9\"><\/td><td class=\"column-10\"><\/td><td class=\"column-11\">niem<\/td><td class=\"column-12\"><\/td><td class=\"column-13\">Archiwum Parafii w S\u0142awie<\/td>\n<\/tr>\n<tr class=\"row-22 even\">\n\t<td class=\"column-1\">PS\u0142-kat 21<\/td><td class=\"column-2\">Parafia rzymskokatolicka S\u0142awa (Schlawa)   <\/td><td class=\"column-3\">Kirchenrechnungsbuch<\/td><td class=\"column-4\"><\/td><td class=\"column-5\">1801<\/td><td class=\"column-6\">1880<\/td><td class=\"column-7\"><\/td><td class=\"column-8\">ksi\u0119ga<\/td><td class=\"column-9\"><\/td><td class=\"column-10\"><\/td><td class=\"column-11\">niem<\/td><td class=\"column-12\"><\/td><td class=\"column-13\">Archiwum Parafii w S\u0142awie<\/td>\n<\/tr>\n<tr class=\"row-23 odd\">\n\t<td class=\"column-1\">PS\u0142-kat 22<\/td><td class=\"column-2\">Parafia rzymskokatolicka S\u0142awa (Schlawa)   <\/td><td class=\"column-3\">Rechnungsbuch<\/td><td class=\"column-4\"><\/td><td class=\"column-5\">1866<\/td><td class=\"column-6\">1923<\/td><td class=\"column-7\"><\/td><td class=\"column-8\">ksi\u0119ga<\/td><td class=\"column-9\"><\/td><td class=\"column-10\"><\/td><td class=\"column-11\">niem<\/td><td class=\"column-12\"><\/td><td class=\"column-13\">Archiwum Parafii w S\u0142awie<\/td>\n<\/tr>\n<tr class=\"row-24 even\">\n\t<td class=\"column-1\">PS\u0142-kat 23<\/td><td class=\"column-2\">Parafia rzymskokatolicka S\u0142awa (Schlawa)   <\/td><td class=\"column-3\">Currendebuch<\/td><td class=\"column-4\"><\/td><td class=\"column-5\">1846<\/td><td class=\"column-6\">1884<\/td><td class=\"column-7\"><\/td><td class=\"column-8\">ksi\u0119ga<\/td><td class=\"column-9\"><\/td><td class=\"column-10\"><\/td><td class=\"column-11\">niem<\/td><td class=\"column-12\"><\/td><td class=\"column-13\">Archiwum Parafii w S\u0142awie<\/td>\n<\/tr>\n<tr class=\"row-25 odd\">\n\t<td class=\"column-1\">PS\u0142-kat 24<\/td><td class=\"column-2\">Parafia rzymskokatolicka S\u0142awa (Schlawa)   <\/td><td class=\"column-3\">Verzeichniss der Neo-Communicanten aus Schlawa<\/td><td class=\"column-4\"><\/td><td class=\"column-5\">1833<\/td><td class=\"column-6\">1896<\/td><td class=\"column-7\"><\/td><td class=\"column-8\">ksi\u0119ga<\/td><td class=\"column-9\"><\/td><td class=\"column-10\"><\/td><td class=\"column-11\">niem<\/td><td class=\"column-12\"><\/td><td class=\"column-13\">Archiwum Parafii w S\u0142awie<\/td>\n<\/tr>\n<tr class=\"row-26 even\">\n\t<td class=\"column-1\">PS\u0142-kat 25<\/td><td class=\"column-2\">Parafia rzymskokatolicka S\u0142awa (Schlawa)   <\/td><td class=\"column-3\">Segnung\u2026<\/td><td class=\"column-4\"><\/td><td class=\"column-5\"><\/td><td class=\"column-6\"><\/td><td class=\"column-7\"><\/td><td class=\"column-8\">ksi\u0119ga<\/td><td class=\"column-9\"><\/td><td class=\"column-10\"><\/td><td class=\"column-11\">niem<\/td><td class=\"column-12\"><\/td><td class=\"column-13\">Archiwum Parafii w S\u0142awie<\/td>\n<\/tr>\n<tr class=\"row-27 odd\">\n\t<td class=\"column-1\">PS\u0142-kat 26<\/td><td class=\"column-2\">Parafia rzymskokatolicka S\u0142awa (Schlawa)   <\/td><td class=\"column-3\">Ertheilung der heiligen Taufe<\/td><td class=\"column-4\"><\/td><td class=\"column-5\"><\/td><td class=\"column-6\"><\/td><td class=\"column-7\"><\/td><td class=\"column-8\">ksi\u0119ga<\/td><td class=\"column-9\"><\/td><td class=\"column-10\"><\/td><td class=\"column-11\">niem<\/td><td class=\"column-12\"><\/td><td class=\"column-13\">AP S\u0142awa<\/td>\n<\/tr>\n<tr class=\"row-28 even\">\n\t<td class=\"column-1\">PS\u0142-kat 27<\/td><td class=\"column-2\">Parafia rzymskokatolicka S\u0142awa (Schlawa)   <\/td><td class=\"column-3\">Im Advent\u2026<\/td><td class=\"column-4\"><\/td><td class=\"column-5\"><\/td><td class=\"column-6\"><\/td><td class=\"column-7\"><\/td><td class=\"column-8\">ksi\u0119ga<\/td><td class=\"column-9\"><\/td><td class=\"column-10\"><\/td><td class=\"column-11\">niem<\/td><td class=\"column-12\"><\/td><td class=\"column-13\">AP S\u0142awa<\/td>\n<\/tr>\n<tr class=\"row-29 odd\">\n\t<td class=\"column-1\">PS\u0142-kat 28<\/td><td class=\"column-2\">Parafia rzymskokatolicka S\u0142awa (Schlawa)   <\/td><td class=\"column-3\">Inhalt Verzeichniss Erste Abteilung<\/td><td class=\"column-4\"><\/td><td class=\"column-5\"><\/td><td class=\"column-6\"><\/td><td class=\"column-7\"><\/td><td class=\"column-8\">ksi\u0119ga<\/td><td class=\"column-9\"><\/td><td class=\"column-10\"><\/td><td class=\"column-11\">niem<\/td><td class=\"column-12\"><\/td><td class=\"column-13\">AP S\u0142awa<\/td>\n<\/tr>\n<tr class=\"row-30 even\">\n\t<td class=\"column-1\">PS\u0142-kat 29<\/td><td class=\"column-2\">Parafia rzymskokatolicka S\u0142awa (Schlawa)   <\/td><td class=\"column-3\">Acta \u2026die schlawische Evangelische Burgerschaft<\/td><td class=\"column-4\"><\/td><td class=\"column-5\">1737<\/td><td class=\"column-6\">1743<\/td><td class=\"column-7\"><\/td><td class=\"column-8\">poszyt<\/td><td class=\"column-9\"><\/td><td class=\"column-10\"><\/td><td class=\"column-11\">niem<\/td><td class=\"column-12\"><\/td><td class=\"column-13\">AP S\u0142awa<\/td>\n<\/tr>\n<tr class=\"row-31 odd\">\n\t<td class=\"column-1\">PS\u0142-kat 30<\/td><td class=\"column-2\">Parafia rzymskokatolicka S\u0142awa (Schlawa)   <\/td><td class=\"column-3\">Schlawaer Pfarr-Acten. Chronics der Pfarrei<\/td><td class=\"column-4\"><\/td><td class=\"column-5\">1703<\/td><td class=\"column-6\">1899<\/td><td class=\"column-7\"><\/td><td class=\"column-8\">poszyt<\/td><td class=\"column-9\"><\/td><td class=\"column-10\"><\/td><td class=\"column-11\">niem<\/td><td class=\"column-12\"><\/td><td class=\"column-13\">AP S\u0142awa<\/td>\n<\/tr>\n<tr class=\"row-32 even\">\n\t<td class=\"column-1\">PS\u0142-kat 31<\/td><td class=\"column-2\">Parafia rzymskokatolicka S\u0142awa (Schlawa)   <\/td><td class=\"column-3\">Stifts Buch der katholischen Fundations bey der Pfarr Kirche zu Schlawa<\/td><td class=\"column-4\"><\/td><td class=\"column-5\">1771<\/td><td class=\"column-6\">1827<\/td><td class=\"column-7\"><\/td><td class=\"column-8\">poszyt<\/td><td class=\"column-9\"><\/td><td class=\"column-10\"><\/td><td class=\"column-11\">niem<\/td><td class=\"column-12\"><\/td><td class=\"column-13\">AP S\u0142awa<\/td>\n<\/tr>\n<tr class=\"row-33 odd\">\n\t<td class=\"column-1\">PS\u0142-kat 32<\/td><td class=\"column-2\">Parafia rzymskokatolicka S\u0142awa (Schlawa)   <\/td><td class=\"column-3\">Stamm Register kathlischen Seelen<\/td><td class=\"column-4\"><\/td><td class=\"column-5\">1825<\/td><td class=\"column-6\">1849<\/td><td class=\"column-7\"><\/td><td class=\"column-8\">poszyt<\/td><td class=\"column-9\"><\/td><td class=\"column-10\"><\/td><td class=\"column-11\">niem<\/td><td class=\"column-12\"><\/td><td class=\"column-13\">AP S\u0142awa<\/td>\n<\/tr>\n<tr class=\"row-34 even\">\n\t<td class=\"column-1\">PS\u0142-kat 33<\/td><td class=\"column-2\">Parafia rzymskokatolicka S\u0142awa (Schlawa)   <\/td><td class=\"column-3\">Widmuts-Pacht-Contracte von Schlawa<\/td><td class=\"column-4\"><\/td><td class=\"column-5\">1794<\/td><td class=\"column-6\">1921<\/td><td class=\"column-7\"><\/td><td class=\"column-8\">poszyt<\/td><td class=\"column-9\"><\/td><td class=\"column-10\"><\/td><td class=\"column-11\">niem<\/td><td class=\"column-12\"><\/td><td class=\"column-13\">AP S\u0142awa<\/td>\n<\/tr>\n<tr class=\"row-35 odd\">\n\t<td class=\"column-1\">PS\u0142-kat 34<\/td><td class=\"column-2\">Parafia rzymskokatolicka S\u0142awa (Schlawa)   <\/td><td class=\"column-3\">K \u00f6 nigl. Preussl. Glogausche Ober-Steuer-Casse<\/td><td class=\"column-4\"><\/td><td class=\"column-5\">1768<\/td><td class=\"column-6\">1772<\/td><td class=\"column-7\"><\/td><td class=\"column-8\">akta lu\u017ane<\/td><td class=\"column-9\"><\/td><td class=\"column-10\"><\/td><td class=\"column-11\">niem<\/td><td class=\"column-12\"><\/td><td class=\"column-13\">AP S\u0142awa<\/td>\n<\/tr>\n<tr class=\"row-36 even\">\n\t<td class=\"column-1\">PS\u0142-kat 35<\/td><td class=\"column-2\">Parafia rzymskokatolicka S\u0142awa (Schlawa)   <\/td><td class=\"column-3\">R. Landau Schweidnitzer Orgelbau u. Holzwerke Schweidnitz i\/Schl.<\/td><td class=\"column-4\"><\/td><td class=\"column-5\">1929<\/td><td class=\"column-6\">1929<\/td><td class=\"column-7\"><\/td><td class=\"column-8\">poszyt<\/td><td class=\"column-9\"><\/td><td class=\"column-10\"><\/td><td class=\"column-11\">niem<\/td><td class=\"column-12\"><\/td><td class=\"column-13\">AP S\u0142awa<\/td>\n<\/tr>\n<tr class=\"row-37 odd\">\n\t<td class=\"column-1\">PS\u0142-kat 36<\/td><td class=\"column-2\">Parafia rzymskokatolicka S\u0142awa (Schlawa)   <\/td><td class=\"column-3\">Kancjona\u0142 cz.1 (XVII-XVIII w.)<\/td><td class=\"column-4\"><\/td><td class=\"column-5\"><\/td><td class=\"column-6\"><\/td><td class=\"column-7\"><\/td><td class=\"column-8\">ksi\u0119ga<\/td><td class=\"column-9\"><\/td><td class=\"column-10\"><\/td><td class=\"column-11\">niem, \u0142ac<\/td><td class=\"column-12\">od\u0142o\u017cono<\/td><td class=\"column-13\">AP S\u0142awa<\/td>\n<\/tr>\n<tr class=\"row-38 even\">\n\t<td class=\"column-1\">PS\u0142-kat 37<\/td><td class=\"column-2\">Parafia rzymskokatolicka S\u0142awa (Schlawa)   <\/td><td class=\"column-3\">Kancjona\u0142 cz.2 (XVII-XVIII w.)<\/td><td class=\"column-4\"><\/td><td class=\"column-5\"><\/td><td class=\"column-6\"><\/td><td class=\"column-7\"><\/td><td class=\"column-8\">ksi\u0119ga<\/td><td class=\"column-9\"><\/td><td class=\"column-10\"><\/td><td class=\"column-11\">niem, \u0142ac<\/td><td class=\"column-12\">od\u0142o\u017cono<\/td><td class=\"column-13\">AP S\u0142awa<\/td>\n<\/tr>\n<tr class=\"row-39 odd\">\n\t<td class=\"column-1\">PS\u0142-kat 38<\/td><td class=\"column-2\">Parafia rzymskokatolicka S\u0142awa (Schlawa)   <\/td><td class=\"column-3\">Projekty malowide\u0142 \u015bciennych<\/td><td class=\"column-4\"><\/td><td class=\"column-5\">1955<\/td><td class=\"column-6\">1959<\/td><td class=\"column-7\"><\/td><td class=\"column-8\">akta lu\u017ane<\/td><td class=\"column-9\"><\/td><td class=\"column-10\"><\/td><td class=\"column-11\">pol<\/td><td class=\"column-12\"><\/td><td class=\"column-13\">AP S\u0142awa<\/td>\n<\/tr>\n<tr class=\"row-40 even\">\n\t<td class=\"column-1\">PS\u0142-kat 39<\/td><td class=\"column-2\">Parafia rzymskokatolicka S\u0142awa (Schlawa)   <\/td><td class=\"column-3\">Akten betr. Turm<\/td><td class=\"column-4\"><\/td><td class=\"column-5\">1925<\/td><td class=\"column-6\">1929<\/td><td class=\"column-7\"><\/td><td class=\"column-8\">akta lu\u017ane<\/td><td class=\"column-9\"><\/td><td class=\"column-10\"><\/td><td class=\"column-11\">niem<\/td><td class=\"column-12\"><\/td><td class=\"column-13\">AP S\u0142awa<\/td>\n<\/tr>\n<\/tbody>\n<\/table>\n<!-- #tablepress-2111 from cache -->\n","protected":false},"excerpt":{"rendered":"","protected":false},"author":1,"featured_media":0,"parent":46,"menu_order":0,"comment_status":"closed","ping_status":"closed","template":"","meta":{"ngg_post_thumbnail":0},"_links":{"self":[{"href":"https:\/\/archiwum.diecezjazg.pl\/index.php\/wp-json\/wp\/v2\/pages\/1653"}],"collection":[{"href":"https:\/\/archiwum.diecezjazg.pl\/index.php\/wp-json\/wp\/v2\/pages"}],"about":[{"href":"https:\/\/archiwum.diecezjazg.pl\/index.php\/wp-json\/wp\/v2\/types\/page"}],"author":[{"embeddable":true,"href":"https:\/\/archiwum.diecezjazg.pl\/index.php\/wp-json\/wp\/v2\/users\/1"}],"replies":[{"embeddable":true,"href":"https:\/\/archiwum.diecezjazg.pl\/index.php\/wp-json\/wp\/v2\/comments?post=1653"}],"version-history":[{"count":1,"href":"https:\/\/archiwum.diecezjazg.pl\/index.php\/wp-json\/wp\/v2\/pages\/1653\/revisions"}],"predecessor-version":[{"id":1654,"href":"https:\/\/archiwum.diecezjazg.pl\/index.php\/wp-json\/wp\/v2\/pages\/1653\/revisions\/1654"}],"up":[{"embeddable":true,"href":"https:\/\/archiwum.diecezjazg.pl\/index.php\/wp-json\/wp\/v2\/pages\/46"}],"wp:attachment":[{"href":"https:\/\/archiwum.diecezjazg.pl\/index.php\/wp-json\/wp\/v2\/media?parent=1653"}],"curies":[{"name":"wp","href":"https:\/\/api.w.org\/{rel}","templated":true}]}}