{"id":1646,"date":"2017-09-26T17:56:09","date_gmt":"2017-09-26T15:56:09","guid":{"rendered":"http:\/\/www.archiwum.diecezjazg.pl\/?page_id=1646"},"modified":"2017-09-26T17:56:09","modified_gmt":"2017-09-26T15:56:09","slug":"akta-parafii-katolickiej-siedlnica-zedlitz-zespol-178-sygnatura-ps-kat","status":"publish","type":"page","link":"https:\/\/archiwum.diecezjazg.pl\/index.php\/zasoby-archiwalne\/akta-parafii-katolickiej-siedlnica-zedlitz-zespol-178-sygnatura-ps-kat\/","title":{"rendered":"Akta parafii katolickiej Siedlnica Zedlitz, zesp\u00f3\u0142 178, sygnatura PS-kat"},"content":{"rendered":"\n<table id=\"tablepress-2108\" class=\"tablepress tablepress-id-2108\">\n<thead>\n<tr class=\"row-1 odd\">\n\t<th class=\"column-1\">Sygn<\/th><th class=\"column-2\">Zesp\u00f3\u0142 178<\/th><th class=\"column-3\">Tytu\u0142<\/th><th class=\"column-4\">Rok_ant<\/th><th class=\"column-5\">Rok_p<\/th><th class=\"column-6\">Rok_k<\/th><th class=\"column-7\">Rok_pos<\/th><th class=\"column-8\">Opis_fizyczny<\/th><th class=\"column-9\">ilo\u015b\u0107 stron<\/th><th class=\"column-10\">wymiar<\/th><th class=\"column-11\">j\u0119zyk<\/th><th class=\"column-12\">Sygnatury dawne<\/th><th class=\"column-13\">Uwagi<\/th>\n<\/tr>\n<\/thead>\n<tbody class=\"row-hover\">\n<tr class=\"row-2 even\">\n\t<td class=\"column-1\">PS-kat 1<\/td><td class=\"column-2\">Parafia rzymskokatolicka Siedlnica (Zedlitz)<\/td><td class=\"column-3\">Metrica Baptizat. Ecclesiae Parochia Swidnicensis seu Zedlicen.<\/td><td class=\"column-4\"><\/td><td class=\"column-5\">1693<\/td><td class=\"column-6\">1752<\/td><td class=\"column-7\"><\/td><td class=\"column-8\">ksi\u0119ga<\/td><td class=\"column-9\"><\/td><td class=\"column-10\"><\/td><td class=\"column-11\">niem, \u0142ac<\/td><td class=\"column-12\"><\/td><td class=\"column-13\">Archiwum Parafii p.w. Narodzenia NMP i \u015bw. Jana w Siedlnicy<\/td>\n<\/tr>\n<tr class=\"row-3 odd\">\n\t<td class=\"column-1\">PS-kat 2<\/td><td class=\"column-2\">Parafia rzymskokatolicka Siedlnica (Zedlitz)<\/td><td class=\"column-3\">Metrica Baptizatorum Ecclesiae Parochialis Swidnicensis seu Zedlicensis<\/td><td class=\"column-4\"><\/td><td class=\"column-5\">1752<\/td><td class=\"column-6\">1802<\/td><td class=\"column-7\"><\/td><td class=\"column-8\">ksi\u0119ga<\/td><td class=\"column-9\"><\/td><td class=\"column-10\"><\/td><td class=\"column-11\">niem, \u0142ac<\/td><td class=\"column-12\"><\/td><td class=\"column-13\">Archiwum Parafii p.w. Narodzenia NMP i \u015bw. Jana w Siedlnicy<\/td>\n<\/tr>\n<tr class=\"row-4 even\">\n\t<td class=\"column-1\">PS-kat 3<\/td><td class=\"column-2\">Parafia rzymskokatolicka Siedlnica (Zedlitz)<\/td><td class=\"column-3\">Taufs-Buch der Kirche zu Zedlitz<\/td><td class=\"column-4\"><\/td><td class=\"column-5\">1803<\/td><td class=\"column-6\">1839<\/td><td class=\"column-7\"><\/td><td class=\"column-8\">ksi\u0119ga<\/td><td class=\"column-9\"><\/td><td class=\"column-10\"><\/td><td class=\"column-11\">niem<\/td><td class=\"column-12\"><\/td><td class=\"column-13\">Archiwum Parafii p.w. Narodzenia NMP i \u015bw. Jana w Siedlnicy<\/td>\n<\/tr>\n<tr class=\"row-5 odd\">\n\t<td class=\"column-1\">PS-kat 4<\/td><td class=\"column-2\">Parafia rzymskokatolicka Siedlnica (Zedlitz)<\/td><td class=\"column-3\">Taufbuch der Parochie Zedlitz<\/td><td class=\"column-4\"><\/td><td class=\"column-5\">1897<\/td><td class=\"column-6\">1944<\/td><td class=\"column-7\"><\/td><td class=\"column-8\">ksi\u0119ga<\/td><td class=\"column-9\"><\/td><td class=\"column-10\"><\/td><td class=\"column-11\">niem<\/td><td class=\"column-12\">Ksi\u0119ga cz\u0119\u015bciowo uszkodzona, wyrwane karty<\/td><td class=\"column-13\">Archiwum Parafii p.w. Narodzenia NMP i \u015bw. Jana w Siedlnicy<\/td>\n<\/tr>\n<tr class=\"row-6 even\">\n\t<td class=\"column-1\">PS-kat 5<\/td><td class=\"column-2\">Parafia rzymskokatolicka Siedlnica (Zedlitz)<\/td><td class=\"column-3\">Liber copulatorum<\/td><td class=\"column-4\"><\/td><td class=\"column-5\">1803<\/td><td class=\"column-6\">1919<\/td><td class=\"column-7\"><\/td><td class=\"column-8\">ksi\u0119ga<\/td><td class=\"column-9\"><\/td><td class=\"column-10\"><\/td><td class=\"column-11\">niem<\/td><td class=\"column-12\"><\/td><td class=\"column-13\">Archiwum Parafii p.w. Narodzenia NMP i \u015bw. Jana w Siedlnicy<\/td>\n<\/tr>\n<tr class=\"row-7 odd\">\n\t<td class=\"column-1\">PS-kat 6<\/td><td class=\"column-2\">Parafia rzymskokatolicka Siedlnica (Zedlitz)<\/td><td class=\"column-3\">Liber mortuorum<\/td><td class=\"column-4\"><\/td><td class=\"column-5\">1762<\/td><td class=\"column-6\">1802<\/td><td class=\"column-7\"><\/td><td class=\"column-8\">ksi\u0119ga<\/td><td class=\"column-9\"><\/td><td class=\"column-10\"><\/td><td class=\"column-11\">niem, \u0142ac<\/td><td class=\"column-12\"><\/td><td class=\"column-13\">Archiwum Parafii p.w. Narodzenia NMP i \u015bw. Jana w Siedlnicy<\/td>\n<\/tr>\n<tr class=\"row-8 even\">\n\t<td class=\"column-1\">PS-kat 7<\/td><td class=\"column-2\">Parafia rzymskokatolicka Siedlnica (Zedlitz)<\/td><td class=\"column-3\">Liber mortuorum<\/td><td class=\"column-4\"><\/td><td class=\"column-5\">1803<\/td><td class=\"column-6\">1940<\/td><td class=\"column-7\"><\/td><td class=\"column-8\">ksi\u0119ga<\/td><td class=\"column-9\"><\/td><td class=\"column-10\"><\/td><td class=\"column-11\">niem<\/td><td class=\"column-12\">Der Plan des Kirchhofes. Masstab 1:250 [wklejony po roku 1907]<\/td><td class=\"column-13\">Archiwum Parafii p.w. Narodzenia NMP i \u015bw. Jana w Siedlnicy<\/td>\n<\/tr>\n<tr class=\"row-9 odd\">\n\t<td class=\"column-1\">8<\/td><td class=\"column-2\">Parafia rzymskokatolicka Siedlnica (Zedlitz)<\/td><td class=\"column-3\">Trauungsbuch<\/td><td class=\"column-4\"><\/td><td class=\"column-5\">1919<\/td><td class=\"column-6\">1944<\/td><td class=\"column-7\"><\/td><td class=\"column-8\">ksi\u0119ga<\/td><td class=\"column-9\"><\/td><td class=\"column-10\"><\/td><td class=\"column-11\">niem<\/td><td class=\"column-12\"><\/td><td class=\"column-13\">AP Rokitno<\/td>\n<\/tr>\n<tr class=\"row-10 even\">\n\t<td class=\"column-1\">9<\/td><td class=\"column-2\">Parafia rzymskokatolicka Siedlnica (Zedlitz)<\/td><td class=\"column-3\">[Akta lu\u017ane wyj\u0119te z ksi\u0105g metrykalnych]<\/td><td class=\"column-4\"><\/td><td class=\"column-5\">1953<\/td><td class=\"column-6\">1973<\/td><td class=\"column-7\"><\/td><td class=\"column-8\">teczka papierowa<\/td><td class=\"column-9\"><\/td><td class=\"column-10\"><\/td><td class=\"column-11\">niem<\/td><td class=\"column-12\"><\/td><td class=\"column-13\">Archiwum Parafii p.w. Narodzenia NMP i \u015bw. Jana w Siedlnicy<\/td>\n<\/tr>\n<\/tbody>\n<\/table>\n<!-- #tablepress-2108 from cache -->\n","protected":false},"excerpt":{"rendered":"","protected":false},"author":1,"featured_media":0,"parent":46,"menu_order":0,"comment_status":"closed","ping_status":"closed","template":"","meta":{"ngg_post_thumbnail":0},"_links":{"self":[{"href":"https:\/\/archiwum.diecezjazg.pl\/index.php\/wp-json\/wp\/v2\/pages\/1646"}],"collection":[{"href":"https:\/\/archiwum.diecezjazg.pl\/index.php\/wp-json\/wp\/v2\/pages"}],"about":[{"href":"https:\/\/archiwum.diecezjazg.pl\/index.php\/wp-json\/wp\/v2\/types\/page"}],"author":[{"embeddable":true,"href":"https:\/\/archiwum.diecezjazg.pl\/index.php\/wp-json\/wp\/v2\/users\/1"}],"replies":[{"embeddable":true,"href":"https:\/\/archiwum.diecezjazg.pl\/index.php\/wp-json\/wp\/v2\/comments?post=1646"}],"version-history":[{"count":1,"href":"https:\/\/archiwum.diecezjazg.pl\/index.php\/wp-json\/wp\/v2\/pages\/1646\/revisions"}],"predecessor-version":[{"id":1647,"href":"https:\/\/archiwum.diecezjazg.pl\/index.php\/wp-json\/wp\/v2\/pages\/1646\/revisions\/1647"}],"up":[{"embeddable":true,"href":"https:\/\/archiwum.diecezjazg.pl\/index.php\/wp-json\/wp\/v2\/pages\/46"}],"wp:attachment":[{"href":"https:\/\/archiwum.diecezjazg.pl\/index.php\/wp-json\/wp\/v2\/media?parent=1646"}],"curies":[{"name":"wp","href":"https:\/\/api.w.org\/{rel}","templated":true}]}}