{"id":1644,"date":"2017-09-26T17:55:21","date_gmt":"2017-09-26T15:55:21","guid":{"rendered":"http:\/\/www.archiwum.diecezjazg.pl\/?page_id=1644"},"modified":"2017-09-26T17:55:21","modified_gmt":"2017-09-26T15:55:21","slug":"akta-kosciola-ewangelickiego-rzepin-reppen-zespol-177-sygnatura-prze-ew","status":"publish","type":"page","link":"https:\/\/archiwum.diecezjazg.pl\/index.php\/zasoby-archiwalne\/akta-kosciola-ewangelickiego-rzepin-reppen-zespol-177-sygnatura-prze-ew\/","title":{"rendered":"Akta ko\u015bcio\u0142a ewangelickiego Rzepin Reppen, zesp\u00f3\u0142 177, sygnatura PRze-ew"},"content":{"rendered":"\n<table id=\"tablepress-2107\" class=\"tablepress tablepress-id-2107\">\n<thead>\n<tr class=\"row-1 odd\">\n\t<th class=\"column-1\">Sygn<\/th><th class=\"column-2\">Zesp\u00f3\u0142 177<\/th><th class=\"column-3\">Tytu\u0142<\/th><th class=\"column-4\">Rok_ant<\/th><th class=\"column-5\">Rok_p<\/th><th class=\"column-6\">Rok_k<\/th><th class=\"column-7\">Rok_pos<\/th><th class=\"column-8\">Opis_fizyczny<\/th><th class=\"column-9\">ilo\u015b\u0107 stron<\/th><th class=\"column-10\">wymiar<\/th><th class=\"column-11\">j\u0119zyk<\/th><th class=\"column-12\">Sygnatury dawne<\/th><th class=\"column-13\">Uwagi<\/th>\n<\/tr>\n<\/thead>\n<tbody class=\"row-hover\">\n<tr class=\"row-2 even\">\n\t<td class=\"column-1\">PRze-ew 1<\/td><td class=\"column-2\">Ko\u015bci\u00f3\u0142 ewangelicki Rzepin (Reppen)<\/td><td class=\"column-3\">[Ksi\u0119ga urodze\u0144 i chrzt\u00f3w]<\/td><td class=\"column-4\"><\/td><td class=\"column-5\">1706<\/td><td class=\"column-6\">1771<\/td><td class=\"column-7\"><\/td><td class=\"column-8\">ksi\u0119ga zniszczona<\/td><td class=\"column-9\"><\/td><td class=\"column-10\">195x310<\/td><td class=\"column-11\">niem<\/td><td class=\"column-12\"><\/td><td class=\"column-13\">AZGWSD Parady\u017c<\/td>\n<\/tr>\n<tr class=\"row-3 odd\">\n\t<td class=\"column-1\">PRze-ew 2<\/td><td class=\"column-2\">Ko\u015bci\u00f3\u0142 ewangelicki Rzepin (Reppen)<\/td><td class=\"column-3\">Kirchenbuch der Confirmirten zu Reppen [Ksi\u0119ga bierzmowanych]<\/td><td class=\"column-4\"><\/td><td class=\"column-5\">1876<\/td><td class=\"column-6\">1926<\/td><td class=\"column-7\"><\/td><td class=\"column-8\">ksi\u0119ga zniszczona<\/td><td class=\"column-9\"><\/td><td class=\"column-10\">220x350<\/td><td class=\"column-11\">niem<\/td><td class=\"column-12\"><\/td><td class=\"column-13\">AZGWSD Parady\u017c<\/td>\n<\/tr>\n<tr class=\"row-4 even\">\n\t<td class=\"column-1\">PRze-ew 3<\/td><td class=\"column-2\">Ko\u015bci\u00f3\u0142 ewangelicki Rzepin (Reppen)<\/td><td class=\"column-3\">Kirchen Rechnung zu Gross Libbichow Rachunki ko\u015bcielne Lubiechnia Wielka<\/td><td class=\"column-4\"><\/td><td class=\"column-5\">1701<\/td><td class=\"column-6\">1770<\/td><td class=\"column-7\"><\/td><td class=\"column-8\">ksi\u0119ga  <\/td><td class=\"column-9\"><\/td><td class=\"column-10\">200x310<\/td><td class=\"column-11\">niem.<\/td><td class=\"column-12\"><\/td><td class=\"column-13\">AZGWSD Parady\u017c<\/td>\n<\/tr>\n<tr class=\"row-5 odd\">\n\t<td class=\"column-1\">PRze-ew 4<\/td><td class=\"column-2\">Ko\u015bci\u00f3\u0142 ewangelicki Rzepin (Reppen)<\/td><td class=\"column-3\">Registrande fur die Verwaltung (\u2026) zu  Drenzig [Drze\u0144sko]<\/td><td class=\"column-4\"><\/td><td class=\"column-5\">1841<\/td><td class=\"column-6\">1846<\/td><td class=\"column-7\"><\/td><td class=\"column-8\">ksi\u0119ga  <\/td><td class=\"column-9\"><\/td><td class=\"column-10\">220x350<\/td><td class=\"column-11\">niem.<\/td><td class=\"column-12\"><\/td><td class=\"column-13\">AZGWSD Parady\u017c<\/td>\n<\/tr>\n<\/tbody>\n<\/table>\n<!-- #tablepress-2107 from cache -->\n","protected":false},"excerpt":{"rendered":"","protected":false},"author":1,"featured_media":0,"parent":46,"menu_order":0,"comment_status":"closed","ping_status":"closed","template":"","meta":{"ngg_post_thumbnail":0},"_links":{"self":[{"href":"https:\/\/archiwum.diecezjazg.pl\/index.php\/wp-json\/wp\/v2\/pages\/1644"}],"collection":[{"href":"https:\/\/archiwum.diecezjazg.pl\/index.php\/wp-json\/wp\/v2\/pages"}],"about":[{"href":"https:\/\/archiwum.diecezjazg.pl\/index.php\/wp-json\/wp\/v2\/types\/page"}],"author":[{"embeddable":true,"href":"https:\/\/archiwum.diecezjazg.pl\/index.php\/wp-json\/wp\/v2\/users\/1"}],"replies":[{"embeddable":true,"href":"https:\/\/archiwum.diecezjazg.pl\/index.php\/wp-json\/wp\/v2\/comments?post=1644"}],"version-history":[{"count":1,"href":"https:\/\/archiwum.diecezjazg.pl\/index.php\/wp-json\/wp\/v2\/pages\/1644\/revisions"}],"predecessor-version":[{"id":1645,"href":"https:\/\/archiwum.diecezjazg.pl\/index.php\/wp-json\/wp\/v2\/pages\/1644\/revisions\/1645"}],"up":[{"embeddable":true,"href":"https:\/\/archiwum.diecezjazg.pl\/index.php\/wp-json\/wp\/v2\/pages\/46"}],"wp:attachment":[{"href":"https:\/\/archiwum.diecezjazg.pl\/index.php\/wp-json\/wp\/v2\/media?parent=1644"}],"curies":[{"name":"wp","href":"https:\/\/api.w.org\/{rel}","templated":true}]}}