{"id":1638,"date":"2017-09-26T17:49:25","date_gmt":"2017-09-26T15:49:25","guid":{"rendered":"http:\/\/www.archiwum.diecezjazg.pl\/?page_id=1638"},"modified":"2017-09-26T17:49:25","modified_gmt":"2017-09-26T15:49:25","slug":"akta-parafii-katolickiej-rokitno-rokitten-zespol-174-sygnatura-pro-kat","status":"publish","type":"page","link":"https:\/\/archiwum.diecezjazg.pl\/index.php\/zasoby-archiwalne\/akta-parafii-katolickiej-rokitno-rokitten-zespol-174-sygnatura-pro-kat\/","title":{"rendered":"Akta parafii katolickiej Rokitno Rokitten, zesp\u00f3\u0142 174, sygnatura PRo-kat"},"content":{"rendered":"\n<table id=\"tablepress-2104\" class=\"tablepress tablepress-id-2104\">\n<thead>\n<tr class=\"row-1 odd\">\n\t<th class=\"column-1\">Sygn<\/th><th class=\"column-2\">Zesp\u00f3\u0142 174<\/th><th class=\"column-3\">Tytu\u0142<\/th><th class=\"column-4\">Rok_ant<\/th><th class=\"column-5\">Rok_p<\/th><th class=\"column-6\">Rok_k<\/th><th class=\"column-7\">Rok_pos<\/th><th class=\"column-8\">Opis_fizyczny<\/th><th class=\"column-9\">ilo\u015b\u0107 stron<\/th><th class=\"column-10\">wymiar<\/th><th class=\"column-11\">j\u0119zyk<\/th><th class=\"column-12\">Sygnatury dawne<\/th><th class=\"column-13\">Uwagi<\/th>\n<\/tr>\n<\/thead>\n<tbody class=\"row-hover\">\n<tr class=\"row-2 even\">\n\t<td class=\"column-1\">PRo-kat 1<\/td><td class=\"column-2\">Parafia rzymskokatolicka Rokitno (Rokitten)<\/td><td class=\"column-3\">Liber baptizatorum<\/td><td class=\"column-4\"><\/td><td class=\"column-5\">1795<\/td><td class=\"column-6\">1811<\/td><td class=\"column-7\"><\/td><td class=\"column-8\">ksi\u0119ga<\/td><td class=\"column-9\">46<\/td><td class=\"column-10\">210x350<\/td><td class=\"column-11\">niem<\/td><td class=\"column-12\">I\/27<\/td><td class=\"column-13\">AP Rokitno<\/td>\n<\/tr>\n<tr class=\"row-3 odd\">\n\t<td class=\"column-1\">PRo-kat 2<\/td><td class=\"column-2\">Parafia rzymskokatolicka Rokitno (Rokitten)<\/td><td class=\"column-3\">Extractum ex Libro baptisatorum et defunctorum parochiae Rokitnensis [Indeks urodzonych i ochrzczonych z fragmentarycznym wpisem zgon\u00f3w i \u015blub\u00f3w]<\/td><td class=\"column-4\"><\/td><td class=\"column-5\">1796<\/td><td class=\"column-6\">1870<\/td><td class=\"column-7\"><\/td><td class=\"column-8\">ksi\u0119ga<\/td><td class=\"column-9\"><\/td><td class=\"column-10\">220x350<\/td><td class=\"column-11\">\u0142ac<\/td><td class=\"column-12\">6\/IV<\/td><td class=\"column-13\">AP Rokitno<\/td>\n<\/tr>\n<tr class=\"row-4 even\">\n\t<td class=\"column-1\">PRo-kat 3<\/td><td class=\"column-2\">Parafia rzymskokatolicka Rokitno (Rokitten)<\/td><td class=\"column-3\">Taufen, Trauungen und Sterbef \u00e4 lle von Rokitten, Golmitz, Kaltzig und Schwirle<\/td><td class=\"column-4\"><\/td><td class=\"column-5\">1811<\/td><td class=\"column-6\">1844<\/td><td class=\"column-7\"><\/td><td class=\"column-8\">ksi\u0119ga<\/td><td class=\"column-9\">460<\/td><td class=\"column-10\">205x345<\/td><td class=\"column-11\">\u0142ac<\/td><td class=\"column-12\">I\/26<\/td><td class=\"column-13\">AP Rokitno<\/td>\n<\/tr>\n<tr class=\"row-5 odd\">\n\t<td class=\"column-1\">PRo-kat 4<\/td><td class=\"column-2\">Parafia rzymskokatolicka Rokitno (Rokitten)<\/td><td class=\"column-3\">Ksi\u0119ga stanu cywilnego urodze\u0144, zapowiedzi, \u015blub\u00f3w i zgon\u00f3w<\/td><td class=\"column-4\"><\/td><td class=\"column-5\">1811<\/td><td class=\"column-6\">1815<\/td><td class=\"column-7\"><\/td><td class=\"column-8\">ksi\u0119ga<\/td><td class=\"column-9\">231<\/td><td class=\"column-10\">210x350<\/td><td class=\"column-11\">pol<\/td><td class=\"column-12\">I\/28<\/td><td class=\"column-13\">AP Rokitno<\/td>\n<\/tr>\n<tr class=\"row-6 even\">\n\t<td class=\"column-1\">PRo-kat 5<\/td><td class=\"column-2\">Parafia rzymskokatolicka Rokitno (Rokitten)<\/td><td class=\"column-3\">Liber baptizatorum<\/td><td class=\"column-4\"><\/td><td class=\"column-5\">1845<\/td><td class=\"column-6\">1877<\/td><td class=\"column-7\"><\/td><td class=\"column-8\">ksi\u0119ga<\/td><td class=\"column-9\"><\/td><td class=\"column-10\">210x350<\/td><td class=\"column-11\">niem<\/td><td class=\"column-12\">I\/70<\/td><td class=\"column-13\">AP Rokitno<\/td>\n<\/tr>\n<tr class=\"row-7 odd\">\n\t<td class=\"column-1\">PRo-kat 6<\/td><td class=\"column-2\">Parafia rzymskokatolicka Rokitno (Rokitten)<\/td><td class=\"column-3\">Liber baptizatorum<\/td><td class=\"column-4\"><\/td><td class=\"column-5\">1878<\/td><td class=\"column-6\">1915<\/td><td class=\"column-7\"><\/td><td class=\"column-8\">ksi\u0119ga<\/td><td class=\"column-9\"><\/td><td class=\"column-10\">250x380<\/td><td class=\"column-11\">niem<\/td><td class=\"column-12\">I\/25<\/td><td class=\"column-13\">AP Rokitno<\/td>\n<\/tr>\n<tr class=\"row-8 even\">\n\t<td class=\"column-1\">PRo-kat 7<\/td><td class=\"column-2\">Parafia rzymskokatolicka Rokitno (Rokitten)<\/td><td class=\"column-3\">Liber baptizatorum et liber mortuorum <\/td><td class=\"column-4\"><\/td><td class=\"column-5\">1916<\/td><td class=\"column-6\">1945<\/td><td class=\"column-7\"><\/td><td class=\"column-8\">ksi\u0119ga<\/td><td class=\"column-9\"><\/td><td class=\"column-10\">255x390<\/td><td class=\"column-11\">niem<\/td><td class=\"column-12\">I\/29<\/td><td class=\"column-13\">AP Rokitno<\/td>\n<\/tr>\n<tr class=\"row-9 odd\">\n\t<td class=\"column-1\">PRo-kat 8<\/td><td class=\"column-2\">Parafia rzymskokatolicka Rokitno (Rokitten)<\/td><td class=\"column-3\">Liber copulatorum<\/td><td class=\"column-4\"><\/td><td class=\"column-5\">1845<\/td><td class=\"column-6\">1877<\/td><td class=\"column-7\"><\/td><td class=\"column-8\">ksi\u0119ga<\/td><td class=\"column-9\"><\/td><td class=\"column-10\">250x380<\/td><td class=\"column-11\">\u0142ac, niem<\/td><td class=\"column-12\">I\/2<\/td><td class=\"column-13\">AP Rokitno<\/td>\n<\/tr>\n<tr class=\"row-10 even\">\n\t<td class=\"column-1\">PRo-kat 9<\/td><td class=\"column-2\">Parafia rzymskokatolicka Rokitno (Rokitten)<\/td><td class=\"column-3\">Liber copulatorum<\/td><td class=\"column-4\"><\/td><td class=\"column-5\">1878<\/td><td class=\"column-6\">1915<\/td><td class=\"column-7\"><\/td><td class=\"column-8\">ksi\u0119ga<\/td><td class=\"column-9\">79<\/td><td class=\"column-10\">210x350<\/td><td class=\"column-11\">niem<\/td><td class=\"column-12\">I\/22<\/td><td class=\"column-13\">AP Rokitno<\/td>\n<\/tr>\n<tr class=\"row-11 odd\">\n\t<td class=\"column-1\">PRo-kat 10<\/td><td class=\"column-2\">Parafia rzymskokatolicka Rokitno (Rokitten)<\/td><td class=\"column-3\">Liber copulatorum<\/td><td class=\"column-4\"><\/td><td class=\"column-5\">1795<\/td><td class=\"column-6\">1807<\/td><td class=\"column-7\"><\/td><td class=\"column-8\">poszyt wyrwany z ksiegi<\/td><td class=\"column-9\">128-133<\/td><td class=\"column-10\">205x345<\/td><td class=\"column-11\">niem<\/td><td class=\"column-12\">I\/3<\/td><td class=\"column-13\">AP Rokitno<\/td>\n<\/tr>\n<tr class=\"row-12 even\">\n\t<td class=\"column-1\">PRo-kat 11<\/td><td class=\"column-2\">Parafia rzymskokatolicka Rokitno (Rokitten)<\/td><td class=\"column-3\">Liber mortuorum<\/td><td class=\"column-4\"><\/td><td class=\"column-5\">1846<\/td><td class=\"column-6\">1877<\/td><td class=\"column-7\"><\/td><td class=\"column-8\">zniszczona ksi\u0119ga<\/td><td class=\"column-9\"><\/td><td class=\"column-10\">215x350<\/td><td class=\"column-11\">niem<\/td><td class=\"column-12\">I\/23<\/td><td class=\"column-13\">AP Rokitno<\/td>\n<\/tr>\n<tr class=\"row-13 odd\">\n\t<td class=\"column-1\">PRo-kat 12<\/td><td class=\"column-2\">Parafia rzymskokatolicka Rokitno (Rokitten)<\/td><td class=\"column-3\">Liber mortuorum<\/td><td class=\"column-4\"><\/td><td class=\"column-5\">1878<\/td><td class=\"column-6\">1917<\/td><td class=\"column-7\"><\/td><td class=\"column-8\">zniszczona ksi\u0119ga<\/td><td class=\"column-9\"><\/td><td class=\"column-10\">250x380<\/td><td class=\"column-11\">\u0142ac<\/td><td class=\"column-12\">I\/122<\/td><td class=\"column-13\">AP Rokitno<\/td>\n<\/tr>\n<tr class=\"row-14 even\">\n\t<td class=\"column-1\">PRo-kat 13<\/td><td class=\"column-2\">Parafia rzymskokatolicka Rokitno (Rokitten)<\/td><td class=\"column-3\">Catalogus Baptisatorum ex villa Kalsko. Chrzty 1795-1811, \u015bluby 1795-1811, zgony 1798-1811 i 1796-1809<\/td><td class=\"column-4\"><\/td><td class=\"column-5\">1795<\/td><td class=\"column-6\">1811<\/td><td class=\"column-7\"><\/td><td class=\"column-8\">akta lu\u017ane<\/td><td class=\"column-9\"><\/td><td class=\"column-10\"> <\/td><td class=\"column-11\">\u0142ac, niem<\/td><td class=\"column-12\">I\/115<\/td><td class=\"column-13\">AP Rokitno<\/td>\n<\/tr>\n<tr class=\"row-15 odd\">\n\t<td class=\"column-1\">PRo-kat 14<\/td><td class=\"column-2\">Parafia rzymskokatolicka Rokitno (Rokitten)<\/td><td class=\"column-3\">Liber Mortuorum Schwirle Twierdzielewo<\/td><td class=\"column-4\"><\/td><td class=\"column-5\">1795<\/td><td class=\"column-6\">1811<\/td><td class=\"column-7\"><\/td><td class=\"column-8\">akta lu\u017ane<\/td><td class=\"column-9\"><\/td><td class=\"column-10\"> <\/td><td class=\"column-11\">\u0142ac, niem<\/td><td class=\"column-12\"> <\/td><td class=\"column-13\">AP Rokitno<\/td>\n<\/tr>\n<tr class=\"row-16 even\">\n\t<td class=\"column-1\">PRo-kat 15<\/td><td class=\"column-2\">Parafia rzymskokatolicka Rokitno (Rokitten)<\/td><td class=\"column-3\">\u015aluby Schwirle Twierdzielewo<\/td><td class=\"column-4\"><\/td><td class=\"column-5\">1795<\/td><td class=\"column-6\">1809<\/td><td class=\"column-7\"><\/td><td class=\"column-8\">akta lu\u017ane<\/td><td class=\"column-9\"><\/td><td class=\"column-10\"> <\/td><td class=\"column-11\">\u0142ac, niem<\/td><td class=\"column-12\"> <\/td><td class=\"column-13\">AP Rokitno<\/td>\n<\/tr>\n<tr class=\"row-17 odd\">\n\t<td class=\"column-1\">PRo-kat 16<\/td><td class=\"column-2\">Parafia rzymskokatolicka Rokitno (Rokitten)<\/td><td class=\"column-3\">\u015aluby Gollm \u00fc tz Che\u0142msko<\/td><td class=\"column-4\"><\/td><td class=\"column-5\">1795<\/td><td class=\"column-6\">1809<\/td><td class=\"column-7\"><\/td><td class=\"column-8\">akta lu\u017ane<\/td><td class=\"column-9\"><\/td><td class=\"column-10\"> <\/td><td class=\"column-11\">\u0142ac, niem<\/td><td class=\"column-12\"> <\/td><td class=\"column-13\">AP Rokitno<\/td>\n<\/tr>\n<tr class=\"row-18 even\">\n\t<td class=\"column-1\">PRo-kat 17<\/td><td class=\"column-2\">Parafia rzymskokatolicka Rokitno (Rokitten)<\/td><td class=\"column-3\">\u015aluby Kalsko<\/td><td class=\"column-4\"><\/td><td class=\"column-5\">1939<\/td><td class=\"column-6\">1945<\/td><td class=\"column-7\"><\/td><td class=\"column-8\">akta lu\u017ane [3 karty]<\/td><td class=\"column-9\"><\/td><td class=\"column-10\"> <\/td><td class=\"column-11\">niem<\/td><td class=\"column-12\"> <\/td><td class=\"column-13\">AP Rokitno<\/td>\n<\/tr>\n<tr class=\"row-19 odd\">\n\t<td class=\"column-1\">PRo-kat 18<\/td><td class=\"column-2\">Parafia rzymskokatolicka Rokitno (Rokitten)<\/td><td class=\"column-3\">Taufbuch von der Filial Kirche zu Gollm\u00fctz, Taufbuch der Kirche zu Schwirle<\/td><td class=\"column-4\"><\/td><td class=\"column-5\">1795<\/td><td class=\"column-6\">1811<\/td><td class=\"column-7\"><\/td><td class=\"column-8\">ksi\u0119ga<\/td><td class=\"column-9\"><\/td><td class=\"column-10\"> <\/td><td class=\"column-11\">\u0142ac<\/td><td class=\"column-12\">I\/137<\/td><td class=\"column-13\">AP Rokitno<\/td>\n<\/tr>\n<tr class=\"row-20 even\">\n\t<td class=\"column-1\">PRo-kat 19<\/td><td class=\"column-2\">Parafia rzymskokatolicka Rokitno (Rokitten)<\/td><td class=\"column-3\">Liber Baptisatorum 1775-1797, Copulatorum 1775-1798, Mortuorum 1775-1798 Che\u0142msko i Twierdzielewo<\/td><td class=\"column-4\"><\/td><td class=\"column-5\">1775<\/td><td class=\"column-6\">1798<\/td><td class=\"column-7\"><\/td><td class=\"column-8\">ksi\u0119ga<\/td><td class=\"column-9\"><\/td><td class=\"column-10\"> <\/td><td class=\"column-11\">\u0142ac<\/td><td class=\"column-12\">I\/138<\/td><td class=\"column-13\">AP Rokitno<\/td>\n<\/tr>\n<tr class=\"row-21 odd\">\n\t<td class=\"column-1\">PRo-kat 20<\/td><td class=\"column-2\">Parafia rzymskokatolicka Rokitno (Rokitten)<\/td><td class=\"column-3\">Liber Mortuorum Gollmitz, Schwirle<\/td><td class=\"column-4\"><\/td><td class=\"column-5\">1795<\/td><td class=\"column-6\">1811<\/td><td class=\"column-7\"><\/td><td class=\"column-8\">ksi\u0119ga<\/td><td class=\"column-9\"><\/td><td class=\"column-10\"> <\/td><td class=\"column-11\">\u0142ac<\/td><td class=\"column-12\">I\/136<\/td><td class=\"column-13\">AP Rokitno<\/td>\n<\/tr>\n<\/tbody>\n<\/table>\n\n","protected":false},"excerpt":{"rendered":"","protected":false},"author":1,"featured_media":0,"parent":46,"menu_order":0,"comment_status":"closed","ping_status":"closed","template":"","meta":{"ngg_post_thumbnail":0},"_links":{"self":[{"href":"https:\/\/archiwum.diecezjazg.pl\/index.php\/wp-json\/wp\/v2\/pages\/1638"}],"collection":[{"href":"https:\/\/archiwum.diecezjazg.pl\/index.php\/wp-json\/wp\/v2\/pages"}],"about":[{"href":"https:\/\/archiwum.diecezjazg.pl\/index.php\/wp-json\/wp\/v2\/types\/page"}],"author":[{"embeddable":true,"href":"https:\/\/archiwum.diecezjazg.pl\/index.php\/wp-json\/wp\/v2\/users\/1"}],"replies":[{"embeddable":true,"href":"https:\/\/archiwum.diecezjazg.pl\/index.php\/wp-json\/wp\/v2\/comments?post=1638"}],"version-history":[{"count":1,"href":"https:\/\/archiwum.diecezjazg.pl\/index.php\/wp-json\/wp\/v2\/pages\/1638\/revisions"}],"predecessor-version":[{"id":1639,"href":"https:\/\/archiwum.diecezjazg.pl\/index.php\/wp-json\/wp\/v2\/pages\/1638\/revisions\/1639"}],"up":[{"embeddable":true,"href":"https:\/\/archiwum.diecezjazg.pl\/index.php\/wp-json\/wp\/v2\/pages\/46"}],"wp:attachment":[{"href":"https:\/\/archiwum.diecezjazg.pl\/index.php\/wp-json\/wp\/v2\/media?parent=1638"}],"curies":[{"name":"wp","href":"https:\/\/api.w.org\/{rel}","templated":true}]}}