{"id":1628,"date":"2017-09-26T17:14:07","date_gmt":"2017-09-26T15:14:07","guid":{"rendered":"http:\/\/www.archiwum.diecezjazg.pl\/?page_id=1628"},"modified":"2017-09-26T17:14:07","modified_gmt":"2017-09-26T15:14:07","slug":"akta-kosciola-ewangelickiego-przewoz-priebus-zespol-170-sygnatura-ppr-ew","status":"publish","type":"page","link":"https:\/\/archiwum.diecezjazg.pl\/index.php\/zasoby-archiwalne\/akta-kosciola-ewangelickiego-przewoz-priebus-zespol-170-sygnatura-ppr-ew\/","title":{"rendered":"Akta ko\u015bcio\u0142a ewangelickiego Przew\u00f3z Priebus, zesp\u00f3\u0142 170, sygnatura PPr-ew"},"content":{"rendered":"\n<table id=\"tablepress-2100\" class=\"tablepress tablepress-id-2100\">\n<thead>\n<tr class=\"row-1 odd\">\n\t<th class=\"column-1\">Sygn<\/th><th class=\"column-2\">Zesp\u00f3\u0142 170<\/th><th class=\"column-3\">Tytu\u0142<\/th><th class=\"column-4\">Rok_ant<\/th><th class=\"column-5\">Rok_p<\/th><th class=\"column-6\">Rok_k<\/th><th class=\"column-7\">Rok_pos<\/th><th class=\"column-8\">Opis_fizyczny<\/th><th class=\"column-9\">ilo\u015b\u0107 stron<\/th><th class=\"column-10\">wymiar<\/th><th class=\"column-11\">j\u0119zyk<\/th><th class=\"column-12\">Sygnatury dawne<\/th><th class=\"column-13\">Uwagi<\/th>\n<\/tr>\n<\/thead>\n<tbody class=\"row-hover\">\n<tr class=\"row-2 even\">\n\t<td class=\"column-1\">PPr-ew 1<\/td><td class=\"column-2\">Ko\u015bci\u00f3\u0142 ewangelicki Przew\u00f3z (Priebus)<\/td><td class=\"column-3\">Duplicat des Kirchen Buchs der evangel. Kirchgemeinde zu Priebus<\/td><td class=\"column-4\"><\/td><td class=\"column-5\">1812<\/td><td class=\"column-6\">1812<\/td><td class=\"column-7\"><\/td><td class=\"column-8\">ksi\u0119ga<\/td><td class=\"column-9\"><\/td><td class=\"column-10\"><\/td><td class=\"column-11\">niem<\/td><td class=\"column-12\"><\/td><td class=\"column-13\">Archiwum Parafii p.w. Wniebowzi\u0119cia NMP \u017baga\u0144<\/td>\n<\/tr>\n<tr class=\"row-3 odd\">\n\t<td class=\"column-1\">PPr-ew 2<\/td><td class=\"column-2\">Ko\u015bci\u00f3\u0142 ewangelicki Przew\u00f3z (Priebus)<\/td><td class=\"column-3\">Duplicat des Kirchen Buchs der evangel. Kirchgemeinde zu Priebus<\/td><td class=\"column-4\"><\/td><td class=\"column-5\">1813<\/td><td class=\"column-6\">1813<\/td><td class=\"column-7\"><\/td><td class=\"column-8\">ksi\u0119ga<\/td><td class=\"column-9\"><\/td><td class=\"column-10\"><\/td><td class=\"column-11\">niem<\/td><td class=\"column-12\"><\/td><td class=\"column-13\">Archiwum Parafii p.w. Wniebowzi\u0119cia NMP \u017baga\u0144<\/td>\n<\/tr>\n<tr class=\"row-4 even\">\n\t<td class=\"column-1\">PPr-ew 3<\/td><td class=\"column-2\">Ko\u015bci\u00f3\u0142 ewangelicki Przew\u00f3z (Priebus)<\/td><td class=\"column-3\">Duplicat des Kirchen Buchs der evangel. Kirchgemeinde zu Priebus<\/td><td class=\"column-4\"><\/td><td class=\"column-5\">1852<\/td><td class=\"column-6\">1852<\/td><td class=\"column-7\"><\/td><td class=\"column-8\">ksi\u0119ga<\/td><td class=\"column-9\"><\/td><td class=\"column-10\"><\/td><td class=\"column-11\">niem<\/td><td class=\"column-12\"><\/td><td class=\"column-13\"><\/td>\n<\/tr>\n<tr class=\"row-5 odd\">\n\t<td class=\"column-1\">PPr-ew 4<\/td><td class=\"column-2\">Ko\u015bci\u00f3\u0142 ewangelicki Przew\u00f3z (Priebus)<\/td><td class=\"column-3\">Duplicat ueber a,Taufen, b,Aufgebote u. Trauungen, c,Begraebnisse bei der ev. Kirche zu Priebus<\/td><td class=\"column-4\"><\/td><td class=\"column-5\">1872<\/td><td class=\"column-6\">1872<\/td><td class=\"column-7\"><\/td><td class=\"column-8\">ksi\u0119ga<\/td><td class=\"column-9\"><\/td><td class=\"column-10\"><\/td><td class=\"column-11\">niem<\/td><td class=\"column-12\"><\/td><td class=\"column-13\">Archiwum Parafii p.w. Wniebowzi\u0119cia NMP \u017baga\u0144<\/td>\n<\/tr>\n<tr class=\"row-6 even\">\n\t<td class=\"column-1\">PPr-ew 5<\/td><td class=\"column-2\">Ko\u015bci\u00f3\u0142 ewangelicki Przew\u00f3z (Priebus)<\/td><td class=\"column-3\">Duplicat ueber Taufen, Trauungen u. Aufgebote, Begraebnisse bei der ev. Kirche zu Priebus<\/td><td class=\"column-4\"><\/td><td class=\"column-5\">1873<\/td><td class=\"column-6\">1873<\/td><td class=\"column-7\"><\/td><td class=\"column-8\">ksi\u0119ga<\/td><td class=\"column-9\"><\/td><td class=\"column-10\"><\/td><td class=\"column-11\">niem<\/td><td class=\"column-12\"><\/td><td class=\"column-13\">Archiwum Parafii p.w. Wniebowzi\u0119cia NMP \u017baga\u0144<\/td>\n<\/tr>\n<\/tbody>\n<\/table>\n<!-- #tablepress-2100 from cache -->\n","protected":false},"excerpt":{"rendered":"","protected":false},"author":1,"featured_media":0,"parent":46,"menu_order":0,"comment_status":"closed","ping_status":"closed","template":"","meta":{"ngg_post_thumbnail":0},"_links":{"self":[{"href":"https:\/\/archiwum.diecezjazg.pl\/index.php\/wp-json\/wp\/v2\/pages\/1628"}],"collection":[{"href":"https:\/\/archiwum.diecezjazg.pl\/index.php\/wp-json\/wp\/v2\/pages"}],"about":[{"href":"https:\/\/archiwum.diecezjazg.pl\/index.php\/wp-json\/wp\/v2\/types\/page"}],"author":[{"embeddable":true,"href":"https:\/\/archiwum.diecezjazg.pl\/index.php\/wp-json\/wp\/v2\/users\/1"}],"replies":[{"embeddable":true,"href":"https:\/\/archiwum.diecezjazg.pl\/index.php\/wp-json\/wp\/v2\/comments?post=1628"}],"version-history":[{"count":1,"href":"https:\/\/archiwum.diecezjazg.pl\/index.php\/wp-json\/wp\/v2\/pages\/1628\/revisions"}],"predecessor-version":[{"id":1629,"href":"https:\/\/archiwum.diecezjazg.pl\/index.php\/wp-json\/wp\/v2\/pages\/1628\/revisions\/1629"}],"up":[{"embeddable":true,"href":"https:\/\/archiwum.diecezjazg.pl\/index.php\/wp-json\/wp\/v2\/pages\/46"}],"wp:attachment":[{"href":"https:\/\/archiwum.diecezjazg.pl\/index.php\/wp-json\/wp\/v2\/media?parent=1628"}],"curies":[{"name":"wp","href":"https:\/\/api.w.org\/{rel}","templated":true}]}}