{"id":1622,"date":"2017-09-26T17:11:47","date_gmt":"2017-09-26T15:11:47","guid":{"rendered":"http:\/\/www.archiwum.diecezjazg.pl\/?page_id=1622"},"modified":"2017-09-26T17:11:47","modified_gmt":"2017-09-26T15:11:47","slug":"akta-parafii-katolickiej-otynia-zespol-167-sygnatura-pot-kat","status":"publish","type":"page","link":"https:\/\/archiwum.diecezjazg.pl\/index.php\/zasoby-archiwalne\/akta-parafii-katolickiej-otynia-zespol-167-sygnatura-pot-kat\/","title":{"rendered":"Akta parafii katolickiej Otynia, zesp\u00f3\u0142 167, sygnatura POt-kat"},"content":{"rendered":"\n<table id=\"tablepress-297\" class=\"tablepress tablepress-id-297\">\n<thead>\n<tr class=\"row-1 odd\">\n\t<th class=\"column-1\">Sygn<\/th><th class=\"column-2\">Zesp\u00f3\u0142 167<\/th><th class=\"column-3\">Tytu\u0142<\/th><th class=\"column-4\">Rok_ant<\/th><th class=\"column-5\">Rok_p<\/th><th class=\"column-6\">Rok_k<\/th><th class=\"column-7\">Rok_pos<\/th><th class=\"column-8\">Opis_fizyczny<\/th><th class=\"column-9\">ilo\u015b\u0107 stron<\/th><th class=\"column-10\">wymiar<\/th><th class=\"column-11\">j\u0119zyk<\/th><th class=\"column-12\">Sygnatury dawne<\/th><th class=\"column-13\">Uwagi<\/th>\n<\/tr>\n<\/thead>\n<tbody class=\"row-hover\">\n<tr class=\"row-2 even\">\n\t<td class=\"column-1\"><\/td><td class=\"column-2\"><\/td><td class=\"column-3\"><\/td><td class=\"column-4\"><\/td><td class=\"column-5\"><\/td><td class=\"column-6\"><\/td><td class=\"column-7\"><\/td><td class=\"column-8\"><\/td><td class=\"column-9\"><\/td><td class=\"column-10\"><\/td><td class=\"column-11\"><\/td><td class=\"column-12\"><\/td><td class=\"column-13\"><\/td>\n<\/tr>\n<tr class=\"row-3 odd\">\n\t<td class=\"column-1\">POt-kat 1<\/td><td class=\"column-2\">Parafia rzymskokatolicka Otynia<\/td><td class=\"column-3\">[Dokument fundacji przy ko\u015bciele w Otynii]<\/td><td class=\"column-4\"><\/td><td class=\"column-5\">1662<\/td><td class=\"column-6\">1772<\/td><td class=\"column-7\"><\/td><td class=\"column-8\">akta lu\u017ane<\/td><td class=\"column-9\"><\/td><td class=\"column-10\"><\/td><td class=\"column-11\">\u0142ac<\/td><td class=\"column-12\"><\/td><td class=\"column-13\"><\/td>\n<\/tr>\n<tr class=\"row-4 even\">\n\t<td class=\"column-1\">POt-kat 2<\/td><td class=\"column-2\">Parafia rzymskokatolicka Otynia<\/td><td class=\"column-3\">Fundacya Mszy  \u015awiietej Jednej w Tydzie\u0144 spiewaney w ko\u015bciele Oteninskim<\/td><td class=\"column-4\"><\/td><td class=\"column-5\">1769<\/td><td class=\"column-6\">1769<\/td><td class=\"column-7\"><\/td><td class=\"column-8\">akta lu\u017ane<\/td><td class=\"column-9\"><\/td><td class=\"column-10\"><\/td><td class=\"column-11\">pol<\/td><td class=\"column-12\"><\/td><td class=\"column-13\"><\/td>\n<\/tr>\n<tr class=\"row-5 odd\">\n\t<td class=\"column-1\">POt-kat 3<\/td><td class=\"column-2\">Parafia rzymskokatolicka Otynia<\/td><td class=\"column-3\">Punkta do Fundacyi na Wotyw\u0119 do Ko\u015bcio\u0142a Otyninskiego<\/td><td class=\"column-4\"><\/td><td class=\"column-5\">1769<\/td><td class=\"column-6\">1769<\/td><td class=\"column-7\"><\/td><td class=\"column-8\">akta lu\u017ane<\/td><td class=\"column-9\"><\/td><td class=\"column-10\"><\/td><td class=\"column-11\">pol<\/td><td class=\"column-12\"><\/td><td class=\"column-13\"><\/td>\n<\/tr>\n<tr class=\"row-6 even\">\n\t<td class=\"column-1\">POt-kat 4<\/td><td class=\"column-2\">Parafia rzymskokatolicka Otynia<\/td><td class=\"column-3\">Fundacya Mszy  \u015awiietej Jednej w Tydzie\u0144 spiewaney w ko\u015bciele Oteninskim<\/td><td class=\"column-4\"><\/td><td class=\"column-5\">1769<\/td><td class=\"column-6\">1770<\/td><td class=\"column-7\"><\/td><td class=\"column-8\">akta lu\u017ane<\/td><td class=\"column-9\"><\/td><td class=\"column-10\"><\/td><td class=\"column-11\">pol<\/td><td class=\"column-12\"><\/td><td class=\"column-13\"><\/td>\n<\/tr>\n<tr class=\"row-7 odd\">\n\t<td class=\"column-1\">POt-kat 5<\/td><td class=\"column-2\">Parafia rzymskokatolicka Otynia<\/td><td class=\"column-3\">Fundationis Vicarii in Eccl. Otyniensis<\/td><td class=\"column-4\"><\/td><td class=\"column-5\">1772<\/td><td class=\"column-6\">1772<\/td><td class=\"column-7\"><\/td><td class=\"column-8\">akta lu\u017ane<\/td><td class=\"column-9\"><\/td><td class=\"column-10\"><\/td><td class=\"column-11\">\u0142ac<\/td><td class=\"column-12\"><\/td><td class=\"column-13\"><\/td>\n<\/tr>\n<tr class=\"row-8 even\">\n\t<td class=\"column-1\">POt-kat 6<\/td><td class=\"column-2\">Parafia rzymskokatolicka Otynia<\/td><td class=\"column-3\">Decretum in <\/td><td class=\"column-4\"><\/td><td class=\"column-5\">1773<\/td><td class=\"column-6\">1773<\/td><td class=\"column-7\"><\/td><td class=\"column-8\">akta lu\u017ane<\/td><td class=\"column-9\"><\/td><td class=\"column-10\"><\/td><td class=\"column-11\">\u0142ac<\/td><td class=\"column-12\"><\/td><td class=\"column-13\"><\/td>\n<\/tr>\n<\/tbody>\n<\/table>\n<!-- #tablepress-297 from cache -->\n","protected":false},"excerpt":{"rendered":"","protected":false},"author":1,"featured_media":0,"parent":46,"menu_order":0,"comment_status":"closed","ping_status":"closed","template":"","meta":{"ngg_post_thumbnail":0},"_links":{"self":[{"href":"https:\/\/archiwum.diecezjazg.pl\/index.php\/wp-json\/wp\/v2\/pages\/1622"}],"collection":[{"href":"https:\/\/archiwum.diecezjazg.pl\/index.php\/wp-json\/wp\/v2\/pages"}],"about":[{"href":"https:\/\/archiwum.diecezjazg.pl\/index.php\/wp-json\/wp\/v2\/types\/page"}],"author":[{"embeddable":true,"href":"https:\/\/archiwum.diecezjazg.pl\/index.php\/wp-json\/wp\/v2\/users\/1"}],"replies":[{"embeddable":true,"href":"https:\/\/archiwum.diecezjazg.pl\/index.php\/wp-json\/wp\/v2\/comments?post=1622"}],"version-history":[{"count":1,"href":"https:\/\/archiwum.diecezjazg.pl\/index.php\/wp-json\/wp\/v2\/pages\/1622\/revisions"}],"predecessor-version":[{"id":1623,"href":"https:\/\/archiwum.diecezjazg.pl\/index.php\/wp-json\/wp\/v2\/pages\/1622\/revisions\/1623"}],"up":[{"embeddable":true,"href":"https:\/\/archiwum.diecezjazg.pl\/index.php\/wp-json\/wp\/v2\/pages\/46"}],"wp:attachment":[{"href":"https:\/\/archiwum.diecezjazg.pl\/index.php\/wp-json\/wp\/v2\/media?parent=1622"}],"curies":[{"name":"wp","href":"https:\/\/api.w.org\/{rel}","templated":true}]}}