{"id":1620,"date":"2017-09-26T17:11:03","date_gmt":"2017-09-26T15:11:03","guid":{"rendered":"http:\/\/www.archiwum.diecezjazg.pl\/?page_id=1620"},"modified":"2017-09-26T17:11:03","modified_gmt":"2017-09-26T15:11:03","slug":"akta-parafii-katolickiej-olobok-muhlbock-zespol-166-sygnatura-pol-kat","status":"publish","type":"page","link":"https:\/\/archiwum.diecezjazg.pl\/index.php\/zasoby-archiwalne\/akta-parafii-katolickiej-olobok-muhlbock-zespol-166-sygnatura-pol-kat\/","title":{"rendered":"Akta parafii katolickiej O\u0142obok M\u00fchlbock, zesp\u00f3\u0142 166, sygnatura PO\u0142-kat"},"content":{"rendered":"\n<table id=\"tablepress-296\" class=\"tablepress tablepress-id-296\">\n<thead>\n<tr class=\"row-1 odd\">\n\t<th class=\"column-1\">Sygn<\/th><th class=\"column-2\">Zesp\u00f3\u0142 166<\/th><th class=\"column-3\">Tytu\u0142<\/th><th class=\"column-4\">Rok_ant<\/th><th class=\"column-5\">Rok_p<\/th><th class=\"column-6\">Rok_k<\/th><th class=\"column-7\">Rok_pos<\/th><th class=\"column-8\">Opis_fizyczny<\/th><th class=\"column-9\">ilo\u015b\u0107 stron<\/th><th class=\"column-10\">wymiar<\/th><th class=\"column-11\">j\u0119zyk<\/th><th class=\"column-12\">Sygnatury dawne<\/th><th class=\"column-13\">Uwagi<\/th>\n<\/tr>\n<\/thead>\n<tbody class=\"row-hover\">\n<tr class=\"row-2 even\">\n\t<td class=\"column-1\">PO\u0142-kat 1<\/td><td class=\"column-2\">Parafia rzymskokatolicka O\u0142obok (M\u00fchlbock)<\/td><td class=\"column-3\">Nomina Babtizatorum in Muehlbock, Lancken, Blanckensee, und Goldbach, Mittwalde, Steinbach, und Hammer, Ulbersdorf, Schoenfeld und Sawische, Kutschel, Anzufangen, Anno 1747 den 11. Juny<\/td><td class=\"column-4\"><\/td><td class=\"column-5\">1747<\/td><td class=\"column-6\">1844<\/td><td class=\"column-7\"><\/td><td class=\"column-8\">ksi\u0119ga<\/td><td class=\"column-9\"><\/td><td class=\"column-10\">424<\/td><td class=\"column-11\">niem<\/td><td class=\"column-12\"><\/td><td class=\"column-13\"><\/td>\n<\/tr>\n<tr class=\"row-3 odd\">\n\t<td class=\"column-1\">PO\u0142-kat 2<\/td><td class=\"column-2\">Parafia rzymskokatolicka O\u0142obok (M \u00fc hlbock)<\/td><td class=\"column-3\">Liber Baptizatorum<\/td><td class=\"column-4\"><\/td><td class=\"column-5\">1845<\/td><td class=\"column-6\">1925<\/td><td class=\"column-7\"><\/td><td class=\"column-8\">ksi\u0119ga<\/td><td class=\"column-9\"><\/td><td class=\"column-10\">144<\/td><td class=\"column-11\">niem<\/td><td class=\"column-12\"><\/td><td class=\"column-13\"><\/td>\n<\/tr>\n<tr class=\"row-4 even\">\n\t<td class=\"column-1\">PO\u0142-kat 3<\/td><td class=\"column-2\">Parafia rzymskokatolicka O\u0142obok (M \u00fc hlbock)<\/td><td class=\"column-3\">Liber Baptizatorum ex parochia Muehlbock inde ab anno D.1926<\/td><td class=\"column-4\"><\/td><td class=\"column-5\">1926<\/td><td class=\"column-6\">1945<\/td><td class=\"column-7\"><\/td><td class=\"column-8\">ksi\u0119ga<\/td><td class=\"column-9\"><\/td><td class=\"column-10\">brak pag.<\/td><td class=\"column-11\">niem<\/td><td class=\"column-12\"><\/td><td class=\"column-13\"><\/td>\n<\/tr>\n<tr class=\"row-5 odd\">\n\t<td class=\"column-1\">PO\u0142-kat 4<\/td><td class=\"column-2\">Parafia rzymskokatolicka O\u0142obok (M \u00fc hlbock)<\/td><td class=\"column-3\">Nomina Copulatorum in Muehlbock, Kutschel, Lancken, Mittwalde, Ulbersdorf, Schoenfeld, Steinbach und Hammer. Ab anno 1728. 28 January<\/td><td class=\"column-4\"><\/td><td class=\"column-5\">1728<\/td><td class=\"column-6\">1887<\/td><td class=\"column-7\"><\/td><td class=\"column-8\">ksi\u0119ga<\/td><td class=\"column-9\"><\/td><td class=\"column-10\">239<\/td><td class=\"column-11\">niem<\/td><td class=\"column-12\"><\/td><td class=\"column-13\"><\/td>\n<\/tr>\n<tr class=\"row-6 even\">\n\t<td class=\"column-1\">PO\u0142-kat 5<\/td><td class=\"column-2\">Parafia rzymskokatolicka O\u0142obok (M \u00fc hlbock)<\/td><td class=\"column-3\">Nomina Mortuorum in Muehlbock, Kutschel, Lancken, Mittwalde, Ulbersdorf, Schoenfeld, Steinbach und Hammer. Ab anno 1728. 7 January<\/td><td class=\"column-4\"><\/td><td class=\"column-5\">1728<\/td><td class=\"column-6\">1845<\/td><td class=\"column-7\"><\/td><td class=\"column-8\">ksi\u0119ga<\/td><td class=\"column-9\"><\/td><td class=\"column-10\">251<\/td><td class=\"column-11\">niem<\/td><td class=\"column-12\"><\/td><td class=\"column-13\"><\/td>\n<\/tr>\n<tr class=\"row-7 odd\">\n\t<td class=\"column-1\">PO\u0142-kat 6<\/td><td class=\"column-2\">Parafia rzymskokatolicka O\u0142obok (M \u00fc hlbock)<\/td><td class=\"column-3\">Buch der Confirmirten seit 1832<\/td><td class=\"column-4\"><\/td><td class=\"column-5\">1832<\/td><td class=\"column-6\">1891<\/td><td class=\"column-7\"><\/td><td class=\"column-8\">ksi\u0119ga<\/td><td class=\"column-9\"><\/td><td class=\"column-10\">brak pag.<\/td><td class=\"column-11\">niem<\/td><td class=\"column-12\"><\/td><td class=\"column-13\"><\/td>\n<\/tr>\n<tr class=\"row-8 even\">\n\t<td class=\"column-1\">PO\u0142-kat 7<\/td><td class=\"column-2\">Parafia rzymskokatolicka O\u0142obok (M \u00fc hlbock)<\/td><td class=\"column-3\">Lu\u017ane dokumenty wyj\u0119te z ksi\u0105g metrykalnych parafii w O\u0142oboku<\/td><td class=\"column-4\"><\/td><td class=\"column-5\">1924<\/td><td class=\"column-6\">1984<\/td><td class=\"column-7\"><\/td><td class=\"column-8\">akta lu\u017ane<\/td><td class=\"column-9\"><\/td><td class=\"column-10\">brak pag.<\/td><td class=\"column-11\">niem, pol<\/td><td class=\"column-12\"><\/td><td class=\"column-13\"><\/td>\n<\/tr>\n<tr class=\"row-9 odd\">\n\t<td class=\"column-1\">PO\u0142-kat 8<\/td><td class=\"column-2\">Parafia rzymskokatolicka O\u0142obok (M \u00fc hlbock)<\/td><td class=\"column-3\">Kirchen Rechnung zu Lancken<\/td><td class=\"column-4\"><\/td><td class=\"column-5\">1664<\/td><td class=\"column-6\">1838<\/td><td class=\"column-7\"><\/td><td class=\"column-8\">ksi\u0119ga<\/td><td class=\"column-9\"><\/td><td class=\"column-10\">brak pag.<\/td><td class=\"column-11\">\u0142ac, niem<\/td><td class=\"column-12\"><\/td><td class=\"column-13\">\u0141\u0105kie<\/td>\n<\/tr>\n<tr class=\"row-10 even\">\n\t<td class=\"column-1\">PO\u0142-kat 9<\/td><td class=\"column-2\">Parafia rzymskokatolicka O\u0142obok (M \u00fc hlbock)<\/td><td class=\"column-3\">Register der Kirchen zu Kutschel<\/td><td class=\"column-4\"><\/td><td class=\"column-5\">1664<\/td><td class=\"column-6\">1839<\/td><td class=\"column-7\"><\/td><td class=\"column-8\">ksi\u0119ga<\/td><td class=\"column-9\"><\/td><td class=\"column-10\">brak pag.<\/td><td class=\"column-11\">\u0142ac, niem<\/td><td class=\"column-12\"><\/td><td class=\"column-13\">Chociule<\/td>\n<\/tr>\n<tr class=\"row-11 odd\">\n\t<td class=\"column-1\">PO\u0142-kat 10<\/td><td class=\"column-2\">Parafia rzymskokatolicka O\u0142obok (M \u00fc hlbock)<\/td><td class=\"column-3\">Kirchen Rechnung zu Mittwalde<\/td><td class=\"column-4\"><\/td><td class=\"column-5\">1664<\/td><td class=\"column-6\">1800<\/td><td class=\"column-7\"><\/td><td class=\"column-8\">ksi\u0119ga<\/td><td class=\"column-9\"><\/td><td class=\"column-10\">brak pag.<\/td><td class=\"column-11\">\u0142ac, niem<\/td><td class=\"column-12\"><\/td><td class=\"column-13\">Mi\u0119dzylesie<\/td>\n<\/tr>\n<tr class=\"row-12 even\">\n\t<td class=\"column-1\">PO\u0142-kat 11<\/td><td class=\"column-2\">Parafia rzymskokatolicka O\u0142obok (M \u00fc hlbock)<\/td><td class=\"column-3\">Kirchen Rechnung zu Ulbersdorf<\/td><td class=\"column-4\"><\/td><td class=\"column-5\">1664<\/td><td class=\"column-6\">1850<\/td><td class=\"column-7\"><\/td><td class=\"column-8\">ksi\u0119ga<\/td><td class=\"column-9\"><\/td><td class=\"column-10\">brak pag.<\/td><td class=\"column-11\">\u0142ac, niem<\/td><td class=\"column-12\"><\/td><td class=\"column-13\">W\u0119grzynice<\/td>\n<\/tr>\n<tr class=\"row-13 odd\">\n\t<td class=\"column-1\">PO\u0142-kat 12<\/td><td class=\"column-2\">Parafia rzymskokatolicka O\u0142obok (M \u00fc hlbock)<\/td><td class=\"column-3\">Rechnungsbuch der Einkaeufte der Pfarrei Muehlbock [1737-1866]. Chronik der Pfarrei Muehlbock [1792-1913]<\/td><td class=\"column-4\"><\/td><td class=\"column-5\">1737<\/td><td class=\"column-6\">1913<\/td><td class=\"column-7\"><\/td><td class=\"column-8\">ksi\u0119ga<\/td><td class=\"column-9\"><\/td><td class=\"column-10\">cz\u0119\u015bc. pag.<\/td><td class=\"column-11\">niem<\/td><td class=\"column-12\"><\/td><td class=\"column-13\"><\/td>\n<\/tr>\n<tr class=\"row-14 even\">\n\t<td class=\"column-1\">PO\u0142-kat 13<\/td><td class=\"column-2\">Parafia rzymskokatolicka O\u0142obok (M \u00fc hlbock)<\/td><td class=\"column-3\">Currenden<\/td><td class=\"column-4\"><\/td><td class=\"column-5\">1743<\/td><td class=\"column-6\">1758<\/td><td class=\"column-7\"><\/td><td class=\"column-8\">ksi\u0119ga<\/td><td class=\"column-9\"><\/td><td class=\"column-10\">187<\/td><td class=\"column-11\">\u0142ac, niem<\/td><td class=\"column-12\"><\/td><td class=\"column-13\"><\/td>\n<\/tr>\n<tr class=\"row-15 odd\">\n\t<td class=\"column-1\">PO\u0142-kat 14<\/td><td class=\"column-2\">Parafia rzymskokatolicka O\u0142obok (M \u00fc hlbock)<\/td><td class=\"column-3\">Currenden<\/td><td class=\"column-4\"><\/td><td class=\"column-5\">1758<\/td><td class=\"column-6\">1851<\/td><td class=\"column-7\"><\/td><td class=\"column-8\">ksi\u0119ga<\/td><td class=\"column-9\"><\/td><td class=\"column-10\">571<\/td><td class=\"column-11\">\u0142ac, niem<\/td><td class=\"column-12\"><\/td><td class=\"column-13\"><\/td>\n<\/tr>\n<tr class=\"row-16 even\">\n\t<td class=\"column-1\">PO\u0142-kat 15<\/td><td class=\"column-2\">Parafia rzymskokatolicka O\u0142obok (M \u00fc hlbock)<\/td><td class=\"column-3\">Registrum fundationum parochiae muhlbochensis ab Admodum Reverendo Nobili ac Doctissimo Domino Ernesto Scholtz Parocho Muehlbochensi et adjunctarum Ecclesiarum Parocho Anno 1774 Imo Januarii conscriptum<\/td><td class=\"column-4\"><\/td><td class=\"column-5\">1774<\/td><td class=\"column-6\">1893<\/td><td class=\"column-7\"><\/td><td class=\"column-8\">ksi\u0119ga<\/td><td class=\"column-9\"><\/td><td class=\"column-10\">cz\u0119\u015bc. pag.<\/td><td class=\"column-11\">\u0142ac, niem<\/td><td class=\"column-12\"><\/td><td class=\"column-13\"><\/td>\n<\/tr>\n<tr class=\"row-17 odd\">\n\t<td class=\"column-1\">PO\u0142-kat 16<\/td><td class=\"column-2\">Parafia rzymskokatolicka O\u0142obok (M \u00fc hlbock)<\/td><td class=\"column-3\">Kirchen-Rechnungs-Buch der Mater-Kirche zu Muehlbock angefangen in Jahr 1799<\/td><td class=\"column-4\"><\/td><td class=\"column-5\">1799<\/td><td class=\"column-6\">1829<\/td><td class=\"column-7\"><\/td><td class=\"column-8\">ksi\u0119ga<\/td><td class=\"column-9\"><\/td><td class=\"column-10\">brak pag.<\/td><td class=\"column-11\">niem<\/td><td class=\"column-12\"><\/td><td class=\"column-13\"><\/td>\n<\/tr>\n<tr class=\"row-18 even\">\n\t<td class=\"column-1\">PO\u0142-kat 17<\/td><td class=\"column-2\">Parafia rzymskokatolicka O\u0142obok (M \u00fc hlbock)<\/td><td class=\"column-3\">Kirchen-Rechnungs-Buch der Mater-Kirche zu Mittwalde angefangen in Jahr 1801<\/td><td class=\"column-4\"><\/td><td class=\"column-5\">1801<\/td><td class=\"column-6\">1838<\/td><td class=\"column-7\"><\/td><td class=\"column-8\">ksi\u0119ga<\/td><td class=\"column-9\"><\/td><td class=\"column-10\">brak pag.<\/td><td class=\"column-11\">niem<\/td><td class=\"column-12\"><\/td><td class=\"column-13\"><\/td>\n<\/tr>\n<tr class=\"row-19 odd\">\n\t<td class=\"column-1\">PO\u0142-kat 18<\/td><td class=\"column-2\">Parafia rzymskokatolicka O\u0142obok (M \u00fc hlbock)<\/td><td class=\"column-3\">Muehlbocker Kirchen Rechnungs-Buch vom Jahr 1830<\/td><td class=\"column-4\"><\/td><td class=\"column-5\">1830<\/td><td class=\"column-6\">1865<\/td><td class=\"column-7\"><\/td><td class=\"column-8\">ksi\u0119ga<\/td><td class=\"column-9\"><\/td><td class=\"column-10\">568<\/td><td class=\"column-11\">niem<\/td><td class=\"column-12\"><\/td><td class=\"column-13\"><\/td>\n<\/tr>\n<tr class=\"row-20 even\">\n\t<td class=\"column-1\">PO\u0142-kat 19<\/td><td class=\"column-2\">Parafia rzymskokatolicka O\u0142obok (M \u00fc hlbock)<\/td><td class=\"column-3\">Kirchen Rechnungs-Buch von der Filial Kirche zu Lanken-angefangen im Jahr 1839 vom Pfarrer Seydel<\/td><td class=\"column-4\"><\/td><td class=\"column-5\">1839<\/td><td class=\"column-6\">1893<\/td><td class=\"column-7\"><\/td><td class=\"column-8\">ksi\u0119ga<\/td><td class=\"column-9\"><\/td><td class=\"column-10\">cz\u0119\u015bc. pag.<\/td><td class=\"column-11\">niem<\/td><td class=\"column-12\"><\/td><td class=\"column-13\"><\/td>\n<\/tr>\n<tr class=\"row-21 odd\">\n\t<td class=\"column-1\">PO\u0142-kat 20<\/td><td class=\"column-2\">Parafia rzymskokatolicka O\u0142obok (M \u00fc hlbock)<\/td><td class=\"column-3\">Kirchen Rechnungs-Buch von Mittwalde-angefangen im Jahr 1839 unter dem zeitigen Pfarrer Seydel<\/td><td class=\"column-4\"><\/td><td class=\"column-5\">1839<\/td><td class=\"column-6\">1923<\/td><td class=\"column-7\"><\/td><td class=\"column-8\">ksi\u0119ga<\/td><td class=\"column-9\"><\/td><td class=\"column-10\">cz\u0119\u015bc. pag.<\/td><td class=\"column-11\">niem<\/td><td class=\"column-12\"><\/td><td class=\"column-13\">Kutschlau, Ulbersdorf, Schoenfeld, Mittwalde<\/td>\n<\/tr>\n<tr class=\"row-22 even\">\n\t<td class=\"column-1\">PO\u0142-kat 21<\/td><td class=\"column-2\">Parafia rzymskokatolicka O\u0142obok (M \u00fc hlbock)<\/td><td class=\"column-3\">...Buch fuer der Katholische Kirche zu Muehlbock 1872<\/td><td class=\"column-4\"><\/td><td class=\"column-5\">1872<\/td><td class=\"column-6\">1929<\/td><td class=\"column-7\"><\/td><td class=\"column-8\">ksi\u0119ga<\/td><td class=\"column-9\"><\/td><td class=\"column-10\">brak pag.<\/td><td class=\"column-11\">niem<\/td><td class=\"column-12\"><\/td><td class=\"column-13\"><\/td>\n<\/tr>\n<tr class=\"row-23 odd\">\n\t<td class=\"column-1\">PO\u0142-kat 22<\/td><td class=\"column-2\">Parafia rzymskokatolicka O\u0142obok (M \u00fc hlbock)<\/td><td class=\"column-3\">Muehlbocker Kirchenrechnungs-Buch vom Jahre 1866<\/td><td class=\"column-4\"><\/td><td class=\"column-5\">1866<\/td><td class=\"column-6\">1893<\/td><td class=\"column-7\"><\/td><td class=\"column-8\">ksi\u0119ga<\/td><td class=\"column-9\"><\/td><td class=\"column-10\">cz\u0119\u015bc. pag.<\/td><td class=\"column-11\">niem<\/td><td class=\"column-12\"><\/td><td class=\"column-13\"><\/td>\n<\/tr>\n<tr class=\"row-24 even\">\n\t<td class=\"column-1\">PO\u0142-kat 23<\/td><td class=\"column-2\">Parafia rzymskokatolicka O\u0142obok (M \u00fc hlbock)<\/td><td class=\"column-3\">Lu\u017ane dokumenty wyj\u0119te z ksi\u0105g kasowych parafii w O\u0142oboku<\/td><td class=\"column-4\"><\/td><td class=\"column-5\">1764<\/td><td class=\"column-6\">1914<\/td><td class=\"column-7\"><\/td><td class=\"column-8\">akta lu\u017ane<\/td><td class=\"column-9\"><\/td><td class=\"column-10\">brak pag.<\/td><td class=\"column-11\">niem<\/td><td class=\"column-12\"><\/td><td class=\"column-13\"><\/td>\n<\/tr>\n<tr class=\"row-25 odd\">\n\t<td class=\"column-1\">PO\u0142-kat 24<\/td><td class=\"column-2\">Parafia rzymskokatolicka O\u0142obok (M \u00fc hlbock)<\/td><td class=\"column-3\">Dokumenty znalezione w ga\u0142ce wie\u017cy ko\u015bcio\u0142a w Mi\u0119dzylesiu<\/td><td class=\"column-4\">1834<\/td><td class=\"column-5\">1938<\/td><td class=\"column-6\"><\/td><td class=\"column-7\"><\/td><td class=\"column-8\">akta lu\u017ane<\/td><td class=\"column-9\"><\/td><td class=\"column-10\">brak pag.<\/td><td class=\"column-11\">niem<\/td><td class=\"column-12\"><\/td><td class=\"column-13\"><\/td>\n<\/tr>\n<tr class=\"row-26 even\">\n\t<td class=\"column-1\">PO\u0142-kat 25<\/td><td class=\"column-2\">Parafia rzymskokatolicka O\u0142obok (M \u00fc hlbock)<\/td><td class=\"column-3\">Ata in causa der katholischen Kirche zu Muehlbock ...die...Gemeinde<\/td><td class=\"column-4\"><\/td><td class=\"column-5\">1796<\/td><td class=\"column-6\">1801<\/td><td class=\"column-7\"><\/td><td class=\"column-8\">poszyt<\/td><td class=\"column-9\"><\/td><td class=\"column-10\">brak pag.<\/td><td class=\"column-11\">niem<\/td><td class=\"column-12\"><\/td><td class=\"column-13\"><\/td>\n<\/tr>\n<tr class=\"row-27 odd\">\n\t<td class=\"column-1\">PO\u0142-kat 26<\/td><td class=\"column-2\">Parafia rzymskokatolicka O\u0142obok (M \u00fc hlbock)<\/td><td class=\"column-3\">Akten der Pfarrei Muehlbock betreffend Fakultaeten<\/td><td class=\"column-4\"><\/td><td class=\"column-5\">1886<\/td><td class=\"column-6\">1937<\/td><td class=\"column-7\"><\/td><td class=\"column-8\">poszyt<\/td><td class=\"column-9\"><\/td><td class=\"column-10\">cz\u0119\u015bc. pag.<\/td><td class=\"column-11\">\u0142ac, niem<\/td><td class=\"column-12\"><\/td><td class=\"column-13\"><\/td>\n<\/tr>\n<tr class=\"row-28 even\">\n\t<td class=\"column-1\">PO\u0142-kat 27<\/td><td class=\"column-2\">Parafia rzymskokatolicka O\u0142obok (M \u00fc hlbock)<\/td><td class=\"column-3\">Conversionen<\/td><td class=\"column-4\"><\/td><td class=\"column-5\">1923<\/td><td class=\"column-6\">1957<\/td><td class=\"column-7\"><\/td><td class=\"column-8\">poszyt<\/td><td class=\"column-9\"><\/td><td class=\"column-10\">brak pag.<\/td><td class=\"column-11\">niem, pol<\/td><td class=\"column-12\"><\/td><td class=\"column-13\"><\/td>\n<\/tr>\n<tr class=\"row-29 odd\">\n\t<td class=\"column-1\">PO\u0142-kat 28<\/td><td class=\"column-2\">Parafia rzymskokatolicka O\u0142obok (M \u00fc hlbock)<\/td><td class=\"column-3\">Perversionen<\/td><td class=\"column-4\"><\/td><td class=\"column-5\">1925<\/td><td class=\"column-6\">1946<\/td><td class=\"column-7\"><\/td><td class=\"column-8\">poszyt<\/td><td class=\"column-9\"><\/td><td class=\"column-10\">brak pag.<\/td><td class=\"column-11\">niem, pol<\/td><td class=\"column-12\"><\/td><td class=\"column-13\"><\/td>\n<\/tr>\n<tr class=\"row-30 even\">\n\t<td class=\"column-1\">PO\u0142-kat 29<\/td><td class=\"column-2\">Parafia rzymskokatolicka O\u0142obok (M \u00fc hlbock)<\/td><td class=\"column-3\">Inventarium<\/td><td class=\"column-4\">1937<\/td><td class=\"column-5\">1940<\/td><td class=\"column-6\"><\/td><td class=\"column-7\"><\/td><td class=\"column-8\">akta lu\u017ane<\/td><td class=\"column-9\"><\/td><td class=\"column-10\">brak pag.<\/td><td class=\"column-11\">niem<\/td><td class=\"column-12\"><\/td><td class=\"column-13\"><\/td>\n<\/tr>\n<tr class=\"row-31 odd\">\n\t<td class=\"column-1\">PO\u0142-kat 30<\/td><td class=\"column-2\">Parafia rzymskokatolicka O\u0142obok (M \u00fc hlbock)<\/td><td class=\"column-3\">[Teksty kaza\u0144 nieznanego duchownego]<\/td><td class=\"column-4\"><\/td><td class=\"column-5\">1938<\/td><td class=\"column-6\">1940<\/td><td class=\"column-7\"><\/td><td class=\"column-8\">ksi\u0119ga<\/td><td class=\"column-9\"><\/td><td class=\"column-10\">brak pag.<\/td><td class=\"column-11\">niem<\/td><td class=\"column-12\"><\/td><td class=\"column-13\">Odcisk piecz\u0119ci na stronie tytu\u0142owej: Kath. Jugendverein Schwiebus<\/td>\n<\/tr>\n<\/tbody>\n<\/table>\n<!-- #tablepress-296 from cache -->\n","protected":false},"excerpt":{"rendered":"","protected":false},"author":1,"featured_media":0,"parent":46,"menu_order":0,"comment_status":"closed","ping_status":"closed","template":"","meta":{"ngg_post_thumbnail":0},"_links":{"self":[{"href":"https:\/\/archiwum.diecezjazg.pl\/index.php\/wp-json\/wp\/v2\/pages\/1620"}],"collection":[{"href":"https:\/\/archiwum.diecezjazg.pl\/index.php\/wp-json\/wp\/v2\/pages"}],"about":[{"href":"https:\/\/archiwum.diecezjazg.pl\/index.php\/wp-json\/wp\/v2\/types\/page"}],"author":[{"embeddable":true,"href":"https:\/\/archiwum.diecezjazg.pl\/index.php\/wp-json\/wp\/v2\/users\/1"}],"replies":[{"embeddable":true,"href":"https:\/\/archiwum.diecezjazg.pl\/index.php\/wp-json\/wp\/v2\/comments?post=1620"}],"version-history":[{"count":1,"href":"https:\/\/archiwum.diecezjazg.pl\/index.php\/wp-json\/wp\/v2\/pages\/1620\/revisions"}],"predecessor-version":[{"id":1621,"href":"https:\/\/archiwum.diecezjazg.pl\/index.php\/wp-json\/wp\/v2\/pages\/1620\/revisions\/1621"}],"up":[{"embeddable":true,"href":"https:\/\/archiwum.diecezjazg.pl\/index.php\/wp-json\/wp\/v2\/pages\/46"}],"wp:attachment":[{"href":"https:\/\/archiwum.diecezjazg.pl\/index.php\/wp-json\/wp\/v2\/media?parent=1620"}],"curies":[{"name":"wp","href":"https:\/\/api.w.org\/{rel}","templated":true}]}}