{"id":1616,"date":"2017-09-26T17:09:10","date_gmt":"2017-09-26T15:09:10","guid":{"rendered":"http:\/\/www.archiwum.diecezjazg.pl\/?page_id=1616"},"modified":"2017-09-26T17:09:10","modified_gmt":"2017-09-26T15:09:10","slug":"akta-parafii-katolickiej-nowogrod-bobrzanski-naumburg-am-bober-zespol-164-sygnatura-pnb-kat","status":"publish","type":"page","link":"https:\/\/archiwum.diecezjazg.pl\/index.php\/zasoby-archiwalne\/akta-parafii-katolickiej-nowogrod-bobrzanski-naumburg-am-bober-zespol-164-sygnatura-pnb-kat\/","title":{"rendered":"Akta parafii katolickiej Nowogr\u00f3d Bobrza\u0144ski Naumburg am Bober, zesp\u00f3\u0142 164, sygnatura PNB-kat"},"content":{"rendered":"\n<table id=\"tablepress-294\" class=\"tablepress tablepress-id-294\">\n<thead>\n<tr class=\"row-1 odd\">\n\t<th class=\"column-1\">Sygn<\/th><th class=\"column-2\">Zesp\u00f3\u0142 164<\/th><th class=\"column-3\">Tytu\u0142<\/th><th class=\"column-4\">Rok_ant<\/th><th class=\"column-5\">Rok_p<\/th><th class=\"column-6\">Rok_k<\/th><th class=\"column-7\">Rok_pos<\/th><th class=\"column-8\">Opis_fizyczny<\/th><th class=\"column-9\">ilo\u015b\u0107 stron<\/th><th class=\"column-10\">wymiar<\/th><th class=\"column-11\">j\u0119zyk<\/th><th class=\"column-12\">Sygnatury dawne<\/th><th class=\"column-13\">Uwagi<\/th>\n<\/tr>\n<\/thead>\n<tbody class=\"row-hover\">\n<tr class=\"row-2 even\">\n\t<td class=\"column-1\">PNB-kat 1<\/td><td class=\"column-2\">Parafia rzymskokatolicka Nowogr\u00f3d Bobrza\u0144ski (Naumburg am Bober)   <\/td><td class=\"column-3\">Taufbuch bei der katholischen Probstei und Pfarrkirche zu Naumburg am Bober<\/td><td class=\"column-4\"><\/td><td class=\"column-5\">1766<\/td><td class=\"column-6\">1806<\/td><td class=\"column-7\"><\/td><td class=\"column-8\">ksi\u0119ga<\/td><td class=\"column-9\"><\/td><td class=\"column-10\"><\/td><td class=\"column-11\">niem<\/td><td class=\"column-12\"><\/td><td class=\"column-13\"><\/td>\n<\/tr>\n<tr class=\"row-3 odd\">\n\t<td class=\"column-1\">PNB-kat 2<\/td><td class=\"column-2\">Parafia rzymskokatolicka Nowogr\u00f3d Bobrza\u0144ski (Naumburg am Bober)   <\/td><td class=\"column-3\">Taufbuch bei der katholischen Probstei und Pfarrkirche zu Naumburg am Bober<\/td><td class=\"column-4\"><\/td><td class=\"column-5\">1807<\/td><td class=\"column-6\">1851<\/td><td class=\"column-7\"><\/td><td class=\"column-8\">ksi\u0119ga<\/td><td class=\"column-9\"><\/td><td class=\"column-10\"><\/td><td class=\"column-11\">niem<\/td><td class=\"column-12\"><\/td><td class=\"column-13\"><\/td>\n<\/tr>\n<tr class=\"row-4 even\">\n\t<td class=\"column-1\">PNB-kat 3<\/td><td class=\"column-2\">Parafia rzymskokatolicka Nowogr\u00f3d Bobrza\u0144ski (Naumburg am Bober)   <\/td><td class=\"column-3\">Taufbuch bei der katholischen Probstei und Pfarrkirche zu Naumburg am Bober<\/td><td class=\"column-4\"><\/td><td class=\"column-5\">1888<\/td><td class=\"column-6\">1945<\/td><td class=\"column-7\"><\/td><td class=\"column-8\">ksi\u0119ga<\/td><td class=\"column-9\"><\/td><td class=\"column-10\"><\/td><td class=\"column-11\">niem<\/td><td class=\"column-12\"><\/td><td class=\"column-13\"><\/td>\n<\/tr>\n<tr class=\"row-5 odd\">\n\t<td class=\"column-1\">PNB-kat 4<\/td><td class=\"column-2\">Parafia rzymskokatolicka Nowogr\u00f3d Bobrza\u0144ski (Naumburg am Bober)   <\/td><td class=\"column-3\">Trauungsbuch der Propsteikirche in Naumburg<\/td><td class=\"column-4\"><\/td><td class=\"column-5\">1912<\/td><td class=\"column-6\">1943<\/td><td class=\"column-7\"><\/td><td class=\"column-8\">ksi\u0119ga<\/td><td class=\"column-9\"><\/td><td class=\"column-10\"><\/td><td class=\"column-11\">niem<\/td><td class=\"column-12\"><\/td><td class=\"column-13\">1943 do marca; brak dalszej cz\u0119\u015bci-wyrwane karty<\/td>\n<\/tr>\n<tr class=\"row-6 even\">\n\t<td class=\"column-1\">PNB-kat 5<\/td><td class=\"column-2\">Parafia rzymskokatolicka Nowogr\u00f3d Bobrza\u0144ski (Naumburg am Bober)   <\/td><td class=\"column-3\">Begrabnissbuch bei der katholischen Probstei und Pfarrkirche zu Naumburg am Bober<\/td><td class=\"column-4\"><\/td><td class=\"column-5\">1850<\/td><td class=\"column-6\">1897<\/td><td class=\"column-7\"><\/td><td class=\"column-8\">ksi\u0119ga<\/td><td class=\"column-9\"><\/td><td class=\"column-10\"><\/td><td class=\"column-11\">niem<\/td><td class=\"column-12\"><\/td><td class=\"column-13\">1897 do kwietnia; zapis przerwany<\/td>\n<\/tr>\n<tr class=\"row-7 odd\">\n\t<td class=\"column-1\">PNB-kat 6<\/td><td class=\"column-2\">Parafia rzymskokatolicka Nowogr\u00f3d Bobrza\u0144ski (Naumburg am Bober)   <\/td><td class=\"column-3\">Totenbuch der Propstei in Naumburg<\/td><td class=\"column-4\"><\/td><td class=\"column-5\">1912<\/td><td class=\"column-6\">1943<\/td><td class=\"column-7\"><\/td><td class=\"column-8\">ksi\u0119ga<\/td><td class=\"column-9\"><\/td><td class=\"column-10\"><\/td><td class=\"column-11\">niem<\/td><td class=\"column-12\"><\/td><td class=\"column-13\">od 1944 brak; wyrwane karty<\/td>\n<\/tr>\n<tr class=\"row-8 even\">\n\t<td class=\"column-1\">PNB-kat 7<\/td><td class=\"column-2\">Parafia rzymskokatolicka Nowogr\u00f3d Bobrza\u0144ski (Naumburg am Bober)   <\/td><td class=\"column-3\">Journal ueber Einnahme und Ausgabe bei der Pfarrer Bretschneiderschen Armen-Hospital-Casse zu Naumburg a\/Bober. Band 3<\/td><td class=\"column-4\"><\/td><td class=\"column-5\">1861<\/td><td class=\"column-6\">1908<\/td><td class=\"column-7\"><\/td><td class=\"column-8\">ksi\u0119ga<\/td><td class=\"column-9\"><\/td><td class=\"column-10\"><\/td><td class=\"column-11\">niem<\/td><td class=\"column-12\"><\/td><td class=\"column-13\"><\/td>\n<\/tr>\n<tr class=\"row-9 odd\">\n\t<td class=\"column-1\">PNB-kat 8<\/td><td class=\"column-2\">Parafia rzymskokatolicka Nowogr\u00f3d Bobrza\u0144ski (Naumburg am Bober)   <\/td><td class=\"column-3\">Manuale zur Einnahme und Ausgabe bei der Pfarrer Bretschneiderschen Armen-Hospital-Casse zu Naumburg a\/Bober. Band 4<\/td><td class=\"column-4\"><\/td><td class=\"column-5\">1861<\/td><td class=\"column-6\">1881<\/td><td class=\"column-7\"><\/td><td class=\"column-8\">ksi\u0119ga<\/td><td class=\"column-9\"><\/td><td class=\"column-10\"><\/td><td class=\"column-11\">niem<\/td><td class=\"column-12\"><\/td><td class=\"column-13\"><\/td>\n<\/tr>\n<tr class=\"row-10 even\">\n\t<td class=\"column-1\">PNB-kat 9<\/td><td class=\"column-2\">Parafia rzymskokatolicka Nowogr\u00f3d Bobrza\u0144ski (Naumburg am Bober)   <\/td><td class=\"column-3\">Manuale der Fundations-Rechnung. Band 6<\/td><td class=\"column-4\"><\/td><td class=\"column-5\">1873<\/td><td class=\"column-6\">1899<\/td><td class=\"column-7\"><\/td><td class=\"column-8\">ksi\u0119ga<\/td><td class=\"column-9\"><\/td><td class=\"column-10\"><\/td><td class=\"column-11\">niem<\/td><td class=\"column-12\"><\/td><td class=\"column-13\"><\/td>\n<\/tr>\n<tr class=\"row-11 odd\">\n\t<td class=\"column-1\">PNB-kat 10<\/td><td class=\"column-2\">Parafia rzymskokatolicka Nowogr\u00f3d Bobrza\u0144ski (Naumburg am Bober)   <\/td><td class=\"column-3\">Manuale zur katholischen koeniglichen Patronats Probsteikirche und dazu ... Fundationskasse Rechnung zu Probstei Naumburg a\/Bober. Band 7<\/td><td class=\"column-4\"><\/td><td class=\"column-5\">1880<\/td><td class=\"column-6\">1888<\/td><td class=\"column-7\"><\/td><td class=\"column-8\">ksi\u0119ga<\/td><td class=\"column-9\"><\/td><td class=\"column-10\"><\/td><td class=\"column-11\">niem<\/td><td class=\"column-12\"><\/td><td class=\"column-13\"><\/td>\n<\/tr>\n<tr class=\"row-12 even\">\n\t<td class=\"column-1\">PNB-kat 11<\/td><td class=\"column-2\">Parafia rzymskokatolicka Nowogr\u00f3d Bobrza\u0144ski (Naumburg am Bober)   <\/td><td class=\"column-3\">Kassenbuch<\/td><td class=\"column-4\"><\/td><td class=\"column-5\">1925<\/td><td class=\"column-6\">1939<\/td><td class=\"column-7\"><\/td><td class=\"column-8\">ksi\u0119ga<\/td><td class=\"column-9\"><\/td><td class=\"column-10\"><\/td><td class=\"column-11\">niem<\/td><td class=\"column-12\"><\/td><td class=\"column-13\"><\/td>\n<\/tr>\n<tr class=\"row-13 odd\">\n\t<td class=\"column-1\">PNB-kat 12<\/td><td class=\"column-2\">Parafia rzymskokatolicka Nowogr\u00f3d Bobrza\u0144ski (Naumburg am Bober)   <\/td><td class=\"column-3\">Duplicat das Tauf-Buchs bei der Propsteikirche zu Naumburg a\/B<\/td><td class=\"column-4\"><\/td><td class=\"column-5\">1838<\/td><td class=\"column-6\">1838<\/td><td class=\"column-7\"><\/td><td class=\"column-8\">poszyt<\/td><td class=\"column-9\"><\/td><td class=\"column-10\"><\/td><td class=\"column-11\">niem<\/td><td class=\"column-12\"><\/td><td class=\"column-13\">Archiwum Parafii p.w. Wniebowzi\u0119cia NMP \u017baga\u0144<\/td>\n<\/tr>\n<tr class=\"row-14 even\">\n\t<td class=\"column-1\">PNB-kat 13<\/td><td class=\"column-2\">Parafia rzymskokatolicka Nowogr\u00f3d Bobrza\u0144ski (Naumburg am Bober)   <\/td><td class=\"column-3\">Duplicat das Trauunungs-Buchs bei der Propsteikirche zu Naumburg a\/B<\/td><td class=\"column-4\"><\/td><td class=\"column-5\">1838<\/td><td class=\"column-6\">1838<\/td><td class=\"column-7\"><\/td><td class=\"column-8\">poszyt<\/td><td class=\"column-9\"><\/td><td class=\"column-10\"><\/td><td class=\"column-11\">niem<\/td><td class=\"column-12\"><\/td><td class=\"column-13\">Archiwum Parafii p.w. Wniebowzi\u0119cia NMP \u017baga\u0144<\/td>\n<\/tr>\n<tr class=\"row-15 odd\">\n\t<td class=\"column-1\">PNB-kat 14<\/td><td class=\"column-2\">Parafia rzymskokatolicka Nowogr\u00f3d Bobrza\u0144ski (Naumburg am Bober)   <\/td><td class=\"column-3\">Duplicat das Begraebniss-Buchs bei der Propsteikirche zu Naumburg a\/B<\/td><td class=\"column-4\"><\/td><td class=\"column-5\">1838<\/td><td class=\"column-6\">1838<\/td><td class=\"column-7\"><\/td><td class=\"column-8\">poszyt<\/td><td class=\"column-9\"><\/td><td class=\"column-10\"><\/td><td class=\"column-11\">niem<\/td><td class=\"column-12\"><\/td><td class=\"column-13\">Archiwum Parafii p.w. Wniebowzi\u0119cia NMP \u017baga\u0144<\/td>\n<\/tr>\n<tr class=\"row-16 even\">\n\t<td class=\"column-1\">PNB-kat 15<\/td><td class=\"column-2\">Parafia rzymskokatolicka Nowogr\u00f3d Bobrza\u0144ski (Naumburg am Bober)   <\/td><td class=\"column-3\">Duplicat der bei der Propsteikirche um Bartholomaeuskirche zu Naumburg am Bober gefuehrenTauf-Buechen<\/td><td class=\"column-4\"><\/td><td class=\"column-5\">1845<\/td><td class=\"column-6\">1845<\/td><td class=\"column-7\"><\/td><td class=\"column-8\">poszyt<\/td><td class=\"column-9\"><\/td><td class=\"column-10\"><\/td><td class=\"column-11\">niem<\/td><td class=\"column-12\"><\/td><td class=\"column-13\">Archiwum Parafii p.w. Wniebowzi\u0119cia NMP \u017baga\u0144<\/td>\n<\/tr>\n<tr class=\"row-17 odd\">\n\t<td class=\"column-1\">PNB-kat 16<\/td><td class=\"column-2\">Parafia rzymskokatolicka Nowogr\u00f3d Bobrza\u0144ski (Naumburg am Bober)   <\/td><td class=\"column-3\">Duplicat der bei der Propsteikirche um Bartholomaeuskirche zu Naumburg am Bober gefuehren Copulations-Buechen<\/td><td class=\"column-4\"><\/td><td class=\"column-5\">1845<\/td><td class=\"column-6\">1845<\/td><td class=\"column-7\"><\/td><td class=\"column-8\">poszyt<\/td><td class=\"column-9\"><\/td><td class=\"column-10\"><\/td><td class=\"column-11\">niem<\/td><td class=\"column-12\"><\/td><td class=\"column-13\">Archiwum Parafii p.w. Wniebowzi\u0119cia NMP \u017baga\u0144<\/td>\n<\/tr>\n<tr class=\"row-18 even\">\n\t<td class=\"column-1\">PNB-kat 17<\/td><td class=\"column-2\">Parafia rzymskokatolicka Nowogr\u00f3d Bobrza\u0144ski (Naumburg am Bober)   <\/td><td class=\"column-3\">Duplicat der bei der Propsteikirche um Bartholomaeuskirche zu Naumburg am Bober gefuehren Begaebniss-Buechen<\/td><td class=\"column-4\"><\/td><td class=\"column-5\">1845<\/td><td class=\"column-6\">1845<\/td><td class=\"column-7\"><\/td><td class=\"column-8\">poszyt<\/td><td class=\"column-9\"><\/td><td class=\"column-10\"><\/td><td class=\"column-11\">niem<\/td><td class=\"column-12\"><\/td><td class=\"column-13\">Archiwum Parafii p.w. Wniebowzi\u0119cia NMP \u017baga\u0144<\/td>\n<\/tr>\n<tr class=\"row-19 odd\">\n\t<td class=\"column-1\">PNB-kat 18<\/td><td class=\"column-2\">Parafia rzymskokatolicka Nowogr\u00f3d Bobrza\u0144ski (Naumburg am Bober)   <\/td><td class=\"column-3\">Duplicat der bei den Kirchen im katholischen Parafialberichte zu Naumburg am Bober gefuehrenTauf-Buechen<\/td><td class=\"column-4\"><\/td><td class=\"column-5\">1852<\/td><td class=\"column-6\">1852<\/td><td class=\"column-7\"><\/td><td class=\"column-8\">poszyt<\/td><td class=\"column-9\"><\/td><td class=\"column-10\"><\/td><td class=\"column-11\">niem<\/td><td class=\"column-12\"><\/td><td class=\"column-13\">Archiwum Parafii p.w. Wniebowzi\u0119cia NMP \u017baga\u0144<\/td>\n<\/tr>\n<tr class=\"row-20 even\">\n\t<td class=\"column-1\">PNB-kat 19<\/td><td class=\"column-2\">Parafia rzymskokatolicka Nowogr\u00f3d Bobrza\u0144ski (Naumburg am Bober)   <\/td><td class=\"column-3\">Duplicat der bei den Kirchen im katholischen Parafialberichte zu Naumburg am Bober gefuehren Copulations-Buechen<\/td><td class=\"column-4\"><\/td><td class=\"column-5\">1852<\/td><td class=\"column-6\">1852<\/td><td class=\"column-7\"><\/td><td class=\"column-8\">poszyt<\/td><td class=\"column-9\"><\/td><td class=\"column-10\"><\/td><td class=\"column-11\">niem<\/td><td class=\"column-12\"><\/td><td class=\"column-13\">Archiwum Parafii p.w. Wniebowzi\u0119cia NMP \u017baga\u0144<\/td>\n<\/tr>\n<tr class=\"row-21 odd\">\n\t<td class=\"column-1\">PNB-kat 20<\/td><td class=\"column-2\">Parafia rzymskokatolicka Nowogr\u00f3d Bobrza\u0144ski (Naumburg am Bober)   <\/td><td class=\"column-3\">Duplicat der bei den Kirchen im katholischen Parafialberichte zu Naumburg am Bober gefuehren Begraebniss-Buechen<\/td><td class=\"column-4\"><\/td><td class=\"column-5\">1852<\/td><td class=\"column-6\">1852<\/td><td class=\"column-7\"><\/td><td class=\"column-8\">poszyt<\/td><td class=\"column-9\"><\/td><td class=\"column-10\"><\/td><td class=\"column-11\">niem<\/td><td class=\"column-12\"><\/td><td class=\"column-13\">Archiwum Parafii p.w. Wniebowzi\u0119cia NMP \u017baga\u0144<\/td>\n<\/tr>\n<tr class=\"row-22 even\">\n\t<td class=\"column-1\">PNB-kat 21<\/td><td class=\"column-2\">Parafia rzymskokatolicka Nowogr\u00f3d Bobrza\u0144ski (Naumburg am Bober)   <\/td><td class=\"column-3\">Duplicat des Trauung-Buches bei der katholischen Kirchen der Parochie Naumburg am Bober<\/td><td class=\"column-4\"><\/td><td class=\"column-5\">1855<\/td><td class=\"column-6\">1856<\/td><td class=\"column-7\"><\/td><td class=\"column-8\">3 karty<\/td><td class=\"column-9\"><\/td><td class=\"column-10\"><\/td><td class=\"column-11\">niem<\/td><td class=\"column-12\"><\/td><td class=\"column-13\">Archiwum Parafii p.w. Wniebowzi\u0119cia NMP \u017baga\u0144<\/td>\n<\/tr>\n<tr class=\"row-23 odd\">\n\t<td class=\"column-1\">PNB-kat 22<\/td><td class=\"column-2\">Parafia rzymskokatolicka Nowogr\u00f3d Bobrza\u0144ski (Naumburg am Bober)   <\/td><td class=\"column-3\">Duplicat des Tauf-Buches bei der katholische Pfarrkirche zu Naumburg am Bober<\/td><td class=\"column-4\"><\/td><td class=\"column-5\">1858<\/td><td class=\"column-6\">1858<\/td><td class=\"column-7\"><\/td><td class=\"column-8\">poszyt<\/td><td class=\"column-9\"><\/td><td class=\"column-10\"><\/td><td class=\"column-11\">niem<\/td><td class=\"column-12\"><\/td><td class=\"column-13\">Archiwum Parafii p.w. Wniebowzi\u0119cia NMP \u017baga\u0144<\/td>\n<\/tr>\n<tr class=\"row-24 even\">\n\t<td class=\"column-1\">PNB-kat 23<\/td><td class=\"column-2\">Parafia rzymskokatolicka Nowogr\u00f3d Bobrza\u0144ski (Naumburg am Bober)   <\/td><td class=\"column-3\">Duplicat des Copulations-Buches bei der katholische Pfarrkirche zu Naumburg am Bober<\/td><td class=\"column-4\"><\/td><td class=\"column-5\">1858<\/td><td class=\"column-6\">1858<\/td><td class=\"column-7\"><\/td><td class=\"column-8\">poszyt<\/td><td class=\"column-9\"><\/td><td class=\"column-10\"><\/td><td class=\"column-11\">niem<\/td><td class=\"column-12\"><\/td><td class=\"column-13\">Archiwum Parafii p.w. Wniebowzi\u0119cia NMP \u017baga\u0144<\/td>\n<\/tr>\n<tr class=\"row-25 odd\">\n\t<td class=\"column-1\">PNB-kat 24<\/td><td class=\"column-2\">Parafia rzymskokatolicka Nowogr\u00f3d Bobrza\u0144ski (Naumburg am Bober)   <\/td><td class=\"column-3\">Duplicat des Begraebniss-Buches bei der katholische Pfarrkirche zu Naumburg am Bober<\/td><td class=\"column-4\"><\/td><td class=\"column-5\">1858<\/td><td class=\"column-6\">1858<\/td><td class=\"column-7\"><\/td><td class=\"column-8\">poszyt<\/td><td class=\"column-9\"><\/td><td class=\"column-10\"><\/td><td class=\"column-11\">niem<\/td><td class=\"column-12\"><\/td><td class=\"column-13\">Archiwum Parafii p.w. Wniebowzi\u0119cia NMP \u017baga\u0144<\/td>\n<\/tr>\n<tr class=\"row-26 even\">\n\t<td class=\"column-1\">PNB-kat 25<\/td><td class=\"column-2\">Parafia rzymskokatolicka Nowogr\u00f3d Bobrza\u0144ski (Naumburg am Bober)   <\/td><td class=\"column-3\">Duplicat des Tauf-Buches bei der katholische Pfarrkirche zu Naumburg am Bober<\/td><td class=\"column-4\"><\/td><td class=\"column-5\">1862<\/td><td class=\"column-6\">1862<\/td><td class=\"column-7\"><\/td><td class=\"column-8\">poszyt<\/td><td class=\"column-9\"><\/td><td class=\"column-10\"><\/td><td class=\"column-11\">niem<\/td><td class=\"column-12\"><\/td><td class=\"column-13\">Archiwum Parafii p.w. Wniebowzi\u0119cia NMP \u017baga\u0144<\/td>\n<\/tr>\n<tr class=\"row-27 odd\">\n\t<td class=\"column-1\">PNB-kat 26<\/td><td class=\"column-2\">Parafia rzymskokatolicka Nowogr\u00f3d Bobrza\u0144ski (Naumburg am Bober)   <\/td><td class=\"column-3\">Duplicat des Begraebniss-Buches bei der katholische Pfarrkirche zu Naumburg am Bober<\/td><td class=\"column-4\"><\/td><td class=\"column-5\">1862<\/td><td class=\"column-6\">1862<\/td><td class=\"column-7\"><\/td><td class=\"column-8\">poszyt<\/td><td class=\"column-9\"><\/td><td class=\"column-10\"><\/td><td class=\"column-11\">niem<\/td><td class=\"column-12\"><\/td><td class=\"column-13\">Archiwum Parafii p.w. Wniebowzi\u0119cia NMP \u017baga\u0144<\/td>\n<\/tr>\n<\/tbody>\n<\/table>\n<!-- #tablepress-294 from cache -->\n","protected":false},"excerpt":{"rendered":"","protected":false},"author":1,"featured_media":0,"parent":46,"menu_order":0,"comment_status":"closed","ping_status":"closed","template":"","meta":{"ngg_post_thumbnail":0},"_links":{"self":[{"href":"https:\/\/archiwum.diecezjazg.pl\/index.php\/wp-json\/wp\/v2\/pages\/1616"}],"collection":[{"href":"https:\/\/archiwum.diecezjazg.pl\/index.php\/wp-json\/wp\/v2\/pages"}],"about":[{"href":"https:\/\/archiwum.diecezjazg.pl\/index.php\/wp-json\/wp\/v2\/types\/page"}],"author":[{"embeddable":true,"href":"https:\/\/archiwum.diecezjazg.pl\/index.php\/wp-json\/wp\/v2\/users\/1"}],"replies":[{"embeddable":true,"href":"https:\/\/archiwum.diecezjazg.pl\/index.php\/wp-json\/wp\/v2\/comments?post=1616"}],"version-history":[{"count":1,"href":"https:\/\/archiwum.diecezjazg.pl\/index.php\/wp-json\/wp\/v2\/pages\/1616\/revisions"}],"predecessor-version":[{"id":1617,"href":"https:\/\/archiwum.diecezjazg.pl\/index.php\/wp-json\/wp\/v2\/pages\/1616\/revisions\/1617"}],"up":[{"embeddable":true,"href":"https:\/\/archiwum.diecezjazg.pl\/index.php\/wp-json\/wp\/v2\/pages\/46"}],"wp:attachment":[{"href":"https:\/\/archiwum.diecezjazg.pl\/index.php\/wp-json\/wp\/v2\/media?parent=1616"}],"curies":[{"name":"wp","href":"https:\/\/api.w.org\/{rel}","templated":true}]}}