{"id":1614,"date":"2017-09-26T17:06:54","date_gmt":"2017-09-26T15:06:54","guid":{"rendered":"http:\/\/www.archiwum.diecezjazg.pl\/?page_id=1614"},"modified":"2017-09-26T17:06:54","modified_gmt":"2017-09-26T15:06:54","slug":"akta-parafii-katolickiej-nowe-miasteczko-neustadtel-zespol-162-sygnatura-pnm-kat","status":"publish","type":"page","link":"https:\/\/archiwum.diecezjazg.pl\/index.php\/zasoby-archiwalne\/akta-parafii-katolickiej-nowe-miasteczko-neustadtel-zespol-162-sygnatura-pnm-kat\/","title":{"rendered":"Akta parafii katolickiej Nowe Miasteczko Neust\u00e4dtel, zesp\u00f3\u0142 162, sygnatura PNM-kat"},"content":{"rendered":"\n<table id=\"tablepress-292\" class=\"tablepress tablepress-id-292\">\n<thead>\n<tr class=\"row-1 odd\">\n\t<th class=\"column-1\">Sygn<\/th><th class=\"column-2\">Zesp\u00f3\u0142 162<\/th><th class=\"column-3\">Tytu\u0142<\/th><th class=\"column-4\">Rok_ant<\/th><th class=\"column-5\">Rok_p<\/th><th class=\"column-6\">Rok_k<\/th><th class=\"column-7\">Rok_pos<\/th><th class=\"column-8\">Opis_fizyczny<\/th><th class=\"column-9\">ilo\u015b\u0107 stron<\/th><th class=\"column-10\">wymiar<\/th><th class=\"column-11\">j\u0119zyk<\/th><th class=\"column-12\">Sygnatury dawne<\/th><th class=\"column-13\">Uwagi<\/th>\n<\/tr>\n<\/thead>\n<tbody class=\"row-hover\">\n<tr class=\"row-2 even\">\n\t<td class=\"column-1\">PNM-kat 1<\/td><td class=\"column-2\">Parafia rzymskokatolicka Nowe Miasteczko (Neust\u00e4dtel)<\/td><td class=\"column-3\">Verzeichniss der Geborenen, Gestorbenen und Getrauten aus Neustaedtel <\/td><td class=\"column-4\"><\/td><td class=\"column-5\">1764<\/td><td class=\"column-6\">1805<\/td><td class=\"column-7\"><\/td><td class=\"column-8\">ksi\u0119ga<\/td><td class=\"column-9\"><\/td><td class=\"column-10\">277<\/td><td class=\"column-11\">niem<\/td><td class=\"column-12\"><\/td><td class=\"column-13\"><\/td>\n<\/tr>\n<tr class=\"row-3 odd\">\n\t<td class=\"column-1\">PNM-kat 2<\/td><td class=\"column-2\">Parafia rzymskokatolicka Nowe Miasteczko (Neust \u00e4 dtel)<\/td><td class=\"column-3\">Verzeichniss der Getauften, Gestorbenen und Getrauten in Neustaedtel <\/td><td class=\"column-4\"><\/td><td class=\"column-5\">1805<\/td><td class=\"column-6\">1847<\/td><td class=\"column-7\"><\/td><td class=\"column-8\">ksi\u0119ga<\/td><td class=\"column-9\"><\/td><td class=\"column-10\">242<\/td><td class=\"column-11\">niem<\/td><td class=\"column-12\"><\/td><td class=\"column-13\">Register Communicanten 1805-1837 (od s.232 do 236). Spis bierzmowanych w 1847 i 1849 (od s.237 do 242<\/td>\n<\/tr>\n<tr class=\"row-4 even\">\n\t<td class=\"column-1\">PNM-kat 3<\/td><td class=\"column-2\">Parafia rzymskokatolicka Nowe Miasteczko (Neust \u00e4 dtel)<\/td><td class=\"column-3\">Verzeichniss der Geborenen, Getrauten und Gestorbenen von Neustaedtel <\/td><td class=\"column-4\"><\/td><td class=\"column-5\">1848<\/td><td class=\"column-6\">1891<\/td><td class=\"column-7\"><\/td><td class=\"column-8\">ksi\u0119ga<\/td><td class=\"column-9\"><\/td><td class=\"column-10\">234<\/td><td class=\"column-11\">niem<\/td><td class=\"column-12\"><\/td><td class=\"column-13\"><\/td>\n<\/tr>\n<tr class=\"row-5 odd\">\n\t<td class=\"column-1\">PNM-kat 4<\/td><td class=\"column-2\">Parafia rzymskokatolicka Nowe Miasteczko (Neust \u00e4 dtel)<\/td><td class=\"column-3\">Verzeichniss der Geborenen, Gestorbenen und Getrauten von Lindau, Windischbohrau und Rehlau <\/td><td class=\"column-4\"><\/td><td class=\"column-5\">1767<\/td><td class=\"column-6\">1819<\/td><td class=\"column-7\"><\/td><td class=\"column-8\">ksi\u0119ga<\/td><td class=\"column-9\"><\/td><td class=\"column-10\">439<\/td><td class=\"column-11\">niem<\/td><td class=\"column-12\"><\/td><td class=\"column-13\">Comunnicanten Lindau, Windischbohrau und Rehlau 1767-1797 (od s.406 do 439)<\/td>\n<\/tr>\n<tr class=\"row-6 even\">\n\t<td class=\"column-1\">PNM-kat 5<\/td><td class=\"column-2\">Parafia rzymskokatolicka Nowe Miasteczko (Neust \u00e4 dtel)<\/td><td class=\"column-3\">Tauf-Trauung und Begrabnis-Register fuer die Gemeinden Lindau, Windischbohrau, Rehlau u. Kunat <\/td><td class=\"column-4\"><\/td><td class=\"column-5\">1819<\/td><td class=\"column-6\">1847<\/td><td class=\"column-7\"><\/td><td class=\"column-8\">ksi\u0119ga<\/td><td class=\"column-9\"><\/td><td class=\"column-10\">245<\/td><td class=\"column-11\">niem<\/td><td class=\"column-12\"><\/td><td class=\"column-13\">Register Comunnicanten 1823-1829 (od s.239 do 245)<\/td>\n<\/tr>\n<tr class=\"row-7 odd\">\n\t<td class=\"column-1\">PNM-kat 6<\/td><td class=\"column-2\">Parafia rzymskokatolicka Nowe Miasteczko (Neust \u00e4 dtel)<\/td><td class=\"column-3\">Duplicat dem Kirchenregister vom Lindenau und Windischbohrau<\/td><td class=\"column-4\"><\/td><td class=\"column-5\">1837<\/td><td class=\"column-6\">1874<\/td><td class=\"column-7\"><\/td><td class=\"column-8\">ksi\u0119ga<\/td><td class=\"column-9\"><\/td><td class=\"column-10\">158<\/td><td class=\"column-11\">niem<\/td><td class=\"column-12\"><\/td><td class=\"column-13\">chrzty, zgony i \u015bluby<\/td>\n<\/tr>\n<tr class=\"row-8 even\">\n\t<td class=\"column-1\">PNM-kat 7<\/td><td class=\"column-2\">Parafia rzymskokatolicka Nowe Miasteczko (Neust \u00e4 dtel)<\/td><td class=\"column-3\">Verzeichniss der Geborenen, Getrauten und Gestorbenen von Lindau, Rehlau u. Windischbohrau<\/td><td class=\"column-4\"><\/td><td class=\"column-5\">1848<\/td><td class=\"column-6\">1893<\/td><td class=\"column-7\"><\/td><td class=\"column-8\">ksi\u0119ga<\/td><td class=\"column-9\"><\/td><td class=\"column-10\">248<\/td><td class=\"column-11\">niem<\/td><td class=\"column-12\"><\/td><td class=\"column-13\"><\/td>\n<\/tr>\n<tr class=\"row-9 odd\">\n\t<td class=\"column-1\">PNM-kat 8<\/td><td class=\"column-2\">Parafia rzymskokatolicka Nowe Miasteczko (Neust \u00e4 dtel)<\/td><td class=\"column-3\">Verzeichniss der Geborenen, Getrauten und Gestorbenen von Lindau u. Windischbohrau<\/td><td class=\"column-4\"><\/td><td class=\"column-5\">1894<\/td><td class=\"column-6\">1945<\/td><td class=\"column-7\"><\/td><td class=\"column-8\">ksi\u0119ga<\/td><td class=\"column-9\"><\/td><td class=\"column-10\">brak pag.<\/td><td class=\"column-11\">niem<\/td><td class=\"column-12\"><\/td><td class=\"column-13\"><\/td>\n<\/tr>\n<tr class=\"row-10 even\">\n\t<td class=\"column-1\">PNM-kat 9<\/td><td class=\"column-2\">Parafia rzymskokatolicka Nowe Miasteczko (Neust \u00e4 dtel)<\/td><td class=\"column-3\">Beilagen zu den Matrikeln. 1.der Katholischen Kirchen zu Neustaedtel, Lindenau u. Windischbohrau. 2.der Pfarrthei Neustaedtel. 3.der Schule in Neustaedtel <\/td><td class=\"column-4\">1748<\/td><td class=\"column-5\">1833<\/td><td class=\"column-6\">1862<\/td><td class=\"column-7\"><\/td><td class=\"column-8\">ksi\u0119ga<\/td><td class=\"column-9\"><\/td><td class=\"column-10\">42<\/td><td class=\"column-11\">niem<\/td><td class=\"column-12\"><\/td><td class=\"column-13\">brak stron 39-40<\/td>\n<\/tr>\n<tr class=\"row-11 odd\">\n\t<td class=\"column-1\">PNM-kat 10<\/td><td class=\"column-2\">Parafia rzymskokatolicka Nowe Miasteczko (Neust \u00e4 dtel)<\/td><td class=\"column-3\">Lu\u017ane akta wyj\u0119te z ksi\u0105g parafialnych Nowe Miasteczko<\/td><td class=\"column-4\">1713<\/td><td class=\"column-5\">1902<\/td><td class=\"column-6\">1932<\/td><td class=\"column-7\"><\/td><td class=\"column-8\">akta lu\u017ane w teczce<\/td><td class=\"column-9\"><\/td><td class=\"column-10\">brak pag.<\/td><td class=\"column-11\">niem<\/td><td class=\"column-12\"><\/td><td class=\"column-13\"><\/td>\n<\/tr>\n<tr class=\"row-12 even\">\n\t<td class=\"column-1\">PNM-kat 11<\/td><td class=\"column-2\">Parafia rzymskokatolicka Nowe Miasteczko (Neust \u00e4 dtel)<\/td><td class=\"column-3\">Communikanten-Liste der Pfarrei Neustaedtel<\/td><td class=\"column-4\"><\/td><td class=\"column-5\">1831<\/td><td class=\"column-6\">1908<\/td><td class=\"column-7\"><\/td><td class=\"column-8\">ksi\u0119ga<\/td><td class=\"column-9\"><\/td><td class=\"column-10\">brak pag.<\/td><td class=\"column-11\">niem<\/td><td class=\"column-12\"><\/td><td class=\"column-13\">Matrikel dem Katholischen Schule zu Neustaedtel 1830-1884<\/td>\n<\/tr>\n<tr class=\"row-13 odd\">\n\t<td class=\"column-1\">PNM-kat 12<\/td><td class=\"column-2\">Parafia rzymskokatolicka Nowe Miasteczko (Neust \u00e4 dtel)<\/td><td class=\"column-3\">Neustaedtisches Pfarr-Kirchen Register bei S.Maria Magdalena<\/td><td class=\"column-4\"><\/td><td class=\"column-5\">1693<\/td><td class=\"column-6\">1757<\/td><td class=\"column-7\"><\/td><td class=\"column-8\">ksi\u0119ga<\/td><td class=\"column-9\"><\/td><td class=\"column-10\">brak pag.<\/td><td class=\"column-11\">niem<\/td><td class=\"column-12\"><\/td><td class=\"column-13\"><\/td>\n<\/tr>\n<tr class=\"row-14 even\">\n\t<td class=\"column-1\">PNM-kat 13<\/td><td class=\"column-2\">Parafia rzymskokatolicka Nowe Miasteczko (Neust \u00e4 dtel)<\/td><td class=\"column-3\">Windischenbohranisches Kirchen-Register ab Anno 1693<\/td><td class=\"column-4\"><\/td><td class=\"column-5\">1693<\/td><td class=\"column-6\">1796<\/td><td class=\"column-7\"><\/td><td class=\"column-8\">ksi\u0119ga<\/td><td class=\"column-9\"><\/td><td class=\"column-10\">brak pag.<\/td><td class=\"column-11\">niem<\/td><td class=\"column-12\"><\/td><td class=\"column-13\"><\/td>\n<\/tr>\n<tr class=\"row-15 odd\">\n\t<td class=\"column-1\">PNM-kat 14<\/td><td class=\"column-2\">Parafia rzymskokatolicka Nowe Miasteczko (Neust \u00e4 dtel)<\/td><td class=\"column-3\">Lindawisches Kirchen-Register ab Anno 1694<\/td><td class=\"column-4\"><\/td><td class=\"column-5\">1694<\/td><td class=\"column-6\">1775<\/td><td class=\"column-7\"><\/td><td class=\"column-8\">ksi\u0119ga<\/td><td class=\"column-9\"><\/td><td class=\"column-10\">brak pag.<\/td><td class=\"column-11\">niem<\/td><td class=\"column-12\"><\/td><td class=\"column-13\"><\/td>\n<\/tr>\n<tr class=\"row-16 even\">\n\t<td class=\"column-1\">PNM-kat 15<\/td><td class=\"column-2\">Parafia rzymskokatolicka Nowe Miasteczko (Neust \u00e4 dtel)<\/td><td class=\"column-3\">Kirchen und Pfarrei Chronik<\/td><td class=\"column-4\"><\/td><td class=\"column-5\">1723<\/td><td class=\"column-6\">1874<\/td><td class=\"column-7\"><\/td><td class=\"column-8\">ksi\u0119ga<\/td><td class=\"column-9\"><\/td><td class=\"column-10\">152<\/td><td class=\"column-11\">niem<\/td><td class=\"column-12\"><\/td><td class=\"column-13\"><\/td>\n<\/tr>\n<tr class=\"row-17 odd\">\n\t<td class=\"column-1\">PNM-kat 16<\/td><td class=\"column-2\">Parafia rzymskokatolicka Nowe Miasteczko (Neust \u00e4 dtel)<\/td><td class=\"column-3\">Neustaedtisches Kirchen Register bei S.Maria Magdalena. Anno 1758<\/td><td class=\"column-4\"><\/td><td class=\"column-5\">1758<\/td><td class=\"column-6\">1825<\/td><td class=\"column-7\"><\/td><td class=\"column-8\">ksi\u0119ga<\/td><td class=\"column-9\"><\/td><td class=\"column-10\">533<\/td><td class=\"column-11\">niem<\/td><td class=\"column-12\"><\/td><td class=\"column-13\"><\/td>\n<\/tr>\n<tr class=\"row-18 even\">\n\t<td class=\"column-1\">PNM-kat 17<\/td><td class=\"column-2\">Parafia rzymskokatolicka Nowe Miasteczko (Neust \u00e4 dtel)<\/td><td class=\"column-3\">Neustaedtisches Currenden Buch<\/td><td class=\"column-4\"><\/td><td class=\"column-5\">1765<\/td><td class=\"column-6\">1828<\/td><td class=\"column-7\"><\/td><td class=\"column-8\">ksi\u0119ga<\/td><td class=\"column-9\"><\/td><td class=\"column-10\">brak pag.<\/td><td class=\"column-11\">\u0142ac, niem<\/td><td class=\"column-12\"><\/td><td class=\"column-13\"><\/td>\n<\/tr>\n<tr class=\"row-19 odd\">\n\t<td class=\"column-1\">PNM-kat 18<\/td><td class=\"column-2\">Parafia rzymskokatolicka Nowe Miasteczko (Neust \u00e4 dtel)<\/td><td class=\"column-3\">Catalogus Fundationum. Secundum Exemlar Consignationis omnium fundationum<\/td><td class=\"column-4\"><\/td><td class=\"column-5\">1720<\/td><td class=\"column-6\">1884<\/td><td class=\"column-7\"><\/td><td class=\"column-8\">ksi\u0119ga<\/td><td class=\"column-9\"><\/td><td class=\"column-10\">162<\/td><td class=\"column-11\">\u0142ac, niem<\/td><td class=\"column-12\"><\/td><td class=\"column-13\"><\/td>\n<\/tr>\n<tr class=\"row-20 even\">\n\t<td class=\"column-1\">PNM-kat 19<\/td><td class=\"column-2\">Parafia rzymskokatolicka Nowe Miasteczko (Neust \u00e4 dtel)<\/td><td class=\"column-3\">Kirchen Register bei der St.Conradi Kirche zu Neustaedtel vom Jahr 1810<\/td><td class=\"column-4\"><\/td><td class=\"column-5\">1810<\/td><td class=\"column-6\">1832<\/td><td class=\"column-7\"><\/td><td class=\"column-8\">ksi\u0119ga<\/td><td class=\"column-9\"><\/td><td class=\"column-10\">45<\/td><td class=\"column-11\">niem<\/td><td class=\"column-12\"><\/td><td class=\"column-13\"><\/td>\n<\/tr>\n<tr class=\"row-21 odd\">\n\t<td class=\"column-1\">PNM-kat 20<\/td><td class=\"column-2\">Parafia rzymskokatolicka Nowe Miasteczko (Neust \u00e4 dtel)<\/td><td class=\"column-3\">Neustaedtter Kirchen Register vom Jahre 1826<\/td><td class=\"column-4\"><\/td><td class=\"column-5\">1826<\/td><td class=\"column-6\">1861<\/td><td class=\"column-7\"><\/td><td class=\"column-8\">ksi\u0119ga<\/td><td class=\"column-9\"><\/td><td class=\"column-10\">325<\/td><td class=\"column-11\">niem<\/td><td class=\"column-12\"><\/td><td class=\"column-13\"><\/td>\n<\/tr>\n<tr class=\"row-22 even\">\n\t<td class=\"column-1\">PNM-kat 21<\/td><td class=\"column-2\">Parafia rzymskokatolicka Nowe Miasteczko (Neust \u00e4 dtel)<\/td><td class=\"column-3\">Rechnung ueber Einnahme und Ausgabe bei dem Fundationale dem Pfarrkirche zu Neustaedtel<\/td><td class=\"column-4\"><\/td><td class=\"column-5\">1826<\/td><td class=\"column-6\">1867<\/td><td class=\"column-7\"><\/td><td class=\"column-8\">ksi\u0119ga<\/td><td class=\"column-9\"><\/td><td class=\"column-10\">290<\/td><td class=\"column-11\">niem<\/td><td class=\"column-12\"><\/td><td class=\"column-13\"><\/td>\n<\/tr>\n<tr class=\"row-23 odd\">\n\t<td class=\"column-1\">PNM-kat 22<\/td><td class=\"column-2\">Parafia rzymskokatolicka Nowe Miasteczko (Neust \u00e4 dtel)<\/td><td class=\"column-3\">Rechnung ueber Einnahme und Ausgabe bei der Schulstiftungs-Kasse zu Neustaedtel<\/td><td class=\"column-4\"><\/td><td class=\"column-5\">1826<\/td><td class=\"column-6\">1890<\/td><td class=\"column-7\"><\/td><td class=\"column-8\">ksi\u0119ga<\/td><td class=\"column-9\"><\/td><td class=\"column-10\">161<\/td><td class=\"column-11\">niem<\/td><td class=\"column-12\"><\/td><td class=\"column-13\"><\/td>\n<\/tr>\n<tr class=\"row-24 even\">\n\t<td class=\"column-1\">PNM-kat 23<\/td><td class=\"column-2\">Parafia rzymskokatolicka Nowe Miasteczko (Neust \u00e4 dtel)<\/td><td class=\"column-3\">Rechnung ueber Einnahme und Ausgabe bei der Messstiftungs-Kasse zu Lindau<\/td><td class=\"column-4\"><\/td><td class=\"column-5\">1826<\/td><td class=\"column-6\">1890<\/td><td class=\"column-7\"><\/td><td class=\"column-8\">ksi\u0119ga<\/td><td class=\"column-9\"><\/td><td class=\"column-10\">205<\/td><td class=\"column-11\">niem<\/td><td class=\"column-12\"><\/td><td class=\"column-13\"><\/td>\n<\/tr>\n<tr class=\"row-25 odd\">\n\t<td class=\"column-1\">PNM-kat 24<\/td><td class=\"column-2\">Parafia rzymskokatolicka Nowe Miasteczko (Neust \u00e4 dtel)<\/td><td class=\"column-3\">Kirchen-Register von Neustaedtel<\/td><td class=\"column-4\"><\/td><td class=\"column-5\">1862<\/td><td class=\"column-6\">1889<\/td><td class=\"column-7\"><\/td><td class=\"column-8\">ksi\u0119ga<\/td><td class=\"column-9\"><\/td><td class=\"column-10\">159<\/td><td class=\"column-11\">niem<\/td><td class=\"column-12\"><\/td><td class=\"column-13\"><\/td>\n<\/tr>\n<tr class=\"row-26 even\">\n\t<td class=\"column-1\">PNM-kat 25<\/td><td class=\"column-2\">Parafia rzymskokatolicka Nowe Miasteczko (Neust \u00e4 dtel)<\/td><td class=\"column-3\">Fundations-Rechnungen der katholischen-Pfarr-Kirche ad St. Mariam Magdal.zu Neustaedtel. Kreis Freystadt pro 1868<\/td><td class=\"column-4\"><\/td><td class=\"column-5\">1868<\/td><td class=\"column-6\">1876<\/td><td class=\"column-7\"><\/td><td class=\"column-8\">ksi\u0119ga<\/td><td class=\"column-9\"><\/td><td class=\"column-10\">cz\u0119\u015bc. pag.<\/td><td class=\"column-11\">niem<\/td><td class=\"column-12\"><\/td><td class=\"column-13\"><\/td>\n<\/tr>\n<tr class=\"row-27 odd\">\n\t<td class=\"column-1\">PNM-kat 26<\/td><td class=\"column-2\">Parafia rzymskokatolicka Nowe Miasteczko (Neust \u00e4 dtel)<\/td><td class=\"column-3\">Recese ueber die Zehnt-Abloesung zu Neustaedtel<\/td><td class=\"column-4\"><\/td><td class=\"column-5\">1869<\/td><td class=\"column-6\">1877<\/td><td class=\"column-7\"><\/td><td class=\"column-8\">ksi\u0119ga<\/td><td class=\"column-9\"><\/td><td class=\"column-10\">brak pag.<\/td><td class=\"column-11\">niem<\/td><td class=\"column-12\"><\/td><td class=\"column-13\"><\/td>\n<\/tr>\n<tr class=\"row-28 even\">\n\t<td class=\"column-1\">PNM-kat 27<\/td><td class=\"column-2\">Parafia rzymskokatolicka Nowe Miasteczko (Neust \u00e4 dtel)<\/td><td class=\"column-3\">Kirchen-Register von Windischbohrau von 1871<\/td><td class=\"column-4\"><\/td><td class=\"column-5\">1871<\/td><td class=\"column-6\">1889<\/td><td class=\"column-7\"><\/td><td class=\"column-8\">ksi\u0119ga<\/td><td class=\"column-9\"><\/td><td class=\"column-10\">brak pag.<\/td><td class=\"column-11\">niem<\/td><td class=\"column-12\"><\/td><td class=\"column-13\"><\/td>\n<\/tr>\n<tr class=\"row-29 odd\">\n\t<td class=\"column-1\">PNM-kat 28<\/td><td class=\"column-2\">Parafia rzymskokatolicka Nowe Miasteczko (Neust \u00e4 dtel)<\/td><td class=\"column-3\">Kassenbuch. Einnahmen 1942<\/td><td class=\"column-4\"><\/td><td class=\"column-5\">1842<\/td><td class=\"column-6\"><\/td><td class=\"column-7\"><\/td><td class=\"column-8\">ksi\u0119ga<\/td><td class=\"column-9\"><\/td><td class=\"column-10\">brak pag.<\/td><td class=\"column-11\">niem<\/td><td class=\"column-12\"><\/td><td class=\"column-13\"><\/td>\n<\/tr>\n<tr class=\"row-30 even\">\n\t<td class=\"column-1\">PNM-kat 29<\/td><td class=\"column-2\">Parafia rzymskokatolicka Nowe Miasteczko (Neust \u00e4 dtel)<\/td><td class=\"column-3\">Stiftungsurkunden<\/td><td class=\"column-4\"><\/td><td class=\"column-5\">1822<\/td><td class=\"column-6\">1915<\/td><td class=\"column-7\"><\/td><td class=\"column-8\">poszyt<\/td><td class=\"column-9\"><\/td><td class=\"column-10\">brak pag.<\/td><td class=\"column-11\">niem<\/td><td class=\"column-12\"><\/td><td class=\"column-13\">Breslau<\/td>\n<\/tr>\n<tr class=\"row-31 odd\">\n\t<td class=\"column-1\">PNM-kat 30<\/td><td class=\"column-2\">Parafia rzymskokatolicka Nowe Miasteczko (Neust \u00e4 dtel)<\/td><td class=\"column-3\">Stiftungsurkunden<\/td><td class=\"column-4\"><\/td><td class=\"column-5\">1774<\/td><td class=\"column-6\">1822<\/td><td class=\"column-7\"><\/td><td class=\"column-8\">poszyt<\/td><td class=\"column-9\"><\/td><td class=\"column-10\">brak pag.<\/td><td class=\"column-11\">niem<\/td><td class=\"column-12\"><\/td><td class=\"column-13\">Breslau<\/td>\n<\/tr>\n<tr class=\"row-32 even\">\n\t<td class=\"column-1\">PNM-kat 31<\/td><td class=\"column-2\">Parafia rzymskokatolicka Nowe Miasteczko (Neust \u00e4 dtel)<\/td><td class=\"column-3\">Acta betreffend die Verwaltung des Kirchen und Stiftungs-Vermoegens.III<\/td><td class=\"column-4\"><\/td><td class=\"column-5\">1869<\/td><td class=\"column-6\">1876<\/td><td class=\"column-7\"><\/td><td class=\"column-8\">poszyt<\/td><td class=\"column-9\"><\/td><td class=\"column-10\">brak pag.<\/td><td class=\"column-11\">niem<\/td><td class=\"column-12\"><\/td><td class=\"column-13\"><\/td>\n<\/tr>\n<tr class=\"row-33 odd\">\n\t<td class=\"column-1\">PNM-kat 32<\/td><td class=\"column-2\">Parafia rzymskokatolicka Nowe Miasteczko (Neust \u00e4 dtel)<\/td><td class=\"column-3\">Acta betr. Errichtung u. Verwaltung der Stiftungen von 1902<\/td><td class=\"column-4\"><\/td><td class=\"column-5\">1902<\/td><td class=\"column-6\">1918<\/td><td class=\"column-7\"><\/td><td class=\"column-8\">poszyt<\/td><td class=\"column-9\"><\/td><td class=\"column-10\">brak pag.<\/td><td class=\"column-11\">niem<\/td><td class=\"column-12\"><\/td><td class=\"column-13\"><\/td>\n<\/tr>\n<\/tbody>\n<\/table>\n<!-- #tablepress-292 from cache -->\n","protected":false},"excerpt":{"rendered":"","protected":false},"author":1,"featured_media":0,"parent":46,"menu_order":0,"comment_status":"closed","ping_status":"closed","template":"","meta":{"ngg_post_thumbnail":0},"_links":{"self":[{"href":"https:\/\/archiwum.diecezjazg.pl\/index.php\/wp-json\/wp\/v2\/pages\/1614"}],"collection":[{"href":"https:\/\/archiwum.diecezjazg.pl\/index.php\/wp-json\/wp\/v2\/pages"}],"about":[{"href":"https:\/\/archiwum.diecezjazg.pl\/index.php\/wp-json\/wp\/v2\/types\/page"}],"author":[{"embeddable":true,"href":"https:\/\/archiwum.diecezjazg.pl\/index.php\/wp-json\/wp\/v2\/users\/1"}],"replies":[{"embeddable":true,"href":"https:\/\/archiwum.diecezjazg.pl\/index.php\/wp-json\/wp\/v2\/comments?post=1614"}],"version-history":[{"count":1,"href":"https:\/\/archiwum.diecezjazg.pl\/index.php\/wp-json\/wp\/v2\/pages\/1614\/revisions"}],"predecessor-version":[{"id":1615,"href":"https:\/\/archiwum.diecezjazg.pl\/index.php\/wp-json\/wp\/v2\/pages\/1614\/revisions\/1615"}],"up":[{"embeddable":true,"href":"https:\/\/archiwum.diecezjazg.pl\/index.php\/wp-json\/wp\/v2\/pages\/46"}],"wp:attachment":[{"href":"https:\/\/archiwum.diecezjazg.pl\/index.php\/wp-json\/wp\/v2\/media?parent=1614"}],"curies":[{"name":"wp","href":"https:\/\/api.w.org\/{rel}","templated":true}]}}