{"id":1608,"date":"2017-09-26T17:02:48","date_gmt":"2017-09-26T15:02:48","guid":{"rendered":"http:\/\/www.archiwum.diecezjazg.pl\/?page_id=1608"},"modified":"2017-09-26T17:02:48","modified_gmt":"2017-09-26T15:02:48","slug":"akta-katolickiego-kosciola-filialnego-nielubia-nilbau-zespol-159-sygnatura-pni-kat","status":"publish","type":"page","link":"https:\/\/archiwum.diecezjazg.pl\/index.php\/zasoby-archiwalne\/akta-katolickiego-kosciola-filialnego-nielubia-nilbau-zespol-159-sygnatura-pni-kat\/","title":{"rendered":"Akta katolickiego ko\u015bcio\u0142a filialnego Nielubia Nilbau, zesp\u00f3\u0142 159, sygnatura PNi-kat"},"content":{"rendered":"\n<table id=\"tablepress-289\" class=\"tablepress tablepress-id-289\">\n<thead>\n<tr class=\"row-1 odd\">\n\t<th class=\"column-1\">Sygn<\/th><th class=\"column-2\">Zesp\u00f3\u0142 159<\/th><th class=\"column-3\">Tytu\u0142<\/th><th class=\"column-4\">Rok_ant<\/th><th class=\"column-5\">Rok_p<\/th><th class=\"column-6\">Rok_k<\/th><th class=\"column-7\">Rok_pos<\/th><th class=\"column-8\">Opis_fizyczny<\/th><th class=\"column-9\">ilo\u015b\u0107 stron<\/th><th class=\"column-10\">wymiar<\/th><th class=\"column-11\">j\u0119zyk<\/th><th class=\"column-12\">Sygnatury dawne<\/th><th class=\"column-13\">Uwagi<\/th><th class=\"column-14\"> <\/th>\n<\/tr>\n<\/thead>\n<tbody class=\"row-hover\">\n<tr class=\"row-2 even\">\n\t<td class=\"column-1\">PNi-kat 1<\/td><td class=\"column-2\">Ko\u015bci\u00f3\u0142 filialny Nielubia (Nilbau) Parafia Jakub\u00f3w<\/td><td class=\"column-3\">Register der Taufling, Trauungen und Begrabniss bei Nielbauschen Kirchen [chrzty 1766-87, \u015bluby 1769-86, zgony 1766-87<\/td><td class=\"column-4\"><\/td><td class=\"column-5\">1766<\/td><td class=\"column-6\">1787<\/td><td class=\"column-7\"><\/td><td class=\"column-8\">ksi\u0119ga<\/td><td class=\"column-9\"><\/td><td class=\"column-10\">215x325<\/td><td class=\"column-11\">niem<\/td><td class=\"column-12\">2c<\/td><td class=\"column-13\">AP Jakub\u00f3w<\/td><td class=\"column-14\"><\/td>\n<\/tr>\n<tr class=\"row-3 odd\">\n\t<td class=\"column-1\">PNi-kat 2<\/td><td class=\"column-2\">Ko\u015bci\u00f3\u0142 filialny Nielubia (Nilbau) Parafia Jakub\u00f3w<\/td><td class=\"column-3\">Tauf-Buch der katholischen Filial-Kirche zu Nilbau<\/td><td class=\"column-4\"><\/td><td class=\"column-5\">1788<\/td><td class=\"column-6\">1927<\/td><td class=\"column-7\"><\/td><td class=\"column-8\">ksi\u0119ga<\/td><td class=\"column-9\"><\/td><td class=\"column-10\">230x360<\/td><td class=\"column-11\">niem<\/td><td class=\"column-12\"><\/td><td class=\"column-13\">AP Jakub\u00f3w<\/td><td class=\"column-14\"><\/td>\n<\/tr>\n<tr class=\"row-4 even\">\n\t<td class=\"column-1\">PNi-kat 3<\/td><td class=\"column-2\">Ko\u015bci\u00f3\u0142 filialny Nielubia (Nilbau) Parafia Jakub\u00f3w<\/td><td class=\"column-3\">Trauungs-Buch der katholischen Filial-Kirche zu Nilbau<\/td><td class=\"column-4\"><\/td><td class=\"column-5\">1789<\/td><td class=\"column-6\">1946<\/td><td class=\"column-7\"><\/td><td class=\"column-8\">ksi\u0119ga<\/td><td class=\"column-9\"><\/td><td class=\"column-10\">235x360<\/td><td class=\"column-11\">niem<\/td><td class=\"column-12\"><\/td><td class=\"column-13\">AP Jakub\u00f3w<\/td><td class=\"column-14\"><\/td>\n<\/tr>\n<tr class=\"row-5 odd\">\n\t<td class=\"column-1\">PNi-kat 4<\/td><td class=\"column-2\">Ko\u015bci\u00f3\u0142 filialny Nielubia (Nilbau) Parafia Jakub\u00f3w<\/td><td class=\"column-3\">Beerdigungs-Buch der katholischen Filial-Kirche zu Nilbau<\/td><td class=\"column-4\"><\/td><td class=\"column-5\">1788<\/td><td class=\"column-6\">1946<\/td><td class=\"column-7\"><\/td><td class=\"column-8\">ksi\u0119ga<\/td><td class=\"column-9\"><\/td><td class=\"column-10\">230x360<\/td><td class=\"column-11\">niem<\/td><td class=\"column-12\"><\/td><td class=\"column-13\">AP Jakub\u00f3w<\/td><td class=\"column-14\"><\/td>\n<\/tr>\n<tr class=\"row-6 even\">\n\t<td class=\"column-1\">PNi-kat 5<\/td><td class=\"column-2\">Ko\u015bci\u00f3\u0142 filialny Nielubia (Nilbau) Parafia Jakub\u00f3w<\/td><td class=\"column-3\">[Akta lu\u017ane pochodz\u0105ce z ksi\u0105g metrykalnych Nilbau]<\/td><td class=\"column-4\"><\/td><td class=\"column-5\">1906<\/td><td class=\"column-6\">1938<\/td><td class=\"column-7\"><\/td><td class=\"column-8\">akta lu\u017ane<\/td><td class=\"column-9\"><\/td><td class=\"column-10\">210x330<\/td><td class=\"column-11\">niem<\/td><td class=\"column-12\"><\/td><td class=\"column-13\">AP Jakub\u00f3w<\/td><td class=\"column-14\"><\/td>\n<\/tr>\n<tr class=\"row-7 odd\">\n\t<td class=\"column-1\">PNi-kat 6<\/td><td class=\"column-2\">Ko\u015bci\u00f3\u0142 filialny Nielubia (Nilbau) Parafia Jakub\u00f3w<\/td><td class=\"column-3\">Nielbauser Pfarrregister<\/td><td class=\"column-4\"><\/td><td class=\"column-5\">1681<\/td><td class=\"column-6\">1868<\/td><td class=\"column-7\"><\/td><td class=\"column-8\">ksi\u0119ga<\/td><td class=\"column-9\"><\/td><td class=\"column-10\">200x315<\/td><td class=\"column-11\">niem<\/td><td class=\"column-12\"><\/td><td class=\"column-13\">AP Jakub\u00f3w<\/td><td class=\"column-14\"><\/td>\n<\/tr>\n<tr class=\"row-8 even\">\n\t<td class=\"column-1\">PNi-kat 7<\/td><td class=\"column-2\">Ko\u015bci\u00f3\u0142 filialny Nielubia (Nilbau) Parafia Jakub\u00f3w<\/td><td class=\"column-3\">Nielbau-Kirche-Rechnungs-Buch<\/td><td class=\"column-4\"><\/td><td class=\"column-5\">1702<\/td><td class=\"column-6\">1747<\/td><td class=\"column-7\"><\/td><td class=\"column-8\">ksi\u0119ga<\/td><td class=\"column-9\"><\/td><td class=\"column-10\">200x320<\/td><td class=\"column-11\">niem<\/td><td class=\"column-12\"><\/td><td class=\"column-13\">AP Jakub\u00f3w<\/td><td class=\"column-14\"><\/td>\n<\/tr>\n<tr class=\"row-9 odd\">\n\t<td class=\"column-1\">PNi-kat 8<\/td><td class=\"column-2\">Ko\u015bci\u00f3\u0142 filialny Nielubia (Nilbau) Parafia Jakub\u00f3w<\/td><td class=\"column-3\">Regestum der Pfarr-Kirche in Nilbau<\/td><td class=\"column-4\"><\/td><td class=\"column-5\">1758<\/td><td class=\"column-6\">1797<\/td><td class=\"column-7\">1871<\/td><td class=\"column-8\">ksi\u0119ga<\/td><td class=\"column-9\"><\/td><td class=\"column-10\">215x340<\/td><td class=\"column-11\">niem<\/td><td class=\"column-12\"><\/td><td class=\"column-13\">Wyrwana pierwsza karta. AP Jakub\u00f3w<\/td><td class=\"column-14\"><\/td>\n<\/tr>\n<tr class=\"row-10 even\">\n\t<td class=\"column-1\">PNi-kat 9<\/td><td class=\"column-2\">Ko\u015bci\u00f3\u0142 filialny Nielubia (Nilbau) Parafia Jakub\u00f3w<\/td><td class=\"column-3\">Nilbau-Kirchen-Register<\/td><td class=\"column-4\"><\/td><td class=\"column-5\">1794<\/td><td class=\"column-6\">1828<\/td><td class=\"column-7\"><\/td><td class=\"column-8\">ksi\u0119ga<\/td><td class=\"column-9\"><\/td><td class=\"column-10\">215x360<\/td><td class=\"column-11\">niem<\/td><td class=\"column-12\">IV 4<\/td><td class=\"column-13\">AP Jakub\u00f3w<\/td><td class=\"column-14\"><\/td>\n<\/tr>\n<tr class=\"row-11 odd\">\n\t<td class=\"column-1\">PNi-kat 10<\/td><td class=\"column-2\">Ko\u015bci\u00f3\u0142 filialny Nielubia (Nilbau) Parafia Jakub\u00f3w<\/td><td class=\"column-3\">Rechnungs-Buch<\/td><td class=\"column-4\"><\/td><td class=\"column-5\">1829<\/td><td class=\"column-6\">1880<\/td><td class=\"column-7\"><\/td><td class=\"column-8\">ksi\u0119ga<\/td><td class=\"column-9\"><\/td><td class=\"column-10\">210x340<\/td><td class=\"column-11\">niem<\/td><td class=\"column-12\">32; IV 5<\/td><td class=\"column-13\">AP Jakub\u00f3w<\/td><td class=\"column-14\"><\/td>\n<\/tr>\n<tr class=\"row-12 even\">\n\t<td class=\"column-1\">PNi-kat 11<\/td><td class=\"column-2\">Ko\u015bci\u00f3\u0142 filialny Nielubia (Nilbau) Parafia Jakub\u00f3w<\/td><td class=\"column-3\">Neues Fundations und Rechnungs-Buch der kath. Kirche in Nilbau<\/td><td class=\"column-4\"><\/td><td class=\"column-5\">1836<\/td><td class=\"column-6\">1865<\/td><td class=\"column-7\"><\/td><td class=\"column-8\">ksi\u0119ga<\/td><td class=\"column-9\"><\/td><td class=\"column-10\">225x370<\/td><td class=\"column-11\">niem<\/td><td class=\"column-12\">8b; 15<\/td><td class=\"column-13\">AP Jakub\u00f3w<\/td><td class=\"column-14\"><\/td>\n<\/tr>\n<tr class=\"row-13 odd\">\n\t<td class=\"column-1\">PNi-kat 12<\/td><td class=\"column-2\">Ko\u015bci\u00f3\u0142 filialny Nielubia (Nilbau) Parafia Jakub\u00f3w<\/td><td class=\"column-3\">Pfarr-Register bei der katholischen Kirche zu Nilbau<\/td><td class=\"column-4\"><\/td><td class=\"column-5\">1846<\/td><td class=\"column-6\">1887<\/td><td class=\"column-7\"><\/td><td class=\"column-8\">ksi\u0119ga<\/td><td class=\"column-9\"><\/td><td class=\"column-10\">225x360<\/td><td class=\"column-11\">niem<\/td><td class=\"column-12\">10b<\/td><td class=\"column-13\">AP Jakub\u00f3w<\/td><td class=\"column-14\"><\/td>\n<\/tr>\n<tr class=\"row-14 even\">\n\t<td class=\"column-1\">PNi-kat 13<\/td><td class=\"column-2\">Ko\u015bci\u00f3\u0142 filialny Nielubia (Nilbau) Parafia Jakub\u00f3w<\/td><td class=\"column-3\">Journal  \u00fc ber Einnahme und Ausgabe bei den Kassen der katholischen Filialkirche zu Nilbau<\/td><td class=\"column-4\"><\/td><td class=\"column-5\">1866<\/td><td class=\"column-6\">1921<\/td><td class=\"column-7\"><\/td><td class=\"column-8\">ksi\u0119ga<\/td><td class=\"column-9\"><\/td><td class=\"column-10\">220x350<\/td><td class=\"column-11\">niem<\/td><td class=\"column-12\">33; IV 1<\/td><td class=\"column-13\">AP Jakub\u00f3w<\/td><td class=\"column-14\"><\/td>\n<\/tr>\n<tr class=\"row-15 odd\">\n\t<td class=\"column-1\">PNi-kat 14<\/td><td class=\"column-2\">Ko\u015bci\u00f3\u0142 filialny Nielubia (Nilbau) Parafia Jakub\u00f3w<\/td><td class=\"column-3\">Thurm-Register von Nilbau ab anno 1866-1876<\/td><td class=\"column-4\"><\/td><td class=\"column-5\">brak<\/td><td class=\"column-6\">brak<\/td><td class=\"column-7\"><\/td><td class=\"column-8\">ksi\u0119ga<\/td><td class=\"column-9\"><\/td><td class=\"column-10\">220x350<\/td><td class=\"column-11\">niem<\/td><td class=\"column-12\">6; IV 7<\/td><td class=\"column-13\">Brak zapisu w ksi\u0119dze przez wyrwanie kart, pozosta\u0142e karty s\u0105 niezapisane. AP Jakub\u00f3w<\/td><td class=\"column-14\"><\/td>\n<\/tr>\n<tr class=\"row-16 even\">\n\t<td class=\"column-1\">PNi-kat 15<\/td><td class=\"column-2\">Ko\u015bci\u00f3\u0142 filialny Nielubia (Nilbau) Parafia Jakub\u00f3w<\/td><td class=\"column-3\">Kassenjournal der katholischen Kirche zu Nilbau<\/td><td class=\"column-4\"><\/td><td class=\"column-5\">brak<\/td><td class=\"column-6\">brak<\/td><td class=\"column-7\"><\/td><td class=\"column-8\">ksi\u0119ga<\/td><td class=\"column-9\"><\/td><td class=\"column-10\">240x375<\/td><td class=\"column-11\">niem<\/td><td class=\"column-12\"><\/td><td class=\"column-13\">Brak zapisu w ksi\u0119dze przez wyrwanie kart, pozosta\u0142e karty s\u0105 niezapisane. AP Jakub\u00f3w<\/td><td class=\"column-14\"><\/td>\n<\/tr>\n<tr class=\"row-17 odd\">\n\t<td class=\"column-1\"><\/td><td class=\"column-2\"><\/td><td class=\"column-3\"><\/td><td class=\"column-4\"><\/td><td class=\"column-5\"><\/td><td class=\"column-6\"><\/td><td class=\"column-7\"><\/td><td class=\"column-8\"><\/td><td class=\"column-9\"><\/td><td class=\"column-10\"><\/td><td class=\"column-11\"><\/td><td class=\"column-12\"><\/td><td class=\"column-13\"><\/td><td class=\"column-14\"><\/td>\n<\/tr>\n<tr class=\"row-18 even\">\n\t<td class=\"column-1\"><\/td><td class=\"column-2\"><\/td><td class=\"column-3\"><\/td><td class=\"column-4\"><\/td><td class=\"column-5\"><\/td><td class=\"column-6\"><\/td><td class=\"column-7\"><\/td><td class=\"column-8\"><\/td><td class=\"column-9\"><\/td><td class=\"column-10\"><\/td><td class=\"column-11\"><\/td><td class=\"column-12\"><\/td><td class=\"column-13\"><\/td><td class=\"column-14\"><\/td>\n<\/tr>\n<\/tbody>\n<\/table>\n<!-- #tablepress-289 from cache -->\n","protected":false},"excerpt":{"rendered":"","protected":false},"author":1,"featured_media":0,"parent":46,"menu_order":0,"comment_status":"closed","ping_status":"closed","template":"","meta":{"ngg_post_thumbnail":0},"_links":{"self":[{"href":"https:\/\/archiwum.diecezjazg.pl\/index.php\/wp-json\/wp\/v2\/pages\/1608"}],"collection":[{"href":"https:\/\/archiwum.diecezjazg.pl\/index.php\/wp-json\/wp\/v2\/pages"}],"about":[{"href":"https:\/\/archiwum.diecezjazg.pl\/index.php\/wp-json\/wp\/v2\/types\/page"}],"author":[{"embeddable":true,"href":"https:\/\/archiwum.diecezjazg.pl\/index.php\/wp-json\/wp\/v2\/users\/1"}],"replies":[{"embeddable":true,"href":"https:\/\/archiwum.diecezjazg.pl\/index.php\/wp-json\/wp\/v2\/comments?post=1608"}],"version-history":[{"count":1,"href":"https:\/\/archiwum.diecezjazg.pl\/index.php\/wp-json\/wp\/v2\/pages\/1608\/revisions"}],"predecessor-version":[{"id":1609,"href":"https:\/\/archiwum.diecezjazg.pl\/index.php\/wp-json\/wp\/v2\/pages\/1608\/revisions\/1609"}],"up":[{"embeddable":true,"href":"https:\/\/archiwum.diecezjazg.pl\/index.php\/wp-json\/wp\/v2\/pages\/46"}],"wp:attachment":[{"href":"https:\/\/archiwum.diecezjazg.pl\/index.php\/wp-json\/wp\/v2\/media?parent=1608"}],"curies":[{"name":"wp","href":"https:\/\/api.w.org\/{rel}","templated":true}]}}