{"id":1606,"date":"2017-09-26T17:01:56","date_gmt":"2017-09-26T15:01:56","guid":{"rendered":"http:\/\/www.archiwum.diecezjazg.pl\/?page_id=1606"},"modified":"2017-09-26T17:01:56","modified_gmt":"2017-09-26T15:01:56","slug":"akta-parafii-katolickiej-niegoslawice-waltersdorf-zespol-158-sygnatura-pn-kat","status":"publish","type":"page","link":"https:\/\/archiwum.diecezjazg.pl\/index.php\/akta-parafii-katolickiej-niegoslawice-waltersdorf-zespol-158-sygnatura-pn-kat\/","title":{"rendered":"Akta parafii katolickiej Niegos\u0142awice Waltersdorf, zesp\u00f3\u0142 158, sygnatura PN-kat"},"content":{"rendered":"\n<table id=\"tablepress-288\" class=\"tablepress tablepress-id-288\">\n<thead>\n<tr class=\"row-1 odd\">\n\t<th class=\"column-1\">Sygn<\/th><th class=\"column-2\">Zesp\u00f3\u0142 158<\/th><th class=\"column-3\">Tytu\u0142<\/th><th class=\"column-4\">Rok_ant<\/th><th class=\"column-5\">Rok_p<\/th><th class=\"column-6\">Rok_k<\/th><th class=\"column-7\">Rok_pos<\/th><th class=\"column-8\">Opis_fizyczny<\/th><th class=\"column-9\">ilo\u015b\u0107 stron<\/th><th class=\"column-10\">wymiar<\/th><th class=\"column-11\">j\u0119zyk<\/th><th class=\"column-12\">Sygnatury dawne<\/th><th class=\"column-13\">Uwagi<\/th>\n<\/tr>\n<\/thead>\n<tbody class=\"row-hover\">\n<tr class=\"row-2 even\">\n\t<td class=\"column-1\">PN-kat 1<\/td><td class=\"column-2\">Parafia rzymskokatolicka Niegos\u0142awice (Waltersdorf)<\/td><td class=\"column-3\">Regestum Fundationum peenes Ecclesiam Waltersdorfensem<\/td><td class=\"column-4\"><\/td><td class=\"column-5\">1771<\/td><td class=\"column-6\">1888<\/td><td class=\"column-7\"><\/td><td class=\"column-8\">ksi\u0119ga<\/td><td class=\"column-9\"><\/td><td class=\"column-10\">240x355<\/td><td class=\"column-11\">niem<\/td><td class=\"column-12\"><\/td><td class=\"column-13\">AZGWSD Parady\u017c<\/td>\n<\/tr>\n<tr class=\"row-3 odd\">\n\t<td class=\"column-1\">PN-kat 2<\/td><td class=\"column-2\">Parafia rzymskokatolicka Niegos\u0142awice (Waltersdorf)<\/td><td class=\"column-3\">Amtsschriftenbuch<\/td><td class=\"column-4\"><\/td><td class=\"column-5\">1892<\/td><td class=\"column-6\">1905<\/td><td class=\"column-7\"><\/td><td class=\"column-8\">ksi\u0119ga<\/td><td class=\"column-9\"><\/td><td class=\"column-10\">220x330<\/td><td class=\"column-11\">niem<\/td><td class=\"column-12\"><\/td><td class=\"column-13\"><\/td>\n<\/tr>\n<tr class=\"row-4 even\">\n\t<td class=\"column-1\">PN-kat 3<\/td><td class=\"column-2\">Parafia rzymskokatolicka Niegos\u0142awice (Waltersdorf)<\/td><td class=\"column-3\">[Pokwitowania kasowe]<\/td><td class=\"column-4\">1891<\/td><td class=\"column-5\">1899<\/td><td class=\"column-6\">1899<\/td><td class=\"column-7\"><\/td><td class=\"column-8\">akta lu\u017ane<\/td><td class=\"column-9\"><\/td><td class=\"column-10\">220x310<\/td><td class=\"column-11\">niem<\/td><td class=\"column-12\"><\/td><td class=\"column-13\"><\/td>\n<\/tr>\n<tr class=\"row-5 odd\">\n\t<td class=\"column-1\">PN-kat 4<\/td><td class=\"column-2\">Parafia rzymskokatolicka Niegos\u0142awice (Waltersdorf)<\/td><td class=\"column-3\">Vermeldungsbuch der Kirchen zu Waltersdorf<\/td><td class=\"column-4\"><\/td><td class=\"column-5\">1894<\/td><td class=\"column-6\">1905<\/td><td class=\"column-7\"><\/td><td class=\"column-8\">ksi\u0119ga<\/td><td class=\"column-9\"><\/td><td class=\"column-10\">165x210<\/td><td class=\"column-11\">niem<\/td><td class=\"column-12\"><\/td><td class=\"column-13\">AZGWSD Parady\u017c<\/td>\n<\/tr>\n<tr class=\"row-6 even\">\n\t<td class=\"column-1\">PN-kat 5<\/td><td class=\"column-2\">Parafia rzymskokatolicka Niegos\u0142awice (Waltersdorf)<\/td><td class=\"column-3\">[Kopia drukowana przedstawiaj\u0105ca ko\u015bci\u00f3\u0142 parafialny z orygina\u0142u P. Klodwig 37.C.35 R.49]<\/td><td class=\"column-4\"><\/td><td class=\"column-5\">brak<\/td><td class=\"column-6\">brak<\/td><td class=\"column-7\"><\/td><td class=\"column-8\">1 karta<\/td><td class=\"column-9\"><\/td><td class=\"column-10\">250x355<\/td><td class=\"column-11\">niem<\/td><td class=\"column-12\"><\/td><td class=\"column-13\"><\/td>\n<\/tr>\n<\/tbody>\n<\/table>\n<!-- #tablepress-288 from cache -->\n","protected":false},"excerpt":{"rendered":"","protected":false},"author":1,"featured_media":0,"parent":0,"menu_order":0,"comment_status":"closed","ping_status":"closed","template":"","meta":{"ngg_post_thumbnail":0},"_links":{"self":[{"href":"https:\/\/archiwum.diecezjazg.pl\/index.php\/wp-json\/wp\/v2\/pages\/1606"}],"collection":[{"href":"https:\/\/archiwum.diecezjazg.pl\/index.php\/wp-json\/wp\/v2\/pages"}],"about":[{"href":"https:\/\/archiwum.diecezjazg.pl\/index.php\/wp-json\/wp\/v2\/types\/page"}],"author":[{"embeddable":true,"href":"https:\/\/archiwum.diecezjazg.pl\/index.php\/wp-json\/wp\/v2\/users\/1"}],"replies":[{"embeddable":true,"href":"https:\/\/archiwum.diecezjazg.pl\/index.php\/wp-json\/wp\/v2\/comments?post=1606"}],"version-history":[{"count":1,"href":"https:\/\/archiwum.diecezjazg.pl\/index.php\/wp-json\/wp\/v2\/pages\/1606\/revisions"}],"predecessor-version":[{"id":1607,"href":"https:\/\/archiwum.diecezjazg.pl\/index.php\/wp-json\/wp\/v2\/pages\/1606\/revisions\/1607"}],"wp:attachment":[{"href":"https:\/\/archiwum.diecezjazg.pl\/index.php\/wp-json\/wp\/v2\/media?parent=1606"}],"curies":[{"name":"wp","href":"https:\/\/api.w.org\/{rel}","templated":true}]}}