{"id":1592,"date":"2017-09-26T16:54:13","date_gmt":"2017-09-26T14:54:13","guid":{"rendered":"http:\/\/www.archiwum.diecezjazg.pl\/?page_id=1592"},"modified":"2017-09-26T16:54:13","modified_gmt":"2017-09-26T14:54:13","slug":"akta-parafii-katolickiej-lysiny-lissen-zespol-151-sygnatura-ply-kat","status":"publish","type":"page","link":"https:\/\/archiwum.diecezjazg.pl\/index.php\/zasoby-archiwalne\/akta-parafii-katolickiej-lysiny-lissen-zespol-151-sygnatura-ply-kat\/","title":{"rendered":"Akta parafii katolickiej \u0141ysiny Lissen, zesp\u00f3\u0142 151, sygnatura P\u0141y-kat"},"content":{"rendered":"\n<table id=\"tablepress-281\" class=\"tablepress tablepress-id-281\">\n<thead>\n<tr class=\"row-1 odd\">\n\t<th class=\"column-1\">Sygn<\/th><th class=\"column-2\">Zesp\u00f3\u0142 151<\/th><th class=\"column-3\">Tytu\u0142<\/th><th class=\"column-4\">Rok_ant<\/th><th class=\"column-5\">Rok_p<\/th><th class=\"column-6\">Rok_k<\/th><th class=\"column-7\">Rok_pos<\/th><th class=\"column-8\">Opis_fizyczny<\/th><th class=\"column-9\">ilo\u015b\u0107 stron<\/th><th class=\"column-10\">wymiar<\/th><th class=\"column-11\">j\u0119zyk<\/th><th class=\"column-12\">Sygnatury dawne<\/th><th class=\"column-13\">Uwagi<\/th>\n<\/tr>\n<\/thead>\n<tbody class=\"row-hover\">\n<tr class=\"row-2 even\">\n\t<td class=\"column-1\">P\u0141y-kat 1<\/td><td class=\"column-2\">Parafia rzymskokatolicka \u0141ysiny (Lissen)<\/td><td class=\"column-3\">Metrica pro ecclesia Lissinensi et ejus filia Tillevitcensi quam errexit Adm. Rndus Christophor Bernardus Rubenau...<\/td><td class=\"column-4\"><\/td><td class=\"column-5\">1683<\/td><td class=\"column-6\">1795<\/td><td class=\"column-7\">1801; 1810<\/td><td class=\"column-8\">ksi\u0119ga<\/td><td class=\"column-9\"><\/td><td class=\"column-10\"><\/td><td class=\"column-11\">\u0142ac, niem<\/td><td class=\"column-12\"><\/td><td class=\"column-13\"><\/td>\n<\/tr>\n<tr class=\"row-3 odd\">\n\t<td class=\"column-1\">P\u0141y-kat 2<\/td><td class=\"column-2\">Parafia rzymskokatolicka \u0141ysiny (Lissen)<\/td><td class=\"column-3\">Taufbuch der Pfarrkirche zu Lissen...<\/td><td class=\"column-4\"><\/td><td class=\"column-5\">1794<\/td><td class=\"column-6\">1833<\/td><td class=\"column-7\"><\/td><td class=\"column-8\">ksi\u0119ga<\/td><td class=\"column-9\"><\/td><td class=\"column-10\"><\/td><td class=\"column-11\">niem<\/td><td class=\"column-12\"><\/td><td class=\"column-13\">1 str.wykaz proboszcz\u00f3w 1678-1912<\/td>\n<\/tr>\n<tr class=\"row-4 even\">\n\t<td class=\"column-1\">P\u0141y-kat 3<\/td><td class=\"column-2\">Parafia rzymskokatolicka \u0141ysiny (Lissen)<\/td><td class=\"column-3\">Taufbuch der Parochie Gr. Lissen<\/td><td class=\"column-4\"><\/td><td class=\"column-5\">1834<\/td><td class=\"column-6\">1861<\/td><td class=\"column-7\"><\/td><td class=\"column-8\">ksi\u0119ga<\/td><td class=\"column-9\"><\/td><td class=\"column-10\"><\/td><td class=\"column-11\">niem<\/td><td class=\"column-12\"><\/td><td class=\"column-13\"><\/td>\n<\/tr>\n<tr class=\"row-5 odd\">\n\t<td class=\"column-1\">P\u0141y-kat 4<\/td><td class=\"column-2\">Parafia rzymskokatolicka \u0141ysiny (Lissen)<\/td><td class=\"column-3\">Taufbuch<\/td><td class=\"column-4\"><\/td><td class=\"column-5\">1862<\/td><td class=\"column-6\">1922<\/td><td class=\"column-7\"><\/td><td class=\"column-8\">ksi\u0119ga<\/td><td class=\"column-9\"><\/td><td class=\"column-10\"><\/td><td class=\"column-11\">niem<\/td><td class=\"column-12\"><\/td><td class=\"column-13\">chrzty 1862-1878; 1886-1922 (do kwietnia)<\/td>\n<\/tr>\n<tr class=\"row-6 even\">\n\t<td class=\"column-1\">P\u0141y-kat 5<\/td><td class=\"column-2\">Parafia rzymskokatolicka \u0141ysiny (Lissen)<\/td><td class=\"column-3\">Taufen<\/td><td class=\"column-4\">1881<\/td><td class=\"column-5\">1882<\/td><td class=\"column-6\">1886<\/td><td class=\"column-7\"><\/td><td class=\"column-8\">poszyt<\/td><td class=\"column-9\"><\/td><td class=\"column-10\"><\/td><td class=\"column-11\">niem<\/td><td class=\"column-12\"><\/td><td class=\"column-13\"><\/td>\n<\/tr>\n<tr class=\"row-7 odd\">\n\t<td class=\"column-1\">P\u0141y-kat 6<\/td><td class=\"column-2\">Parafia rzymskokatolicka \u0141ysiny (Lissen)<\/td><td class=\"column-3\">Begrabnissbuch der Pfarr-Kirche zu Lissen...<\/td><td class=\"column-4\"><\/td><td class=\"column-5\">1794<\/td><td class=\"column-6\">1853<\/td><td class=\"column-7\"><\/td><td class=\"column-8\">ksi\u0119ga<\/td><td class=\"column-9\"><\/td><td class=\"column-10\"><\/td><td class=\"column-11\">niem<\/td><td class=\"column-12\"><\/td><td class=\"column-13\"><\/td>\n<\/tr>\n<tr class=\"row-8 even\">\n\t<td class=\"column-1\">P\u0141y-kat 7<\/td><td class=\"column-2\">Parafia rzymskokatolicka \u0141ysiny (Lissen)<\/td><td class=\"column-3\">Totenbuch<\/td><td class=\"column-4\"><\/td><td class=\"column-5\">1853<\/td><td class=\"column-6\">1949<\/td><td class=\"column-7\"><\/td><td class=\"column-8\">ksi\u0119ga<\/td><td class=\"column-9\"><\/td><td class=\"column-10\"><\/td><td class=\"column-11\">niem, pol<\/td><td class=\"column-12\"><\/td><td class=\"column-13\">s.178 dwa dodatkowe zapisy: 1875 i 1877<\/td>\n<\/tr>\n<tr class=\"row-9 odd\">\n\t<td class=\"column-1\">P\u0141y-kat 8<\/td><td class=\"column-2\">Parafia rzymskokatolicka \u0141ysiny (Lissen)<\/td><td class=\"column-3\">Inventarium...[ko\u015bcio\u0142a w \u0141ysinach, Wygna\u0144czycach]. Visitatio...[ko\u015bcio\u0142a w \u0141ysinach, Tylewicach i Wyna\u0144czycach]<\/td><td class=\"column-4\"><\/td><td class=\"column-5\">1725<\/td><td class=\"column-6\">1807<\/td><td class=\"column-7\"><\/td><td class=\"column-8\">ksi\u0119ga<\/td><td class=\"column-9\"><\/td><td class=\"column-10\"><\/td><td class=\"column-11\">\u0142ac<\/td><td class=\"column-12\"><\/td><td class=\"column-13\">cz\u0119\u015bciowo zniszczona, brak kart, brak dolnej ok\u0142adki<\/td>\n<\/tr>\n<tr class=\"row-10 even\">\n\t<td class=\"column-1\">P\u0141y-kat 9<\/td><td class=\"column-2\">Parafia rzymskokatolicka \u0141ysiny (Lissen)<\/td><td class=\"column-3\">Berechnung der Einnahme und Ausgabe bei der Kirchen in Lissen und Tillendorf<\/td><td class=\"column-4\"><\/td><td class=\"column-5\">1798<\/td><td class=\"column-6\">1830<\/td><td class=\"column-7\">1885<\/td><td class=\"column-8\">ksi\u0119ga<\/td><td class=\"column-9\"><\/td><td class=\"column-10\"><\/td><td class=\"column-11\">niem<\/td><td class=\"column-12\"><\/td><td class=\"column-13\"><\/td>\n<\/tr>\n<tr class=\"row-11 odd\">\n\t<td class=\"column-1\">P\u0141y-kat 10<\/td><td class=\"column-2\">Parafia rzymskokatolicka \u0141ysiny (Lissen)<\/td><td class=\"column-3\">Acta betreffend der Vormundschationsangelegenheiten der Parochie Gross Lissen<\/td><td class=\"column-4\"><\/td><td class=\"column-5\">1853<\/td><td class=\"column-6\">1867<\/td><td class=\"column-7\"><\/td><td class=\"column-8\">poszyt<\/td><td class=\"column-9\"><\/td><td class=\"column-10\"><\/td><td class=\"column-11\">niem<\/td><td class=\"column-12\"><\/td><td class=\"column-13\"><\/td>\n<\/tr>\n<tr class=\"row-12 even\">\n\t<td class=\"column-1\">P\u0141y-kat 11<\/td><td class=\"column-2\">Parafia rzymskokatolicka \u0141ysiny (Lissen)<\/td><td class=\"column-3\">Jurnal-Buch bei Propst Loga<\/td><td class=\"column-4\"><\/td><td class=\"column-5\">1889<\/td><td class=\"column-6\">1903<\/td><td class=\"column-7\"><\/td><td class=\"column-8\">ksi\u0119ga<\/td><td class=\"column-9\"><\/td><td class=\"column-10\"><\/td><td class=\"column-11\">niem<\/td><td class=\"column-12\"><\/td><td class=\"column-13\">5 pierwszych kart lu\u017anych;  5 ostatnich kart wyrwanych<\/td>\n<\/tr>\n<tr class=\"row-13 odd\">\n\t<td class=\"column-1\">P\u0141y-kat 12<\/td><td class=\"column-2\">Parafia rzymskokatolicka \u0141ysiny (Lissen)<\/td><td class=\"column-3\">[Akta lu\u017ane]<\/td><td class=\"column-4\"><\/td><td class=\"column-5\">1902<\/td><td class=\"column-6\">1943<\/td><td class=\"column-7\"><\/td><td class=\"column-8\">akta lu\u017ane<\/td><td class=\"column-9\"><\/td><td class=\"column-10\"><\/td><td class=\"column-11\">niem<\/td><td class=\"column-12\"><\/td><td class=\"column-13\"><\/td>\n<\/tr>\n<\/tbody>\n<\/table>\n<!-- #tablepress-281 from cache -->\n","protected":false},"excerpt":{"rendered":"","protected":false},"author":1,"featured_media":0,"parent":46,"menu_order":0,"comment_status":"closed","ping_status":"closed","template":"","meta":{"ngg_post_thumbnail":0},"_links":{"self":[{"href":"https:\/\/archiwum.diecezjazg.pl\/index.php\/wp-json\/wp\/v2\/pages\/1592"}],"collection":[{"href":"https:\/\/archiwum.diecezjazg.pl\/index.php\/wp-json\/wp\/v2\/pages"}],"about":[{"href":"https:\/\/archiwum.diecezjazg.pl\/index.php\/wp-json\/wp\/v2\/types\/page"}],"author":[{"embeddable":true,"href":"https:\/\/archiwum.diecezjazg.pl\/index.php\/wp-json\/wp\/v2\/users\/1"}],"replies":[{"embeddable":true,"href":"https:\/\/archiwum.diecezjazg.pl\/index.php\/wp-json\/wp\/v2\/comments?post=1592"}],"version-history":[{"count":1,"href":"https:\/\/archiwum.diecezjazg.pl\/index.php\/wp-json\/wp\/v2\/pages\/1592\/revisions"}],"predecessor-version":[{"id":1593,"href":"https:\/\/archiwum.diecezjazg.pl\/index.php\/wp-json\/wp\/v2\/pages\/1592\/revisions\/1593"}],"up":[{"embeddable":true,"href":"https:\/\/archiwum.diecezjazg.pl\/index.php\/wp-json\/wp\/v2\/pages\/46"}],"wp:attachment":[{"href":"https:\/\/archiwum.diecezjazg.pl\/index.php\/wp-json\/wp\/v2\/media?parent=1592"}],"curies":[{"name":"wp","href":"https:\/\/api.w.org\/{rel}","templated":true}]}}