{"id":1590,"date":"2017-09-26T16:52:48","date_gmt":"2017-09-26T14:52:48","guid":{"rendered":"http:\/\/www.archiwum.diecezjazg.pl\/?page_id=1590"},"modified":"2017-09-26T16:53:34","modified_gmt":"2017-09-26T14:53:34","slug":"akta-parafii-katolickiej-lupica-lupitze-zespol-150-sygnatura-plup-kat","status":"publish","type":"page","link":"https:\/\/archiwum.diecezjazg.pl\/index.php\/zasoby-archiwalne\/akta-parafii-katolickiej-lupica-lupitze-zespol-150-sygnatura-plup-kat\/","title":{"rendered":"Akta parafii katolickiej \u0141upica Lupitze, zesp\u00f3\u0142 150, sygnatura P\u0141up-kat"},"content":{"rendered":"\n<table id=\"tablepress-280\" class=\"tablepress tablepress-id-280\">\n<thead>\n<tr class=\"row-1 odd\">\n\t<th class=\"column-1\">Sygn<\/th><th class=\"column-2\">Zesp\u00f3\u0142 150<\/th><th class=\"column-3\">Tytu\u0142<\/th><th class=\"column-4\">Rok_ant<\/th><th class=\"column-5\">Rok_p<\/th><th class=\"column-6\">Rok_k<\/th><th class=\"column-7\">Rok_pos<\/th><th class=\"column-8\">Opis_fizyczny<\/th><th class=\"column-9\">ilo\u015b\u0107 stron<\/th><th class=\"column-10\">wymiar<\/th><th class=\"column-11\">j\u0119zyk<\/th><th class=\"column-12\">Sygnatury dawne<\/th><th class=\"column-13\">Uwagi<\/th>\n<\/tr>\n<\/thead>\n<tbody class=\"row-hover\">\n<tr class=\"row-2 even\">\n\t<td class=\"column-1\">P\u0141up-kat 1<\/td><td class=\"column-2\">Ko\u015bci\u00f3\u0142 katolicki \u0141upica (Lupitze)<\/td><td class=\"column-3\">Taufbuch [Ksi\u0119ga chrzt\u00f3w]<\/td><td class=\"column-4\"><\/td><td class=\"column-5\">1928<\/td><td class=\"column-6\">1955<\/td><td class=\"column-7\"><\/td><td class=\"column-8\">ksi\u0119ga<\/td><td class=\"column-9\">99<\/td><td class=\"column-10\">245x375<\/td><td class=\"column-11\">niem, pol<\/td><td class=\"column-12\"><\/td><td class=\"column-13\">AP Ciosaniec<\/td>\n<\/tr>\n<tr class=\"row-3 odd\">\n\t<td class=\"column-1\">P\u0141up-kat 2<\/td><td class=\"column-2\">Ko\u015bci\u00f3\u0142 katolicki \u0141upica (Lupitze)<\/td><td class=\"column-3\">Traubuch [Ksi\u0119ga \u015blub\u00f3w]<\/td><td class=\"column-4\"><\/td><td class=\"column-5\">1929<\/td><td class=\"column-6\">1960<\/td><td class=\"column-7\"><\/td><td class=\"column-8\">ksi\u0119ga<\/td><td class=\"column-9\">56<\/td><td class=\"column-10\">245x375<\/td><td class=\"column-11\">niem, pol<\/td><td class=\"column-12\"><\/td><td class=\"column-13\">AP Ciosaniec<\/td>\n<\/tr>\n<tr class=\"row-4 even\">\n\t<td class=\"column-1\">P\u0141up-kat 3<\/td><td class=\"column-2\">Ko\u015bci\u00f3\u0142 katolicki \u0141upica (Lupitze)<\/td><td class=\"column-3\">Totenbuch [Ksi\u0119ga zmar\u0142ych]<\/td><td class=\"column-4\"><\/td><td class=\"column-5\">1928<\/td><td class=\"column-6\">1960<\/td><td class=\"column-7\"><\/td><td class=\"column-8\">ksi\u0119ga<\/td><td class=\"column-9\"><\/td><td class=\"column-10\">245x375<\/td><td class=\"column-11\">niem, pol<\/td><td class=\"column-12\"><\/td><td class=\"column-13\">AP Ciosaniec<\/td>\n<\/tr>\n<tr class=\"row-5 odd\">\n\t<td class=\"column-1\">P\u0141up-kat 4<\/td><td class=\"column-2\">Ko\u015bci\u00f3\u0142 katolicki \u0141upica (Lupitze)<\/td><td class=\"column-3\">Zusammenstellungs der gezahlten Baugeldumlagen und Kirchen<\/td><td class=\"column-4\"><\/td><td class=\"column-5\">1930<\/td><td class=\"column-6\">1931<\/td><td class=\"column-7\"><\/td><td class=\"column-8\">poszyt<\/td><td class=\"column-9\"><\/td><td class=\"column-10\">320x220<\/td><td class=\"column-11\">niem, pol<\/td><td class=\"column-12\"><\/td><td class=\"column-13\">AP Ciosaniec<\/td>\n<\/tr>\n<tr class=\"row-6 even\">\n\t<td class=\"column-1\">P\u0141up-kat 5<\/td><td class=\"column-2\">Ko\u015bci\u00f3\u0142 katolicki \u0141upica (Lupitze)<\/td><td class=\"column-3\">Kirchensteuer<\/td><td class=\"column-4\"><\/td><td class=\"column-5\">1938<\/td><td class=\"column-6\">1939<\/td><td class=\"column-7\"><\/td><td class=\"column-8\">poszyt<\/td><td class=\"column-9\"><\/td><td class=\"column-10\">245x377<\/td><td class=\"column-11\">niem, pol<\/td><td class=\"column-12\"><\/td><td class=\"column-13\">AP Ciosaniec<\/td>\n<\/tr>\n<tr class=\"row-7 odd\">\n\t<td class=\"column-1\">P\u0141up-kat 6<\/td><td class=\"column-2\">Ko\u015bci\u00f3\u0142 katolicki \u0141upica (Lupitze)<\/td><td class=\"column-3\">[Kwity i rachunki parafialne]<\/td><td class=\"column-4\"><\/td><td class=\"column-5\">1947<\/td><td class=\"column-6\">1959<\/td><td class=\"column-7\"><\/td><td class=\"column-8\">poszyt<\/td><td class=\"column-9\"><\/td><td class=\"column-10\">245x378<\/td><td class=\"column-11\">pol<\/td><td class=\"column-12\"><\/td><td class=\"column-13\">AP Ciosaniec<\/td>\n<\/tr>\n<tr class=\"row-8 even\">\n\t<td class=\"column-1\">P\u0141up-kat 7<\/td><td class=\"column-2\">Ko\u015bci\u00f3\u0142 katolicki \u0141upica (Lupitze)<\/td><td class=\"column-3\">Liste dervKatholischen Filialgemeinde Georgsdorf<\/td><td class=\"column-4\"><\/td><td class=\"column-5\">brak<\/td><td class=\"column-6\">brak<\/td><td class=\"column-7\"><\/td><td class=\"column-8\">poszyt<\/td><td class=\"column-9\"><\/td><td class=\"column-10\">245x379<\/td><td class=\"column-11\">niem, pol<\/td><td class=\"column-12\"><\/td><td class=\"column-13\">AP Ciosaniec<\/td>\n<\/tr>\n<\/tbody>\n<\/table>\n<!-- #tablepress-280 from cache -->\n","protected":false},"excerpt":{"rendered":"","protected":false},"author":1,"featured_media":0,"parent":46,"menu_order":0,"comment_status":"closed","ping_status":"closed","template":"","meta":{"ngg_post_thumbnail":0},"_links":{"self":[{"href":"https:\/\/archiwum.diecezjazg.pl\/index.php\/wp-json\/wp\/v2\/pages\/1590"}],"collection":[{"href":"https:\/\/archiwum.diecezjazg.pl\/index.php\/wp-json\/wp\/v2\/pages"}],"about":[{"href":"https:\/\/archiwum.diecezjazg.pl\/index.php\/wp-json\/wp\/v2\/types\/page"}],"author":[{"embeddable":true,"href":"https:\/\/archiwum.diecezjazg.pl\/index.php\/wp-json\/wp\/v2\/users\/1"}],"replies":[{"embeddable":true,"href":"https:\/\/archiwum.diecezjazg.pl\/index.php\/wp-json\/wp\/v2\/comments?post=1590"}],"version-history":[{"count":1,"href":"https:\/\/archiwum.diecezjazg.pl\/index.php\/wp-json\/wp\/v2\/pages\/1590\/revisions"}],"predecessor-version":[{"id":1591,"href":"https:\/\/archiwum.diecezjazg.pl\/index.php\/wp-json\/wp\/v2\/pages\/1590\/revisions\/1591"}],"up":[{"embeddable":true,"href":"https:\/\/archiwum.diecezjazg.pl\/index.php\/wp-json\/wp\/v2\/pages\/46"}],"wp:attachment":[{"href":"https:\/\/archiwum.diecezjazg.pl\/index.php\/wp-json\/wp\/v2\/media?parent=1590"}],"curies":[{"name":"wp","href":"https:\/\/api.w.org\/{rel}","templated":true}]}}