{"id":1588,"date":"2017-09-26T16:51:50","date_gmt":"2017-09-26T14:51:50","guid":{"rendered":"http:\/\/www.archiwum.diecezjazg.pl\/?page_id=1588"},"modified":"2017-09-26T16:51:50","modified_gmt":"2017-09-26T14:51:50","slug":"akta-parafii-katolickiej-lugi-friedersdorf-zespol-149-sygnatura-plu-kat","status":"publish","type":"page","link":"https:\/\/archiwum.diecezjazg.pl\/index.php\/zasoby-archiwalne\/akta-parafii-katolickiej-lugi-friedersdorf-zespol-149-sygnatura-plu-kat\/","title":{"rendered":"Akta parafii katolickiej \u0141ugi Friedersdorf, zesp\u00f3\u0142 149, sygnatura P\u0141u-kat"},"content":{"rendered":"\n<table id=\"tablepress-279\" class=\"tablepress tablepress-id-279\">\n<thead>\n<tr class=\"row-1 odd\">\n\t<th class=\"column-1\">Sygn<\/th><th class=\"column-2\">Zesp\u00f3\u0142 149<\/th><th class=\"column-3\">Tytu\u0142<\/th><th class=\"column-4\">Rok_ant<\/th><th class=\"column-5\">Rok_p<\/th><th class=\"column-6\">Rok_k<\/th><th class=\"column-7\">Rok_pos<\/th><th class=\"column-8\">Opis_fizyczny<\/th><th class=\"column-9\">ilo\u015b\u0107 stron<\/th><th class=\"column-10\">wymiar<\/th><th class=\"column-11\">j\u0119zyk<\/th><th class=\"column-12\">Sygnatury dawne<\/th><th class=\"column-13\">Uwagi<\/th>\n<\/tr>\n<\/thead>\n<tbody class=\"row-hover\">\n<tr class=\"row-2 even\">\n\t<td class=\"column-1\">P\u0141u-kat 1<\/td><td class=\"column-2\">Parafia rzymskokatolicka \u0141ugi (Friedersdorf)<\/td><td class=\"column-3\">Taufe, Trauung und Begraebnissbuch von 1812- Juni 1859 bei der Pfarrkirche Friedersdorf<\/td><td class=\"column-4\"><\/td><td class=\"column-5\">1812<\/td><td class=\"column-6\">1859<\/td><td class=\"column-7\"><\/td><td class=\"column-8\">ksi\u0119ga<\/td><td class=\"column-9\"><\/td><td class=\"column-10\"><\/td><td class=\"column-11\">niem<\/td><td class=\"column-12\">Taufe 1813-1859, Trauungen 1812-1852, Beerdigungen 1812-1854<\/td><td class=\"column-13\">Archiwum Parafii w \u0141ugach<\/td>\n<\/tr>\n<tr class=\"row-3 odd\">\n\t<td class=\"column-1\">P\u0141u-kat 2<\/td><td class=\"column-2\">Parafia rzymskokatolicka \u0141ugi (Friedersdorf)<\/td><td class=\"column-3\">Matrikelbuch der Taufen, Trauungen und Beerdigungen [der Filialkirche Zauche (Sucha)]<\/td><td class=\"column-4\"><\/td><td class=\"column-5\">1800<\/td><td class=\"column-6\">1939<\/td><td class=\"column-7\"><\/td><td class=\"column-8\">ksi\u0119ga<\/td><td class=\"column-9\"><\/td><td class=\"column-10\"><\/td><td class=\"column-11\">niem<\/td><td class=\"column-12\"><\/td><td class=\"column-13\">Archiwum Parafii w \u0141ugach<\/td>\n<\/tr>\n<\/tbody>\n<\/table>\n<!-- #tablepress-279 from cache -->\n","protected":false},"excerpt":{"rendered":"","protected":false},"author":1,"featured_media":0,"parent":46,"menu_order":0,"comment_status":"closed","ping_status":"closed","template":"","meta":{"ngg_post_thumbnail":0},"_links":{"self":[{"href":"https:\/\/archiwum.diecezjazg.pl\/index.php\/wp-json\/wp\/v2\/pages\/1588"}],"collection":[{"href":"https:\/\/archiwum.diecezjazg.pl\/index.php\/wp-json\/wp\/v2\/pages"}],"about":[{"href":"https:\/\/archiwum.diecezjazg.pl\/index.php\/wp-json\/wp\/v2\/types\/page"}],"author":[{"embeddable":true,"href":"https:\/\/archiwum.diecezjazg.pl\/index.php\/wp-json\/wp\/v2\/users\/1"}],"replies":[{"embeddable":true,"href":"https:\/\/archiwum.diecezjazg.pl\/index.php\/wp-json\/wp\/v2\/comments?post=1588"}],"version-history":[{"count":1,"href":"https:\/\/archiwum.diecezjazg.pl\/index.php\/wp-json\/wp\/v2\/pages\/1588\/revisions"}],"predecessor-version":[{"id":1589,"href":"https:\/\/archiwum.diecezjazg.pl\/index.php\/wp-json\/wp\/v2\/pages\/1588\/revisions\/1589"}],"up":[{"embeddable":true,"href":"https:\/\/archiwum.diecezjazg.pl\/index.php\/wp-json\/wp\/v2\/pages\/46"}],"wp:attachment":[{"href":"https:\/\/archiwum.diecezjazg.pl\/index.php\/wp-json\/wp\/v2\/media?parent=1588"}],"curies":[{"name":"wp","href":"https:\/\/api.w.org\/{rel}","templated":true}]}}