{"id":1586,"date":"2017-09-26T16:50:54","date_gmt":"2017-09-26T14:50:54","guid":{"rendered":"http:\/\/www.archiwum.diecezjazg.pl\/?page_id=1586"},"modified":"2017-09-26T16:50:54","modified_gmt":"2017-09-26T14:50:54","slug":"akta-parafii-katolickiej-lagoszow-wielki-gross-logisch-zespol-148-sygnatura-pl-kat","status":"publish","type":"page","link":"https:\/\/archiwum.diecezjazg.pl\/index.php\/zasoby-archiwalne\/akta-parafii-katolickiej-lagoszow-wielki-gross-logisch-zespol-148-sygnatura-pl-kat\/","title":{"rendered":"Akta parafii katolickiej \u0141agosz\u00f3w Wielki Gross Logisch, zesp\u00f3\u0142 148, sygnatura P\u0141-kat"},"content":{"rendered":"\n<table id=\"tablepress-278\" class=\"tablepress tablepress-id-278\">\n<thead>\n<tr class=\"row-1 odd\">\n\t<th class=\"column-1\">Sygn<\/th><th class=\"column-2\">Zesp\u00f3\u0142 148<\/th><th class=\"column-3\">Tytu\u0142<\/th><th class=\"column-4\">Rok_ant<\/th><th class=\"column-5\">Rok_p<\/th><th class=\"column-6\">Rok_k<\/th><th class=\"column-7\">Rok_pos<\/th><th class=\"column-8\">Opis_fizyczny<\/th><th class=\"column-9\">ilo\u015b\u0107 stron<\/th><th class=\"column-10\">wymiar<\/th><th class=\"column-11\">j\u0119zyk<\/th><th class=\"column-12\">Sygnatury dawne<\/th><th class=\"column-13\">Uwagi<\/th>\n<\/tr>\n<\/thead>\n<tbody class=\"row-hover\">\n<tr class=\"row-2 even\">\n\t<td class=\"column-1\">P\u0141-kat 1<\/td><td class=\"column-2\">Parafia rzymskokatolicka \u0141agosz\u00f3w Wielki (Gross Logisch)<\/td><td class=\"column-3\">[Ksi\u0119ga chrzt\u00f3w]<\/td><td class=\"column-4\"><\/td><td class=\"column-5\">1793<\/td><td class=\"column-6\">1829<\/td><td class=\"column-7\"><\/td><td class=\"column-8\">ksi\u0119ga<\/td><td class=\"column-9\">190<\/td><td class=\"column-10\">210x340<\/td><td class=\"column-11\">niem<\/td><td class=\"column-12\"><\/td><td class=\"column-13\">AP \u0141agosz\u00f3w Wielki<\/td>\n<\/tr>\n<tr class=\"row-3 odd\">\n\t<td class=\"column-1\">P\u0141-kat 2<\/td><td class=\"column-2\">Parafia rzymskokatolicka \u0141agosz\u00f3w Wielki (Gross Logisch)<\/td><td class=\"column-3\">[Ksi\u0119ga chrzt\u00f3w]<\/td><td class=\"column-4\"><\/td><td class=\"column-5\">1830<\/td><td class=\"column-6\">1848<\/td><td class=\"column-7\"><\/td><td class=\"column-8\">ksi\u0119ga<\/td><td class=\"column-9\">169<\/td><td class=\"column-10\">230x360<\/td><td class=\"column-11\">niem<\/td><td class=\"column-12\"><\/td><td class=\"column-13\">AP \u0141agosz\u00f3w Wielki<\/td>\n<\/tr>\n<tr class=\"row-4 even\">\n\t<td class=\"column-1\">P\u0141-kat 3<\/td><td class=\"column-2\">Parafia rzymskokatolicka \u0141agosz\u00f3w Wielki (Gross Logisch)<\/td><td class=\"column-3\">[Ksi\u0119ga chrzt\u00f3w]<\/td><td class=\"column-4\"><\/td><td class=\"column-5\">1848<\/td><td class=\"column-6\">1917<\/td><td class=\"column-7\"><\/td><td class=\"column-8\">ksi\u0119ga<\/td><td class=\"column-9\">167<\/td><td class=\"column-10\">235x360<\/td><td class=\"column-11\">niem<\/td><td class=\"column-12\"><\/td><td class=\"column-13\">AP \u0141agosz\u00f3w Wielki<\/td>\n<\/tr>\n<tr class=\"row-5 odd\">\n\t<td class=\"column-1\">P\u0141-kat 4<\/td><td class=\"column-2\">Parafia rzymskokatolicka \u0141agosz\u00f3w Wielki (Gross Logisch)<\/td><td class=\"column-3\">[Ksi\u0119ga chrzt\u00f3w]<\/td><td class=\"column-4\"><\/td><td class=\"column-5\">1918<\/td><td class=\"column-6\">1944<\/td><td class=\"column-7\"><\/td><td class=\"column-8\">ksi\u0119ga<\/td><td class=\"column-9\">152<\/td><td class=\"column-10\">240x370<\/td><td class=\"column-11\">niem<\/td><td class=\"column-12\"><\/td><td class=\"column-13\">AP \u0141agosz\u00f3w Wielki<\/td>\n<\/tr>\n<tr class=\"row-6 even\">\n\t<td class=\"column-1\">P\u0141-kat 5<\/td><td class=\"column-2\">Parafia rzymskokatolicka \u0141agosz\u00f3w Wielki (Gross Logisch)<\/td><td class=\"column-3\">[Ksi\u0119ga zmar\u0142ych]<\/td><td class=\"column-4\"><\/td><td class=\"column-5\">1796<\/td><td class=\"column-6\">1877<\/td><td class=\"column-7\"><\/td><td class=\"column-8\">ksi\u0119ga<\/td><td class=\"column-9\">193<\/td><td class=\"column-10\">230x360<\/td><td class=\"column-11\">niem<\/td><td class=\"column-12\"><\/td><td class=\"column-13\">AP \u0141agosz\u00f3w Wielki<\/td>\n<\/tr>\n<tr class=\"row-7 odd\">\n\t<td class=\"column-1\">P\u0141-kat 6<\/td><td class=\"column-2\">Parafia rzymskokatolicka \u0141agosz\u00f3w Wielki (Gross Logisch)<\/td><td class=\"column-3\">[Ksi\u0119ga zmar\u0142ych]<\/td><td class=\"column-4\"><\/td><td class=\"column-5\">1878<\/td><td class=\"column-6\">1945<\/td><td class=\"column-7\"><\/td><td class=\"column-8\">ksi\u0119ga<\/td><td class=\"column-9\">108<\/td><td class=\"column-10\">220x355<\/td><td class=\"column-11\">niem<\/td><td class=\"column-12\"><\/td><td class=\"column-13\">AP \u0141agosz\u00f3w Wielki<\/td>\n<\/tr>\n<tr class=\"row-8 even\">\n\t<td class=\"column-1\">P\u0141-kat 7<\/td><td class=\"column-2\">Parafia rzymskokatolicka \u0141agosz\u00f3w Wielki (Gross Logisch)<\/td><td class=\"column-3\">[Ksi\u0119ga \u015blub\u00f3w]<\/td><td class=\"column-4\"><\/td><td class=\"column-5\">1896<\/td><td class=\"column-6\">1930<\/td><td class=\"column-7\"><\/td><td class=\"column-8\">ksi\u0119ga<\/td><td class=\"column-9\">36<\/td><td class=\"column-10\">245x375<\/td><td class=\"column-11\">niem<\/td><td class=\"column-12\"><\/td><td class=\"column-13\">AP \u0141agosz\u00f3w Wielki<\/td>\n<\/tr>\n<\/tbody>\n<\/table>\n<!-- #tablepress-278 from cache -->\n","protected":false},"excerpt":{"rendered":"","protected":false},"author":1,"featured_media":0,"parent":46,"menu_order":0,"comment_status":"closed","ping_status":"closed","template":"","meta":{"ngg_post_thumbnail":0},"_links":{"self":[{"href":"https:\/\/archiwum.diecezjazg.pl\/index.php\/wp-json\/wp\/v2\/pages\/1586"}],"collection":[{"href":"https:\/\/archiwum.diecezjazg.pl\/index.php\/wp-json\/wp\/v2\/pages"}],"about":[{"href":"https:\/\/archiwum.diecezjazg.pl\/index.php\/wp-json\/wp\/v2\/types\/page"}],"author":[{"embeddable":true,"href":"https:\/\/archiwum.diecezjazg.pl\/index.php\/wp-json\/wp\/v2\/users\/1"}],"replies":[{"embeddable":true,"href":"https:\/\/archiwum.diecezjazg.pl\/index.php\/wp-json\/wp\/v2\/comments?post=1586"}],"version-history":[{"count":1,"href":"https:\/\/archiwum.diecezjazg.pl\/index.php\/wp-json\/wp\/v2\/pages\/1586\/revisions"}],"predecessor-version":[{"id":1587,"href":"https:\/\/archiwum.diecezjazg.pl\/index.php\/wp-json\/wp\/v2\/pages\/1586\/revisions\/1587"}],"up":[{"embeddable":true,"href":"https:\/\/archiwum.diecezjazg.pl\/index.php\/wp-json\/wp\/v2\/pages\/46"}],"wp:attachment":[{"href":"https:\/\/archiwum.diecezjazg.pl\/index.php\/wp-json\/wp\/v2\/media?parent=1586"}],"curies":[{"name":"wp","href":"https:\/\/api.w.org\/{rel}","templated":true}]}}