{"id":1568,"date":"2017-09-26T16:42:29","date_gmt":"2017-09-26T14:42:29","guid":{"rendered":"http:\/\/www.archiwum.diecezjazg.pl\/?page_id=1568"},"modified":"2017-09-26T16:42:29","modified_gmt":"2017-09-26T14:42:29","slug":"akta-parafii-katolickiej-kurow-wielki-gross-kauer-dalkau-zespol-139-sygnatura-pku-kat","status":"publish","type":"page","link":"https:\/\/archiwum.diecezjazg.pl\/index.php\/zasoby-archiwalne\/akta-parafii-katolickiej-kurow-wielki-gross-kauer-dalkau-zespol-139-sygnatura-pku-kat\/","title":{"rendered":"Akta parafii katolickiej Kur\u00f3w Wielki Gross Kauer-Dalkau, zesp\u00f3\u0142 139, sygnatura PKu-kat"},"content":{"rendered":"\n<table id=\"tablepress-269\" class=\"tablepress tablepress-id-269\">\n<thead>\n<tr class=\"row-1 odd\">\n\t<th class=\"column-1\">Sygn<\/th><th class=\"column-2\">Zesp\u00f3\u0142 139<\/th><th class=\"column-3\">Tytu\u0142<\/th><th class=\"column-4\">Rok_ant<\/th><th class=\"column-5\">Rok_p<\/th><th class=\"column-6\">Rok_k<\/th><th class=\"column-7\">Rok_pos<\/th><th class=\"column-8\">Opis_fizyczny<\/th><th class=\"column-9\">ilo\u015b\u0107 stron<\/th><th class=\"column-10\">wymiar<\/th><th class=\"column-11\">j\u0119zyk<\/th><th class=\"column-12\">Sygnatury dawne<\/th><th class=\"column-13\">Uwagi<\/th>\n<\/tr>\n<\/thead>\n<tbody class=\"row-hover\">\n<tr class=\"row-2 even\">\n\t<td class=\"column-1\">PKu-kat 1<\/td><td class=\"column-2\">Parafia rzymskokatolicka Kur\u00f3w Wielki (Gross Kauer-Dalkau)<\/td><td class=\"column-3\">[Ksi\u0119ga urodze\u0144 i chrzt\u00f3w]<\/td><td class=\"column-4\"><\/td><td class=\"column-5\">1860<\/td><td class=\"column-6\">1945<\/td><td class=\"column-7\"><\/td><td class=\"column-8\">ksi\u0119ga<\/td><td class=\"column-9\"><\/td><td class=\"column-10\"><\/td><td class=\"column-11\">niem<\/td><td class=\"column-12\"><\/td><td class=\"column-13\">brak ok\u0142adek str.1-47<\/td>\n<\/tr>\n<tr class=\"row-3 odd\">\n\t<td class=\"column-1\">PKu-kat 2<\/td><td class=\"column-2\">Parafia rzymskokatolicka Kur\u00f3w Wielki (Gross Kauer-Dalkau)<\/td><td class=\"column-3\">[Za\u0142\u0105czniki pochodz\u0105ce z ksi\u0119gi urodze\u0144 i chrzt\u00f3w]<\/td><td class=\"column-4\"><\/td><td class=\"column-5\">1910<\/td><td class=\"column-6\">1996<\/td><td class=\"column-7\"><\/td><td class=\"column-8\">akta lu\u017ane<\/td><td class=\"column-9\"><\/td><td class=\"column-10\"><\/td><td class=\"column-11\">niem, pol<\/td><td class=\"column-12\"><\/td><td class=\"column-13\"><\/td>\n<\/tr>\n<tr class=\"row-4 even\">\n\t<td class=\"column-1\">PKu-kat 3<\/td><td class=\"column-2\">Parafia rzymskokatolicka Kur\u00f3w Wielki (Gross Kauer-Dalkau)<\/td><td class=\"column-3\">Ksiega zmar\u0142ych<\/td><td class=\"column-4\"><\/td><td class=\"column-5\">1820<\/td><td class=\"column-6\">1963<\/td><td class=\"column-7\"><\/td><td class=\"column-8\">ksi\u0119ga<\/td><td class=\"column-9\"><\/td><td class=\"column-10\"><\/td><td class=\"column-11\">niem, pol<\/td><td class=\"column-12\"><\/td><td class=\"column-13\">AP Kur\u00f3w Wielki<\/td>\n<\/tr>\n<tr class=\"row-5 odd\">\n\t<td class=\"column-1\">PKu-kat 4<\/td><td class=\"column-2\">Parafia rzymskokatolicka Kur\u00f3w Wielki (Gross Kauer-Dalkau)<\/td><td class=\"column-3\">Liber decretorum Gross Kauer<\/td><td class=\"column-4\"><\/td><td class=\"column-5\">1718<\/td><td class=\"column-6\">1811<\/td><td class=\"column-7\"><\/td><td class=\"column-8\">ksi\u0119ga<\/td><td class=\"column-9\">brak pag.<\/td><td class=\"column-10\">210x330<\/td><td class=\"column-11\">niem, \u0142ac<\/td><td class=\"column-12\"><\/td><td class=\"column-13\">AP Kur\u00f3w Wielki<\/td>\n<\/tr>\n<\/tbody>\n<\/table>\n<!-- #tablepress-269 from cache -->\n","protected":false},"excerpt":{"rendered":"","protected":false},"author":1,"featured_media":0,"parent":46,"menu_order":0,"comment_status":"closed","ping_status":"closed","template":"","meta":{"ngg_post_thumbnail":0},"_links":{"self":[{"href":"https:\/\/archiwum.diecezjazg.pl\/index.php\/wp-json\/wp\/v2\/pages\/1568"}],"collection":[{"href":"https:\/\/archiwum.diecezjazg.pl\/index.php\/wp-json\/wp\/v2\/pages"}],"about":[{"href":"https:\/\/archiwum.diecezjazg.pl\/index.php\/wp-json\/wp\/v2\/types\/page"}],"author":[{"embeddable":true,"href":"https:\/\/archiwum.diecezjazg.pl\/index.php\/wp-json\/wp\/v2\/users\/1"}],"replies":[{"embeddable":true,"href":"https:\/\/archiwum.diecezjazg.pl\/index.php\/wp-json\/wp\/v2\/comments?post=1568"}],"version-history":[{"count":1,"href":"https:\/\/archiwum.diecezjazg.pl\/index.php\/wp-json\/wp\/v2\/pages\/1568\/revisions"}],"predecessor-version":[{"id":1569,"href":"https:\/\/archiwum.diecezjazg.pl\/index.php\/wp-json\/wp\/v2\/pages\/1568\/revisions\/1569"}],"up":[{"embeddable":true,"href":"https:\/\/archiwum.diecezjazg.pl\/index.php\/wp-json\/wp\/v2\/pages\/46"}],"wp:attachment":[{"href":"https:\/\/archiwum.diecezjazg.pl\/index.php\/wp-json\/wp\/v2\/media?parent=1568"}],"curies":[{"name":"wp","href":"https:\/\/api.w.org\/{rel}","templated":true}]}}