{"id":1562,"date":"2017-09-26T16:39:04","date_gmt":"2017-09-26T14:39:04","guid":{"rendered":"http:\/\/www.archiwum.diecezjazg.pl\/?page_id=1562"},"modified":"2017-09-26T16:39:04","modified_gmt":"2017-09-26T14:39:04","slug":"akta-parafii-katolickiej-kozla-cosel-zespol-136-sygnatura-pkoz-kat","status":"publish","type":"page","link":"https:\/\/archiwum.diecezjazg.pl\/index.php\/zasoby-archiwalne\/akta-parafii-katolickiej-kozla-cosel-zespol-136-sygnatura-pkoz-kat\/","title":{"rendered":"Akta parafii katolickiej Ko\u017ala Cosel, zesp\u00f3\u0142 136, sygnatura PKo\u017a-kat"},"content":{"rendered":"\n<table id=\"tablepress-266\" class=\"tablepress tablepress-id-266\">\n<thead>\n<tr class=\"row-1 odd\">\n\t<th class=\"column-1\">Sygn<\/th><th class=\"column-2\">Zesp\u00f3\u0142 136<\/th><th class=\"column-3\">Tytu\u0142<\/th><th class=\"column-4\">Rok_ant<\/th><th class=\"column-5\">Rok_p<\/th><th class=\"column-6\">Rok_k<\/th><th class=\"column-7\">Rok_pos<\/th><th class=\"column-8\">Opis_fizyczny<\/th><th class=\"column-9\">ilo\u015b\u0107 stron<\/th><th class=\"column-10\">wymiar<\/th><th class=\"column-11\">j\u0119zyk<\/th><th class=\"column-12\">Sygnatury dawne<\/th><th class=\"column-13\">Uwagi<\/th>\n<\/tr>\n<\/thead>\n<tbody class=\"row-hover\">\n<tr class=\"row-2 even\">\n\t<td class=\"column-1\">PKo\u017a-kat 1<\/td><td class=\"column-2\">Parafia rzymskokatolicka Ko\u017ala (Cosel)<\/td><td class=\"column-3\">Trauungen. Duplicat<\/td><td class=\"column-4\"><\/td><td class=\"column-5\">1845<\/td><td class=\"column-6\">1845<\/td><td class=\"column-7\"><\/td><td class=\"column-8\">poszyt<\/td><td class=\"column-9\"><\/td><td class=\"column-10\"><\/td><td class=\"column-11\">niem<\/td><td class=\"column-12\"><\/td><td class=\"column-13\">Archiwum Parafii p.w. Wniebowzi\u0119cia NMP \u017baga\u0144<\/td>\n<\/tr>\n<tr class=\"row-3 odd\">\n\t<td class=\"column-1\">PKo\u017a-kat 2<\/td><td class=\"column-2\">Parafia rzymskokatolicka Ko\u017ala (Cosel)<\/td><td class=\"column-3\">Duplikat des Kirchenbueches bei der Pfarrkirche zu Cosel<\/td><td class=\"column-4\"><\/td><td class=\"column-5\">1846<\/td><td class=\"column-6\">1846<\/td><td class=\"column-7\"><\/td><td class=\"column-8\">poszyt<\/td><td class=\"column-9\"><\/td><td class=\"column-10\"><\/td><td class=\"column-11\">niem<\/td><td class=\"column-12\"><\/td><td class=\"column-13\">Archiwum Parafii p.w. Wniebowzi\u0119cia NMP \u017baga\u0144<\/td>\n<\/tr>\n<tr class=\"row-4 even\">\n\t<td class=\"column-1\">PKo\u017a-kat 3<\/td><td class=\"column-2\">Parafia rzymskokatolicka Ko\u017ala (Cosel)<\/td><td class=\"column-3\">Duplikat des Kirchenbueches bei der Pfarrkirche zu Cosel<\/td><td class=\"column-4\"><\/td><td class=\"column-5\">1856<\/td><td class=\"column-6\">1856<\/td><td class=\"column-7\"><\/td><td class=\"column-8\">poszyt<\/td><td class=\"column-9\"><\/td><td class=\"column-10\"><\/td><td class=\"column-11\">niem<\/td><td class=\"column-12\"><\/td><td class=\"column-13\">Archiwum Parafii p.w. Wniebowzi\u0119cia NMP \u017baga\u0144<\/td>\n<\/tr>\n<tr class=\"row-5 odd\">\n\t<td class=\"column-1\">PKo\u017a-kat 4<\/td><td class=\"column-2\">Parafia rzymskokatolicka Ko\u017ala (Cosel)<\/td><td class=\"column-3\">Duplikat des Kirchenbueches bei der Pfarrkirche zu Cosel<\/td><td class=\"column-4\"><\/td><td class=\"column-5\">1857<\/td><td class=\"column-6\">1857<\/td><td class=\"column-7\"><\/td><td class=\"column-8\">poszyt<\/td><td class=\"column-9\"><\/td><td class=\"column-10\"><\/td><td class=\"column-11\">niem<\/td><td class=\"column-12\"><\/td><td class=\"column-13\">Archiwum Parafii p.w. Wniebowzi\u0119cia NMP \u017baga\u0144<\/td>\n<\/tr>\n<\/tbody>\n<\/table>\n<!-- #tablepress-266 from cache -->\n","protected":false},"excerpt":{"rendered":"","protected":false},"author":1,"featured_media":0,"parent":46,"menu_order":0,"comment_status":"closed","ping_status":"closed","template":"","meta":{"ngg_post_thumbnail":0},"_links":{"self":[{"href":"https:\/\/archiwum.diecezjazg.pl\/index.php\/wp-json\/wp\/v2\/pages\/1562"}],"collection":[{"href":"https:\/\/archiwum.diecezjazg.pl\/index.php\/wp-json\/wp\/v2\/pages"}],"about":[{"href":"https:\/\/archiwum.diecezjazg.pl\/index.php\/wp-json\/wp\/v2\/types\/page"}],"author":[{"embeddable":true,"href":"https:\/\/archiwum.diecezjazg.pl\/index.php\/wp-json\/wp\/v2\/users\/1"}],"replies":[{"embeddable":true,"href":"https:\/\/archiwum.diecezjazg.pl\/index.php\/wp-json\/wp\/v2\/comments?post=1562"}],"version-history":[{"count":1,"href":"https:\/\/archiwum.diecezjazg.pl\/index.php\/wp-json\/wp\/v2\/pages\/1562\/revisions"}],"predecessor-version":[{"id":1563,"href":"https:\/\/archiwum.diecezjazg.pl\/index.php\/wp-json\/wp\/v2\/pages\/1562\/revisions\/1563"}],"up":[{"embeddable":true,"href":"https:\/\/archiwum.diecezjazg.pl\/index.php\/wp-json\/wp\/v2\/pages\/46"}],"wp:attachment":[{"href":"https:\/\/archiwum.diecezjazg.pl\/index.php\/wp-json\/wp\/v2\/media?parent=1562"}],"curies":[{"name":"wp","href":"https:\/\/api.w.org\/{rel}","templated":true}]}}