{"id":1552,"date":"2017-09-26T16:33:38","date_gmt":"2017-09-26T14:33:38","guid":{"rendered":"http:\/\/www.archiwum.diecezjazg.pl\/?page_id=1552"},"modified":"2017-09-26T16:33:38","modified_gmt":"2017-09-26T14:33:38","slug":"akta-parafii-katolickiej-kolsko-kolzig-zespol-131-sygnatura-pkol-kat","status":"publish","type":"page","link":"https:\/\/archiwum.diecezjazg.pl\/index.php\/zasoby-archiwalne\/akta-parafii-katolickiej-kolsko-kolzig-zespol-131-sygnatura-pkol-kat\/","title":{"rendered":"Akta parafii katolickiej Kolsko Kolzig, zesp\u00f3\u0142 131, sygnatura PKol-kat"},"content":{"rendered":"\n<table id=\"tablepress-261\" class=\"tablepress tablepress-id-261\">\n<thead>\n<tr class=\"row-1 odd\">\n\t<th class=\"column-1\">Sygn.<\/th><th class=\"column-2\">Zesp\u00f3\u0142 131<\/th><th class=\"column-3\">Tytu\u0142<\/th><th class=\"column-4\">Rok_ant<\/th><th class=\"column-5\">Rok_p<\/th><th class=\"column-6\">Rok_k<\/th><th class=\"column-7\">Rok_pos<\/th><th class=\"column-8\">Opis_fizyczny<\/th><th class=\"column-9\">ilo\u015b\u0107 stron<\/th><th class=\"column-10\">wymiar<\/th><th class=\"column-11\">j\u0119zyk<\/th><th class=\"column-12\">Sygnatury dawne<\/th><th class=\"column-13\">Uwagi<\/th>\n<\/tr>\n<\/thead>\n<tbody class=\"row-hover\">\n<tr class=\"row-2 even\">\n\t<td class=\"column-1\">PKol-kat 1<\/td><td class=\"column-2\">Parafia rzymskokatolicka Kolsko (Kolzig)<\/td><td class=\"column-3\">Taufbuch<\/td><td class=\"column-4\"><\/td><td class=\"column-5\">1880<\/td><td class=\"column-6\">1950<\/td><td class=\"column-7\"><\/td><td class=\"column-8\">ksi\u0119ga<\/td><td class=\"column-9\">490<\/td><td class=\"column-10\">250x380<\/td><td class=\"column-11\">niem, pol<\/td><td class=\"column-12\"><\/td><td class=\"column-13\">AP Kolsko<\/td>\n<\/tr>\n<tr class=\"row-3 odd\">\n\t<td class=\"column-1\">PKol-kat 2<\/td><td class=\"column-2\">Parafia rzymskokatolicka Kolsko (Kolzig)<\/td><td class=\"column-3\">Trauungsbuch<\/td><td class=\"column-4\"><\/td><td class=\"column-5\">1822<\/td><td class=\"column-6\">1930<\/td><td class=\"column-7\"><\/td><td class=\"column-8\">ksi\u0119ga<\/td><td class=\"column-9\">brak paginacji<\/td><td class=\"column-10\">230x360<\/td><td class=\"column-11\">niem<\/td><td class=\"column-12\"><\/td><td class=\"column-13\">AP Kolsko<\/td>\n<\/tr>\n<tr class=\"row-4 even\">\n\t<td class=\"column-1\">PKol-kat 3<\/td><td class=\"column-2\">Parafia rzymskokatolicka Kolsko (Kolzig)<\/td><td class=\"column-3\">Begr \u00e4 bnissbuch<\/td><td class=\"column-4\"><\/td><td class=\"column-5\">1844<\/td><td class=\"column-6\">1920<\/td><td class=\"column-7\"><\/td><td class=\"column-8\">ksi\u0119ga<\/td><td class=\"column-9\">brak paginacji<\/td><td class=\"column-10\">230x360<\/td><td class=\"column-11\">niem<\/td><td class=\"column-12\"><\/td><td class=\"column-13\">AP Kolsko<\/td>\n<\/tr>\n<tr class=\"row-5 odd\">\n\t<td class=\"column-1\">PKol-kat 4<\/td><td class=\"column-2\">Parafia rzymskokatolicka Kolsko (Kolzig)<\/td><td class=\"column-3\">Konotopper Kirche (Ksi\u0119ga chrzt\u00f3w Konotop 1726-1756, Ksi\u0119ga ma\u0142\u017ce\u0144stw Konotop 1726-1757)<\/td><td class=\"column-4\"><\/td><td class=\"column-5\">1726<\/td><td class=\"column-6\">1757<\/td><td class=\"column-7\"><\/td><td class=\"column-8\">ksi\u0119ga<\/td><td class=\"column-9\">brak paginacji<\/td><td class=\"column-10\">200x320<\/td><td class=\"column-11\">niem<\/td><td class=\"column-12\"><\/td><td class=\"column-13\">AP Kolsko<\/td>\n<\/tr>\n<tr class=\"row-6 even\">\n\t<td class=\"column-1\">PKol-kat 5<\/td><td class=\"column-2\">Parafia rzymskokatolicka Kolsko (Kolzig)<\/td><td class=\"column-3\">Taufbuch Kontopp (Konotop)<\/td><td class=\"column-4\"><\/td><td class=\"column-5\">1756<\/td><td class=\"column-6\">1943<\/td><td class=\"column-7\"><\/td><td class=\"column-8\">ksi\u0119ga<\/td><td class=\"column-9\">brak paginacji<\/td><td class=\"column-10\">200x320<\/td><td class=\"column-11\">niem<\/td><td class=\"column-12\"><\/td><td class=\"column-13\">AP Kolsko<\/td>\n<\/tr>\n<tr class=\"row-7 odd\">\n\t<td class=\"column-1\">PKol-kat 6<\/td><td class=\"column-2\">Parafia rzymskokatolicka Kolsko (Kolzig)<\/td><td class=\"column-3\">Currenden Buch Liebenzig und Kontopp (Lubi\u0119cin i Konotop)<\/td><td class=\"column-4\"><\/td><td class=\"column-5\">1811<\/td><td class=\"column-6\">1877<\/td><td class=\"column-7\"><\/td><td class=\"column-8\">ksi\u0119ga<\/td><td class=\"column-9\">365<\/td><td class=\"column-10\">220x350<\/td><td class=\"column-11\">niem<\/td><td class=\"column-12\"><\/td><td class=\"column-13\">AP Kolsko<\/td>\n<\/tr>\n<\/tbody>\n<\/table>\n<!-- #tablepress-261 from cache -->\n","protected":false},"excerpt":{"rendered":"","protected":false},"author":1,"featured_media":0,"parent":46,"menu_order":0,"comment_status":"closed","ping_status":"closed","template":"","meta":{"ngg_post_thumbnail":0},"_links":{"self":[{"href":"https:\/\/archiwum.diecezjazg.pl\/index.php\/wp-json\/wp\/v2\/pages\/1552"}],"collection":[{"href":"https:\/\/archiwum.diecezjazg.pl\/index.php\/wp-json\/wp\/v2\/pages"}],"about":[{"href":"https:\/\/archiwum.diecezjazg.pl\/index.php\/wp-json\/wp\/v2\/types\/page"}],"author":[{"embeddable":true,"href":"https:\/\/archiwum.diecezjazg.pl\/index.php\/wp-json\/wp\/v2\/users\/1"}],"replies":[{"embeddable":true,"href":"https:\/\/archiwum.diecezjazg.pl\/index.php\/wp-json\/wp\/v2\/comments?post=1552"}],"version-history":[{"count":1,"href":"https:\/\/archiwum.diecezjazg.pl\/index.php\/wp-json\/wp\/v2\/pages\/1552\/revisions"}],"predecessor-version":[{"id":1553,"href":"https:\/\/archiwum.diecezjazg.pl\/index.php\/wp-json\/wp\/v2\/pages\/1552\/revisions\/1553"}],"up":[{"embeddable":true,"href":"https:\/\/archiwum.diecezjazg.pl\/index.php\/wp-json\/wp\/v2\/pages\/46"}],"wp:attachment":[{"href":"https:\/\/archiwum.diecezjazg.pl\/index.php\/wp-json\/wp\/v2\/media?parent=1552"}],"curies":[{"name":"wp","href":"https:\/\/api.w.org\/{rel}","templated":true}]}}