{"id":1550,"date":"2017-09-26T16:32:46","date_gmt":"2017-09-26T14:32:46","guid":{"rendered":"http:\/\/www.archiwum.diecezjazg.pl\/?page_id=1550"},"modified":"2017-09-26T16:32:46","modified_gmt":"2017-09-26T14:32:46","slug":"akta-parafii-katolickiej-kobylowloki-zespol-130-sygnatura-pko-kat","status":"publish","type":"page","link":"https:\/\/archiwum.diecezjazg.pl\/index.php\/zasoby-archiwalne\/akta-parafii-katolickiej-kobylowloki-zespol-130-sygnatura-pko-kat\/","title":{"rendered":"Akta parafii katolickiej Koby\u0142ow\u0142oki, zesp\u00f3\u0142 130, sygnatura PKo-kat"},"content":{"rendered":"\n<table id=\"tablepress-260\" class=\"tablepress tablepress-id-260\">\n<thead>\n<tr class=\"row-1 odd\">\n\t<th class=\"column-1\">Sygn.<\/th><th class=\"column-2\">Zesp\u00f3\u0142 130<\/th><th class=\"column-3\">Tytu\u0142<\/th><th class=\"column-4\">Rok_ant<\/th><th class=\"column-5\">Rok_p<\/th><th class=\"column-6\">Rok_k<\/th><th class=\"column-7\">Rok_pos<\/th><th class=\"column-8\">Opis_fizyczny<\/th><th class=\"column-9\">ilo\u015b\u0107 stron<\/th><th class=\"column-10\">wymiar<\/th><th class=\"column-11\">j\u0119zyk<\/th><th class=\"column-12\">Sygnatury dawne<\/th><th class=\"column-13\">Uwagi<\/th>\n<\/tr>\n<\/thead>\n<tbody class=\"row-hover\">\n<tr class=\"row-2 even\">\n\t<td class=\"column-1\">PKo-kat 1<\/td><td class=\"column-2\">Parafia rzymskokatolicka Koby\u0142ow\u0142oki<\/td><td class=\"column-3\">Ksi\u0119ga zapowiedzi<\/td><td class=\"column-4\"><\/td><td class=\"column-5\">1902<\/td><td class=\"column-6\">1944<\/td><td class=\"column-7\"><\/td><td class=\"column-8\">ksi\u0119ga<\/td><td class=\"column-9\">brak pag.<\/td><td class=\"column-10\">260x390<\/td><td class=\"column-11\">pol. \u0141ac.<\/td><td class=\"column-12\"><\/td><td class=\"column-13\">AP Klenica<\/td>\n<\/tr>\n<tr class=\"row-3 odd\">\n\t<td class=\"column-1\">PKo-kat 2<\/td><td class=\"column-2\">Parafia rzymskokatolicka Koby\u0142ow\u0142oki<\/td><td class=\"column-3\">Status animarum [pocz\u0105tek XX wieku]<\/td><td class=\"column-4\"><\/td><td class=\"column-5\"><\/td><td class=\"column-6\"><\/td><td class=\"column-7\"><\/td><td class=\"column-8\">ksi\u0119ga<\/td><td class=\"column-9\">brak pag.<\/td><td class=\"column-10\">260x390<\/td><td class=\"column-11\">pol. \u0141ac.<\/td><td class=\"column-12\"><\/td><td class=\"column-13\">AP Klenica<\/td>\n<\/tr>\n<\/tbody>\n<\/table>\n<!-- #tablepress-260 from cache -->\n","protected":false},"excerpt":{"rendered":"","protected":false},"author":1,"featured_media":0,"parent":46,"menu_order":0,"comment_status":"closed","ping_status":"closed","template":"","meta":{"ngg_post_thumbnail":0},"_links":{"self":[{"href":"https:\/\/archiwum.diecezjazg.pl\/index.php\/wp-json\/wp\/v2\/pages\/1550"}],"collection":[{"href":"https:\/\/archiwum.diecezjazg.pl\/index.php\/wp-json\/wp\/v2\/pages"}],"about":[{"href":"https:\/\/archiwum.diecezjazg.pl\/index.php\/wp-json\/wp\/v2\/types\/page"}],"author":[{"embeddable":true,"href":"https:\/\/archiwum.diecezjazg.pl\/index.php\/wp-json\/wp\/v2\/users\/1"}],"replies":[{"embeddable":true,"href":"https:\/\/archiwum.diecezjazg.pl\/index.php\/wp-json\/wp\/v2\/comments?post=1550"}],"version-history":[{"count":1,"href":"https:\/\/archiwum.diecezjazg.pl\/index.php\/wp-json\/wp\/v2\/pages\/1550\/revisions"}],"predecessor-version":[{"id":1551,"href":"https:\/\/archiwum.diecezjazg.pl\/index.php\/wp-json\/wp\/v2\/pages\/1550\/revisions\/1551"}],"up":[{"embeddable":true,"href":"https:\/\/archiwum.diecezjazg.pl\/index.php\/wp-json\/wp\/v2\/pages\/46"}],"wp:attachment":[{"href":"https:\/\/archiwum.diecezjazg.pl\/index.php\/wp-json\/wp\/v2\/media?parent=1550"}],"curies":[{"name":"wp","href":"https:\/\/api.w.org\/{rel}","templated":true}]}}