{"id":1548,"date":"2017-09-26T16:31:45","date_gmt":"2017-09-26T14:31:45","guid":{"rendered":"http:\/\/www.archiwum.diecezjazg.pl\/?page_id=1548"},"modified":"2017-09-26T16:31:45","modified_gmt":"2017-09-26T14:31:45","slug":"akta-parafii-katolickiej-kloda-kladau-zespol-129-sygnatura-pklo-kat","status":"publish","type":"page","link":"https:\/\/archiwum.diecezjazg.pl\/index.php\/zasoby-archiwalne\/akta-parafii-katolickiej-kloda-kladau-zespol-129-sygnatura-pklo-kat\/","title":{"rendered":"Akta parafii katolickiej K\u0142oda Kladau, zesp\u00f3\u0142 129, sygnatura PK\u0142o-kat"},"content":{"rendered":"\n<table id=\"tablepress-259\" class=\"tablepress tablepress-id-259\">\n<thead>\n<tr class=\"row-1 odd\">\n\t<th class=\"column-1\">Sygn<\/th><th class=\"column-2\">Zesp\u00f3\u0142 129<\/th><th class=\"column-3\">Tytu\u0142<\/th><th class=\"column-4\">Rok_ant<\/th><th class=\"column-5\">Rok_p<\/th><th class=\"column-6\">Rok_k<\/th><th class=\"column-7\">Rok_pos<\/th><th class=\"column-8\">Opis_fizyczny<\/th><th class=\"column-9\">ilo\u015b\u0107 stron<\/th><th class=\"column-10\">wymiar<\/th><th class=\"column-11\">j\u0119zyk<\/th><th class=\"column-12\">Sygnatury dawne<\/th><th class=\"column-13\">Uwagi<\/th>\n<\/tr>\n<\/thead>\n<tbody class=\"row-hover\">\n<tr class=\"row-2 even\">\n\t<td class=\"column-1\">PK\u0142o-kat 1<\/td><td class=\"column-2\">Parafia rzymskokatolicka K\u0142oda (Kladau)<\/td><td class=\"column-3\">Ksi\u0119ga chrzt\u00f3w (1931-1961), \u015blub\u00f3w (1931-1964) i zgon\u00f3w (1931-1963). K\u0142oda<\/td><td class=\"column-4\"><\/td><td class=\"column-5\">1931<\/td><td class=\"column-6\">1961<\/td><td class=\"column-7\"><\/td><td class=\"column-8\">ksi\u0119ga<\/td><td class=\"column-9\"><\/td><td class=\"column-10\">240x375<\/td><td class=\"column-11\">niem, pol<\/td><td class=\"column-12\"><\/td><td class=\"column-13\">AP Kur\u00f3w Wleki<\/td>\n<\/tr>\n<tr class=\"row-3 odd\">\n\t<td class=\"column-1\">PK\u0142o-kat 2<\/td><td class=\"column-2\">Parafia rzymskokatolicka K\u0142oda (Kladau)<\/td><td class=\"column-3\">Ksi\u0119ga chrzt\u00f3w 1930-53, \u015blub\u00f3w 1930-55 i zgon\u00f3w 1930-1963. \u017bukowice<\/td><td class=\"column-4\"><\/td><td class=\"column-5\">1934<\/td><td class=\"column-6\">1963<\/td><td class=\"column-7\"><\/td><td class=\"column-8\">ksi\u0119ga<\/td><td class=\"column-9\"><\/td><td class=\"column-10\">240x375<\/td><td class=\"column-11\">niem, pol<\/td><td class=\"column-12\"><\/td><td class=\"column-13\">AP Kur\u00f3w Wleki<\/td>\n<\/tr>\n<tr class=\"row-4 even\">\n\t<td class=\"column-1\">PK\u0142o-kat 3<\/td><td class=\"column-2\">Parafia rzymskokatolicka K\u0142oda (Kladau)<\/td><td class=\"column-3\">[Korespondencja w sprawach metrykalnych]<\/td><td class=\"column-4\"><\/td><td class=\"column-5\"><\/td><td class=\"column-6\"><\/td><td class=\"column-7\"><\/td><td class=\"column-8\">akta lu\u017ane<\/td><td class=\"column-9\"><\/td><td class=\"column-10\"><\/td><td class=\"column-11\">niem, pol<\/td><td class=\"column-12\"><\/td><td class=\"column-13\">AP Kur\u00f3w Wleki<\/td>\n<\/tr>\n<tr class=\"row-5 odd\">\n\t<td class=\"column-1\">PK\u0142o-kat 4<\/td><td class=\"column-2\">Parafia rzymskokatolicka K\u0142oda (Kladau)<\/td><td class=\"column-3\">Acta in Sachen der Wiederherstellung des am 2ten September 1840 abgebrannten Pfarrhauses zu Kladau I Teil<\/td><td class=\"column-4\"><\/td><td class=\"column-5\">1840<\/td><td class=\"column-6\">1845<\/td><td class=\"column-7\"><\/td><td class=\"column-8\">stan dobry<\/td><td class=\"column-9\"><\/td><td class=\"column-10\">240x385<\/td><td class=\"column-11\">niem<\/td><td class=\"column-12\">F2<\/td><td class=\"column-13\"><\/td>\n<\/tr>\n<\/tbody>\n<\/table>\n<!-- #tablepress-259 from cache -->\n","protected":false},"excerpt":{"rendered":"","protected":false},"author":1,"featured_media":0,"parent":46,"menu_order":0,"comment_status":"closed","ping_status":"closed","template":"","meta":{"ngg_post_thumbnail":0},"_links":{"self":[{"href":"https:\/\/archiwum.diecezjazg.pl\/index.php\/wp-json\/wp\/v2\/pages\/1548"}],"collection":[{"href":"https:\/\/archiwum.diecezjazg.pl\/index.php\/wp-json\/wp\/v2\/pages"}],"about":[{"href":"https:\/\/archiwum.diecezjazg.pl\/index.php\/wp-json\/wp\/v2\/types\/page"}],"author":[{"embeddable":true,"href":"https:\/\/archiwum.diecezjazg.pl\/index.php\/wp-json\/wp\/v2\/users\/1"}],"replies":[{"embeddable":true,"href":"https:\/\/archiwum.diecezjazg.pl\/index.php\/wp-json\/wp\/v2\/comments?post=1548"}],"version-history":[{"count":1,"href":"https:\/\/archiwum.diecezjazg.pl\/index.php\/wp-json\/wp\/v2\/pages\/1548\/revisions"}],"predecessor-version":[{"id":1549,"href":"https:\/\/archiwum.diecezjazg.pl\/index.php\/wp-json\/wp\/v2\/pages\/1548\/revisions\/1549"}],"up":[{"embeddable":true,"href":"https:\/\/archiwum.diecezjazg.pl\/index.php\/wp-json\/wp\/v2\/pages\/46"}],"wp:attachment":[{"href":"https:\/\/archiwum.diecezjazg.pl\/index.php\/wp-json\/wp\/v2\/media?parent=1548"}],"curies":[{"name":"wp","href":"https:\/\/api.w.org\/{rel}","templated":true}]}}