{"id":1527,"date":"2017-09-26T16:11:46","date_gmt":"2017-09-26T14:11:46","guid":{"rendered":"http:\/\/www.archiwum.diecezjazg.pl\/?page_id=1527"},"modified":"2017-09-26T16:11:46","modified_gmt":"2017-09-26T14:11:46","slug":"akta-katolickiego-kosciola-filialnego-jerzmanowa-hermsdorf-zespol-119-sygnatura-pjer-kat","status":"publish","type":"page","link":"https:\/\/archiwum.diecezjazg.pl\/index.php\/zasoby-archiwalne\/akta-katolickiego-kosciola-filialnego-jerzmanowa-hermsdorf-zespol-119-sygnatura-pjer-kat\/","title":{"rendered":"Akta katolickiego ko\u015bcio\u0142a filialnego Jerzmanowa Hermsdorf, zesp\u00f3\u0142 119, sygnatura PJer-kat"},"content":{"rendered":"\n<table id=\"tablepress-249\" class=\"tablepress tablepress-id-249\">\n<thead>\n<tr class=\"row-1 odd\">\n\t<th class=\"column-1\">Sygn<\/th><th class=\"column-2\">Zesp\u00f3\u0142 119<\/th><th class=\"column-3\">Tytu\u0142<\/th><th class=\"column-4\">Rok_ant<\/th><th class=\"column-5\">Rok_p<\/th><th class=\"column-6\">Rok_k<\/th><th class=\"column-7\">Rok_pos<\/th><th class=\"column-8\">Opis_fizyczny<\/th><th class=\"column-9\">ilo\u015b\u0107 stron<\/th><th class=\"column-10\">wymiar<\/th><th class=\"column-11\">j\u0119zyk<\/th><th class=\"column-12\">Sygnatury dawne<\/th><th class=\"column-13\">Uwagi<\/th>\n<\/tr>\n<\/thead>\n<tbody class=\"row-hover\">\n<tr class=\"row-2 even\">\n\t<td class=\"column-1\">PJer-kat 1<\/td><td class=\"column-2\">Ko\u015bci\u00f3\u0142 filialny Jerzmanowa (Hermsdorf) Parafia Jacz\u00f3w<\/td><td class=\"column-3\">Trauungs-Tauf-Beerdigungs-Buch der katholischen Filial-Kirche zu Hermsdorf [Chrzty 1822-73; \u015bluby 1823-99; zgony 1822-95<\/td><td class=\"column-4\"><\/td><td class=\"column-5\">1822<\/td><td class=\"column-6\">1899<\/td><td class=\"column-7\"><\/td><td class=\"column-8\">ksi\u0119ga<\/td><td class=\"column-9\"><\/td><td class=\"column-10\">220x340<\/td><td class=\"column-11\">niem<\/td><td class=\"column-12\"><\/td><td class=\"column-13\">AP Jakub\u00f3w<\/td>\n<\/tr>\n<tr class=\"row-3 odd\">\n\t<td class=\"column-1\">PJer-kat 2<\/td><td class=\"column-2\">Ko\u015bci\u00f3\u0142 filialny Jerzmanowa (Hermsdorf) Parafia Jacz\u00f3w<\/td><td class=\"column-3\">Tauf-Buch der katholischen Filial-Kirche zu Hermsdorf<\/td><td class=\"column-4\"><\/td><td class=\"column-5\">1874<\/td><td class=\"column-6\">1946<\/td><td class=\"column-7\"><\/td><td class=\"column-8\">ksi\u0119ga<\/td><td class=\"column-9\"><\/td><td class=\"column-10\">230x375<\/td><td class=\"column-11\">niem, pol<\/td><td class=\"column-12\"><\/td><td class=\"column-13\">AP Jakub\u00f3w<\/td>\n<\/tr>\n<tr class=\"row-4 even\">\n\t<td class=\"column-1\">PJer-kat 3<\/td><td class=\"column-2\">Ko\u015bci\u00f3\u0142 filialny Jerzmanowa (Hermsdorf) Parafia Jacz\u00f3w<\/td><td class=\"column-3\">Trauungsbuch der katholischen Kirche zu Hermsdorf<\/td><td class=\"column-4\"><\/td><td class=\"column-5\">1901<\/td><td class=\"column-6\">1946<\/td><td class=\"column-7\"><\/td><td class=\"column-8\">ksi\u0119ga<\/td><td class=\"column-9\"><\/td><td class=\"column-10\">240x365<\/td><td class=\"column-11\">niem, pol<\/td><td class=\"column-12\"><\/td><td class=\"column-13\">AP Jakub\u00f3w<\/td>\n<\/tr>\n<tr class=\"row-5 odd\">\n\t<td class=\"column-1\">PJer-kat 4<\/td><td class=\"column-2\">Ko\u015bci\u00f3\u0142 filialny Jerzmanowa (Hermsdorf) Parafia Jacz\u00f3w<\/td><td class=\"column-3\">Totenbuch Hermsdorf<\/td><td class=\"column-4\"><\/td><td class=\"column-5\">1894<\/td><td class=\"column-6\">1946<\/td><td class=\"column-7\"><\/td><td class=\"column-8\">ksi\u0119ga<\/td><td class=\"column-9\"><\/td><td class=\"column-10\">250x380<\/td><td class=\"column-11\">niem<\/td><td class=\"column-12\"><\/td><td class=\"column-13\">AP Jakub\u00f3w<\/td>\n<\/tr>\n<tr class=\"row-6 even\">\n\t<td class=\"column-1\">PJer-kat 5<\/td><td class=\"column-2\">Ko\u015bci\u00f3\u0142 filialny Jerzmanowa (Hermsdorf) Parafia Jacz\u00f3w<\/td><td class=\"column-3\">Protocollum Parochiae \u2026kirchensis Hermsdorffensis<\/td><td class=\"column-4\"><\/td><td class=\"column-5\">1763<\/td><td class=\"column-6\">1789<\/td><td class=\"column-7\"><\/td><td class=\"column-8\">ksi\u0119ga<\/td><td class=\"column-9\"><\/td><td class=\"column-10\">210x335<\/td><td class=\"column-11\">niem<\/td><td class=\"column-12\">10b; 13<\/td><td class=\"column-13\">AP Jakub\u00f3w<\/td>\n<\/tr>\n<tr class=\"row-7 odd\">\n\t<td class=\"column-1\">PJer-kat 6<\/td><td class=\"column-2\">Ko\u015bci\u00f3\u0142 filialny Jerzmanowa (Hermsdorf) Parafia Jacz\u00f3w<\/td><td class=\"column-3\">Regestum ad Ecclesiam Hermsdorffensis<\/td><td class=\"column-4\"><\/td><td class=\"column-5\">1788<\/td><td class=\"column-6\">1880<\/td><td class=\"column-7\"><\/td><td class=\"column-8\">ksi\u0119ga<\/td><td class=\"column-9\"><\/td><td class=\"column-10\">185x230<\/td><td class=\"column-11\">niem<\/td><td class=\"column-12\">III 3<\/td><td class=\"column-13\">AP Jakub\u00f3w<\/td>\n<\/tr>\n<tr class=\"row-8 even\">\n\t<td class=\"column-1\">PJer-kat 7<\/td><td class=\"column-2\">Ko\u015bci\u00f3\u0142 filialny Jerzmanowa (Hermsdorf) Parafia Jacz\u00f3w<\/td><td class=\"column-3\">Pfarr-Register von Hermsdorf<\/td><td class=\"column-4\"><\/td><td class=\"column-5\">1859<\/td><td class=\"column-6\">1884<\/td><td class=\"column-7\"><\/td><td class=\"column-8\">ksi\u0119ga<\/td><td class=\"column-9\"><\/td><td class=\"column-10\">225x360<\/td><td class=\"column-11\">niem<\/td><td class=\"column-12\">7; 20; III 4<\/td><td class=\"column-13\">AP Jakub\u00f3w<\/td>\n<\/tr>\n<tr class=\"row-9 odd\">\n\t<td class=\"column-1\">PJer-kat 8<\/td><td class=\"column-2\">Ko\u015bci\u00f3\u0142 filialny Jerzmanowa (Hermsdorf) Parafia Jacz\u00f3w<\/td><td class=\"column-3\">Journal  \u00fc ber Einnahme und Ausgabe bei den Kassen der katholischen Filialkirche zu Hermsdorf<\/td><td class=\"column-4\"><\/td><td class=\"column-5\">brak<\/td><td class=\"column-6\">brak<\/td><td class=\"column-7\"><\/td><td class=\"column-8\">ksi\u0119ga<\/td><td class=\"column-9\"><\/td><td class=\"column-10\">220x340<\/td><td class=\"column-11\">brak<\/td><td class=\"column-12\"><\/td><td class=\"column-13\"> Brak zawarto\u015bci, kt\u00f3r\u0105 wyrwano. 8 kart brudnopisu zapowiedzi. AP Jakub\u00f3w<\/td>\n<\/tr>\n<\/tbody>\n<\/table>\n<!-- #tablepress-249 from cache -->\n","protected":false},"excerpt":{"rendered":"","protected":false},"author":1,"featured_media":0,"parent":46,"menu_order":0,"comment_status":"closed","ping_status":"closed","template":"","meta":{"ngg_post_thumbnail":0},"_links":{"self":[{"href":"https:\/\/archiwum.diecezjazg.pl\/index.php\/wp-json\/wp\/v2\/pages\/1527"}],"collection":[{"href":"https:\/\/archiwum.diecezjazg.pl\/index.php\/wp-json\/wp\/v2\/pages"}],"about":[{"href":"https:\/\/archiwum.diecezjazg.pl\/index.php\/wp-json\/wp\/v2\/types\/page"}],"author":[{"embeddable":true,"href":"https:\/\/archiwum.diecezjazg.pl\/index.php\/wp-json\/wp\/v2\/users\/1"}],"replies":[{"embeddable":true,"href":"https:\/\/archiwum.diecezjazg.pl\/index.php\/wp-json\/wp\/v2\/comments?post=1527"}],"version-history":[{"count":1,"href":"https:\/\/archiwum.diecezjazg.pl\/index.php\/wp-json\/wp\/v2\/pages\/1527\/revisions"}],"predecessor-version":[{"id":1528,"href":"https:\/\/archiwum.diecezjazg.pl\/index.php\/wp-json\/wp\/v2\/pages\/1527\/revisions\/1528"}],"up":[{"embeddable":true,"href":"https:\/\/archiwum.diecezjazg.pl\/index.php\/wp-json\/wp\/v2\/pages\/46"}],"wp:attachment":[{"href":"https:\/\/archiwum.diecezjazg.pl\/index.php\/wp-json\/wp\/v2\/media?parent=1527"}],"curies":[{"name":"wp","href":"https:\/\/api.w.org\/{rel}","templated":true}]}}