{"id":1519,"date":"2017-09-26T16:02:12","date_gmt":"2017-09-26T14:02:12","guid":{"rendered":"http:\/\/www.archiwum.diecezjazg.pl\/?page_id=1519"},"modified":"2017-09-26T16:02:12","modified_gmt":"2017-09-26T14:02:12","slug":"akta-parafii-katolickiej-jablonow-schonbrunn-zespol-115-sygnatura-pj-kat","status":"publish","type":"page","link":"https:\/\/archiwum.diecezjazg.pl\/index.php\/zasoby-archiwalne\/akta-parafii-katolickiej-jablonow-schonbrunn-zespol-115-sygnatura-pj-kat\/","title":{"rendered":"Akta parafii katolickiej Jab\u0142on\u00f3w Sch\u00f6nbrunn, zesp\u00f3\u0142 115, sygnatura PJ-kat"},"content":{"rendered":"\n<table id=\"tablepress-245\" class=\"tablepress tablepress-id-245\">\n<thead>\n<tr class=\"row-1 odd\">\n\t<th class=\"column-1\">Sygn<\/th><th class=\"column-2\">Zesp\u00f3\u0142 115<\/th><th class=\"column-3\">Tytu\u0142<\/th><th class=\"column-4\">Rok_ant<\/th><th class=\"column-5\">Rok_p<\/th><th class=\"column-6\">Rok_k<\/th><th class=\"column-7\">Rok_pos<\/th><th class=\"column-8\">Opis_fizyczny<\/th><th class=\"column-9\">ilo\u015b\u0107 stron<\/th><th class=\"column-10\">wymiar<\/th><th class=\"column-11\">j\u0119zyk<\/th><th class=\"column-12\">Sygnatury dawne<\/th><th class=\"column-13\">Uwagi<\/th>\n<\/tr>\n<\/thead>\n<tbody class=\"row-hover\">\n<tr class=\"row-2 even\">\n\t<td class=\"column-1\">PJ-kat 1<\/td><td class=\"column-2\">Parafia rzymskokatolicka Jab\u0142on\u00f3w (Sch \u00f6 nbrunn)<\/td><td class=\"column-3\">Taufbuch der Kirche zu Schoenbrunn<\/td><td class=\"column-4\"><\/td><td class=\"column-5\">1763<\/td><td class=\"column-6\">1790<\/td><td class=\"column-7\"><\/td><td class=\"column-8\">ksi\u0119ga<\/td><td class=\"column-9\"><\/td><td class=\"column-10\"><\/td><td class=\"column-11\">niem<\/td><td class=\"column-12\"><\/td><td class=\"column-13\">Archiwum Parafii Brze\u017anica<\/td>\n<\/tr>\n<tr class=\"row-3 odd\">\n\t<td class=\"column-1\">PJ-kat 2<\/td><td class=\"column-2\">Parafia rzymskokatolicka Jab\u0142on\u00f3w (Sch \u00f6 nbrunn)<\/td><td class=\"column-3\">Taufbuch der Kirche zu Schoenbrunn<\/td><td class=\"column-4\"><\/td><td class=\"column-5\">1793<\/td><td class=\"column-6\">1809<\/td><td class=\"column-7\"><\/td><td class=\"column-8\">ksi\u0119ga<\/td><td class=\"column-9\"><\/td><td class=\"column-10\"><\/td><td class=\"column-11\">niem<\/td><td class=\"column-12\"><\/td><td class=\"column-13\">Archiwum Parafii Brze\u017anica<\/td>\n<\/tr>\n<tr class=\"row-4 even\">\n\t<td class=\"column-1\">PJ-kat 3<\/td><td class=\"column-2\">Parafia rzymskokatolicka Jab\u0142on\u00f3w (Sch \u00f6 nbrunn)<\/td><td class=\"column-3\">Begraebniss-Buch bey der Kirche zu Schoenbrunn<\/td><td class=\"column-4\"><\/td><td class=\"column-5\">1766<\/td><td class=\"column-6\">1839<\/td><td class=\"column-7\"><\/td><td class=\"column-8\">ksi\u0119ga<\/td><td class=\"column-9\"><\/td><td class=\"column-10\"><\/td><td class=\"column-11\">niem<\/td><td class=\"column-12\"><\/td><td class=\"column-13\">Archiwum Parafii Brze\u017anica<\/td>\n<\/tr>\n<\/tbody>\n<\/table>\n<!-- #tablepress-245 from cache -->\n","protected":false},"excerpt":{"rendered":"","protected":false},"author":1,"featured_media":0,"parent":46,"menu_order":0,"comment_status":"closed","ping_status":"closed","template":"","meta":{"ngg_post_thumbnail":0},"_links":{"self":[{"href":"https:\/\/archiwum.diecezjazg.pl\/index.php\/wp-json\/wp\/v2\/pages\/1519"}],"collection":[{"href":"https:\/\/archiwum.diecezjazg.pl\/index.php\/wp-json\/wp\/v2\/pages"}],"about":[{"href":"https:\/\/archiwum.diecezjazg.pl\/index.php\/wp-json\/wp\/v2\/types\/page"}],"author":[{"embeddable":true,"href":"https:\/\/archiwum.diecezjazg.pl\/index.php\/wp-json\/wp\/v2\/users\/1"}],"replies":[{"embeddable":true,"href":"https:\/\/archiwum.diecezjazg.pl\/index.php\/wp-json\/wp\/v2\/comments?post=1519"}],"version-history":[{"count":1,"href":"https:\/\/archiwum.diecezjazg.pl\/index.php\/wp-json\/wp\/v2\/pages\/1519\/revisions"}],"predecessor-version":[{"id":1520,"href":"https:\/\/archiwum.diecezjazg.pl\/index.php\/wp-json\/wp\/v2\/pages\/1519\/revisions\/1520"}],"up":[{"embeddable":true,"href":"https:\/\/archiwum.diecezjazg.pl\/index.php\/wp-json\/wp\/v2\/pages\/46"}],"wp:attachment":[{"href":"https:\/\/archiwum.diecezjazg.pl\/index.php\/wp-json\/wp\/v2\/media?parent=1519"}],"curies":[{"name":"wp","href":"https:\/\/api.w.org\/{rel}","templated":true}]}}