{"id":1515,"date":"2017-09-26T15:56:47","date_gmt":"2017-09-26T13:56:47","guid":{"rendered":"http:\/\/www.archiwum.diecezjazg.pl\/?page_id=1515"},"modified":"2017-09-26T15:56:47","modified_gmt":"2017-09-26T13:56:47","slug":"akta-parafii-katolickiej-hluboczek-zespol-113-sygnatura-ph-kat","status":"publish","type":"page","link":"https:\/\/archiwum.diecezjazg.pl\/index.php\/zasoby-archiwalne\/akta-parafii-katolickiej-hluboczek-zespol-113-sygnatura-ph-kat\/","title":{"rendered":"Akta parafii katolickiej H\u0142uboczek, zesp\u00f3\u0142 113, sygnatura PH-kat"},"content":{"rendered":"\n<table id=\"tablepress-243\" class=\"tablepress tablepress-id-243\">\n<thead>\n<tr class=\"row-1 odd\">\n\t<th class=\"column-1\">Sygn<\/th><th class=\"column-2\">Zesp\u00f3\u0142 113<\/th><th class=\"column-3\">Tytu\u0142<\/th><th class=\"column-4\">Rok_ant<\/th><th class=\"column-5\">Rok_p<\/th><th class=\"column-6\">Rok_k<\/th><th class=\"column-7\">Rok_pos<\/th><th class=\"column-8\">Opis_fizyczny<\/th><th class=\"column-9\">ilo\u015b\u0107 stron<\/th><th class=\"column-10\">wymiar<\/th><th class=\"column-11\">j\u0119zyk<\/th><th class=\"column-12\">Sygnatury dawne<\/th><th class=\"column-13\">Uwagi<\/th>\n<\/tr>\n<\/thead>\n<tbody class=\"row-hover\">\n<tr class=\"row-2 even\">\n\t<td class=\"column-1\">PH-kat 1<\/td><td class=\"column-2\">Parafia rzymskokatolicka H\u0142uboczek<\/td><td class=\"column-3\">Liber natorum <\/td><td class=\"column-4\"><\/td><td class=\"column-5\">1784<\/td><td class=\"column-6\">1812<\/td><td class=\"column-7\"><\/td><td class=\"column-8\">ksi\u0119ga<\/td><td class=\"column-9\">100<\/td><td class=\"column-10\">225x345<\/td><td class=\"column-11\">\u0142ac<\/td><td class=\"column-12\"><\/td><td class=\"column-13\"><\/td>\n<\/tr>\n<tr class=\"row-3 odd\">\n\t<td class=\"column-1\">PH-kat 2<\/td><td class=\"column-2\">Parafia rzymskokatolicka H\u0142uboczek<\/td><td class=\"column-3\">Raptularz chrzt\u00f3w i zgon\u00f3w par. H\u0142ubowskiej (H\u0142uboczek)<\/td><td class=\"column-4\"><\/td><td class=\"column-5\">1938<\/td><td class=\"column-6\">1942<\/td><td class=\"column-7\"><\/td><td class=\"column-8\">ksi\u0119ga<\/td><td class=\"column-9\"><\/td><td class=\"column-10\">215x350<\/td><td class=\"column-11\">pol<\/td><td class=\"column-12\"><\/td><td class=\"column-13\"><\/td>\n<\/tr>\n<\/tbody>\n<\/table>\n<!-- #tablepress-243 from cache -->\n","protected":false},"excerpt":{"rendered":"","protected":false},"author":1,"featured_media":0,"parent":46,"menu_order":0,"comment_status":"closed","ping_status":"closed","template":"","meta":{"ngg_post_thumbnail":0},"_links":{"self":[{"href":"https:\/\/archiwum.diecezjazg.pl\/index.php\/wp-json\/wp\/v2\/pages\/1515"}],"collection":[{"href":"https:\/\/archiwum.diecezjazg.pl\/index.php\/wp-json\/wp\/v2\/pages"}],"about":[{"href":"https:\/\/archiwum.diecezjazg.pl\/index.php\/wp-json\/wp\/v2\/types\/page"}],"author":[{"embeddable":true,"href":"https:\/\/archiwum.diecezjazg.pl\/index.php\/wp-json\/wp\/v2\/users\/1"}],"replies":[{"embeddable":true,"href":"https:\/\/archiwum.diecezjazg.pl\/index.php\/wp-json\/wp\/v2\/comments?post=1515"}],"version-history":[{"count":1,"href":"https:\/\/archiwum.diecezjazg.pl\/index.php\/wp-json\/wp\/v2\/pages\/1515\/revisions"}],"predecessor-version":[{"id":1516,"href":"https:\/\/archiwum.diecezjazg.pl\/index.php\/wp-json\/wp\/v2\/pages\/1515\/revisions\/1516"}],"up":[{"embeddable":true,"href":"https:\/\/archiwum.diecezjazg.pl\/index.php\/wp-json\/wp\/v2\/pages\/46"}],"wp:attachment":[{"href":"https:\/\/archiwum.diecezjazg.pl\/index.php\/wp-json\/wp\/v2\/media?parent=1515"}],"curies":[{"name":"wp","href":"https:\/\/api.w.org\/{rel}","templated":true}]}}