{"id":1512,"date":"2017-09-26T15:55:14","date_gmt":"2017-09-26T13:55:14","guid":{"rendered":"http:\/\/www.archiwum.diecezjazg.pl\/?page_id=1512"},"modified":"2017-09-26T15:55:14","modified_gmt":"2017-09-26T13:55:14","slug":"akta-parafii-katolickiej-gubin-guben-zespol-112-sygnatura-pgu-kat","status":"publish","type":"page","link":"https:\/\/archiwum.diecezjazg.pl\/index.php\/zasoby-archiwalne\/akta-parafii-katolickiej-gubin-guben-zespol-112-sygnatura-pgu-kat\/","title":{"rendered":"Akta parafii katolickiej Gubin Guben, zesp\u00f3\u0142 112, sygnatura PGu-kat"},"content":{"rendered":"\n<table id=\"tablepress-242\" class=\"tablepress tablepress-id-242\">\n<thead>\n<tr class=\"row-1 odd\">\n\t<th class=\"column-1\">Sygn<\/th><th class=\"column-2\">Zesp\u00f3\u0142 112<\/th><th class=\"column-3\">Tytu\u0142<\/th><th class=\"column-4\">Rok_ant<\/th><th class=\"column-5\">Rok_p<\/th><th class=\"column-6\">Rok_k<\/th><th class=\"column-7\">Rok_pos<\/th><th class=\"column-8\">Opis_fizyczny<\/th><th class=\"column-9\">ilo\u015b\u0107 stron<\/th><th class=\"column-10\">wymiar<\/th><th class=\"column-11\">j\u0119zyk<\/th><th class=\"column-12\">Sygnatury dawne<\/th><th class=\"column-13\">Uwagi<\/th>\n<\/tr>\n<\/thead>\n<tbody class=\"row-hover\">\n<tr class=\"row-2 even\">\n\t<td class=\"column-1\">PGu-kat 1<\/td><td class=\"column-2\">Parafia rzymskokatolicka Gubin (Guben)<\/td><td class=\"column-3\">Ksi\u0119ga chrzt\u00f3w<\/td><td class=\"column-4\"><\/td><td class=\"column-5\">1933<\/td><td class=\"column-6\">1946<\/td><td class=\"column-7\"><\/td><td class=\"column-8\">ksi\u0119ga<\/td><td class=\"column-9\"><\/td><td class=\"column-10\">250x380<\/td><td class=\"column-11\">niem, pol<\/td><td class=\"column-12\"><\/td><td class=\"column-13\">AP Gubin Tr\u00f3jcy \u015bw.<\/td>\n<\/tr>\n<tr class=\"row-3 odd\">\n\t<td class=\"column-1\">PGu-kat 2<\/td><td class=\"column-2\">Parafia rzymskokatolicka Gubin (Guben)<\/td><td class=\"column-3\">Ksi\u0119ga \u015blub\u00f3w<\/td><td class=\"column-4\"><\/td><td class=\"column-5\">1911<\/td><td class=\"column-6\">1947<\/td><td class=\"column-7\"><\/td><td class=\"column-8\">ksi\u0119ga<\/td><td class=\"column-9\"> <\/td><td class=\"column-10\">250x380<\/td><td class=\"column-11\">niem, pol<\/td><td class=\"column-12\"><\/td><td class=\"column-13\">AP Gubin Tr\u00f3jcy \u015bw.<\/td>\n<\/tr>\n<tr class=\"row-4 even\">\n\t<td class=\"column-1\">PGu-kat 3<\/td><td class=\"column-2\">Parafia rzymskokatolicka Gubin (Guben)<\/td><td class=\"column-3\">Ksi\u0119ga zgon\u00f3w<\/td><td class=\"column-4\"><\/td><td class=\"column-5\">1911<\/td><td class=\"column-6\">1950<\/td><td class=\"column-7\"><\/td><td class=\"column-8\">ksi\u0119ga<\/td><td class=\"column-9\"> <\/td><td class=\"column-10\">250x380<\/td><td class=\"column-11\">niem, pol<\/td><td class=\"column-12\"><\/td><td class=\"column-13\">AP Gubin Tr\u00f3jcy \u015bw.<\/td>\n<\/tr>\n<\/tbody>\n<\/table>\n<!-- #tablepress-242 from cache -->\n","protected":false},"excerpt":{"rendered":"","protected":false},"author":1,"featured_media":0,"parent":46,"menu_order":0,"comment_status":"closed","ping_status":"closed","template":"","meta":{"ngg_post_thumbnail":0},"_links":{"self":[{"href":"https:\/\/archiwum.diecezjazg.pl\/index.php\/wp-json\/wp\/v2\/pages\/1512"}],"collection":[{"href":"https:\/\/archiwum.diecezjazg.pl\/index.php\/wp-json\/wp\/v2\/pages"}],"about":[{"href":"https:\/\/archiwum.diecezjazg.pl\/index.php\/wp-json\/wp\/v2\/types\/page"}],"author":[{"embeddable":true,"href":"https:\/\/archiwum.diecezjazg.pl\/index.php\/wp-json\/wp\/v2\/users\/1"}],"replies":[{"embeddable":true,"href":"https:\/\/archiwum.diecezjazg.pl\/index.php\/wp-json\/wp\/v2\/comments?post=1512"}],"version-history":[{"count":1,"href":"https:\/\/archiwum.diecezjazg.pl\/index.php\/wp-json\/wp\/v2\/pages\/1512\/revisions"}],"predecessor-version":[{"id":1514,"href":"https:\/\/archiwum.diecezjazg.pl\/index.php\/wp-json\/wp\/v2\/pages\/1512\/revisions\/1514"}],"up":[{"embeddable":true,"href":"https:\/\/archiwum.diecezjazg.pl\/index.php\/wp-json\/wp\/v2\/pages\/46"}],"wp:attachment":[{"href":"https:\/\/archiwum.diecezjazg.pl\/index.php\/wp-json\/wp\/v2\/media?parent=1512"}],"curies":[{"name":"wp","href":"https:\/\/api.w.org\/{rel}","templated":true}]}}