{"id":1508,"date":"2017-09-26T15:49:04","date_gmt":"2017-09-26T13:49:04","guid":{"rendered":"http:\/\/www.archiwum.diecezjazg.pl\/?page_id=1508"},"modified":"2017-09-26T15:49:04","modified_gmt":"2017-09-26T13:49:04","slug":"akta-parafii-katolickiej-grodowiec-hochkirch-zespol-110-sygnatura-pgro-kat","status":"publish","type":"page","link":"https:\/\/archiwum.diecezjazg.pl\/index.php\/zasoby-archiwalne\/akta-parafii-katolickiej-grodowiec-hochkirch-zespol-110-sygnatura-pgro-kat\/","title":{"rendered":"Akta parafii katolickiej Grodowiec Hochkirch, zesp\u00f3\u0142 110, sygnatura PGro-kat"},"content":{"rendered":"\n<table id=\"tablepress-239\" class=\"tablepress tablepress-id-239\">\n<thead>\n<tr class=\"row-1 odd\">\n\t<th class=\"column-1\">Sygn<\/th><th class=\"column-2\">Zesp\u00f3\u0142 109<\/th><th class=\"column-3\">Tytu\u0142<\/th><th class=\"column-4\">Rok_ant<\/th><th class=\"column-5\">Rok_p<\/th><th class=\"column-6\">Rok_k<\/th><th class=\"column-7\">Rok_pos<\/th><th class=\"column-8\">Opis_fizyczny<\/th><th class=\"column-9\">ilo\u015b\u0107 stron<\/th><th class=\"column-10\">wymiar<\/th><th class=\"column-11\">j\u0119zyk<\/th><th class=\"column-12\">Sygnatury dawne<\/th><th class=\"column-13\">Uwagi<\/th>\n<\/tr>\n<\/thead>\n<tbody class=\"row-hover\">\n<tr class=\"row-2 even\">\n\t<td class=\"column-1\">PGra-ew 1<\/td><td class=\"column-2\">Parafia ewangelicka Gralewo (Gralow)<\/td><td class=\"column-3\">Ksi\u0119ga chrzt\u00f3w (1897-1945), slub\u00f3w (1896-1944), zgon\u00f3w (1895-1945)<\/td><td class=\"column-4\"><\/td><td class=\"column-5\">1895<\/td><td class=\"column-6\">1945<\/td><td class=\"column-7\"><\/td><td class=\"column-8\">ksi\u0119ga<\/td><td class=\"column-9\">brak pag.<\/td><td class=\"column-10\">230x340<\/td><td class=\"column-11\">niem, \u0142ac<\/td><td class=\"column-12\"><\/td><td class=\"column-13\">AP Gralewo<\/td>\n<\/tr>\n<\/tbody>\n<\/table>\n<!-- #tablepress-239 from cache -->\n","protected":false},"excerpt":{"rendered":"","protected":false},"author":1,"featured_media":0,"parent":46,"menu_order":0,"comment_status":"closed","ping_status":"closed","template":"","meta":{"ngg_post_thumbnail":0},"_links":{"self":[{"href":"https:\/\/archiwum.diecezjazg.pl\/index.php\/wp-json\/wp\/v2\/pages\/1508"}],"collection":[{"href":"https:\/\/archiwum.diecezjazg.pl\/index.php\/wp-json\/wp\/v2\/pages"}],"about":[{"href":"https:\/\/archiwum.diecezjazg.pl\/index.php\/wp-json\/wp\/v2\/types\/page"}],"author":[{"embeddable":true,"href":"https:\/\/archiwum.diecezjazg.pl\/index.php\/wp-json\/wp\/v2\/users\/1"}],"replies":[{"embeddable":true,"href":"https:\/\/archiwum.diecezjazg.pl\/index.php\/wp-json\/wp\/v2\/comments?post=1508"}],"version-history":[{"count":1,"href":"https:\/\/archiwum.diecezjazg.pl\/index.php\/wp-json\/wp\/v2\/pages\/1508\/revisions"}],"predecessor-version":[{"id":1509,"href":"https:\/\/archiwum.diecezjazg.pl\/index.php\/wp-json\/wp\/v2\/pages\/1508\/revisions\/1509"}],"up":[{"embeddable":true,"href":"https:\/\/archiwum.diecezjazg.pl\/index.php\/wp-json\/wp\/v2\/pages\/46"}],"wp:attachment":[{"href":"https:\/\/archiwum.diecezjazg.pl\/index.php\/wp-json\/wp\/v2\/media?parent=1508"}],"curies":[{"name":"wp","href":"https:\/\/api.w.org\/{rel}","templated":true}]}}