{"id":1504,"date":"2017-09-26T15:46:20","date_gmt":"2017-09-26T13:46:20","guid":{"rendered":"http:\/\/www.archiwum.diecezjazg.pl\/?page_id=1504"},"modified":"2017-09-26T15:46:20","modified_gmt":"2017-09-26T13:46:20","slug":"akta-parafii-katolickiej-gozdnica-ruszow-freiwaldau-zespol-108-sygnatura-pgr-kat","status":"publish","type":"page","link":"https:\/\/archiwum.diecezjazg.pl\/index.php\/zasoby-archiwalne\/akta-parafii-katolickiej-gozdnica-ruszow-freiwaldau-zespol-108-sygnatura-pgr-kat\/","title":{"rendered":"Akta parafii katolickiej Gozdnica Rusz\u00f3w Freiwaldau, zesp\u00f3\u0142 108, sygnatura PGR-kat"},"content":{"rendered":"\n<table id=\"tablepress-238\" class=\"tablepress tablepress-id-238\">\n<thead>\n<tr class=\"row-1 odd\">\n\t<th class=\"column-1\">Sygn<\/th><th class=\"column-2\">Zesp\u00f3\u0142 108<\/th><th class=\"column-3\">Tytu\u0142<\/th><th class=\"column-4\">Rok_ant<\/th><th class=\"column-5\">Rok_p<\/th><th class=\"column-6\">Rok_k<\/th><th class=\"column-7\">Rok_pos<\/th><th class=\"column-8\">Opis_fizyczny<\/th><th class=\"column-9\">ilo\u015b\u0107 stron<\/th><th class=\"column-10\">wymiar<\/th><th class=\"column-11\">j\u0119zyk<\/th><th class=\"column-12\">Sygnatury dawne<\/th><th class=\"column-13\">Uwagi<\/th>\n<\/tr>\n<\/thead>\n<tbody class=\"row-hover\">\n<tr class=\"row-2 even\">\n\t<td class=\"column-1\">PGR-kat 1<\/td><td class=\"column-2\">Parafia rzymskokatolicka Gozdnica (Freiwaldau)<\/td><td class=\"column-3\">Taufbuch von Rauscha [Rusz\u00f3w]<\/td><td class=\"column-4\"><\/td><td class=\"column-5\">1907<\/td><td class=\"column-6\">1948<\/td><td class=\"column-7\"><\/td><td class=\"column-8\">ksi\u0119ga<\/td><td class=\"column-9\"><\/td><td class=\"column-10\">240x370<\/td><td class=\"column-11\">niem, pol<\/td><td class=\"column-12\"><\/td><td class=\"column-13\">AP Gozdnica<\/td>\n<\/tr>\n<tr class=\"row-3 odd\">\n\t<td class=\"column-1\">PGR-kat 2<\/td><td class=\"column-2\">Parafia rzymskokatolicka Gozdnica (Freiwaldau)<\/td><td class=\"column-3\">Totnnbuch von Rauscha [Ksi\u0119ga zmar\u0142ych Rusz\u00f3w]<\/td><td class=\"column-4\"><\/td><td class=\"column-5\">1909<\/td><td class=\"column-6\">1948<\/td><td class=\"column-7\"><\/td><td class=\"column-8\">ksi\u0119ga<\/td><td class=\"column-9\"><\/td><td class=\"column-10\">240x380<\/td><td class=\"column-11\">niem, pol<\/td><td class=\"column-12\"><\/td><td class=\"column-13\">AP Gozdnica<\/td>\n<\/tr>\n<tr class=\"row-4 even\">\n\t<td class=\"column-1\">PGR-kat 3<\/td><td class=\"column-2\">Parafia rzymskokatolicka Gozdnica (Freiwaldau)<\/td><td class=\"column-3\">Entwurf zum Bau einer katholischen Kirche Rauscha Kreis G \u00f6 rlitz Plany budowy ko\u015bcio\u0142a w Ruszowie<\/td><td class=\"column-4\"><\/td><td class=\"column-5\">1905<\/td><td class=\"column-6\">1905<\/td><td class=\"column-7\"><\/td><td class=\"column-8\">plany<\/td><td class=\"column-9\"><\/td><td class=\"column-10\">725x530<\/td><td class=\"column-11\">niem.<\/td><td class=\"column-12\"><\/td><td class=\"column-13\">AP Gozdnica<\/td>\n<\/tr>\n<\/tbody>\n<\/table>\n<!-- #tablepress-238 from cache -->\n","protected":false},"excerpt":{"rendered":"","protected":false},"author":1,"featured_media":0,"parent":46,"menu_order":0,"comment_status":"closed","ping_status":"closed","template":"","meta":{"ngg_post_thumbnail":0},"_links":{"self":[{"href":"https:\/\/archiwum.diecezjazg.pl\/index.php\/wp-json\/wp\/v2\/pages\/1504"}],"collection":[{"href":"https:\/\/archiwum.diecezjazg.pl\/index.php\/wp-json\/wp\/v2\/pages"}],"about":[{"href":"https:\/\/archiwum.diecezjazg.pl\/index.php\/wp-json\/wp\/v2\/types\/page"}],"author":[{"embeddable":true,"href":"https:\/\/archiwum.diecezjazg.pl\/index.php\/wp-json\/wp\/v2\/users\/1"}],"replies":[{"embeddable":true,"href":"https:\/\/archiwum.diecezjazg.pl\/index.php\/wp-json\/wp\/v2\/comments?post=1504"}],"version-history":[{"count":1,"href":"https:\/\/archiwum.diecezjazg.pl\/index.php\/wp-json\/wp\/v2\/pages\/1504\/revisions"}],"predecessor-version":[{"id":1505,"href":"https:\/\/archiwum.diecezjazg.pl\/index.php\/wp-json\/wp\/v2\/pages\/1504\/revisions\/1505"}],"up":[{"embeddable":true,"href":"https:\/\/archiwum.diecezjazg.pl\/index.php\/wp-json\/wp\/v2\/pages\/46"}],"wp:attachment":[{"href":"https:\/\/archiwum.diecezjazg.pl\/index.php\/wp-json\/wp\/v2\/media?parent=1504"}],"curies":[{"name":"wp","href":"https:\/\/api.w.org\/{rel}","templated":true}]}}