{"id":1500,"date":"2017-09-26T15:44:12","date_gmt":"2017-09-26T13:44:12","guid":{"rendered":"http:\/\/www.archiwum.diecezjazg.pl\/?page_id=1500"},"modified":"2017-09-26T15:44:12","modified_gmt":"2017-09-26T13:44:12","slug":"akta-parafii-katolickiej-gorzow-wlkp-sw-jozef-landsberg-awarthe-zespol-106-sygnatura-pgj-kat","status":"publish","type":"page","link":"https:\/\/archiwum.diecezjazg.pl\/index.php\/zasoby-archiwalne\/akta-parafii-katolickiej-gorzow-wlkp-sw-jozef-landsberg-awarthe-zespol-106-sygnatura-pgj-kat\/","title":{"rendered":"Akta parafii katolickiej Gorz\u00f3w Wlkp. \u015aw. J\u00f3zef Landsberg a\/Warthe, zesp\u00f3\u0142 106, sygnatura PGJ-kat"},"content":{"rendered":"\n<table id=\"tablepress-236\" class=\"tablepress tablepress-id-236\">\n<thead>\n<tr class=\"row-1 odd\">\n\t<th class=\"column-1\">Sygn<\/th><th class=\"column-2\">Zesp\u00f3\u0142 106<\/th><th class=\"column-3\">Tytu\u0142<\/th><th class=\"column-4\">Rok_ant<\/th><th class=\"column-5\">Rok_p<\/th><th class=\"column-6\">Rok_k<\/th><th class=\"column-7\">Rok_pos<\/th><th class=\"column-8\">Opis_fizyczny<\/th><th class=\"column-9\">ilo\u015b\u0107 stron<\/th><th class=\"column-10\">wymiar<\/th><th class=\"column-11\">j\u0119zyk<\/th><th class=\"column-12\">Sygnatury dawne<\/th><th class=\"column-13\">Uwagi<\/th><th class=\"column-14\">Depozyt  <\/th>\n<\/tr>\n<\/thead>\n<tbody class=\"row-hover\">\n<tr class=\"row-2 even\">\n\t<td class=\"column-1\">PGJ-kat 1<\/td><td class=\"column-2\">Parafia rzymskokatolicka (kuracja) \u015bw. J\u00f3zefa Gorz\u00f3w Wlkp. (Landsberg a\/Warthe)<\/td><td class=\"column-3\">Taufbuch Landsberg Br \u00fc ckenvorstadt St. Josephkirche<\/td><td class=\"column-4\"><\/td><td class=\"column-5\">1927<\/td><td class=\"column-6\">1934<\/td><td class=\"column-7\"><\/td><td class=\"column-8\">ksi\u0119ga<\/td><td class=\"column-9\">49<\/td><td class=\"column-10\">240x370<\/td><td class=\"column-11\">niem<\/td><td class=\"column-12\"> <\/td><td class=\"column-13\"><\/td><td class=\"column-14\">AP Gorz\u00f3w \u015bw.J\u00f3zefa<\/td>\n<\/tr>\n<tr class=\"row-3 odd\">\n\t<td class=\"column-1\">PGJ-kat 2<\/td><td class=\"column-2\">Parafia rzymskokatolicka (kuracja) \u015bw. J\u00f3zefa Gorz\u00f3w Wlkp. (Landsberg a\/Warthe)<\/td><td class=\"column-3\">Taufbuch Landsberg Br \u00fc ckenvorstadt St. Josephkirche<\/td><td class=\"column-4\"><\/td><td class=\"column-5\">1935<\/td><td class=\"column-6\">1945<\/td><td class=\"column-7\"><\/td><td class=\"column-8\">ksi\u0119ga<\/td><td class=\"column-9\">49<\/td><td class=\"column-10\">240x380<\/td><td class=\"column-11\">niem<\/td><td class=\"column-12\"> <\/td><td class=\"column-13\"><\/td><td class=\"column-14\">AP Gorz\u00f3w \u015bw.J\u00f3zefa<\/td>\n<\/tr>\n<tr class=\"row-4 even\">\n\t<td class=\"column-1\">PGJ-kat 3<\/td><td class=\"column-2\">Parafia rzymskokatolicka (kuracja) \u015bw. J\u00f3zefa Gorz\u00f3w Wlkp. (Landsberg a\/Warthe)<\/td><td class=\"column-3\">Traubuch Landsberg Br\u00fcckenvorstadt St. Josephkirche<\/td><td class=\"column-4\"><\/td><td class=\"column-5\">1927<\/td><td class=\"column-6\">1943<\/td><td class=\"column-7\"><\/td><td class=\"column-8\">ksi\u0119ga<\/td><td class=\"column-9\">49<\/td><td class=\"column-10\">240x380<\/td><td class=\"column-11\">niem<\/td><td class=\"column-12\"> <\/td><td class=\"column-13\"><\/td><td class=\"column-14\">AP Gorz\u00f3w \u015bw.J\u00f3zefa<\/td>\n<\/tr>\n<tr class=\"row-5 odd\">\n\t<td class=\"column-1\">PGJ-kat 4<\/td><td class=\"column-2\">Parafia rzymskokatolicka (kuracja) \u015bw. J\u00f3zefa Gorz\u00f3w Wlkp. (Landsberg a\/Warthe)<\/td><td class=\"column-3\">Traubuch Landsberg Br\u00fcckenvorstadt St. Josephkirche<\/td><td class=\"column-4\"><\/td><td class=\"column-5\">1944<\/td><td class=\"column-6\">1945<\/td><td class=\"column-7\"><\/td><td class=\"column-8\">akta lu\u017ane<\/td><td class=\"column-9\"> brak pag.<\/td><td class=\"column-10\">220x320<\/td><td class=\"column-11\">niem<\/td><td class=\"column-12\"> <\/td><td class=\"column-13\"><\/td><td class=\"column-14\">AP Gorz\u00f3w \u015bw.J\u00f3zefa<\/td>\n<\/tr>\n<tr class=\"row-6 even\">\n\t<td class=\"column-1\">PGJ-kat 5<\/td><td class=\"column-2\">Parafia rzymskokatolicka (kuracja) \u015bw. J\u00f3zefa Gorz\u00f3w Wlkp. (Landsberg a\/Warthe)<\/td><td class=\"column-3\">Totenbuch Landsberg Br\u00fcckenvorstadt St. Josephkirche<\/td><td class=\"column-4\"><\/td><td class=\"column-5\">1927<\/td><td class=\"column-6\">1945<\/td><td class=\"column-7\"><\/td><td class=\"column-8\">ksi\u0119ga<\/td><td class=\"column-9\">40<\/td><td class=\"column-10\">240x380<\/td><td class=\"column-11\">niem<\/td><td class=\"column-12\"> <\/td><td class=\"column-13\"><\/td><td class=\"column-14\">AP Gorz\u00f3w \u015bw.J\u00f3zefa<\/td>\n<\/tr>\n<tr class=\"row-7 odd\">\n\t<td class=\"column-1\">PGJ-kat 6<\/td><td class=\"column-2\">Parafia rzymskokatolicka (kuracja) \u015bw. J\u00f3zefa Gorz\u00f3w Wlkp. (Landsberg a\/Warthe)<\/td><td class=\"column-3\">Aufgebothbuch Landsberg Br\u00fcckenvorstadt St. Josephkirche<\/td><td class=\"column-4\"><\/td><td class=\"column-5\">1927<\/td><td class=\"column-6\">1945<\/td><td class=\"column-7\"><\/td><td class=\"column-8\">ksi\u0119ga<\/td><td class=\"column-9\">brak pag.<\/td><td class=\"column-10\">230x290<\/td><td class=\"column-11\">niem<\/td><td class=\"column-12\"> <\/td><td class=\"column-13\"><\/td><td class=\"column-14\">AP Gorz\u00f3w \u015bw.J\u00f3zefa<\/td>\n<\/tr>\n<tr class=\"row-8 even\">\n\t<td class=\"column-1\">PGJ-kat 7<\/td><td class=\"column-2\">Parafia rzymskokatolicka (kuracja) \u015bw. J\u00f3zefa Gorz\u00f3w Wlkp. (Landsberg a\/Warthe)<\/td><td class=\"column-3\">Erstkomunnionkinder der Pfarrgemeinde\u2026[Lista dzieci pierwszokomunijnych urodzonych w 1927-1928]<\/td><td class=\"column-4\"><\/td><td class=\"column-5\"> <\/td><td class=\"column-6\"> <\/td><td class=\"column-7\"><\/td><td class=\"column-8\">akta lu\u017ane<\/td><td class=\"column-9\">brak pag.<\/td><td class=\"column-10\">250x400<\/td><td class=\"column-11\">niem<\/td><td class=\"column-12\"> <\/td><td class=\"column-13\"><\/td><td class=\"column-14\">AP Gorz\u00f3w \u015bw.J\u00f3zefa<\/td>\n<\/tr>\n<tr class=\"row-9 odd\">\n\t<td class=\"column-1\">PGJ-kat 8<\/td><td class=\"column-2\">Parafia rzymskokatolicka (kuracja) \u015bw. J\u00f3zefa Gorz\u00f3w Wlkp. (Landsberg a\/Warthe)<\/td><td class=\"column-3\">[Za\u0142\u0105czniki wyj\u0119te z ksi\u0105g metrykalnych]<\/td><td class=\"column-4\"><\/td><td class=\"column-5\">1932<\/td><td class=\"column-6\">1944<\/td><td class=\"column-7\"><\/td><td class=\"column-8\">akta lu\u017ane<\/td><td class=\"column-9\">brak pag.<\/td><td class=\"column-10\">250x400<\/td><td class=\"column-11\">niem<\/td><td class=\"column-12\"> <\/td><td class=\"column-13\"><\/td><td class=\"column-14\">AP Gorz\u00f3w \u015bw.J\u00f3zefa<\/td>\n<\/tr>\n<\/tbody>\n<\/table>\n<!-- #tablepress-236 from cache -->\n","protected":false},"excerpt":{"rendered":"","protected":false},"author":1,"featured_media":0,"parent":46,"menu_order":0,"comment_status":"closed","ping_status":"closed","template":"","meta":{"ngg_post_thumbnail":0},"_links":{"self":[{"href":"https:\/\/archiwum.diecezjazg.pl\/index.php\/wp-json\/wp\/v2\/pages\/1500"}],"collection":[{"href":"https:\/\/archiwum.diecezjazg.pl\/index.php\/wp-json\/wp\/v2\/pages"}],"about":[{"href":"https:\/\/archiwum.diecezjazg.pl\/index.php\/wp-json\/wp\/v2\/types\/page"}],"author":[{"embeddable":true,"href":"https:\/\/archiwum.diecezjazg.pl\/index.php\/wp-json\/wp\/v2\/users\/1"}],"replies":[{"embeddable":true,"href":"https:\/\/archiwum.diecezjazg.pl\/index.php\/wp-json\/wp\/v2\/comments?post=1500"}],"version-history":[{"count":1,"href":"https:\/\/archiwum.diecezjazg.pl\/index.php\/wp-json\/wp\/v2\/pages\/1500\/revisions"}],"predecessor-version":[{"id":1501,"href":"https:\/\/archiwum.diecezjazg.pl\/index.php\/wp-json\/wp\/v2\/pages\/1500\/revisions\/1501"}],"up":[{"embeddable":true,"href":"https:\/\/archiwum.diecezjazg.pl\/index.php\/wp-json\/wp\/v2\/pages\/46"}],"wp:attachment":[{"href":"https:\/\/archiwum.diecezjazg.pl\/index.php\/wp-json\/wp\/v2\/media?parent=1500"}],"curies":[{"name":"wp","href":"https:\/\/api.w.org\/{rel}","templated":true}]}}