{"id":1498,"date":"2017-09-26T15:43:02","date_gmt":"2017-09-26T13:43:02","guid":{"rendered":"http:\/\/www.archiwum.diecezjazg.pl\/?page_id=1498"},"modified":"2017-09-26T15:43:02","modified_gmt":"2017-09-26T13:43:02","slug":"akta-kosciola-ewangelickiego-gorzow-wlkp-landsberg-awarte-zespol-105-sygnatura-pg-ew","status":"publish","type":"page","link":"https:\/\/archiwum.diecezjazg.pl\/index.php\/zasoby-archiwalne\/akta-kosciola-ewangelickiego-gorzow-wlkp-landsberg-awarte-zespol-105-sygnatura-pg-ew\/","title":{"rendered":"Akta ko\u015bcio\u0142a ewangelickiego Gorz\u00f3w Wlkp. Landsberg a\/Warte, zesp\u00f3\u0142 105, sygnatura PG-ew"},"content":{"rendered":"\n<table id=\"tablepress-235\" class=\"tablepress tablepress-id-235\">\n<thead>\n<tr class=\"row-1 odd\">\n\t<th class=\"column-1\">Sygn<\/th><th class=\"column-2\">Zesp\u00f3\u0142 105<\/th><th class=\"column-3\">Tytu\u0142<\/th><th class=\"column-4\">Rok_ant<\/th><th class=\"column-5\">Rok_p<\/th><th class=\"column-6\">Rok_k<\/th><th class=\"column-7\">Rok_pos<\/th><th class=\"column-8\">Opis_fizyczny<\/th><th class=\"column-9\">ilo\u015b\u0107 stron<\/th><th class=\"column-10\">wymiar<\/th><th class=\"column-11\">j\u0119zyk<\/th><th class=\"column-12\">Sygnatury dawne<\/th><th class=\"column-13\">Uwagi<\/th>\n<\/tr>\n<\/thead>\n<tbody class=\"row-hover\">\n<tr class=\"row-2 even\">\n\t<td class=\"column-1\">PG-ew 1<\/td><td class=\"column-2\">Ko\u015bci\u00f3\u0142 ewangelicki Gorz\u00f3w Wlkp. (Stadtpfarrkirche Landsberg an der Warthe)<\/td><td class=\"column-3\">Belage zur Stadtpfarr-Kirchen. Kassen-Rechnung fuer 1886 No 1 bis 141<\/td><td class=\"column-4\"><\/td><td class=\"column-5\">1886<\/td><td class=\"column-6\">1887<\/td><td class=\"column-7\"><\/td><td class=\"column-8\">ksi\u0119ga<\/td><td class=\"column-9\"><\/td><td class=\"column-10\">141<\/td><td class=\"column-11\">niem<\/td><td class=\"column-12\"><\/td><td class=\"column-13\">Akta by\u0142y przechowywane w parafii katedralnej w Gorzowie Wlkp<\/td>\n<\/tr>\n<tr class=\"row-3 odd\">\n\t<td class=\"column-1\">PG-ew 2<\/td><td class=\"column-2\">Parafia ewangelicka w Gorzowie Wlkp (Stadtpfarrkirche Landsberg an der Warthe)<\/td><td class=\"column-3\">Belage zur Stadtpfarr-Kirchenkassen. Rechnung No 1 bis 239 1889<\/td><td class=\"column-4\"><\/td><td class=\"column-5\">1889<\/td><td class=\"column-6\">1890<\/td><td class=\"column-7\"><\/td><td class=\"column-8\">ksi\u0119ga<\/td><td class=\"column-9\"><\/td><td class=\"column-10\">239<\/td><td class=\"column-11\">niem<\/td><td class=\"column-12\"><\/td><td class=\"column-13\">Akta by\u0142y przechowywane w parafii katedralnej w Gorzowie Wlkp<\/td>\n<\/tr>\n<tr class=\"row-4 even\">\n\t<td class=\"column-1\">PG-ew 3<\/td><td class=\"column-2\">Parafia ewangelicka w Gorzowie Wlkp (Stadtpfarrkirche Landsberg an der Warthe)<\/td><td class=\"column-3\">Belage zur Stadtpfarr-Kirchenkassen. Rechnung fuer 1 April 1895\/96 <\/td><td class=\"column-4\"><\/td><td class=\"column-5\">1895<\/td><td class=\"column-6\">1896<\/td><td class=\"column-7\"><\/td><td class=\"column-8\">ksi\u0119ga<\/td><td class=\"column-9\"><\/td><td class=\"column-10\">175<\/td><td class=\"column-11\">niem<\/td><td class=\"column-12\"><\/td><td class=\"column-13\"><\/td>\n<\/tr>\n<\/tbody>\n<\/table>\n<!-- #tablepress-235 from cache -->\n","protected":false},"excerpt":{"rendered":"","protected":false},"author":1,"featured_media":0,"parent":46,"menu_order":0,"comment_status":"closed","ping_status":"closed","template":"","meta":{"ngg_post_thumbnail":0},"_links":{"self":[{"href":"https:\/\/archiwum.diecezjazg.pl\/index.php\/wp-json\/wp\/v2\/pages\/1498"}],"collection":[{"href":"https:\/\/archiwum.diecezjazg.pl\/index.php\/wp-json\/wp\/v2\/pages"}],"about":[{"href":"https:\/\/archiwum.diecezjazg.pl\/index.php\/wp-json\/wp\/v2\/types\/page"}],"author":[{"embeddable":true,"href":"https:\/\/archiwum.diecezjazg.pl\/index.php\/wp-json\/wp\/v2\/users\/1"}],"replies":[{"embeddable":true,"href":"https:\/\/archiwum.diecezjazg.pl\/index.php\/wp-json\/wp\/v2\/comments?post=1498"}],"version-history":[{"count":1,"href":"https:\/\/archiwum.diecezjazg.pl\/index.php\/wp-json\/wp\/v2\/pages\/1498\/revisions"}],"predecessor-version":[{"id":1499,"href":"https:\/\/archiwum.diecezjazg.pl\/index.php\/wp-json\/wp\/v2\/pages\/1498\/revisions\/1499"}],"up":[{"embeddable":true,"href":"https:\/\/archiwum.diecezjazg.pl\/index.php\/wp-json\/wp\/v2\/pages\/46"}],"wp:attachment":[{"href":"https:\/\/archiwum.diecezjazg.pl\/index.php\/wp-json\/wp\/v2\/media?parent=1498"}],"curies":[{"name":"wp","href":"https:\/\/api.w.org\/{rel}","templated":true}]}}