{"id":1496,"date":"2017-09-26T15:42:17","date_gmt":"2017-09-26T13:42:17","guid":{"rendered":"http:\/\/www.archiwum.diecezjazg.pl\/?page_id=1496"},"modified":"2017-09-26T15:42:17","modified_gmt":"2017-09-26T13:42:17","slug":"akta-parafii-katolickiej-goraj-eibendorf-zespol-104-sygnatura-pgo-kat","status":"publish","type":"page","link":"https:\/\/archiwum.diecezjazg.pl\/index.php\/zasoby-archiwalne\/akta-parafii-katolickiej-goraj-eibendorf-zespol-104-sygnatura-pgo-kat\/","title":{"rendered":"Akta parafii katolickiej Goraj Eibendorf, zesp\u00f3\u0142 104, sygnatura PGo-kat"},"content":{"rendered":"\n<table id=\"tablepress-234\" class=\"tablepress tablepress-id-234\">\n<thead>\n<tr class=\"row-1 odd\">\n\t<th class=\"column-1\">Sygn<\/th><th class=\"column-2\">Zesp\u00f3\u0142 104<\/th><th class=\"column-3\">Tytu\u0142<\/th><th class=\"column-4\">Rok_ant<\/th><th class=\"column-5\">Rok_p<\/th><th class=\"column-6\">Rok_k<\/th><th class=\"column-7\">Rok_pos<\/th><th class=\"column-8\">Opis_fizyczny<\/th><th class=\"column-9\">ilo\u015b\u0107 stron<\/th><th class=\"column-10\">wymiar<\/th><th class=\"column-11\">j\u0119zyk<\/th><th class=\"column-12\">Sygnatury dawne<\/th><th class=\"column-13\">Uwagi<\/th>\n<\/tr>\n<\/thead>\n<tbody class=\"row-hover\">\n<tr class=\"row-2 even\">\n\t<td class=\"column-1\">PGo-kat 1<\/td><td class=\"column-2\">Parafia rzymskokatolicka Goraj (Eibendorf)  <\/td><td class=\"column-3\">Liber baptisatorum ab A.Rdomino Augustino Domsberger...<\/td><td class=\"column-4\"><\/td><td class=\"column-5\">1779<\/td><td class=\"column-6\">1796<\/td><td class=\"column-7\"><\/td><td class=\"column-8\">ksi\u0119ga<\/td><td class=\"column-9\"><\/td><td class=\"column-10\"><\/td><td class=\"column-11\">\u0142ac<\/td><td class=\"column-12\"><\/td><td class=\"column-13\"><\/td>\n<\/tr>\n<tr class=\"row-3 odd\">\n\t<td class=\"column-1\">PGo-kat 2<\/td><td class=\"column-2\">Parafia rzymskokatolicka Goraj (Eibendorf)  <\/td><td class=\"column-3\">[Ksi\u0119ga chrzt\u00f3w, \u015blub\u00f3w i zgon\u00f3w]<\/td><td class=\"column-4\"><\/td><td class=\"column-5\">1856<\/td><td class=\"column-6\">1879<\/td><td class=\"column-7\"><\/td><td class=\"column-8\">ksi\u0119ga<\/td><td class=\"column-9\"><\/td><td class=\"column-10\"><\/td><td class=\"column-11\">pol<\/td><td class=\"column-12\"><\/td><td class=\"column-13\">chrzty 1856-1874, \u015bluby i zgony 1857-1879<\/td>\n<\/tr>\n<tr class=\"row-4 even\">\n\t<td class=\"column-1\">PGo-kat 3<\/td><td class=\"column-2\">Parafia rzymskokatolicka Goraj (Eibendorf)  <\/td><td class=\"column-3\">Acta tycz\u0105ce si\u0119 ok\u00f3lnik\u00f3w i innych rozporz\u0105dze\u0144 w\u0142adzy duchownej i \u015bwieckich<\/td><td class=\"column-4\"><\/td><td class=\"column-5\">1772<\/td><td class=\"column-6\">1863<\/td><td class=\"column-7\"><\/td><td class=\"column-8\">poszyt<\/td><td class=\"column-9\"><\/td><td class=\"column-10\"><\/td><td class=\"column-11\">\u0142ac, niem, pol<\/td><td class=\"column-12\"><\/td><td class=\"column-13\"><\/td>\n<\/tr>\n<tr class=\"row-5 odd\">\n\t<td class=\"column-1\">PGo-kat 4<\/td><td class=\"column-2\">Parafia rzymskokatolicka Goraj (Eibendorf)  <\/td><td class=\"column-3\">Acten betreffend Grundbuchentzuege...<\/td><td class=\"column-4\"><\/td><td class=\"column-5\">1897<\/td><td class=\"column-6\">1907<\/td><td class=\"column-7\"><\/td><td class=\"column-8\">akta lu\u017ane<\/td><td class=\"column-9\"><\/td><td class=\"column-10\"><\/td><td class=\"column-11\">niem<\/td><td class=\"column-12\"><\/td><td class=\"column-13\"><\/td>\n<\/tr>\n<tr class=\"row-6 even\">\n\t<td class=\"column-1\">PGo-kat 5<\/td><td class=\"column-2\">Parafia rzymskokatolicka Goraj (Eibendorf)  <\/td><td class=\"column-3\">[R\u00f3\u017cne akta lu\u017ane]<\/td><td class=\"column-4\"><\/td><td class=\"column-5\">1894<\/td><td class=\"column-6\">1921<\/td><td class=\"column-7\"><\/td><td class=\"column-8\">akta lu\u017ane<\/td><td class=\"column-9\"><\/td><td class=\"column-10\"><\/td><td class=\"column-11\">niem,pol<\/td><td class=\"column-12\"><\/td><td class=\"column-13\">2 dokumenty<\/td>\n<\/tr>\n<tr class=\"row-7 odd\">\n\t<td class=\"column-1\">PGo-kat 6<\/td><td class=\"column-2\">Parafia rzymskokatolicka Goraj (Eibendorf)  <\/td><td class=\"column-3\">[Dziennik korespondencyjny]<\/td><td class=\"column-4\"><\/td><td class=\"column-5\">1945<\/td><td class=\"column-6\">1946<\/td><td class=\"column-7\"><\/td><td class=\"column-8\">ksi\u0119ga<\/td><td class=\"column-9\"><\/td><td class=\"column-10\"><\/td><td class=\"column-11\">pol<\/td><td class=\"column-12\"><\/td><td class=\"column-13\"><\/td>\n<\/tr>\n<\/tbody>\n<\/table>\n<!-- #tablepress-234 from cache -->\n","protected":false},"excerpt":{"rendered":"","protected":false},"author":1,"featured_media":0,"parent":46,"menu_order":0,"comment_status":"closed","ping_status":"closed","template":"","meta":{"ngg_post_thumbnail":0},"_links":{"self":[{"href":"https:\/\/archiwum.diecezjazg.pl\/index.php\/wp-json\/wp\/v2\/pages\/1496"}],"collection":[{"href":"https:\/\/archiwum.diecezjazg.pl\/index.php\/wp-json\/wp\/v2\/pages"}],"about":[{"href":"https:\/\/archiwum.diecezjazg.pl\/index.php\/wp-json\/wp\/v2\/types\/page"}],"author":[{"embeddable":true,"href":"https:\/\/archiwum.diecezjazg.pl\/index.php\/wp-json\/wp\/v2\/users\/1"}],"replies":[{"embeddable":true,"href":"https:\/\/archiwum.diecezjazg.pl\/index.php\/wp-json\/wp\/v2\/comments?post=1496"}],"version-history":[{"count":1,"href":"https:\/\/archiwum.diecezjazg.pl\/index.php\/wp-json\/wp\/v2\/pages\/1496\/revisions"}],"predecessor-version":[{"id":1497,"href":"https:\/\/archiwum.diecezjazg.pl\/index.php\/wp-json\/wp\/v2\/pages\/1496\/revisions\/1497"}],"up":[{"embeddable":true,"href":"https:\/\/archiwum.diecezjazg.pl\/index.php\/wp-json\/wp\/v2\/pages\/46"}],"wp:attachment":[{"href":"https:\/\/archiwum.diecezjazg.pl\/index.php\/wp-json\/wp\/v2\/media?parent=1496"}],"curies":[{"name":"wp","href":"https:\/\/api.w.org\/{rel}","templated":true}]}}