{"id":1494,"date":"2017-09-26T15:41:28","date_gmt":"2017-09-26T13:41:28","guid":{"rendered":"http:\/\/www.archiwum.diecezjazg.pl\/?page_id=1494"},"modified":"2017-09-26T15:41:42","modified_gmt":"2017-09-26T13:41:42","slug":"akta-parafii-katolickiej-glogow-wojskowa-glogau-zespol-103-sygnatura-pgw-kat","status":"publish","type":"page","link":"https:\/\/archiwum.diecezjazg.pl\/index.php\/zasoby-archiwalne\/akta-parafii-katolickiej-glogow-wojskowa-glogau-zespol-103-sygnatura-pgw-kat\/","title":{"rendered":"Akta parafii katolickiej G\u0142og\u00f3w Wojskowa Glogau, zesp\u00f3\u0142 103, sygnatura PGW-kat"},"content":{"rendered":"\n<table id=\"tablepress-233\" class=\"tablepress tablepress-id-233\">\n<thead>\n<tr class=\"row-1 odd\">\n\t<th class=\"column-1\">Sygn<\/th><th class=\"column-2\">Zesp\u00f3\u0142 103<\/th><th class=\"column-3\">Tytu\u0142<\/th><th class=\"column-4\">Rok_ant<\/th><th class=\"column-5\">Rok_p<\/th><th class=\"column-6\">Rok_k<\/th><th class=\"column-7\">Rok_pos<\/th><th class=\"column-8\">Opis_fizyczny<\/th><th class=\"column-9\">ilo\u015b\u0107 stron<\/th><th class=\"column-10\">wymiar<\/th><th class=\"column-11\">j\u0119zyk<\/th><th class=\"column-12\">Sygnatury dawne<\/th><th class=\"column-13\">Uwagi<\/th>\n<\/tr>\n<\/thead>\n<tbody class=\"row-hover\">\n<tr class=\"row-2 even\">\n\t<td class=\"column-1\">PGW-kat 1<\/td><td class=\"column-2\">Parafia rzymskokatolicka wojskowa G\u0142og\u00f3w (Glogau)<\/td><td class=\"column-3\">Katholisches Kirchenbuch fuer des Koeniglische-Niederschlesiche Artillerie-Brigade Nr 5. Traunung 1851-1868,Taufbuch- 1851-1867,Sterbebuch 1851-1867<\/td><td class=\"column-4\"><\/td><td class=\"column-5\">1851<\/td><td class=\"column-6\">1868<\/td><td class=\"column-7\"><\/td><td class=\"column-8\">ksi\u0119ga<\/td><td class=\"column-9\">brak pag.<\/td><td class=\"column-10\"><\/td><td class=\"column-11\">niem<\/td><td class=\"column-12\"><\/td><td class=\"column-13\"><\/td>\n<\/tr>\n<tr class=\"row-3 odd\">\n\t<td class=\"column-1\">PGW-kat 2<\/td><td class=\"column-2\">Parafia rzymskokatolicka wojskowa G\u0142og\u00f3w (Glogau)<\/td><td class=\"column-3\">Niederschlesisches Pionier Batalion (Nr 5). 5te Pionier Abteilung. Traunung 1857-1868,Taufbuch 1851-1868,Sterbebuch 1851-1868<\/td><td class=\"column-4\"><\/td><td class=\"column-5\">1851<\/td><td class=\"column-6\">1868<\/td><td class=\"column-7\"><\/td><td class=\"column-8\">ksi\u0119ga<\/td><td class=\"column-9\">brak pag.<\/td><td class=\"column-10\"><\/td><td class=\"column-11\">niem<\/td><td class=\"column-12\"><\/td><td class=\"column-13\">skorowidze<\/td>\n<\/tr>\n<tr class=\"row-4 even\">\n\t<td class=\"column-1\">PGW-kat 3<\/td><td class=\"column-2\">Parafia rzymskokatolicka wojskowa G\u0142og\u00f3w (Glogau)<\/td><td class=\"column-3\">Katholisches Kirchenbuch fuer das Koeniglische IIIte Posenschen Infanterie-Regiment (Nr 58). Tauf-Register 1860-1866, Trau-Register 1860-1866, Todten-Register 1860-1866<\/td><td class=\"column-4\"><\/td><td class=\"column-5\">1860<\/td><td class=\"column-6\">1866<\/td><td class=\"column-7\"><\/td><td class=\"column-8\">ksi\u0119ga<\/td><td class=\"column-9\">brak pag.<\/td><td class=\"column-10\"><\/td><td class=\"column-11\">niem<\/td><td class=\"column-12\"><\/td><td class=\"column-13\"><\/td>\n<\/tr>\n<tr class=\"row-5 odd\">\n\t<td class=\"column-1\">PGW-kat 4<\/td><td class=\"column-2\">Parafia rzymskokatolicka wojskowa G\u0142og\u00f3w (Glogau)<\/td><td class=\"column-3\">Getaufte<\/td><td class=\"column-4\"><\/td><td class=\"column-5\">1895<\/td><td class=\"column-6\">1945<\/td><td class=\"column-7\"><\/td><td class=\"column-8\">ksi\u0119ga<\/td><td class=\"column-9\">65<\/td><td class=\"column-10\"><\/td><td class=\"column-11\">niem<\/td><td class=\"column-12\"><\/td><td class=\"column-13\">skorowidz<\/td>\n<\/tr>\n<tr class=\"row-6 even\">\n\t<td class=\"column-1\">PGW-kat 5<\/td><td class=\"column-2\">Parafia rzymskokatolicka wojskowa G\u0142og\u00f3w (Glogau)<\/td><td class=\"column-3\">Getaufte<\/td><td class=\"column-4\"><\/td><td class=\"column-5\">1895<\/td><td class=\"column-6\">1945<\/td><td class=\"column-7\"><\/td><td class=\"column-8\">ksi\u0119ga<\/td><td class=\"column-9\">63<\/td><td class=\"column-10\"><\/td><td class=\"column-11\">niem<\/td><td class=\"column-12\"><\/td><td class=\"column-13\">duplikat<\/td>\n<\/tr>\n<tr class=\"row-7 odd\">\n\t<td class=\"column-1\">PGW-kat 6<\/td><td class=\"column-2\">Parafia rzymskokatolicka wojskowa G\u0142og\u00f3w (Glogau)<\/td><td class=\"column-3\">Getraute<\/td><td class=\"column-4\"><\/td><td class=\"column-5\">1895<\/td><td class=\"column-6\">1940<\/td><td class=\"column-7\"><\/td><td class=\"column-8\">ksi\u0119ga<\/td><td class=\"column-9\">108<\/td><td class=\"column-10\"><\/td><td class=\"column-11\">niem<\/td><td class=\"column-12\"><\/td><td class=\"column-13\"><\/td>\n<\/tr>\n<tr class=\"row-8 even\">\n\t<td class=\"column-1\">PGW-kat 7<\/td><td class=\"column-2\">Parafia rzymskokatolicka wojskowa G\u0142og\u00f3w (Glogau)<\/td><td class=\"column-3\">Trau-Buch der Wehrmachtgemeinde kath. Standortpfarramt Glogau vom 1.Jan.1941 bis 15.1.1945<\/td><td class=\"column-4\"><\/td><td class=\"column-5\">1941<\/td><td class=\"column-6\">1945<\/td><td class=\"column-7\"><\/td><td class=\"column-8\">ksi\u0119ga<\/td><td class=\"column-9\">47<\/td><td class=\"column-10\"><\/td><td class=\"column-11\">niem<\/td><td class=\"column-12\"><\/td><td class=\"column-13\">skorowidz<\/td>\n<\/tr>\n<tr class=\"row-9 odd\">\n\t<td class=\"column-1\">PGW-kat 8<\/td><td class=\"column-2\">Parafia rzymskokatolicka wojskowa G\u0142og\u00f3w (Glogau)<\/td><td class=\"column-3\">Trau-Buch der Wehrmachtgemeinde kath. Standortpfarramt Glogau vom 1.Januar 1941. Dubl.<\/td><td class=\"column-4\"><\/td><td class=\"column-5\">1941<\/td><td class=\"column-6\">1945<\/td><td class=\"column-7\"><\/td><td class=\"column-8\">ksi\u0119ga<\/td><td class=\"column-9\">47<\/td><td class=\"column-10\"><\/td><td class=\"column-11\">niem<\/td><td class=\"column-12\"><\/td><td class=\"column-13\">duplikat. Skorowidz<\/td>\n<\/tr>\n<tr class=\"row-10 even\">\n\t<td class=\"column-1\">PGW-kat 9<\/td><td class=\"column-2\">Parafia rzymskokatolicka wojskowa G\u0142og\u00f3w (Glogau)<\/td><td class=\"column-3\">Gestorbene<\/td><td class=\"column-4\"><\/td><td class=\"column-5\">1895<\/td><td class=\"column-6\">1944<\/td><td class=\"column-7\"><\/td><td class=\"column-8\">ksi\u0119ga<\/td><td class=\"column-9\">73<\/td><td class=\"column-10\"><\/td><td class=\"column-11\">niem<\/td><td class=\"column-12\"><\/td><td class=\"column-13\"><\/td>\n<\/tr>\n<tr class=\"row-11 odd\">\n\t<td class=\"column-1\">PGW-kat 10<\/td><td class=\"column-2\">Parafia rzymskokatolicka wojskowa G\u0142og\u00f3w (Glogau)<\/td><td class=\"column-3\">Gestorbene<\/td><td class=\"column-4\"><\/td><td class=\"column-5\">1895<\/td><td class=\"column-6\">1945<\/td><td class=\"column-7\"><\/td><td class=\"column-8\">ksi\u0119ga<\/td><td class=\"column-9\">94<\/td><td class=\"column-10\"><\/td><td class=\"column-11\">niem<\/td><td class=\"column-12\"><\/td><td class=\"column-13\">duplikat wraz z uzupe\u0142nieniem<\/td>\n<\/tr>\n<\/tbody>\n<\/table>\n<!-- #tablepress-233 from cache -->\n","protected":false},"excerpt":{"rendered":"","protected":false},"author":1,"featured_media":0,"parent":46,"menu_order":0,"comment_status":"closed","ping_status":"closed","template":"","meta":{"ngg_post_thumbnail":0},"_links":{"self":[{"href":"https:\/\/archiwum.diecezjazg.pl\/index.php\/wp-json\/wp\/v2\/pages\/1494"}],"collection":[{"href":"https:\/\/archiwum.diecezjazg.pl\/index.php\/wp-json\/wp\/v2\/pages"}],"about":[{"href":"https:\/\/archiwum.diecezjazg.pl\/index.php\/wp-json\/wp\/v2\/types\/page"}],"author":[{"embeddable":true,"href":"https:\/\/archiwum.diecezjazg.pl\/index.php\/wp-json\/wp\/v2\/users\/1"}],"replies":[{"embeddable":true,"href":"https:\/\/archiwum.diecezjazg.pl\/index.php\/wp-json\/wp\/v2\/comments?post=1494"}],"version-history":[{"count":1,"href":"https:\/\/archiwum.diecezjazg.pl\/index.php\/wp-json\/wp\/v2\/pages\/1494\/revisions"}],"predecessor-version":[{"id":1495,"href":"https:\/\/archiwum.diecezjazg.pl\/index.php\/wp-json\/wp\/v2\/pages\/1494\/revisions\/1495"}],"up":[{"embeddable":true,"href":"https:\/\/archiwum.diecezjazg.pl\/index.php\/wp-json\/wp\/v2\/pages\/46"}],"wp:attachment":[{"href":"https:\/\/archiwum.diecezjazg.pl\/index.php\/wp-json\/wp\/v2\/media?parent=1494"}],"curies":[{"name":"wp","href":"https:\/\/api.w.org\/{rel}","templated":true}]}}