{"id":1485,"date":"2017-09-26T11:17:50","date_gmt":"2017-09-26T09:17:50","guid":{"rendered":"http:\/\/www.archiwum.diecezjazg.pl\/?page_id=1485"},"modified":"2017-09-26T11:17:50","modified_gmt":"2017-09-26T09:17:50","slug":"akta-parafii-katolickiej-dzietrzychowice-dittersbach-zespol-99-sygnatura-pdz-kat","status":"publish","type":"page","link":"https:\/\/archiwum.diecezjazg.pl\/index.php\/zasoby-archiwalne\/akta-parafii-katolickiej-dzietrzychowice-dittersbach-zespol-99-sygnatura-pdz-kat\/","title":{"rendered":"Akta parafii katolickiej Dzietrzychowice Dittersbach, zesp\u00f3\u0142 99, sygnatura PDz-kat"},"content":{"rendered":"\n<table id=\"tablepress-229\" class=\"tablepress tablepress-id-229\">\n<thead>\n<tr class=\"row-1 odd\">\n\t<th class=\"column-1\">Sygn<\/th><th class=\"column-2\">Zesp\u00f3\u0142 99<\/th><th class=\"column-3\">Tytu\u0142<\/th><th class=\"column-4\">Rok_ant<\/th><th class=\"column-5\">Rok_p<\/th><th class=\"column-6\">Rok_k<\/th><th class=\"column-7\">Rok_pos<\/th><th class=\"column-8\">Opis_fizyczny<\/th><th class=\"column-9\">ilo\u015b\u0107 stron<\/th><th class=\"column-10\">wymiar<\/th><th class=\"column-11\">j\u0119zyk<\/th><th class=\"column-12\">Sygnatury dawne<\/th><th class=\"column-13\">Uwagi<\/th>\n<\/tr>\n<\/thead>\n<tbody class=\"row-hover\">\n<tr class=\"row-2 even\">\n\t<td class=\"column-1\">PDz-kat 1<\/td><td class=\"column-2\">Parafia rzymskokatolicka Dzietrzychowice (Dittersbach)<\/td><td class=\"column-3\">Duplicat der Taufen, Trauunungen und Begraebnisse bei der Kirche zu Kalkreuth=Karcz\u00f3wka<\/td><td class=\"column-4\"><\/td><td class=\"column-5\">1794<\/td><td class=\"column-6\">1797<\/td><td class=\"column-7\"><\/td><td class=\"column-8\">poszyt<\/td><td class=\"column-9\"><\/td><td class=\"column-10\"><\/td><td class=\"column-11\">niem<\/td><td class=\"column-12\"><\/td><td class=\"column-13\">Archiwum Parafii p.w. Wniebowzi\u0119cia NMP \u017baga\u0144<\/td>\n<\/tr>\n<tr class=\"row-3 odd\">\n\t<td class=\"column-1\">PDz-kat 2<\/td><td class=\"column-2\">Parafia rzymskokatolicka Dzietrzychowice (Dittersbach)<\/td><td class=\"column-3\">Duplicat der Taufen, Trauunungen und Begraebnisse bei der Kirche zu Kalkreuth=Karcz\u00f3wka<\/td><td class=\"column-4\"><\/td><td class=\"column-5\">1798<\/td><td class=\"column-6\">1801<\/td><td class=\"column-7\"><\/td><td class=\"column-8\">poszyt<\/td><td class=\"column-9\"><\/td><td class=\"column-10\"><\/td><td class=\"column-11\">niem<\/td><td class=\"column-12\"><\/td><td class=\"column-13\">Archiwum Parafii p.w. Wniebowzi\u0119cia NMP \u017baga\u0144<\/td>\n<\/tr>\n<tr class=\"row-4 even\">\n\t<td class=\"column-1\">PDz-kat 3<\/td><td class=\"column-2\">Parafia rzymskokatolicka Dzietrzychowice (Dittersbach)<\/td><td class=\"column-3\">Duplicat der Kirchenbuecher zu Dittersbach, Ober Mednitz=Miodnica G\u00f3rna u. Nieder Gorpe=Gorzupia Dolna<\/td><td class=\"column-4\"><\/td><td class=\"column-5\">1802<\/td><td class=\"column-6\">1805<\/td><td class=\"column-7\"><\/td><td class=\"column-8\">poszyt<\/td><td class=\"column-9\"><\/td><td class=\"column-10\"><\/td><td class=\"column-11\">niem<\/td><td class=\"column-12\"><\/td><td class=\"column-13\">Archiwum Parafii p.w. Wniebowzi\u0119cia NMP \u017baga\u0144<\/td>\n<\/tr>\n<tr class=\"row-5 odd\">\n\t<td class=\"column-1\">PDz-kat 4<\/td><td class=\"column-2\">Parafia rzymskokatolicka Dzietrzychowice (Dittersbach)<\/td><td class=\"column-3\">Duplicat der ein Taufbuche zu Kalkreuth<\/td><td class=\"column-4\"><\/td><td class=\"column-5\">1802<\/td><td class=\"column-6\">1805<\/td><td class=\"column-7\"><\/td><td class=\"column-8\">poszyt<\/td><td class=\"column-9\"><\/td><td class=\"column-10\"><\/td><td class=\"column-11\">niem<\/td><td class=\"column-12\"><\/td><td class=\"column-13\">Archiwum Parafii p.w. Wniebowzi\u0119cia NMP \u017baga\u0144<\/td>\n<\/tr>\n<tr class=\"row-6 even\">\n\t<td class=\"column-1\">PDz-kat 5<\/td><td class=\"column-2\">Parafia rzymskokatolicka Dzietrzychowice (Dittersbach)<\/td><td class=\"column-3\">Duplicat der Kalkreuther Kirchenbuecher<\/td><td class=\"column-4\"><\/td><td class=\"column-5\">1806<\/td><td class=\"column-6\">1809<\/td><td class=\"column-7\"><\/td><td class=\"column-8\">poszyt<\/td><td class=\"column-9\"><\/td><td class=\"column-10\"><\/td><td class=\"column-11\">niem<\/td><td class=\"column-12\"><\/td><td class=\"column-13\">Archiwum Parafii p.w. Wniebowzi\u0119cia NMP \u017baga\u0144<\/td>\n<\/tr>\n<tr class=\"row-7 odd\">\n\t<td class=\"column-1\">PDz-kat 6<\/td><td class=\"column-2\">Parafia rzymskokatolicka Dzietrzychowice (Dittersbach)<\/td><td class=\"column-3\">Duplicat der Kirchenbuecher von der Filiale Kalkreuth, zur Parochie Dittersbach gehoerend<\/td><td class=\"column-4\"><\/td><td class=\"column-5\">1832<\/td><td class=\"column-6\">1834<\/td><td class=\"column-7\"><\/td><td class=\"column-8\">poszyt<\/td><td class=\"column-9\"><\/td><td class=\"column-10\"><\/td><td class=\"column-11\">niem<\/td><td class=\"column-12\"><\/td><td class=\"column-13\">Archiwum Parafii p.w. Wniebowzi\u0119cia NMP \u017baga\u0144<\/td>\n<\/tr>\n<tr class=\"row-8 even\">\n\t<td class=\"column-1\">PDz-kat 7<\/td><td class=\"column-2\">Parafia rzymskokatolicka Dzietrzychowice (Dittersbach)<\/td><td class=\"column-3\">Duplicat der Taufen, Trauunungen und Begraebnisse bei der Kirchen zu Dittersbach, Mednitz und Niedergorpe<\/td><td class=\"column-4\"><\/td><td class=\"column-5\">1845<\/td><td class=\"column-6\">1845<\/td><td class=\"column-7\"><\/td><td class=\"column-8\">poszyt<\/td><td class=\"column-9\"><\/td><td class=\"column-10\"><\/td><td class=\"column-11\">niem<\/td><td class=\"column-12\"><\/td><td class=\"column-13\">Archiwum Parafii p.w. Wniebowzi\u0119cia NMP \u017baga\u0144<\/td>\n<\/tr>\n<tr class=\"row-9 odd\">\n\t<td class=\"column-1\">PDz-kat 8<\/td><td class=\"column-2\">Parafia rzymskokatolicka Dzietrzychowice (Dittersbach)<\/td><td class=\"column-3\">Duplicat der Taufen, Trauunungen und Begraebnisse bei der Kirchen zu Dittersbach, Mednitz und Nieder Gorpe<\/td><td class=\"column-4\"><\/td><td class=\"column-5\">1847<\/td><td class=\"column-6\">1847<\/td><td class=\"column-7\"><\/td><td class=\"column-8\">poszyt<\/td><td class=\"column-9\"><\/td><td class=\"column-10\"><\/td><td class=\"column-11\">niem<\/td><td class=\"column-12\"><\/td><td class=\"column-13\">Archiwum Parafii p.w. Wniebowzi\u0119cia NMP \u017baga\u0144<\/td>\n<\/tr>\n<tr class=\"row-10 even\">\n\t<td class=\"column-1\">PDz-kat 9<\/td><td class=\"column-2\">Parafia rzymskokatolicka Dzietrzychowice (Dittersbach)<\/td><td class=\"column-3\">Duplicat der Taufen, Trauunungen und Begraebnisse bei den Pfarriirchen zu Dittersbach, Mednitz und Nieder Gorpe, pro in bei der Filialkirche zu Kalkreuth<\/td><td class=\"column-4\"><\/td><td class=\"column-5\">1851<\/td><td class=\"column-6\">1851<\/td><td class=\"column-7\"><\/td><td class=\"column-8\">poszyt<\/td><td class=\"column-9\"><\/td><td class=\"column-10\"><\/td><td class=\"column-11\">niem<\/td><td class=\"column-12\"><\/td><td class=\"column-13\">Archiwum Parafii p.w. Wniebowzi\u0119cia NMP \u017baga\u0144<\/td>\n<\/tr>\n<tr class=\"row-11 odd\">\n\t<td class=\"column-1\">PDz-kat 10<\/td><td class=\"column-2\">Parafia rzymskokatolicka Dzietrzychowice (Dittersbach)<\/td><td class=\"column-3\">Duplicat der Taufen, Trauunungen und Begraebnisse bei den Pfarriirchen zu Dittersbach, Mednitz und Nieder Gorpe, pro in bei der Filialkirche zu Kalkreuth<\/td><td class=\"column-4\"><\/td><td class=\"column-5\">1852<\/td><td class=\"column-6\">1852<\/td><td class=\"column-7\"><\/td><td class=\"column-8\">poszyt<\/td><td class=\"column-9\"><\/td><td class=\"column-10\"><\/td><td class=\"column-11\">niem<\/td><td class=\"column-12\"><\/td><td class=\"column-13\">Archiwum Parafii p.w. Wniebowzi\u0119cia NMP \u017baga\u0144<\/td>\n<\/tr>\n<\/tbody>\n<\/table>\n<!-- #tablepress-229 from cache -->\n","protected":false},"excerpt":{"rendered":"","protected":false},"author":1,"featured_media":0,"parent":46,"menu_order":0,"comment_status":"closed","ping_status":"closed","template":"","meta":{"ngg_post_thumbnail":0},"_links":{"self":[{"href":"https:\/\/archiwum.diecezjazg.pl\/index.php\/wp-json\/wp\/v2\/pages\/1485"}],"collection":[{"href":"https:\/\/archiwum.diecezjazg.pl\/index.php\/wp-json\/wp\/v2\/pages"}],"about":[{"href":"https:\/\/archiwum.diecezjazg.pl\/index.php\/wp-json\/wp\/v2\/types\/page"}],"author":[{"embeddable":true,"href":"https:\/\/archiwum.diecezjazg.pl\/index.php\/wp-json\/wp\/v2\/users\/1"}],"replies":[{"embeddable":true,"href":"https:\/\/archiwum.diecezjazg.pl\/index.php\/wp-json\/wp\/v2\/comments?post=1485"}],"version-history":[{"count":1,"href":"https:\/\/archiwum.diecezjazg.pl\/index.php\/wp-json\/wp\/v2\/pages\/1485\/revisions"}],"predecessor-version":[{"id":1486,"href":"https:\/\/archiwum.diecezjazg.pl\/index.php\/wp-json\/wp\/v2\/pages\/1485\/revisions\/1486"}],"up":[{"embeddable":true,"href":"https:\/\/archiwum.diecezjazg.pl\/index.php\/wp-json\/wp\/v2\/pages\/46"}],"wp:attachment":[{"href":"https:\/\/archiwum.diecezjazg.pl\/index.php\/wp-json\/wp\/v2\/media?parent=1485"}],"curies":[{"name":"wp","href":"https:\/\/api.w.org\/{rel}","templated":true}]}}