{"id":1483,"date":"2017-09-26T11:17:04","date_gmt":"2017-09-26T09:17:04","guid":{"rendered":"http:\/\/www.archiwum.diecezjazg.pl\/?page_id=1483"},"modified":"2017-09-26T11:17:04","modified_gmt":"2017-09-26T09:17:04","slug":"akta-kosciola-ewangelickiego-drezdenko-driesen-zespol-98-sygnatura-pdre-ew","status":"publish","type":"page","link":"https:\/\/archiwum.diecezjazg.pl\/index.php\/zasoby-archiwalne\/akta-kosciola-ewangelickiego-drezdenko-driesen-zespol-98-sygnatura-pdre-ew\/","title":{"rendered":"Akta ko\u015bcio\u0142a ewangelickiego Drezdenko Driesen, zesp\u00f3\u0142 98, sygnatura PDre-ew"},"content":{"rendered":"\n<table id=\"tablepress-228\" class=\"tablepress tablepress-id-228\">\n<thead>\n<tr class=\"row-1 odd\">\n\t<th class=\"column-1\">Sygn<\/th><th class=\"column-2\">Zesp\u00f3\u0142 98<\/th><th class=\"column-3\">Tytu\u0142<\/th><th class=\"column-4\">Rok_ant<\/th><th class=\"column-5\">Rok_p<\/th><th class=\"column-6\">Rok_k<\/th><th class=\"column-7\">Rok_pos<\/th><th class=\"column-8\">Opis_fizyczny<\/th><th class=\"column-9\">ilo\u015b\u0107 stron<\/th><th class=\"column-10\">wymiar<\/th><th class=\"column-11\">j\u0119zyk<\/th><th class=\"column-12\">Sygnatury dawne<\/th><th class=\"column-13\">Uwagi<\/th>\n<\/tr>\n<\/thead>\n<tbody class=\"row-hover\">\n<tr class=\"row-2 even\">\n\t<td class=\"column-1\">PDre-ew 1<\/td><td class=\"column-2\">Parafia ewangelicka Drezdenko (Driesen)   <\/td><td class=\"column-3\">Kirchenbuch Geborene<\/td><td class=\"column-4\"><\/td><td class=\"column-5\">1857<\/td><td class=\"column-6\">1879<\/td><td class=\"column-7\"><\/td><td class=\"column-8\">ksi\u0119ga<\/td><td class=\"column-9\">brak pag.<\/td><td class=\"column-10\"><\/td><td class=\"column-11\">niem<\/td><td class=\"column-12\"><\/td><td class=\"column-13\">AP Drezdenko<\/td>\n<\/tr>\n<tr class=\"row-3 odd\">\n\t<td class=\"column-1\">PDre-ew 2<\/td><td class=\"column-2\">Parafia ewangelicka Drezdenko (Driesen)   <\/td><td class=\"column-3\">Kirchenbuch Geborene [wioski]<\/td><td class=\"column-4\"><\/td><td class=\"column-5\">1867<\/td><td class=\"column-6\">1945<\/td><td class=\"column-7\"><\/td><td class=\"column-8\">ksi\u0119ga<\/td><td class=\"column-9\">brak pag.<\/td><td class=\"column-10\"><\/td><td class=\"column-11\">niem<\/td><td class=\"column-12\"><\/td><td class=\"column-13\">AP Drezdenko<\/td>\n<\/tr>\n<tr class=\"row-4 even\">\n\t<td class=\"column-1\">PDre-ew 3<\/td><td class=\"column-2\">Parafia ewangelicka Drezdenko (Driesen)   <\/td><td class=\"column-3\">Kirchbuch fuer Neu Dessau Getaufte 1900-1943 Konfirmierte 1900-1943 Getraute 1900-1944 Beerdigte 1907-1944<\/td><td class=\"column-4\"><\/td><td class=\"column-5\">1900<\/td><td class=\"column-6\">1944<\/td><td class=\"column-7\"><\/td><td class=\"column-8\">ksi\u0119ga<\/td><td class=\"column-9\">brak pag.<\/td><td class=\"column-10\"><\/td><td class=\"column-11\">niem<\/td><td class=\"column-12\"><\/td><td class=\"column-13\">AP Drezdenko<\/td>\n<\/tr>\n<tr class=\"row-5 odd\">\n\t<td class=\"column-1\">PDre-ew 4<\/td><td class=\"column-2\">Parafia ewangelicka Drezdenko (Driesen)   <\/td><td class=\"column-3\">Kirchbuch Geborene <\/td><td class=\"column-4\"><\/td><td class=\"column-5\">1905<\/td><td class=\"column-6\">1914<\/td><td class=\"column-7\"><\/td><td class=\"column-8\">ksi\u0119ga<\/td><td class=\"column-9\">brak pag.<\/td><td class=\"column-10\"><\/td><td class=\"column-11\">niem<\/td><td class=\"column-12\"><\/td><td class=\"column-13\">AP Drezdenko<\/td>\n<\/tr>\n<tr class=\"row-6 even\">\n\t<td class=\"column-1\">PDre-ew 5<\/td><td class=\"column-2\">Parafia ewangelicka Drezdenko (Driesen)   <\/td><td class=\"column-3\">Anlage zur Kirchen-Rechnung der Stadt Driesen<\/td><td class=\"column-4\"><\/td><td class=\"column-5\">1840<\/td><td class=\"column-6\">1842<\/td><td class=\"column-7\"><\/td><td class=\"column-8\">poszyt<\/td><td class=\"column-9\">brak pag.<\/td><td class=\"column-10\"><\/td><td class=\"column-11\">niem<\/td><td class=\"column-12\"><\/td><td class=\"column-13\">AP Drezdenko<\/td>\n<\/tr>\n<tr class=\"row-7 odd\">\n\t<td class=\"column-1\">PDre-ew 6<\/td><td class=\"column-2\">Parafia ewangelicka Drezdenko (Driesen)   <\/td><td class=\"column-3\">Lagerbuch der evangelischen Kirchen-Gemeinde<\/td><td class=\"column-4\"><\/td><td class=\"column-5\">1883<\/td><td class=\"column-6\">1896<\/td><td class=\"column-7\"><\/td><td class=\"column-8\">ksi\u0119ga<\/td><td class=\"column-9\">133 <\/td><td class=\"column-10\"><\/td><td class=\"column-11\">niem<\/td><td class=\"column-12\"><\/td><td class=\"column-13\">AP Drezdenko<\/td>\n<\/tr>\n<\/tbody>\n<\/table>\n\n","protected":false},"excerpt":{"rendered":"","protected":false},"author":1,"featured_media":0,"parent":46,"menu_order":0,"comment_status":"closed","ping_status":"closed","template":"","meta":{"ngg_post_thumbnail":0},"_links":{"self":[{"href":"https:\/\/archiwum.diecezjazg.pl\/index.php\/wp-json\/wp\/v2\/pages\/1483"}],"collection":[{"href":"https:\/\/archiwum.diecezjazg.pl\/index.php\/wp-json\/wp\/v2\/pages"}],"about":[{"href":"https:\/\/archiwum.diecezjazg.pl\/index.php\/wp-json\/wp\/v2\/types\/page"}],"author":[{"embeddable":true,"href":"https:\/\/archiwum.diecezjazg.pl\/index.php\/wp-json\/wp\/v2\/users\/1"}],"replies":[{"embeddable":true,"href":"https:\/\/archiwum.diecezjazg.pl\/index.php\/wp-json\/wp\/v2\/comments?post=1483"}],"version-history":[{"count":1,"href":"https:\/\/archiwum.diecezjazg.pl\/index.php\/wp-json\/wp\/v2\/pages\/1483\/revisions"}],"predecessor-version":[{"id":1484,"href":"https:\/\/archiwum.diecezjazg.pl\/index.php\/wp-json\/wp\/v2\/pages\/1483\/revisions\/1484"}],"up":[{"embeddable":true,"href":"https:\/\/archiwum.diecezjazg.pl\/index.php\/wp-json\/wp\/v2\/pages\/46"}],"wp:attachment":[{"href":"https:\/\/archiwum.diecezjazg.pl\/index.php\/wp-json\/wp\/v2\/media?parent=1483"}],"curies":[{"name":"wp","href":"https:\/\/api.w.org\/{rel}","templated":true}]}}