{"id":1481,"date":"2017-09-26T11:15:56","date_gmt":"2017-09-26T09:15:56","guid":{"rendered":"http:\/\/www.archiwum.diecezjazg.pl\/?page_id=1481"},"modified":"2017-09-26T11:15:56","modified_gmt":"2017-09-26T09:15:56","slug":"akta-parafii-katolickiej-dragowina-neuwaldau-zespol-97-sygnatura-pdr-kat","status":"publish","type":"page","link":"https:\/\/archiwum.diecezjazg.pl\/index.php\/zasoby-archiwalne\/akta-parafii-katolickiej-dragowina-neuwaldau-zespol-97-sygnatura-pdr-kat\/","title":{"rendered":"Akta parafii katolickiej Dr\u0105gowina Neuwaldau, zesp\u00f3\u0142 97, sygnatura PDr-kat"},"content":{"rendered":"\n<table id=\"tablepress-227\" class=\"tablepress tablepress-id-227\">\n<thead>\n<tr class=\"row-1 odd\">\n\t<th class=\"column-1\">Sygn<\/th><th class=\"column-2\">Zesp\u00f3\u0142 97<\/th><th class=\"column-3\">Tytu\u0142<\/th><th class=\"column-4\">Rok_ant<\/th><th class=\"column-5\">Rok_p<\/th><th class=\"column-6\">Rok_k<\/th><th class=\"column-7\">Rok_pos<\/th><th class=\"column-8\">Opis_fizyczny<\/th><th class=\"column-9\">ilo\u015b\u0107 stron<\/th><th class=\"column-10\">wymiar<\/th><th class=\"column-11\">j\u0119zyk<\/th><th class=\"column-12\">Sygnatury dawne<\/th><th class=\"column-13\">Uwagi<\/th>\n<\/tr>\n<\/thead>\n<tbody class=\"row-hover\">\n<tr class=\"row-2 even\">\n\t<td class=\"column-1\">PDr-kat 1<\/td><td class=\"column-2\">Parafia rzymskokatolicka Dr\u0105gowina (Neuwaldau)   <\/td><td class=\"column-3\">Geburts-u. Trauungs-Register aus Reichenbach [Przybymierz]<\/td><td class=\"column-4\"><\/td><td class=\"column-5\">1800<\/td><td class=\"column-6\">1909<\/td><td class=\"column-7\"><\/td><td class=\"column-8\">ksi\u0119ga<\/td><td class=\"column-9\"><\/td><td class=\"column-10\"><\/td><td class=\"column-11\">niem<\/td><td class=\"column-12\"><\/td><td class=\"column-13\">urodzenia 1800; 1873-1909; \u015bluby 1840-1861; ksi\u0119ga zniszczona, brak kart, ewidentnie wydarte<\/td>\n<\/tr>\n<tr class=\"row-3 odd\">\n\t<td class=\"column-1\">PDr-kat 2<\/td><td class=\"column-2\">Parafia rzymskokatolicka Dr\u0105gowina (Neuwaldau)   <\/td><td class=\"column-3\">Rechnungen ueber die kommissarisch Vermoegens-Verwaltung der katholischen Filialkirche zu Niebusch [Niwiska}<\/td><td class=\"column-4\"><\/td><td class=\"column-5\">1892<\/td><td class=\"column-6\">1921<\/td><td class=\"column-7\"><\/td><td class=\"column-8\">ksi\u0119ga<\/td><td class=\"column-9\"><\/td><td class=\"column-10\"><\/td><td class=\"column-11\">niem<\/td><td class=\"column-12\"><\/td><td class=\"column-13\"><\/td>\n<\/tr>\n<tr class=\"row-4 even\">\n\t<td class=\"column-1\">PDr-kat 3<\/td><td class=\"column-2\">Parafia rzymskokatolicka Dr\u0105gowina (Neuwaldau)   <\/td><td class=\"column-3\">Duplicat der Tauf-Trauunungs-und Sterbe-Register in der Parochie Neuwaldau und der dazu zugoerigen Ortschaften: Kottwitz und Reichenbach<\/td><td class=\"column-4\"><\/td><td class=\"column-5\">1801<\/td><td class=\"column-6\">1801<\/td><td class=\"column-7\"><\/td><td class=\"column-8\">poszyt<\/td><td class=\"column-9\"><\/td><td class=\"column-10\"><\/td><td class=\"column-11\">niem<\/td><td class=\"column-12\"><\/td><td class=\"column-13\">Archiwum Parafii p.w. Wniebowzi\u0119cia NMP \u017baga\u0144<\/td>\n<\/tr>\n<tr class=\"row-5 odd\">\n\t<td class=\"column-1\">PDr-kat 4<\/td><td class=\"column-2\">Parafia rzymskokatolicka Dr\u0105gowina (Neuwaldau)   <\/td><td class=\"column-3\">Duplicat der Tauf-Trauunungs-und Sterbe-Register in der Parochie Neuwaldau und der dazu zugoerigen Ortschaften: Kottwitz und Reichenbach<\/td><td class=\"column-4\"><\/td><td class=\"column-5\">1804<\/td><td class=\"column-6\">1804<\/td><td class=\"column-7\"><\/td><td class=\"column-8\">poszyt<\/td><td class=\"column-9\"><\/td><td class=\"column-10\"><\/td><td class=\"column-11\">niem<\/td><td class=\"column-12\"><\/td><td class=\"column-13\">Archiwum Parafii p.w. Wniebowzi\u0119cia NMP \u017baga\u0144<\/td>\n<\/tr>\n<tr class=\"row-6 even\">\n\t<td class=\"column-1\">PDr-kat 5<\/td><td class=\"column-2\">Parafia rzymskokatolicka Dr\u0105gowina (Neuwaldau)   <\/td><td class=\"column-3\">Duplicat der Tauf-Trauunungs-und Begraebniss-Register von Neuwaldau, Reichenbach und Kottwitz<\/td><td class=\"column-4\"><\/td><td class=\"column-5\">1809<\/td><td class=\"column-6\">1809<\/td><td class=\"column-7\"><\/td><td class=\"column-8\">poszyt<\/td><td class=\"column-9\"><\/td><td class=\"column-10\"><\/td><td class=\"column-11\">niem<\/td><td class=\"column-12\"><\/td><td class=\"column-13\">Archiwum Parafii p.w. Wniebowzi\u0119cia NMP \u017baga\u0144<\/td>\n<\/tr>\n<tr class=\"row-7 odd\">\n\t<td class=\"column-1\">PDr-kat 6<\/td><td class=\"column-2\">Parafia rzymskokatolicka Dr\u0105gowina (Neuwaldau)   <\/td><td class=\"column-3\">Verzeichniss der Taufen,Trauunungen und Begraebnisse aus zum Parochie Neuwaldau, ...Reichenbach, Kottwitz und Niebusch<\/td><td class=\"column-4\"><\/td><td class=\"column-5\">1820<\/td><td class=\"column-6\">1820<\/td><td class=\"column-7\"><\/td><td class=\"column-8\">poszyt<\/td><td class=\"column-9\"><\/td><td class=\"column-10\"><\/td><td class=\"column-11\">niem<\/td><td class=\"column-12\"><\/td><td class=\"column-13\">Archiwum Parafii p.w. Wniebowzi\u0119cia NMP \u017baga\u0144<\/td>\n<\/tr>\n<tr class=\"row-8 even\">\n\t<td class=\"column-1\">PDr-kat 7<\/td><td class=\"column-2\">Parafia rzymskokatolicka Dr\u0105gowina (Neuwaldau)   <\/td><td class=\"column-3\">Verzeichniss der Taufen,Trauunungen und Begraebnisse aus zum Parochie Neuwaldau, ...Reichenbach, Kottwitz und Niebusch<\/td><td class=\"column-4\"><\/td><td class=\"column-5\">1826<\/td><td class=\"column-6\">1826<\/td><td class=\"column-7\"><\/td><td class=\"column-8\">poszyt<\/td><td class=\"column-9\"><\/td><td class=\"column-10\"><\/td><td class=\"column-11\">niem<\/td><td class=\"column-12\"><\/td><td class=\"column-13\">Archiwum Parafii p.w. Wniebowzi\u0119cia NMP \u017baga\u0144<\/td>\n<\/tr>\n<tr class=\"row-9 odd\">\n\t<td class=\"column-1\">PDr-kat 8<\/td><td class=\"column-2\">Parafia rzymskokatolicka Dr\u0105gowina (Neuwaldau)   <\/td><td class=\"column-3\">Manuale der ...Tauf:Actus der Parochie Neuwaldau<\/td><td class=\"column-4\"><\/td><td class=\"column-5\">1827<\/td><td class=\"column-6\">1827<\/td><td class=\"column-7\"><\/td><td class=\"column-8\">poszyt<\/td><td class=\"column-9\"><\/td><td class=\"column-10\"><\/td><td class=\"column-11\">niem<\/td><td class=\"column-12\"><\/td><td class=\"column-13\">Archiwum Parafii p.w. Wniebowzi\u0119cia NMP \u017baga\u0144<\/td>\n<\/tr>\n<tr class=\"row-10 even\">\n\t<td class=\"column-1\">PDr-kat 9<\/td><td class=\"column-2\">Parafia rzymskokatolicka Dr\u0105gowina (Neuwaldau)   <\/td><td class=\"column-3\">Verziechniss der im Jahren 1829 in der Parochie Neuwaldau, Gebohrenen<\/td><td class=\"column-4\"><\/td><td class=\"column-5\">1829<\/td><td class=\"column-6\">1829<\/td><td class=\"column-7\"><\/td><td class=\"column-8\">poszyt<\/td><td class=\"column-9\"><\/td><td class=\"column-10\"><\/td><td class=\"column-11\">niem<\/td><td class=\"column-12\"><\/td><td class=\"column-13\">Archiwum Parafii p.w. Wniebowzi\u0119cia NMP \u017baga\u0144<\/td>\n<\/tr>\n<tr class=\"row-11 odd\">\n\t<td class=\"column-1\">PDr-kat 10<\/td><td class=\"column-2\">Parafia rzymskokatolicka Dr\u0105gowina (Neuwaldau)   <\/td><td class=\"column-3\">Duplikat ksi\u0119gi chrzt\u00f3w, \u015blub\u00f3w i zgon\u00f3w<\/td><td class=\"column-4\"><\/td><td class=\"column-5\">1874<\/td><td class=\"column-6\">1874<\/td><td class=\"column-7\"><\/td><td class=\"column-8\">poszyt<\/td><td class=\"column-9\"><\/td><td class=\"column-10\"><\/td><td class=\"column-11\">niem<\/td><td class=\"column-12\"><\/td><td class=\"column-13\">Archiwum Parafii p.w. Wniebowzi\u0119cia NMP \u017baga\u0144<\/td>\n<\/tr>\n<tr class=\"row-12 even\">\n\t<td class=\"column-1\">PDr-kat 11<\/td><td class=\"column-2\">Parafia rzymskokatolicka Dr\u0105gowina (Neuwaldau)   <\/td><td class=\"column-3\">Ksi\u0119ga ochrzczonych <\/td><td class=\"column-4\"><\/td><td class=\"column-5\">1910<\/td><td class=\"column-6\">1947<\/td><td class=\"column-7\"><\/td><td class=\"column-8\">ksi\u0119ga<\/td><td class=\"column-9\"><\/td><td class=\"column-10\"><\/td><td class=\"column-11\">niem, pol<\/td><td class=\"column-12\"><\/td><td class=\"column-13\">AP Dr\u0105gowina<\/td>\n<\/tr>\n<tr class=\"row-13 odd\">\n\t<td class=\"column-1\">PDr-kat 12<\/td><td class=\"column-2\">Parafia rzymskokatolicka Dr\u0105gowina (Neuwaldau)   <\/td><td class=\"column-3\">Trauungsbuch Neuwaldau<\/td><td class=\"column-4\"><\/td><td class=\"column-5\">1910<\/td><td class=\"column-6\">1957<\/td><td class=\"column-7\"><\/td><td class=\"column-8\">ksi\u0119ga<\/td><td class=\"column-9\"><\/td><td class=\"column-10\"><\/td><td class=\"column-11\">niem, pol<\/td><td class=\"column-12\"><\/td><td class=\"column-13\">AP Dr\u0105gowina<\/td>\n<\/tr>\n<tr class=\"row-14 even\">\n\t<td class=\"column-1\">PDr-kat 13<\/td><td class=\"column-2\">Parafia rzymskokatolicka Dr\u0105gowina (Neuwaldau)   <\/td><td class=\"column-3\">Protok\u00f3\u0142y dozoru ko\u015bcielnego (1905-1925). Ksi\u0119ga zapowiedzi przed\u015blubnych (1946-1957)<\/td><td class=\"column-4\"><\/td><td class=\"column-5\">1905<\/td><td class=\"column-6\">1957<\/td><td class=\"column-7\"><\/td><td class=\"column-8\">ksi\u0119ga<\/td><td class=\"column-9\"><\/td><td class=\"column-10\"><\/td><td class=\"column-11\">niem, pol<\/td><td class=\"column-12\"><\/td><td class=\"column-13\">AP Dr\u0105gowina<\/td>\n<\/tr>\n<\/tbody>\n<\/table>\n<!-- #tablepress-227 from cache -->\n","protected":false},"excerpt":{"rendered":"","protected":false},"author":1,"featured_media":0,"parent":46,"menu_order":0,"comment_status":"closed","ping_status":"closed","template":"","meta":{"ngg_post_thumbnail":0},"_links":{"self":[{"href":"https:\/\/archiwum.diecezjazg.pl\/index.php\/wp-json\/wp\/v2\/pages\/1481"}],"collection":[{"href":"https:\/\/archiwum.diecezjazg.pl\/index.php\/wp-json\/wp\/v2\/pages"}],"about":[{"href":"https:\/\/archiwum.diecezjazg.pl\/index.php\/wp-json\/wp\/v2\/types\/page"}],"author":[{"embeddable":true,"href":"https:\/\/archiwum.diecezjazg.pl\/index.php\/wp-json\/wp\/v2\/users\/1"}],"replies":[{"embeddable":true,"href":"https:\/\/archiwum.diecezjazg.pl\/index.php\/wp-json\/wp\/v2\/comments?post=1481"}],"version-history":[{"count":1,"href":"https:\/\/archiwum.diecezjazg.pl\/index.php\/wp-json\/wp\/v2\/pages\/1481\/revisions"}],"predecessor-version":[{"id":1482,"href":"https:\/\/archiwum.diecezjazg.pl\/index.php\/wp-json\/wp\/v2\/pages\/1481\/revisions\/1482"}],"up":[{"embeddable":true,"href":"https:\/\/archiwum.diecezjazg.pl\/index.php\/wp-json\/wp\/v2\/pages\/46"}],"wp:attachment":[{"href":"https:\/\/archiwum.diecezjazg.pl\/index.php\/wp-json\/wp\/v2\/media?parent=1481"}],"curies":[{"name":"wp","href":"https:\/\/api.w.org\/{rel}","templated":true}]}}