{"id":1475,"date":"2017-09-26T11:11:58","date_gmt":"2017-09-26T09:11:58","guid":{"rendered":"http:\/\/www.archiwum.diecezjazg.pl\/?page_id=1475"},"modified":"2017-09-26T11:11:58","modified_gmt":"2017-09-26T09:11:58","slug":"akta-kosciola-ewangelickiego-czarnow-tschernow-zespol-94-sygnatura-pcz-ew","status":"publish","type":"page","link":"https:\/\/archiwum.diecezjazg.pl\/index.php\/zasoby-archiwalne\/akta-kosciola-ewangelickiego-czarnow-tschernow-zespol-94-sygnatura-pcz-ew\/","title":{"rendered":"Akta ko\u015bcio\u0142a ewangelickiego Czarn\u00f3w Tschernow, zesp\u00f3\u0142 94, sygnatura PCz-ew"},"content":{"rendered":"\n<table id=\"tablepress-224\" class=\"tablepress tablepress-id-224\">\n<thead>\n<tr class=\"row-1 odd\">\n\t<th class=\"column-1\">Sygn<\/th><th class=\"column-2\">Zesp\u00f3\u0142 94<\/th><th class=\"column-3\">Tytu\u0142<\/th><th class=\"column-4\">Rok_ant<\/th><th class=\"column-5\">Rok_p<\/th><th class=\"column-6\">Rok_k<\/th><th class=\"column-7\">Rok_pos<\/th><th class=\"column-8\">Opis_fizyczny<\/th><th class=\"column-9\">ilo\u015b\u0107 stron<\/th><th class=\"column-10\">wymiar<\/th><th class=\"column-11\">j\u0119zyk<\/th><th class=\"column-12\">Sygnatury dawne<\/th><th class=\"column-13\">Uwagi<\/th>\n<\/tr>\n<\/thead>\n<tbody class=\"row-hover\">\n<tr class=\"row-2 even\">\n\t<td class=\"column-1\">PCz-ew 1<\/td><td class=\"column-2\">Ko\u015bci\u00f3\u0142 ewangelicki Czarn\u00f3w (Tscharnow, Tschernow, Schernow)<\/td><td class=\"column-3\">Kirchenbuch fuer Tscharnow, \u015bluby 1824-1859, chrzty 1824-1859, dodatkowe akty chrzt\u00f3w 1750-1824, konfirmacja 1824-1858, zgony 1824-1859<\/td><td class=\"column-4\">1770-1824<\/td><td class=\"column-5\">1824<\/td><td class=\"column-6\">1859<\/td><td class=\"column-7\"><\/td><td class=\"column-8\">ksi\u0119ga<\/td><td class=\"column-9\"><\/td><td class=\"column-10\"><\/td><td class=\"column-11\">niem<\/td><td class=\"column-12\"><\/td><td class=\"column-13\">Archiwum Parafii w Czarnowie<\/td>\n<\/tr>\n<tr class=\"row-3 odd\">\n\t<td class=\"column-1\">PCz-ew 2<\/td><td class=\"column-2\">Ko\u015bci\u00f3\u0142 ewangelicki Czarn\u00f3w (Tscharnow, Tschernow, Schernow)<\/td><td class=\"column-3\">Kirchenbuch fuer Tscharnow, \u015bluby 1860-1906, chrzty 1860-1902, zgony 1860-1892, konfirmacja 1860-1906, komunia 1860-1906<\/td><td class=\"column-4\"><\/td><td class=\"column-5\">1860<\/td><td class=\"column-6\">1906<\/td><td class=\"column-7\"><\/td><td class=\"column-8\">ksi\u0119ga<\/td><td class=\"column-9\"><\/td><td class=\"column-10\"><\/td><td class=\"column-11\">niem<\/td><td class=\"column-12\"><\/td><td class=\"column-13\">Archiwum Parafii w Czarnowie<\/td>\n<\/tr>\n<tr class=\"row-4 even\">\n\t<td class=\"column-1\">PCz-ew 3<\/td><td class=\"column-2\">Ko\u015bci\u00f3\u0142 ewangelicki Czarn\u00f3w (Tscharnow, Tschernow, Schernow)<\/td><td class=\"column-3\">Kirchenbuch fuer Saepzig (\u017babice) \u015bluby 1860-1906, chrzty 1860-1906, zgony 1860-1894, konfirmacja 1860-1906, komunia 1860-1906<\/td><td class=\"column-4\"><\/td><td class=\"column-5\">1860<\/td><td class=\"column-6\">1906<\/td><td class=\"column-7\"><\/td><td class=\"column-8\">ksi\u0119ga<\/td><td class=\"column-9\"><\/td><td class=\"column-10\"><\/td><td class=\"column-11\">niem<\/td><td class=\"column-12\"><\/td><td class=\"column-13\">Archiwum Parafii w Czarnowie<\/td>\n<\/tr>\n<tr class=\"row-5 odd\">\n\t<td class=\"column-1\">PCz-ew 4<\/td><td class=\"column-2\">Ko\u015bci\u00f3\u0142 ewangelicki Czarn\u00f3w (Tscharnow, Tschernow, Schernow)<\/td><td class=\"column-3\">Kirchenbuch fuer Saepzig konfirmacja 1907-1943, \u015bluby 1908-1944, zgony 1907-42<\/td><td class=\"column-4\"><\/td><td class=\"column-5\">1907<\/td><td class=\"column-6\">1944<\/td><td class=\"column-7\"><\/td><td class=\"column-8\">ksi\u0119ga<\/td><td class=\"column-9\"><\/td><td class=\"column-10\"><\/td><td class=\"column-11\">niem<\/td><td class=\"column-12\">brak chrzt\u00f3w-wydarte, bak \u015blub\u00f3w 1907-1908 wydarte i zgon\u00f3w 1943-1944 wydarte<\/td><td class=\"column-13\">Archiwum Parafii w Czarnowie<\/td>\n<\/tr>\n<\/tbody>\n<\/table>\n<!-- #tablepress-224 from cache -->\n","protected":false},"excerpt":{"rendered":"","protected":false},"author":1,"featured_media":0,"parent":46,"menu_order":0,"comment_status":"closed","ping_status":"closed","template":"","meta":{"ngg_post_thumbnail":0},"_links":{"self":[{"href":"https:\/\/archiwum.diecezjazg.pl\/index.php\/wp-json\/wp\/v2\/pages\/1475"}],"collection":[{"href":"https:\/\/archiwum.diecezjazg.pl\/index.php\/wp-json\/wp\/v2\/pages"}],"about":[{"href":"https:\/\/archiwum.diecezjazg.pl\/index.php\/wp-json\/wp\/v2\/types\/page"}],"author":[{"embeddable":true,"href":"https:\/\/archiwum.diecezjazg.pl\/index.php\/wp-json\/wp\/v2\/users\/1"}],"replies":[{"embeddable":true,"href":"https:\/\/archiwum.diecezjazg.pl\/index.php\/wp-json\/wp\/v2\/comments?post=1475"}],"version-history":[{"count":1,"href":"https:\/\/archiwum.diecezjazg.pl\/index.php\/wp-json\/wp\/v2\/pages\/1475\/revisions"}],"predecessor-version":[{"id":1476,"href":"https:\/\/archiwum.diecezjazg.pl\/index.php\/wp-json\/wp\/v2\/pages\/1475\/revisions\/1476"}],"up":[{"embeddable":true,"href":"https:\/\/archiwum.diecezjazg.pl\/index.php\/wp-json\/wp\/v2\/pages\/46"}],"wp:attachment":[{"href":"https:\/\/archiwum.diecezjazg.pl\/index.php\/wp-json\/wp\/v2\/media?parent=1475"}],"curies":[{"name":"wp","href":"https:\/\/api.w.org\/{rel}","templated":true}]}}