{"id":1473,"date":"2017-09-26T11:11:13","date_gmt":"2017-09-26T09:11:13","guid":{"rendered":"http:\/\/www.archiwum.diecezjazg.pl\/?page_id=1473"},"modified":"2017-09-26T11:11:13","modified_gmt":"2017-09-26T09:11:13","slug":"akta-parafii-katolickiej-ciosaniec-schussenze-zespol-93-sygnatura-pcio-kat","status":"publish","type":"page","link":"https:\/\/archiwum.diecezjazg.pl\/index.php\/zasoby-archiwalne\/akta-parafii-katolickiej-ciosaniec-schussenze-zespol-93-sygnatura-pcio-kat\/","title":{"rendered":"Akta parafii katolickiej Ciosaniec Schussenze, zesp\u00f3\u0142 93, sygnatura PCio-kat"},"content":{"rendered":"\n<table id=\"tablepress-223\" class=\"tablepress tablepress-id-223\">\n<thead>\n<tr class=\"row-1 odd\">\n\t<th class=\"column-1\">Sygn <\/th><th class=\"column-2\">Zesp\u00f3\u0142 93<\/th><th class=\"column-3\">Tytu\u0142<\/th><th class=\"column-4\">Rok_ant<\/th><th class=\"column-5\">Rok_p<\/th><th class=\"column-6\">Rok_k<\/th><th class=\"column-7\">Rok_pos<\/th><th class=\"column-8\">Opis_fizyczny<\/th><th class=\"column-9\">ilo\u015b\u0107 stron<\/th><th class=\"column-10\">wymiar<\/th><th class=\"column-11\">j\u0119zyk<\/th><th class=\"column-12\">Sygnatury dawne<\/th><th class=\"column-13\">Uwagi<\/th>\n<\/tr>\n<\/thead>\n<tbody class=\"row-hover\">\n<tr class=\"row-2 even\">\n\t<td class=\"column-1\">PCio-kat 1<\/td><td class=\"column-2\">Parafia Rzymskokatolicka Ciosaniec (Schussenze)<\/td><td class=\"column-3\">[Ksi\u0119ga chrzt\u00f3w 1771-1795, \u015blub\u00f3w 1771-1795 i zgon\u00f3w 1771-1795] <\/td><td class=\"column-4\"><\/td><td class=\"column-5\">1771<\/td><td class=\"column-6\">1795<\/td><td class=\"column-7\"><\/td><td class=\"column-8\">ksi\u0119ga<\/td><td class=\"column-9\">97<\/td><td class=\"column-10\">195x330<\/td><td class=\"column-11\">\u0142ac<\/td><td class=\"column-12\"><\/td><td class=\"column-13\">AP Ciosaniec<\/td>\n<\/tr>\n<tr class=\"row-3 odd\">\n\t<td class=\"column-1\">PCio-kat 2<\/td><td class=\"column-2\">Parafia Rzymskokatolicka Ciosaniec (Schussenze)<\/td><td class=\"column-3\">[Ksi\u0119ga chrzt\u00f3w]<\/td><td class=\"column-4\"><\/td><td class=\"column-5\">1794<\/td><td class=\"column-6\">1816<\/td><td class=\"column-7\"><\/td><td class=\"column-8\">ksi\u0119ga<\/td><td class=\"column-9\">129<\/td><td class=\"column-10\">210x340<\/td><td class=\"column-11\">\u0142ac, niem<\/td><td class=\"column-12\"><\/td><td class=\"column-13\">AP Ciosaniec<\/td>\n<\/tr>\n<tr class=\"row-4 even\">\n\t<td class=\"column-1\">PCio-kat 3<\/td><td class=\"column-2\">Parafia Rzymskokatolicka Ciosaniec (Schussenze)<\/td><td class=\"column-3\">[Ksi\u0119ga chrzt\u00f3w]<\/td><td class=\"column-4\"><\/td><td class=\"column-5\">1817<\/td><td class=\"column-6\">1838<\/td><td class=\"column-7\"><\/td><td class=\"column-8\">ksi\u0119ga<\/td><td class=\"column-9\">224<\/td><td class=\"column-10\">210x345<\/td><td class=\"column-11\">niem<\/td><td class=\"column-12\"><\/td><td class=\"column-13\">AP Ciosaniec<\/td>\n<\/tr>\n<tr class=\"row-5 odd\">\n\t<td class=\"column-1\">PCio-kat 4<\/td><td class=\"column-2\">Parafia Rzymskokatolicka Ciosaniec (Schussenze)<\/td><td class=\"column-3\">[Ksi\u0119ga chrzt\u00f3w]<\/td><td class=\"column-4\"><\/td><td class=\"column-5\">1839<\/td><td class=\"column-6\">1867<\/td><td class=\"column-7\"><\/td><td class=\"column-8\">ksi\u0119ga<\/td><td class=\"column-9\">191<\/td><td class=\"column-10\">240x385<\/td><td class=\"column-11\">niem, pol<\/td><td class=\"column-12\"><\/td><td class=\"column-13\">AP Ciosaniec<\/td>\n<\/tr>\n<tr class=\"row-6 even\">\n\t<td class=\"column-1\">PCio-kat 5<\/td><td class=\"column-2\">Parafia Rzymskokatolicka Ciosaniec (Schussenze)<\/td><td class=\"column-3\">Geburts und Taufbuch der katholischen Parafie Schussenze <\/td><td class=\"column-4\"><\/td><td class=\"column-5\">1868<\/td><td class=\"column-6\">1893<\/td><td class=\"column-7\"><\/td><td class=\"column-8\">ksi\u0119ga<\/td><td class=\"column-9\">208<\/td><td class=\"column-10\">250x375<\/td><td class=\"column-11\">niem, pol<\/td><td class=\"column-12\"><\/td><td class=\"column-13\">AP Ciosaniec<\/td>\n<\/tr>\n<tr class=\"row-7 odd\">\n\t<td class=\"column-1\">PCio-kat 6<\/td><td class=\"column-2\">Parafia Rzymskokatolicka Ciosaniec (Schussenze)<\/td><td class=\"column-3\">Taufbuch [Ksi\u0119ga chrzt\u00f3w]<\/td><td class=\"column-4\"><\/td><td class=\"column-5\">1931<\/td><td class=\"column-6\">1958<\/td><td class=\"column-7\"><\/td><td class=\"column-8\">ksi\u0119ga<\/td><td class=\"column-9\">178<\/td><td class=\"column-10\">250 x380<\/td><td class=\"column-11\">niem, pol<\/td><td class=\"column-12\"><\/td><td class=\"column-13\">AP Ciosaniec<\/td>\n<\/tr>\n<tr class=\"row-8 even\">\n\t<td class=\"column-1\">PCio-kat 7<\/td><td class=\"column-2\">Parafia Rzymskokatolicka Ciosaniec (Schussenze)<\/td><td class=\"column-3\">Taufbuch [Ksi\u0119ga chrzt\u00f3w]<\/td><td class=\"column-4\"><\/td><td class=\"column-5\">1931<\/td><td class=\"column-6\">1958<\/td><td class=\"column-7\"><\/td><td class=\"column-8\">ksi\u0119ga<\/td><td class=\"column-9\">179<\/td><td class=\"column-10\">251 x380<\/td><td class=\"column-11\">niem, pol<\/td><td class=\"column-12\"><\/td><td class=\"column-13\">AP Ciosaniec<\/td>\n<\/tr>\n<tr class=\"row-9 odd\">\n\t<td class=\"column-1\">PCio-kat 8<\/td><td class=\"column-2\">Parafia Rzymskokatolicka Ciosaniec (Schussenze)<\/td><td class=\"column-3\">Liber Mortuorum<\/td><td class=\"column-4\"><\/td><td class=\"column-5\">1893<\/td><td class=\"column-6\">1896<\/td><td class=\"column-7\"><\/td><td class=\"column-8\">akta lu\u017ane<\/td><td class=\"column-9\"><\/td><td class=\"column-10\">243x376<\/td><td class=\"column-11\">niem, pol<\/td><td class=\"column-12\"><\/td><td class=\"column-13\">AP Ciosaniec<\/td>\n<\/tr>\n<tr class=\"row-10 even\">\n\t<td class=\"column-1\">PCio-kat 9<\/td><td class=\"column-2\">Parafia Rzymskokatolicka Ciosaniec (Schussenze)<\/td><td class=\"column-3\">Liber Mortuorum [Ksi\u0119ga zmar\u0142ych]<\/td><td class=\"column-4\"><\/td><td class=\"column-5\">1908<\/td><td class=\"column-6\">1960<\/td><td class=\"column-7\"><\/td><td class=\"column-8\">ksi\u0119ga<\/td><td class=\"column-9\"><\/td><td class=\"column-10\">270x405<\/td><td class=\"column-11\">niem, pol<\/td><td class=\"column-12\"><\/td><td class=\"column-13\">AP Ciosaniec<\/td>\n<\/tr>\n<tr class=\"row-11 odd\">\n\t<td class=\"column-1\">PCio-kat 10<\/td><td class=\"column-2\">Parafia Rzymskokatolicka Ciosaniec (Schussenze)<\/td><td class=\"column-3\">[Acta urodzenia, Acta Zey\u015bcia, Acta zapowiedzi, Acta \u015alub\u00f3w] <\/td><td class=\"column-4\"><\/td><td class=\"column-5\">1812<\/td><td class=\"column-6\">1812<\/td><td class=\"column-7\"><\/td><td class=\"column-8\">ksi\u0119ga<\/td><td class=\"column-9\"><\/td><td class=\"column-10\">205x330<\/td><td class=\"column-11\">pol<\/td><td class=\"column-12\"><\/td><td class=\"column-13\">AP Ciosaniec<\/td>\n<\/tr>\n<tr class=\"row-12 even\">\n\t<td class=\"column-1\">PCio-kat 11<\/td><td class=\"column-2\">Parafia Rzymskokatolicka Ciosaniec (Schussenze)<\/td><td class=\"column-3\">Copulatorum [Ksi\u0119ga \u015alub\u00f3w]<\/td><td class=\"column-4\"><\/td><td class=\"column-5\">1927<\/td><td class=\"column-6\">1960<\/td><td class=\"column-7\"><\/td><td class=\"column-8\">ksi\u0119ga<\/td><td class=\"column-9\"><\/td><td class=\"column-10\">250x380<\/td><td class=\"column-11\">niem, pol<\/td><td class=\"column-12\"><\/td><td class=\"column-13\">AP Ciosaniec<\/td>\n<\/tr>\n<tr class=\"row-13 odd\">\n\t<td class=\"column-1\">PCio-kat 12<\/td><td class=\"column-2\">Parafia Rzymskokatolicka Ciosaniec (Schussenze)<\/td><td class=\"column-3\">Baptisatorum [ksi\u0119ga chrzt\u00f3w]<\/td><td class=\"column-4\"><\/td><td class=\"column-5\">1894<\/td><td class=\"column-6\">1930<\/td><td class=\"column-7\"><\/td><td class=\"column-8\">ksi\u0119ga<\/td><td class=\"column-9\"><\/td><td class=\"column-10\">260x410<\/td><td class=\"column-11\">niem<\/td><td class=\"column-12\"><\/td><td class=\"column-13\">AP Ciosaniec<\/td>\n<\/tr>\n<\/tbody>\n<\/table>\n<!-- #tablepress-223 from cache -->\n","protected":false},"excerpt":{"rendered":"","protected":false},"author":1,"featured_media":0,"parent":46,"menu_order":0,"comment_status":"closed","ping_status":"closed","template":"","meta":{"ngg_post_thumbnail":0},"_links":{"self":[{"href":"https:\/\/archiwum.diecezjazg.pl\/index.php\/wp-json\/wp\/v2\/pages\/1473"}],"collection":[{"href":"https:\/\/archiwum.diecezjazg.pl\/index.php\/wp-json\/wp\/v2\/pages"}],"about":[{"href":"https:\/\/archiwum.diecezjazg.pl\/index.php\/wp-json\/wp\/v2\/types\/page"}],"author":[{"embeddable":true,"href":"https:\/\/archiwum.diecezjazg.pl\/index.php\/wp-json\/wp\/v2\/users\/1"}],"replies":[{"embeddable":true,"href":"https:\/\/archiwum.diecezjazg.pl\/index.php\/wp-json\/wp\/v2\/comments?post=1473"}],"version-history":[{"count":1,"href":"https:\/\/archiwum.diecezjazg.pl\/index.php\/wp-json\/wp\/v2\/pages\/1473\/revisions"}],"predecessor-version":[{"id":1474,"href":"https:\/\/archiwum.diecezjazg.pl\/index.php\/wp-json\/wp\/v2\/pages\/1473\/revisions\/1474"}],"up":[{"embeddable":true,"href":"https:\/\/archiwum.diecezjazg.pl\/index.php\/wp-json\/wp\/v2\/pages\/46"}],"wp:attachment":[{"href":"https:\/\/archiwum.diecezjazg.pl\/index.php\/wp-json\/wp\/v2\/media?parent=1473"}],"curies":[{"name":"wp","href":"https:\/\/api.w.org\/{rel}","templated":true}]}}