{"id":1468,"date":"2017-09-26T11:08:21","date_gmt":"2017-09-26T09:08:21","guid":{"rendered":"http:\/\/www.archiwum.diecezjazg.pl\/?page_id=1468"},"modified":"2017-09-26T11:08:46","modified_gmt":"2017-09-26T09:08:46","slug":"akta-kosciola-ewangelickiego-chotkow-hertwigswaldau-zespol-91-sygnatura-pchot-ew","status":"publish","type":"page","link":"https:\/\/archiwum.diecezjazg.pl\/index.php\/zasoby-archiwalne\/akta-kosciola-ewangelickiego-chotkow-hertwigswaldau-zespol-91-sygnatura-pchot-ew\/","title":{"rendered":"Akta ko\u015bcio\u0142a ewangelickiego Chotk\u00f3w Hertwigswaldau, zesp\u00f3\u0142 91, sygnatura PChot-ew"},"content":{"rendered":"\n<table id=\"tablepress-221\" class=\"tablepress tablepress-id-221\">\n<thead>\n<tr class=\"row-1 odd\">\n\t<th class=\"column-1\">Sygn<\/th><th class=\"column-2\">Zesp\u00f3\u0142 91<\/th><th class=\"column-3\">Tytu\u0142<\/th><th class=\"column-4\">Rok_ant<\/th><th class=\"column-5\">Rok_p<\/th><th class=\"column-6\">Rok_k<\/th><th class=\"column-7\">Rok_pos<\/th><th class=\"column-8\">Opis_fizyczny<\/th><th class=\"column-9\">ilo\u015b\u0107 stron<\/th><th class=\"column-10\">wymiar<\/th><th class=\"column-11\">j\u0119zyk<\/th><th class=\"column-12\">Sygnatury dawne<\/th><th class=\"column-13\">Uwagi<\/th>\n<\/tr>\n<\/thead>\n<tbody class=\"row-hover\">\n<tr class=\"row-2 even\">\n\t<td class=\"column-1\">Pchot-ew 1<\/td><td class=\"column-2\">Ko\u015bci\u00f3\u0142 ewangelicki Chotk\u00f3w (Hertwigswaldau)<\/td><td class=\"column-3\">Ksi\u0119ga chrzt\u00f3w<\/td><td class=\"column-4\"><\/td><td class=\"column-5\">1751<\/td><td class=\"column-6\">1765<\/td><td class=\"column-7\"><\/td><td class=\"column-8\">ksi\u0119ga<\/td><td class=\"column-9\"><\/td><td class=\"column-10\"><\/td><td class=\"column-11\">niem<\/td><td class=\"column-12\"><\/td><td class=\"column-13\">Archiwum Parafii Brze\u017anica<\/td>\n<\/tr>\n<tr class=\"row-3 odd\">\n\t<td class=\"column-1\">Pchot-ew 2<\/td><td class=\"column-2\">Ko\u015bci\u00f3\u0142 ewangelicki Chotk\u00f3w (Hertwigswaldau)<\/td><td class=\"column-3\">Ksi\u0119ga chrzt\u00f3w<\/td><td class=\"column-4\"><\/td><td class=\"column-5\">1766<\/td><td class=\"column-6\">1771<\/td><td class=\"column-7\"><\/td><td class=\"column-8\">ksi\u0119ga<\/td><td class=\"column-9\"><\/td><td class=\"column-10\"><\/td><td class=\"column-11\">niem<\/td><td class=\"column-12\"><\/td><td class=\"column-13\">Archiwum Parafii Brze\u017anica<\/td>\n<\/tr>\n<tr class=\"row-4 even\">\n\t<td class=\"column-1\">Pchot-ew 3<\/td><td class=\"column-2\">Ko\u015bci\u00f3\u0142 ewangelicki Chotk\u00f3w (Hertwigswaldau)<\/td><td class=\"column-3\">Ksi\u0119ga chrzt\u00f3w<\/td><td class=\"column-4\"><\/td><td class=\"column-5\">1778<\/td><td class=\"column-6\">1786<\/td><td class=\"column-7\"><\/td><td class=\"column-8\">ksi\u0119ga<\/td><td class=\"column-9\"><\/td><td class=\"column-10\"><\/td><td class=\"column-11\">niem<\/td><td class=\"column-12\"><\/td><td class=\"column-13\">Archiwum Parafii Brze\u017anica<\/td>\n<\/tr>\n<tr class=\"row-5 odd\">\n\t<td class=\"column-1\">Pchot-ew 4<\/td><td class=\"column-2\">Ko\u015bci\u00f3\u0142 ewangelicki Chotk\u00f3w (Hertwigswaldau)<\/td><td class=\"column-3\">Ksi\u0119ga chrzt\u00f3w<\/td><td class=\"column-4\"><\/td><td class=\"column-5\">1797<\/td><td class=\"column-6\">1804<\/td><td class=\"column-7\"><\/td><td class=\"column-8\">ksi\u0119ga<\/td><td class=\"column-9\"><\/td><td class=\"column-10\"><\/td><td class=\"column-11\">niem<\/td><td class=\"column-12\"><\/td><td class=\"column-13\">Archiwum Parafii Brze\u017anica<\/td>\n<\/tr>\n<tr class=\"row-6 even\">\n\t<td class=\"column-1\">Pchot-ew 5<\/td><td class=\"column-2\">Ko\u015bci\u00f3\u0142 ewangelicki Chotk\u00f3w (Hertwigswaldau)<\/td><td class=\"column-3\">Ksi\u0119ga chrzt\u00f3w<\/td><td class=\"column-4\"><\/td><td class=\"column-5\">1814<\/td><td class=\"column-6\">1820<\/td><td class=\"column-7\"><\/td><td class=\"column-8\">ksi\u0119ga<\/td><td class=\"column-9\"><\/td><td class=\"column-10\"><\/td><td class=\"column-11\">niem<\/td><td class=\"column-12\"><\/td><td class=\"column-13\">Archiwum Parafii Brze\u017anica<\/td>\n<\/tr>\n<tr class=\"row-7 odd\">\n\t<td class=\"column-1\">Pchot-ew 6<\/td><td class=\"column-2\">Ko\u015bci\u00f3\u0142 ewangelicki Chotk\u00f3w (Hertwigswaldau)<\/td><td class=\"column-3\">Ksi\u0119ga ma\u0142\u017ce\u0144stw<\/td><td class=\"column-4\"><\/td><td class=\"column-5\">1808<\/td><td class=\"column-6\">1825<\/td><td class=\"column-7\"><\/td><td class=\"column-8\">ksi\u0119ga<\/td><td class=\"column-9\"><\/td><td class=\"column-10\"><\/td><td class=\"column-11\">niem<\/td><td class=\"column-12\"><\/td><td class=\"column-13\">Archiwum Parafii Brze\u017anica<\/td>\n<\/tr>\n<tr class=\"row-8 even\">\n\t<td class=\"column-1\">Pchot-ew 7<\/td><td class=\"column-2\">Ko\u015bci\u00f3\u0142 ewangelicki Chotk\u00f3w (Hertwigswaldau)<\/td><td class=\"column-3\">Ksi\u0119ga zmar\u0142ych<\/td><td class=\"column-4\"><\/td><td class=\"column-5\">1795<\/td><td class=\"column-6\">1813<\/td><td class=\"column-7\"><\/td><td class=\"column-8\">ksi\u0119ga<\/td><td class=\"column-9\"><\/td><td class=\"column-10\"><\/td><td class=\"column-11\">niem<\/td><td class=\"column-12\"><\/td><td class=\"column-13\">Archiwum Parafii Brze\u017anica<\/td>\n<\/tr>\n<tr class=\"row-9 odd\">\n\t<td class=\"column-1\">Pchot-ew 8<\/td><td class=\"column-2\">Ko\u015bci\u00f3\u0142 ewangelicki Chotk\u00f3w (Hertwigswaldau)<\/td><td class=\"column-3\">Duplikat des Kirchen-Buches evang.der Getrauten, Geboren u. Gestorben bey der evangelischen Kirche Hertwigswaldau<\/td><td class=\"column-4\"><\/td><td class=\"column-5\">1794<\/td><td class=\"column-6\">1795<\/td><td class=\"column-7\"><\/td><td class=\"column-8\">ksi\u0119ga<\/td><td class=\"column-9\"><\/td><td class=\"column-10\"><\/td><td class=\"column-11\">niem<\/td><td class=\"column-12\"><\/td><td class=\"column-13\">Archiwum Parafii p.w. Wniebowzi\u0119cia NMP \u017baga\u0144<\/td>\n<\/tr>\n<tr class=\"row-10 even\">\n\t<td class=\"column-1\">Pchot-ew 9<\/td><td class=\"column-2\">Ko\u015bci\u00f3\u0142 ewangelicki Chotk\u00f3w (Hertwigswaldau)<\/td><td class=\"column-3\">Duplikat des Kirchen-Buches evang.der Getrauten, Geboren u. Gestorben bey der evangelischen Kirche Hertwigswaldau<\/td><td class=\"column-4\"><\/td><td class=\"column-5\">1797<\/td><td class=\"column-6\">1798<\/td><td class=\"column-7\"><\/td><td class=\"column-8\">ksi\u0119ga<\/td><td class=\"column-9\"><\/td><td class=\"column-10\"><\/td><td class=\"column-11\">niem<\/td><td class=\"column-12\"><\/td><td class=\"column-13\">Archiwum Parafii p.w. Wniebowzi\u0119cia NMP \u017baga\u0144<\/td>\n<\/tr>\n<tr class=\"row-11 odd\">\n\t<td class=\"column-1\">Pchot-ew 10<\/td><td class=\"column-2\">Ko\u015bci\u00f3\u0142 ewangelicki Chotk\u00f3w (Hertwigswaldau)<\/td><td class=\"column-3\">Duplicat Ev. Kirche zu Hertwigswaldau<\/td><td class=\"column-4\"><\/td><td class=\"column-5\">1859<\/td><td class=\"column-6\">1859<\/td><td class=\"column-7\"><\/td><td class=\"column-8\">ksi\u0119ga<\/td><td class=\"column-9\"><\/td><td class=\"column-10\"><\/td><td class=\"column-11\">niem<\/td><td class=\"column-12\"><\/td><td class=\"column-13\">Archiwum Parafii p.w. Wniebowzi\u0119cia NMP \u017baga\u0144<\/td>\n<\/tr>\n<\/tbody>\n<\/table>\n<!-- #tablepress-221 from cache -->\n","protected":false},"excerpt":{"rendered":"","protected":false},"author":1,"featured_media":0,"parent":46,"menu_order":0,"comment_status":"closed","ping_status":"closed","template":"","meta":{"ngg_post_thumbnail":0},"_links":{"self":[{"href":"https:\/\/archiwum.diecezjazg.pl\/index.php\/wp-json\/wp\/v2\/pages\/1468"}],"collection":[{"href":"https:\/\/archiwum.diecezjazg.pl\/index.php\/wp-json\/wp\/v2\/pages"}],"about":[{"href":"https:\/\/archiwum.diecezjazg.pl\/index.php\/wp-json\/wp\/v2\/types\/page"}],"author":[{"embeddable":true,"href":"https:\/\/archiwum.diecezjazg.pl\/index.php\/wp-json\/wp\/v2\/users\/1"}],"replies":[{"embeddable":true,"href":"https:\/\/archiwum.diecezjazg.pl\/index.php\/wp-json\/wp\/v2\/comments?post=1468"}],"version-history":[{"count":2,"href":"https:\/\/archiwum.diecezjazg.pl\/index.php\/wp-json\/wp\/v2\/pages\/1468\/revisions"}],"predecessor-version":[{"id":1470,"href":"https:\/\/archiwum.diecezjazg.pl\/index.php\/wp-json\/wp\/v2\/pages\/1468\/revisions\/1470"}],"up":[{"embeddable":true,"href":"https:\/\/archiwum.diecezjazg.pl\/index.php\/wp-json\/wp\/v2\/pages\/46"}],"wp:attachment":[{"href":"https:\/\/archiwum.diecezjazg.pl\/index.php\/wp-json\/wp\/v2\/media?parent=1468"}],"curies":[{"name":"wp","href":"https:\/\/api.w.org\/{rel}","templated":true}]}}