{"id":1464,"date":"2017-09-26T11:06:59","date_gmt":"2017-09-26T09:06:59","guid":{"rendered":"http:\/\/www.archiwum.diecezjazg.pl\/?page_id=1464"},"modified":"2017-09-26T11:06:59","modified_gmt":"2017-09-26T09:06:59","slug":"akta-parafii-katolickiej-chlebowo-niemaschkleba-zespol-89-sygnatura-pchl-kat","status":"publish","type":"page","link":"https:\/\/archiwum.diecezjazg.pl\/index.php\/zasoby-archiwalne\/akta-parafii-katolickiej-chlebowo-niemaschkleba-zespol-89-sygnatura-pchl-kat\/","title":{"rendered":"Akta parafii katolickiej Chlebowo Niemaschkleba, zesp\u00f3\u0142 89, sygnatura PChl-kat"},"content":{"rendered":"\n<table id=\"tablepress-219\" class=\"tablepress tablepress-id-219\">\n<thead>\n<tr class=\"row-1 odd\">\n\t<th class=\"column-1\">Sygn<\/th><th class=\"column-2\">Zesp\u00f3\u0142 89<\/th><th class=\"column-3\">Tytu\u0142<\/th><th class=\"column-4\">Rok_ant<\/th><th class=\"column-5\">Rok_p<\/th><th class=\"column-6\">Rok_k<\/th><th class=\"column-7\">Rok_pos<\/th><th class=\"column-8\">Opis_fizyczny<\/th><th class=\"column-9\">ilo\u015b\u0107 stron<\/th><th class=\"column-10\">wymiar<\/th><th class=\"column-11\">j\u0119zyk<\/th><th class=\"column-12\">Sygnatury dawne<\/th><th class=\"column-13\">Uwagi<\/th>\n<\/tr>\n<\/thead>\n<tbody class=\"row-hover\">\n<tr class=\"row-2 even\">\n\t<td class=\"column-1\">PChl-kat 1<\/td><td class=\"column-2\">Parafia rzymskokatolicka Chlebowo Niemaschkleba Lindenhein<\/td><td class=\"column-3\">Acta manualia des Justiz Rath Korn in Sachen des Gemeinde zu Niemaschkleba bei Guben<\/td><td class=\"column-4\"><\/td><td class=\"column-5\">1836<\/td><td class=\"column-6\">1849<\/td><td class=\"column-7\"><\/td><td class=\"column-8\">poszyt<\/td><td class=\"column-9\"><\/td><td class=\"column-10\">220x360<\/td><td class=\"column-11\">niem<\/td><td class=\"column-12\"><\/td><td class=\"column-13\">AP Chlebowo<\/td>\n<\/tr>\n<tr class=\"row-3 odd\">\n\t<td class=\"column-1\">PChl-kat 2<\/td><td class=\"column-2\">Parafia rzymskokatolicka Chlebowo<\/td><td class=\"column-3\">[Korespondencja z Kuri\u0105 Biskupi\u0105 w Gorzowie Wlkp.]<\/td><td class=\"column-4\"><\/td><td class=\"column-5\">1952<\/td><td class=\"column-6\">1990<\/td><td class=\"column-7\"><\/td><td class=\"column-8\">poszyt<\/td><td class=\"column-9\"><\/td><td class=\"column-10\">220x310<\/td><td class=\"column-11\">pol<\/td><td class=\"column-12\"><\/td><td class=\"column-13\">AP Chlebowo<\/td>\n<\/tr>\n<tr class=\"row-4 even\">\n\t<td class=\"column-1\">PChl-kat 3<\/td><td class=\"column-2\">Parafia rzymskokatolicka Chlebowo<\/td><td class=\"column-3\">Ksi\u0119ga dzieci przyj\u0119tych do I Komunii \u015aw. parafii Chlebowo\/Gubin<\/td><td class=\"column-4\"><\/td><td class=\"column-5\">1953<\/td><td class=\"column-6\">1962<\/td><td class=\"column-7\"><\/td><td class=\"column-8\">poszyt<\/td><td class=\"column-9\"><\/td><td class=\"column-10\">165x240<\/td><td class=\"column-11\">pol<\/td><td class=\"column-12\"><\/td><td class=\"column-13\">AP Chlebowo<\/td>\n<\/tr>\n<tr class=\"row-5 odd\">\n\t<td class=\"column-1\">PChl-kat 4<\/td><td class=\"column-2\">Parafia rzymskokatolicka Chlebowo<\/td><td class=\"column-3\">Dziennik korespondencyjny<\/td><td class=\"column-4\"><\/td><td class=\"column-5\">1953<\/td><td class=\"column-6\">1973<\/td><td class=\"column-7\"><\/td><td class=\"column-8\">poszyt<\/td><td class=\"column-9\"><\/td><td class=\"column-10\">215x295<\/td><td class=\"column-11\">pol<\/td><td class=\"column-12\"><\/td><td class=\"column-13\">AP Chlebowo<\/td>\n<\/tr>\n<tr class=\"row-6 even\">\n\t<td class=\"column-1\">PChl-kat 5<\/td><td class=\"column-2\">Parafia rzymskokatolicka Chlebowo<\/td><td class=\"column-3\">[Korespondencja ze \u015bwieckimi]<\/td><td class=\"column-4\"><\/td><td class=\"column-5\">1958<\/td><td class=\"column-6\">1994<\/td><td class=\"column-7\"><\/td><td class=\"column-8\">poszyt<\/td><td class=\"column-9\"><\/td><td class=\"column-10\">220x310<\/td><td class=\"column-11\">pol<\/td><td class=\"column-12\"><\/td><td class=\"column-13\">AP Chlebowo<\/td>\n<\/tr>\n<tr class=\"row-7 odd\">\n\t<td class=\"column-1\">PChl-kat 6<\/td><td class=\"column-2\">Parafia rzymskokatolicka Chlebowo<\/td><td class=\"column-3\">Ksi\u0119ga rachunkowa<\/td><td class=\"column-4\"><\/td><td class=\"column-5\">1970<\/td><td class=\"column-6\">1970<\/td><td class=\"column-7\"><\/td><td class=\"column-8\">poszyt<\/td><td class=\"column-9\"><\/td><td class=\"column-10\">420x300<\/td><td class=\"column-11\">pol<\/td><td class=\"column-12\"><\/td><td class=\"column-13\">AP Chlebowo<\/td>\n<\/tr>\n<tr class=\"row-8 even\">\n\t<td class=\"column-1\">PChl-kat 7<\/td><td class=\"column-2\">Parafia rzymskokatolicka Chlebowo<\/td><td class=\"column-3\">[Rachunki do ksi\u0119gi rachunkowej]<\/td><td class=\"column-4\"><\/td><td class=\"column-5\">1970<\/td><td class=\"column-6\">1970<\/td><td class=\"column-7\"><\/td><td class=\"column-8\">akta lu\u017ane<\/td><td class=\"column-9\"><\/td><td class=\"column-10\">220x320<\/td><td class=\"column-11\">pol<\/td><td class=\"column-12\"><\/td><td class=\"column-13\">AP Chlebowo<\/td>\n<\/tr>\n<tr class=\"row-9 odd\">\n\t<td class=\"column-1\">PChl-kat 8<\/td><td class=\"column-2\">Parafia rzymskokatolicka Chlebowo<\/td><td class=\"column-3\">Ksi\u0119ga zapowiedzi<\/td><td class=\"column-4\"><\/td><td class=\"column-5\">1971<\/td><td class=\"column-6\">1980<\/td><td class=\"column-7\"><\/td><td class=\"column-8\">poszyt<\/td><td class=\"column-9\"><\/td><td class=\"column-10\">140x210<\/td><td class=\"column-11\">pol<\/td><td class=\"column-12\"><\/td><td class=\"column-13\">AP Chlebowo<\/td>\n<\/tr>\n<tr class=\"row-10 even\">\n\t<td class=\"column-1\">PChl-kat 9<\/td><td class=\"column-2\">Parafia rzymskokatolicka Chlebowo<\/td><td class=\"column-3\">[Spis darczy\u0144c\u00f3w]<\/td><td class=\"column-4\"><\/td><td class=\"column-5\">1972<\/td><td class=\"column-6\">1979<\/td><td class=\"column-7\"><\/td><td class=\"column-8\">poszyt<\/td><td class=\"column-9\"><\/td><td class=\"column-10\">140x210<\/td><td class=\"column-11\">pol<\/td><td class=\"column-12\"><\/td><td class=\"column-13\">AP Chlebowo<\/td>\n<\/tr>\n<tr class=\"row-11 odd\">\n\t<td class=\"column-1\">PChl-kat 10<\/td><td class=\"column-2\">Parafia rzymskokatolicka Chlebowo<\/td><td class=\"column-3\">Komunikaty parafialne<\/td><td class=\"column-4\"><\/td><td class=\"column-5\">1979<\/td><td class=\"column-6\">1980<\/td><td class=\"column-7\"><\/td><td class=\"column-8\">poszyt<\/td><td class=\"column-9\"><\/td><td class=\"column-10\">140x210<\/td><td class=\"column-11\">pol<\/td><td class=\"column-12\"><\/td><td class=\"column-13\">AP Chlebowo<\/td>\n<\/tr>\n<tr class=\"row-12 even\">\n\t<td class=\"column-1\">PChl-kat 11<\/td><td class=\"column-2\">Parafia rzymskokatolicka Chlebowo<\/td><td class=\"column-3\">Rachunki<\/td><td class=\"column-4\"><\/td><td class=\"column-5\">1980<\/td><td class=\"column-6\">1980<\/td><td class=\"column-7\"><\/td><td class=\"column-8\">akta lu\u017ane<\/td><td class=\"column-9\"><\/td><td class=\"column-10\">150x110<\/td><td class=\"column-11\">pol<\/td><td class=\"column-12\"><\/td><td class=\"column-13\">AP Chlebowo<\/td>\n<\/tr>\n<tr class=\"row-13 odd\">\n\t<td class=\"column-1\">PChl-kat 12<\/td><td class=\"column-2\">Parafia rzymskokatolicka Chlebowo<\/td><td class=\"column-3\">[Pro\u015bby o udzielenie sakramentu bierzmowania]<\/td><td class=\"column-4\"><\/td><td class=\"column-5\">1983<\/td><td class=\"column-6\">1983<\/td><td class=\"column-7\"><\/td><td class=\"column-8\">poszyt<\/td><td class=\"column-9\"><\/td><td class=\"column-10\">220x320<\/td><td class=\"column-11\">pol<\/td><td class=\"column-12\"><\/td><td class=\"column-13\">AP Chlebowo<\/td>\n<\/tr>\n<tr class=\"row-14 even\">\n\t<td class=\"column-1\">PChl-kat 13<\/td><td class=\"column-2\">Parafia rzymskokatolicka Chlebowo<\/td><td class=\"column-3\">Pro\u015bby o udzielenie sakramentu bierzmowania<\/td><td class=\"column-4\"><\/td><td class=\"column-5\">1996<\/td><td class=\"column-6\">1996<\/td><td class=\"column-7\"><\/td><td class=\"column-8\">poszyt<\/td><td class=\"column-9\"><\/td><td class=\"column-10\">220x320<\/td><td class=\"column-11\">pol<\/td><td class=\"column-12\"><\/td><td class=\"column-13\">AP Chlebowo<\/td>\n<\/tr>\n<tr class=\"row-15 odd\">\n\t<td class=\"column-1\">PChl-kat 14<\/td><td class=\"column-2\">Parafia rzymskokatolicka Chlebowo<\/td><td class=\"column-3\">Chrzty-brudnopis<\/td><td class=\"column-4\"><\/td><td class=\"column-5\">2003<\/td><td class=\"column-6\">2009<\/td><td class=\"column-7\"><\/td><td class=\"column-8\">poszyt<\/td><td class=\"column-9\"><\/td><td class=\"column-10\">150x210<\/td><td class=\"column-11\">pol<\/td><td class=\"column-12\"><\/td><td class=\"column-13\">AP Chlebowo<\/td>\n<\/tr>\n<tr class=\"row-16 even\">\n\t<td class=\"column-1\">PChl-kat 15<\/td><td class=\"column-2\">Parafia rzymskokatolicka Chlebowo<\/td><td class=\"column-3\">Projekt tabernakulum przy\u015bciennego z podstaw\u0105 dla ko\u015bcio\u0142a par. w W\u0119\u017cyskach<\/td><td class=\"column-4\"><\/td><td class=\"column-5\">brak<\/td><td class=\"column-6\">brak<\/td><td class=\"column-7\"><\/td><td class=\"column-8\">karta<\/td><td class=\"column-9\"><\/td><td class=\"column-10\">460x330<\/td><td class=\"column-11\">pol<\/td><td class=\"column-12\"><\/td><td class=\"column-13\">AP Chlebowo<\/td>\n<\/tr>\n<tr class=\"row-17 odd\">\n\t<td class=\"column-1\">PChl-kat 16<\/td><td class=\"column-2\">Parafia rzymskokatolicka Chlebowo<\/td><td class=\"column-3\">St\u00f3\u0142 komunijny. Projekt dla ko\u015bcio\u0142a par. w W\u0119\u017cyskach<\/td><td class=\"column-4\"><\/td><td class=\"column-5\">brak<\/td><td class=\"column-6\">brak<\/td><td class=\"column-7\"><\/td><td class=\"column-8\">karta<\/td><td class=\"column-9\"><\/td><td class=\"column-10\">370x265<\/td><td class=\"column-11\">pol<\/td><td class=\"column-12\"><\/td><td class=\"column-13\">AP Chlebowo<\/td>\n<\/tr>\n<tr class=\"row-18 even\">\n\t<td class=\"column-1\">PChl-kat 17<\/td><td class=\"column-2\">Parafia rzymskokatolicka Chlebowo<\/td><td class=\"column-3\">Projekt kolorystyczny prezbiterium do ko\u015bcio\u0142a par. w W\u0119\u017cyskach<\/td><td class=\"column-4\"><\/td><td class=\"column-5\">brak<\/td><td class=\"column-6\">brak<\/td><td class=\"column-7\"><\/td><td class=\"column-8\">karta<\/td><td class=\"column-9\"><\/td><td class=\"column-10\">295x410<\/td><td class=\"column-11\">pol<\/td><td class=\"column-12\"><\/td><td class=\"column-13\">AP Chlebowo<\/td>\n<\/tr>\n<tr class=\"row-19 odd\">\n\t<td class=\"column-1\">PChl-kat 18<\/td><td class=\"column-2\">Parafia rzymskokatolicka Chlebowo<\/td><td class=\"column-3\">Projekt tabernakulum w W\u0119\u017cyskach<\/td><td class=\"column-4\"><\/td><td class=\"column-5\">brak<\/td><td class=\"column-6\">brak<\/td><td class=\"column-7\"><\/td><td class=\"column-8\">karta<\/td><td class=\"column-9\"><\/td><td class=\"column-10\">460x310<\/td><td class=\"column-11\">pol<\/td><td class=\"column-12\"><\/td><td class=\"column-13\">AP Chlebowo<\/td>\n<\/tr>\n<tr class=\"row-20 even\">\n\t<td class=\"column-1\">PChl-kat 19<\/td><td class=\"column-2\">Parafia rzymskokatolicka Chlebowo<\/td><td class=\"column-3\">Protok\u00f3\u0142 kanonicznego badania narzeczonych<\/td><td class=\"column-4\"><\/td><td class=\"column-5\">brak<\/td><td class=\"column-6\">brak<\/td><td class=\"column-7\"><\/td><td class=\"column-8\">karta<\/td><td class=\"column-9\"><\/td><td class=\"column-10\">205x295<\/td><td class=\"column-11\">pol<\/td><td class=\"column-12\"><\/td><td class=\"column-13\">AP Chlebowo<\/td>\n<\/tr>\n<tr class=\"row-21 odd\">\n\t<td class=\"column-1\">PChl-kat 20<\/td><td class=\"column-2\">Parafia rzymskokatolicka Chlebowo<\/td><td class=\"column-3\">[\u015apiewnik]<\/td><td class=\"column-4\"><\/td><td class=\"column-5\">brak<\/td><td class=\"column-6\">brak<\/td><td class=\"column-7\"><\/td><td class=\"column-8\">poszyt<\/td><td class=\"column-9\"><\/td><td class=\"column-10\">150x211<\/td><td class=\"column-11\">pol<\/td><td class=\"column-12\"><\/td><td class=\"column-13\">AP Chlebowo<\/td>\n<\/tr>\n<\/tbody>\n<\/table>\n\n","protected":false},"excerpt":{"rendered":"","protected":false},"author":1,"featured_media":0,"parent":46,"menu_order":0,"comment_status":"closed","ping_status":"closed","template":"","meta":{"ngg_post_thumbnail":0},"_links":{"self":[{"href":"https:\/\/archiwum.diecezjazg.pl\/index.php\/wp-json\/wp\/v2\/pages\/1464"}],"collection":[{"href":"https:\/\/archiwum.diecezjazg.pl\/index.php\/wp-json\/wp\/v2\/pages"}],"about":[{"href":"https:\/\/archiwum.diecezjazg.pl\/index.php\/wp-json\/wp\/v2\/types\/page"}],"author":[{"embeddable":true,"href":"https:\/\/archiwum.diecezjazg.pl\/index.php\/wp-json\/wp\/v2\/users\/1"}],"replies":[{"embeddable":true,"href":"https:\/\/archiwum.diecezjazg.pl\/index.php\/wp-json\/wp\/v2\/comments?post=1464"}],"version-history":[{"count":1,"href":"https:\/\/archiwum.diecezjazg.pl\/index.php\/wp-json\/wp\/v2\/pages\/1464\/revisions"}],"predecessor-version":[{"id":1465,"href":"https:\/\/archiwum.diecezjazg.pl\/index.php\/wp-json\/wp\/v2\/pages\/1464\/revisions\/1465"}],"up":[{"embeddable":true,"href":"https:\/\/archiwum.diecezjazg.pl\/index.php\/wp-json\/wp\/v2\/pages\/46"}],"wp:attachment":[{"href":"https:\/\/archiwum.diecezjazg.pl\/index.php\/wp-json\/wp\/v2\/media?parent=1464"}],"curies":[{"name":"wp","href":"https:\/\/api.w.org\/{rel}","templated":true}]}}