{"id":1454,"date":"2017-09-26T11:00:06","date_gmt":"2017-09-26T09:00:06","guid":{"rendered":"http:\/\/www.archiwum.diecezjazg.pl\/?page_id=1454"},"modified":"2017-09-26T11:00:06","modified_gmt":"2017-09-26T09:00:06","slug":"akta-kosciola-ewangelickiego-brzeznica-briesnitz-zespol-84-sygnatura-pbrz-ew","status":"publish","type":"page","link":"https:\/\/archiwum.diecezjazg.pl\/index.php\/zasoby-archiwalne\/akta-kosciola-ewangelickiego-brzeznica-briesnitz-zespol-84-sygnatura-pbrz-ew\/","title":{"rendered":"Akta ko\u015bcio\u0142a ewangelickiego Brze\u017anica Briesnitz, zesp\u00f3\u0142 84, sygnatura PBrz-ew"},"content":{"rendered":"\n<table id=\"tablepress-214\" class=\"tablepress tablepress-id-214\">\n<thead>\n<tr class=\"row-1 odd\">\n\t<th class=\"column-1\">Sygn<\/th><th class=\"column-2\">Zesp\u00f3\u0142 84<\/th><th class=\"column-3\">Tytu\u0142<\/th><th class=\"column-4\">Rok_ant<\/th><th class=\"column-5\">Rok_p<\/th><th class=\"column-6\">Rok_k<\/th><th class=\"column-7\">Rok_pos<\/th><th class=\"column-8\">Opis_fizyczny<\/th><th class=\"column-9\">ilo\u015b\u0107 stron<\/th><th class=\"column-10\">wymiar<\/th><th class=\"column-11\">j\u0119zyk<\/th><th class=\"column-12\">Sygnatury dawne<\/th><th class=\"column-13\">Uwagi<\/th>\n<\/tr>\n<\/thead>\n<tbody class=\"row-hover\">\n<tr class=\"row-2 even\">\n\t<td class=\"column-1\">PBrz-ew 1<\/td><td class=\"column-2\">Ko\u015bci\u00f3\u0142 ewangelicki Brze\u017anica (Briesnitz)<\/td><td class=\"column-3\">Ksi\u0119ga ma\u0142\u017ce\u0144stw 1751-1766, chrzt\u00f3w 1741-1748, zgon\u00f3w 1741-1757, Hirschfeldau=Jelenin, Wachsdorf=Wrzesiny<\/td><td class=\"column-4\"><\/td><td class=\"column-5\">1741<\/td><td class=\"column-6\">1766<\/td><td class=\"column-7\"><\/td><td class=\"column-8\">ksi\u0119ga<\/td><td class=\"column-9\"><\/td><td class=\"column-10\"><\/td><td class=\"column-11\">niem<\/td><td class=\"column-12\"><\/td><td class=\"column-13\">Archiwum Parafii Brze\u017anica<\/td>\n<\/tr>\n<tr class=\"row-3 odd\">\n\t<td class=\"column-1\">PBrz-ew 2<\/td><td class=\"column-2\">Ko\u015bci\u00f3\u0142 ewangelicki Brze\u017anica (Briesnitz)<\/td><td class=\"column-3\">Ksi\u0119ga chrzt\u00f3w (Hirschfeldau, Wachsdorf)<\/td><td class=\"column-4\"><\/td><td class=\"column-5\">1772<\/td><td class=\"column-6\">1778<\/td><td class=\"column-7\"><\/td><td class=\"column-8\">ksi\u0119ga<\/td><td class=\"column-9\"><\/td><td class=\"column-10\"><\/td><td class=\"column-11\">niem<\/td><td class=\"column-12\"><\/td><td class=\"column-13\">Archiwum Parafii Brze\u017anica<\/td>\n<\/tr>\n<tr class=\"row-4 even\">\n\t<td class=\"column-1\">PBrz-ew 3<\/td><td class=\"column-2\">Ko\u015bci\u00f3\u0142 ewangelicki Brze\u017anica (Briesnitz)<\/td><td class=\"column-3\">Ksi\u0119ga chrzt\u00f3w (Hirschfeldau, Wachsdorf)<\/td><td class=\"column-4\"><\/td><td class=\"column-5\">1805<\/td><td class=\"column-6\">1812<\/td><td class=\"column-7\"><\/td><td class=\"column-8\">ksi\u0119ga<\/td><td class=\"column-9\"><\/td><td class=\"column-10\"><\/td><td class=\"column-11\">niem<\/td><td class=\"column-12\"><\/td><td class=\"column-13\">Archiwum Parafii Brze\u017anica<\/td>\n<\/tr>\n<tr class=\"row-5 odd\">\n\t<td class=\"column-1\">PBrz-ew 4<\/td><td class=\"column-2\">Ko\u015bci\u00f3\u0142 ewangelicki Brze\u017anica (Briesnitz)<\/td><td class=\"column-3\">Ksi\u0119ga chrzt\u00f3w (Hirschfeldau, Wachsdorf)<\/td><td class=\"column-4\"><\/td><td class=\"column-5\">1821<\/td><td class=\"column-6\">1831<\/td><td class=\"column-7\"><\/td><td class=\"column-8\">ksi\u0119ga<\/td><td class=\"column-9\"><\/td><td class=\"column-10\"><\/td><td class=\"column-11\">niem<\/td><td class=\"column-12\"><\/td><td class=\"column-13\">Archiwum Parafii Brze\u017anica<\/td>\n<\/tr>\n<\/tbody>\n<\/table>\n<!-- #tablepress-214 from cache -->\n","protected":false},"excerpt":{"rendered":"","protected":false},"author":1,"featured_media":0,"parent":46,"menu_order":0,"comment_status":"closed","ping_status":"closed","template":"","meta":{"ngg_post_thumbnail":0},"_links":{"self":[{"href":"https:\/\/archiwum.diecezjazg.pl\/index.php\/wp-json\/wp\/v2\/pages\/1454"}],"collection":[{"href":"https:\/\/archiwum.diecezjazg.pl\/index.php\/wp-json\/wp\/v2\/pages"}],"about":[{"href":"https:\/\/archiwum.diecezjazg.pl\/index.php\/wp-json\/wp\/v2\/types\/page"}],"author":[{"embeddable":true,"href":"https:\/\/archiwum.diecezjazg.pl\/index.php\/wp-json\/wp\/v2\/users\/1"}],"replies":[{"embeddable":true,"href":"https:\/\/archiwum.diecezjazg.pl\/index.php\/wp-json\/wp\/v2\/comments?post=1454"}],"version-history":[{"count":1,"href":"https:\/\/archiwum.diecezjazg.pl\/index.php\/wp-json\/wp\/v2\/pages\/1454\/revisions"}],"predecessor-version":[{"id":1455,"href":"https:\/\/archiwum.diecezjazg.pl\/index.php\/wp-json\/wp\/v2\/pages\/1454\/revisions\/1455"}],"up":[{"embeddable":true,"href":"https:\/\/archiwum.diecezjazg.pl\/index.php\/wp-json\/wp\/v2\/pages\/46"}],"wp:attachment":[{"href":"https:\/\/archiwum.diecezjazg.pl\/index.php\/wp-json\/wp\/v2\/media?parent=1454"}],"curies":[{"name":"wp","href":"https:\/\/api.w.org\/{rel}","templated":true}]}}