{"id":1452,"date":"2017-09-26T10:59:23","date_gmt":"2017-09-26T08:59:23","guid":{"rendered":"http:\/\/www.archiwum.diecezjazg.pl\/?page_id=1452"},"modified":"2017-09-26T10:59:23","modified_gmt":"2017-09-26T08:59:23","slug":"akta-parafii-katolickiej-brzeznica-briesnitz-zespol-83-sygnatura-pbrz-kat","status":"publish","type":"page","link":"https:\/\/archiwum.diecezjazg.pl\/index.php\/zasoby-archiwalne\/akta-parafii-katolickiej-brzeznica-briesnitz-zespol-83-sygnatura-pbrz-kat\/","title":{"rendered":"Akta parafii katolickiej Brze\u017anica Briesnitz, zesp\u00f3\u0142 83, sygnatura PBrz-kat"},"content":{"rendered":"\n<table id=\"tablepress-213\" class=\"tablepress tablepress-id-213\">\n<thead>\n<tr class=\"row-1 odd\">\n\t<th class=\"column-1\">Sygn<\/th><th class=\"column-2\">Zesp\u00f3\u0142 83<\/th><th class=\"column-3\">Tytu\u0142<\/th><th class=\"column-4\">Rok_ant<\/th><th class=\"column-5\">Rok_p<\/th><th class=\"column-6\">Rok_k<\/th><th class=\"column-7\">Rok_pos<\/th><th class=\"column-8\">Opis_fizyczny<\/th><th class=\"column-9\">ilo\u015b\u0107 stron<\/th><th class=\"column-10\">wymiar<\/th><th class=\"column-11\">j\u0119zyk<\/th><th class=\"column-12\">Sygnatury dawne<\/th><th class=\"column-13\">Uwagi<\/th>\n<\/tr>\n<\/thead>\n<tbody class=\"row-hover\">\n<tr class=\"row-2 even\">\n\t<td class=\"column-1\">PBrz-kat 1<\/td><td class=\"column-2\">Parafia rzymskokatolicka Brze\u017anica (Briesnitz)<\/td><td class=\"column-3\">Ksi\u0119ga chrzt\u00f3w ze skorowidzem<\/td><td class=\"column-4\"><\/td><td class=\"column-5\">1895<\/td><td class=\"column-6\">1945<\/td><td class=\"column-7\"><\/td><td class=\"column-8\">ksi\u0119ga<\/td><td class=\"column-9\"><\/td><td class=\"column-10\"><\/td><td class=\"column-11\">niem<\/td><td class=\"column-12\"><\/td><td class=\"column-13\">Archiwum Parafii Brze\u017anica<\/td>\n<\/tr>\n<tr class=\"row-3 odd\">\n\t<td class=\"column-1\">PBrz-kat 2<\/td><td class=\"column-2\">Parafia rzymskokatolicka Brze\u017anica (Briesnitz)<\/td><td class=\"column-3\">Ksi\u0119ga chrzt\u00f3w (Peterswaldau=Skibice)<\/td><td class=\"column-4\"><\/td><td class=\"column-5\">1779<\/td><td class=\"column-6\">1833<\/td><td class=\"column-7\"><\/td><td class=\"column-8\">ksi\u0119ga<\/td><td class=\"column-9\"><\/td><td class=\"column-10\"><\/td><td class=\"column-11\">niem<\/td><td class=\"column-12\"><\/td><td class=\"column-13\">Archiwum Parafii Brze\u017anica<\/td>\n<\/tr>\n<tr class=\"row-4 even\">\n\t<td class=\"column-1\">PBrz-kat 3<\/td><td class=\"column-2\">Parafia rzymskokatolicka Brze\u017anica (Briesnitz)<\/td><td class=\"column-3\">Ksi\u0119ga chrzt\u00f3w (Peterswaldau)<\/td><td class=\"column-4\"><\/td><td class=\"column-5\">1830<\/td><td class=\"column-6\">1831<\/td><td class=\"column-7\"><\/td><td class=\"column-8\">akta lu\u017ane<\/td><td class=\"column-9\"><\/td><td class=\"column-10\"><\/td><td class=\"column-11\">niem<\/td><td class=\"column-12\">s. 326-345<\/td><td class=\"column-13\">Archiwum Parafii Brze\u017anica<\/td>\n<\/tr>\n<tr class=\"row-5 odd\">\n\t<td class=\"column-1\">PBrz-kat 4<\/td><td class=\"column-2\">Parafia rzymskokatolicka Brze\u017anica (Briesnitz)<\/td><td class=\"column-3\">Ksi\u0119ga chrzt\u00f3w (Maerzdorf=Marcin\u00f3w, Peterswaldau)<\/td><td class=\"column-4\"><\/td><td class=\"column-5\">1836<\/td><td class=\"column-6\">1944<\/td><td class=\"column-7\"><\/td><td class=\"column-8\">ksi\u0119ga<\/td><td class=\"column-9\"><\/td><td class=\"column-10\"><\/td><td class=\"column-11\">niem<\/td><td class=\"column-12\"><\/td><td class=\"column-13\">Archiwum Parafii Brze\u017anica<\/td>\n<\/tr>\n<tr class=\"row-6 even\">\n\t<td class=\"column-1\">PBrz-kat 5<\/td><td class=\"column-2\">Parafia rzymskokatolicka Brze\u017anica (Briesnitz)<\/td><td class=\"column-3\">Ksi\u0119ga ma\u0142\u017ce\u0144stw<\/td><td class=\"column-4\"><\/td><td class=\"column-5\">1802<\/td><td class=\"column-6\">1866<\/td><td class=\"column-7\"><\/td><td class=\"column-8\">ksi\u0119ga<\/td><td class=\"column-9\"><\/td><td class=\"column-10\"><\/td><td class=\"column-11\">niem<\/td><td class=\"column-12\"><\/td><td class=\"column-13\">Archiwum Parafii Brze\u017anica<\/td>\n<\/tr>\n<tr class=\"row-7 odd\">\n\t<td class=\"column-1\">PBrz-kat 6<\/td><td class=\"column-2\">Parafia rzymskokatolicka Brze\u017anica (Briesnitz)<\/td><td class=\"column-3\">Ksi\u0119ga ma\u0142\u017ce\u0144stw<\/td><td class=\"column-4\"><\/td><td class=\"column-5\">1835<\/td><td class=\"column-6\">1871<\/td><td class=\"column-7\"><\/td><td class=\"column-8\">ksi\u0119ga<\/td><td class=\"column-9\"><\/td><td class=\"column-10\"><\/td><td class=\"column-11\">niem<\/td><td class=\"column-12\"><\/td><td class=\"column-13\">Archiwum Parafii Brze\u017anica<\/td>\n<\/tr>\n<tr class=\"row-8 even\">\n\t<td class=\"column-1\">PBrz-kat 7<\/td><td class=\"column-2\">Parafia rzymskokatolicka Brze\u017anica (Briesnitz)<\/td><td class=\"column-3\">Ksi\u0119ga zgon\u00f3w<\/td><td class=\"column-4\"><\/td><td class=\"column-5\">1765<\/td><td class=\"column-6\">1803<\/td><td class=\"column-7\"><\/td><td class=\"column-8\">ksi\u0119ga<\/td><td class=\"column-9\"><\/td><td class=\"column-10\"><\/td><td class=\"column-11\">niem<\/td><td class=\"column-12\"><\/td><td class=\"column-13\">Archiwum Parafii Brze\u017anica<\/td>\n<\/tr>\n<tr class=\"row-9 odd\">\n\t<td class=\"column-1\">PBrz-kat 8<\/td><td class=\"column-2\">Parafia rzymskokatolicka Brze\u017anica (Briesnitz)<\/td><td class=\"column-3\">Rengersdoerschen Begraebniss-Buch<\/td><td class=\"column-4\"><\/td><td class=\"column-5\">1766<\/td><td class=\"column-6\">1791<\/td><td class=\"column-7\"><\/td><td class=\"column-8\">ksi\u0119ga<\/td><td class=\"column-9\"><\/td><td class=\"column-10\"><\/td><td class=\"column-11\">niem<\/td><td class=\"column-12\"><\/td><td class=\"column-13\">Archiwum Parafii Brze\u017anica<\/td>\n<\/tr>\n<tr class=\"row-10 even\">\n\t<td class=\"column-1\">PBrz-kat 9<\/td><td class=\"column-2\">Parafia rzymskokatolicka Brze\u017anica (Briesnitz)<\/td><td class=\"column-3\">Ksi\u0119ga zmar\u0142ych (Rengersdorf=Stan\u00f3w)<\/td><td class=\"column-4\"><\/td><td class=\"column-5\">1840<\/td><td class=\"column-6\">1945<\/td><td class=\"column-7\"><\/td><td class=\"column-8\">ksi\u0119ga<\/td><td class=\"column-9\"><\/td><td class=\"column-10\"><\/td><td class=\"column-11\">niem<\/td><td class=\"column-12\"><\/td><td class=\"column-13\">Archiwum Parafii Brze\u017anica<\/td>\n<\/tr>\n<tr class=\"row-11 odd\">\n\t<td class=\"column-1\">PBrz-kat 10<\/td><td class=\"column-2\">Parafia rzymskokatolicka Brze\u017anica (Briesnitz)<\/td><td class=\"column-3\">Akta dotycz\u0105ce spraw szkolnych<\/td><td class=\"column-4\"><\/td><td class=\"column-5\">1828<\/td><td class=\"column-6\">1832<\/td><td class=\"column-7\"><\/td><td class=\"column-8\">poszyt<\/td><td class=\"column-9\"><\/td><td class=\"column-10\"><\/td><td class=\"column-11\">niem<\/td><td class=\"column-12\"><\/td><td class=\"column-13\">Archiwum Parafii Brze\u017anica<\/td>\n<\/tr>\n<tr class=\"row-12 even\">\n\t<td class=\"column-1\">PBrz-kat 11<\/td><td class=\"column-2\">Parafia rzymskokatolicka Brze\u017anica (Briesnitz)<\/td><td class=\"column-3\">Fundationsurkunden<\/td><td class=\"column-4\"><\/td><td class=\"column-5\">1783<\/td><td class=\"column-6\">1837<\/td><td class=\"column-7\"><\/td><td class=\"column-8\">poszyt<\/td><td class=\"column-9\"><\/td><td class=\"column-10\"><\/td><td class=\"column-11\">niem<\/td><td class=\"column-12\"><\/td><td class=\"column-13\">Archiwum Parafii Brze\u017anica<\/td>\n<\/tr>\n<tr class=\"row-13 odd\">\n\t<td class=\"column-1\">PBrz-kat 12<\/td><td class=\"column-2\">Parafia rzymskokatolicka Brze\u017anica (Briesnitz)<\/td><td class=\"column-3\">Kasa ko\u015bcielna parafii Brze\u017anica<\/td><td class=\"column-4\"><\/td><td class=\"column-5\">1954<\/td><td class=\"column-6\">1958<\/td><td class=\"column-7\"><\/td><td class=\"column-8\">ksi\u0119ga<\/td><td class=\"column-9\"><\/td><td class=\"column-10\"><\/td><td class=\"column-11\">pol<\/td><td class=\"column-12\"><\/td><td class=\"column-13\">Archiwum Parafii Brze\u017anica<\/td>\n<\/tr>\n<tr class=\"row-14 even\">\n\t<td class=\"column-1\">PBrz-kat 13<\/td><td class=\"column-2\">Parafia rzymskokatolicka Brze\u017anica (Briesnitz)<\/td><td class=\"column-3\">Duplicate von Brienitzer Kirchenbuecher. A. Taufen. B. Trauunungen. C. Begraebnisse<\/td><td class=\"column-4\"><\/td><td class=\"column-5\">1802<\/td><td class=\"column-6\">1802<\/td><td class=\"column-7\"><\/td><td class=\"column-8\">poszyt<\/td><td class=\"column-9\"><\/td><td class=\"column-10\"><\/td><td class=\"column-11\">niem<\/td><td class=\"column-12\"><\/td><td class=\"column-13\">Archiwum Parafii p.w. Wniebowzi\u0119cia NMP \u017baga\u0144<\/td>\n<\/tr>\n<tr class=\"row-15 odd\">\n\t<td class=\"column-1\">PBrz-kat 14<\/td><td class=\"column-2\">Parafia rzymskokatolicka Brze\u017anica (Briesnitz)<\/td><td class=\"column-3\">Duplicat des Briesnitzer Kirchen-Copulations-Tauf-und Begraebniss-Buches<\/td><td class=\"column-4\"><\/td><td class=\"column-5\">1813<\/td><td class=\"column-6\">1813<\/td><td class=\"column-7\"><\/td><td class=\"column-8\">poszyt<\/td><td class=\"column-9\"><\/td><td class=\"column-10\"><\/td><td class=\"column-11\">niem<\/td><td class=\"column-12\"><\/td><td class=\"column-13\">Archiwum Parafii p.w. Wniebowzi\u0119cia NMP \u017baga\u0144<\/td>\n<\/tr>\n<tr class=\"row-16 even\">\n\t<td class=\"column-1\">PBrz-kat 15<\/td><td class=\"column-2\">Parafia rzymskokatolicka Brze\u017anica (Briesnitz)<\/td><td class=\"column-3\">Duplicat des Briesnitzer Kirchen-Copulations-Tauf-und Begraebniss-Buches<\/td><td class=\"column-4\"><\/td><td class=\"column-5\">1816<\/td><td class=\"column-6\">1816<\/td><td class=\"column-7\"><\/td><td class=\"column-8\">poszyt<\/td><td class=\"column-9\"><\/td><td class=\"column-10\"><\/td><td class=\"column-11\">niem<\/td><td class=\"column-12\"><\/td><td class=\"column-13\">Archiwum Parafii p.w. Wniebowzi\u0119cia NMP \u017baga\u0144<\/td>\n<\/tr>\n<tr class=\"row-17 odd\">\n\t<td class=\"column-1\">PBrz-kat 16<\/td><td class=\"column-2\">Parafia rzymskokatolicka Brze\u017anica (Briesnitz)<\/td><td class=\"column-3\">Duplicat des Briesnitzer Kirchen-Copulations-Tauf-und Begraebniss-Buches<\/td><td class=\"column-4\"><\/td><td class=\"column-5\">1828<\/td><td class=\"column-6\">1828<\/td><td class=\"column-7\"><\/td><td class=\"column-8\">poszyt<\/td><td class=\"column-9\"><\/td><td class=\"column-10\"><\/td><td class=\"column-11\">niem<\/td><td class=\"column-12\"><\/td><td class=\"column-13\">Archiwum Parafii p.w. Wniebowzi\u0119cia NMP \u017baga\u0144<\/td>\n<\/tr>\n<tr class=\"row-18 even\">\n\t<td class=\"column-1\">PBrz-kat 17<\/td><td class=\"column-2\">Parafia rzymskokatolicka Brze\u017anica (Briesnitz)<\/td><td class=\"column-3\">Duplicat des Briesnitzer Kirchen-Copulations-Tauf-und Begraebniss-Buches<\/td><td class=\"column-4\"><\/td><td class=\"column-5\">1831<\/td><td class=\"column-6\">1831<\/td><td class=\"column-7\"><\/td><td class=\"column-8\">poszyt<\/td><td class=\"column-9\"><\/td><td class=\"column-10\"><\/td><td class=\"column-11\">niem<\/td><td class=\"column-12\"><\/td><td class=\"column-13\">Archiwum Parafii p.w. Wniebowzi\u0119cia NMP \u017baga\u0144<\/td>\n<\/tr>\n<tr class=\"row-19 odd\">\n\t<td class=\"column-1\">PBrz-kat 18<\/td><td class=\"column-2\">Parafia rzymskokatolicka Brze\u017anica (Briesnitz)<\/td><td class=\"column-3\">Duplicat des Rengersdorffer Kirchen-Copulations-Tauf-und Begraebniss-Buches<\/td><td class=\"column-4\"><\/td><td class=\"column-5\">1837<\/td><td class=\"column-6\">1837<\/td><td class=\"column-7\"><\/td><td class=\"column-8\">poszyt<\/td><td class=\"column-9\"><\/td><td class=\"column-10\"><\/td><td class=\"column-11\">niem<\/td><td class=\"column-12\"><\/td><td class=\"column-13\">Archiwum Parafii p.w. Wniebowzi\u0119cia NMP \u017baga\u0144<\/td>\n<\/tr>\n<tr class=\"row-20 even\">\n\t<td class=\"column-1\">PBrz-kat 19<\/td><td class=\"column-2\">Parafia rzymskokatolicka Brze\u017anica (Briesnitz)<\/td><td class=\"column-3\">Duplicat des Peterswaldauer Kirchen-Copulations-Tauf-und Begraebniss-Buches<\/td><td class=\"column-4\"><\/td><td class=\"column-5\">1839<\/td><td class=\"column-6\">1839<\/td><td class=\"column-7\"><\/td><td class=\"column-8\">poszyt<\/td><td class=\"column-9\"><\/td><td class=\"column-10\"><\/td><td class=\"column-11\">niem<\/td><td class=\"column-12\"><\/td><td class=\"column-13\">Archiwum Parafii p.w. Wniebowzi\u0119cia NMP \u017baga\u0144<\/td>\n<\/tr>\n<tr class=\"row-21 odd\">\n\t<td class=\"column-1\">PBrz-kat 20<\/td><td class=\"column-2\">Parafia rzymskokatolicka Brze\u017anica (Briesnitz)<\/td><td class=\"column-3\">Duplicat des Briesnitzer Kirchen-Copulations-Tauf-und Begraebniss-Buches<\/td><td class=\"column-4\"><\/td><td class=\"column-5\">1840<\/td><td class=\"column-6\">1840<\/td><td class=\"column-7\"><\/td><td class=\"column-8\">poszyt<\/td><td class=\"column-9\"><\/td><td class=\"column-10\"><\/td><td class=\"column-11\">niem<\/td><td class=\"column-12\"><\/td><td class=\"column-13\">Archiwum Parafii p.w. Wniebowzi\u0119cia NMP \u017baga\u0144<\/td>\n<\/tr>\n<tr class=\"row-22 even\">\n\t<td class=\"column-1\">PBrz-kat 21<\/td><td class=\"column-2\">Parafia rzymskokatolicka Brze\u017anica (Briesnitz)<\/td><td class=\"column-3\">Duplicat des Peterswaldauer Kirchen-Copulations-Tauf-und Begraebniss-Buches<\/td><td class=\"column-4\"><\/td><td class=\"column-5\">1840<\/td><td class=\"column-6\">1840<\/td><td class=\"column-7\"><\/td><td class=\"column-8\">poszyt<\/td><td class=\"column-9\"><\/td><td class=\"column-10\"><\/td><td class=\"column-11\">niem<\/td><td class=\"column-12\"><\/td><td class=\"column-13\">Archiwum Parafii p.w. Wniebowzi\u0119cia NMP \u017baga\u0144<\/td>\n<\/tr>\n<tr class=\"row-23 odd\">\n\t<td class=\"column-1\">PBrz-kat 22<\/td><td class=\"column-2\">Parafia rzymskokatolicka Brze\u017anica (Briesnitz)<\/td><td class=\"column-3\">Duplicat des Rengersdorffer Kirchen-Copulations-Tauf-und Begraebniss-Buches<\/td><td class=\"column-4\"><\/td><td class=\"column-5\">1840<\/td><td class=\"column-6\">1840<\/td><td class=\"column-7\"><\/td><td class=\"column-8\">poszyt<\/td><td class=\"column-9\"><\/td><td class=\"column-10\"><\/td><td class=\"column-11\">niem<\/td><td class=\"column-12\"><\/td><td class=\"column-13\">Archiwum Parafii p.w. Wniebowzi\u0119cia NMP \u017baga\u0144<\/td>\n<\/tr>\n<tr class=\"row-24 even\">\n\t<td class=\"column-1\">PBrz-kat 23<\/td><td class=\"column-2\">Parafia rzymskokatolicka Brze\u017anica (Briesnitz)<\/td><td class=\"column-3\">Duplicat des Peterswaldauer Kirchen-Copulations-Tauf-und Begraebniss-Buches<\/td><td class=\"column-4\"><\/td><td class=\"column-5\">1841<\/td><td class=\"column-6\">1841<\/td><td class=\"column-7\"><\/td><td class=\"column-8\">poszyt<\/td><td class=\"column-9\"><\/td><td class=\"column-10\"><\/td><td class=\"column-11\">niem<\/td><td class=\"column-12\"><\/td><td class=\"column-13\">Archiwum Parafii p.w. Wniebowzi\u0119cia NMP \u017baga\u0144<\/td>\n<\/tr>\n<tr class=\"row-25 odd\">\n\t<td class=\"column-1\">PBrz-kat 24<\/td><td class=\"column-2\">Parafia rzymskokatolicka Brze\u017anica (Briesnitz)<\/td><td class=\"column-3\">Duplicat des Peterswaldauer Kirchen-Copulations-Tauf-und Begraebniss-Buches<\/td><td class=\"column-4\"><\/td><td class=\"column-5\">1842<\/td><td class=\"column-6\">1842<\/td><td class=\"column-7\"><\/td><td class=\"column-8\">poszyt<\/td><td class=\"column-9\"><\/td><td class=\"column-10\"><\/td><td class=\"column-11\">niem<\/td><td class=\"column-12\"><\/td><td class=\"column-13\">Archiwum Parafii p.w. Wniebowzi\u0119cia NMP \u017baga\u0144<\/td>\n<\/tr>\n<tr class=\"row-26 even\">\n\t<td class=\"column-1\">PBrz-kat 25<\/td><td class=\"column-2\">Parafia rzymskokatolicka Brze\u017anica (Briesnitz)<\/td><td class=\"column-3\">Duplicat des Peterswaldauer Kirchen-Copulations-Tauf-und Begraebniss-Buches<\/td><td class=\"column-4\"><\/td><td class=\"column-5\">1843<\/td><td class=\"column-6\">1843<\/td><td class=\"column-7\"><\/td><td class=\"column-8\">poszyt<\/td><td class=\"column-9\"><\/td><td class=\"column-10\"><\/td><td class=\"column-11\">niem<\/td><td class=\"column-12\"><\/td><td class=\"column-13\">Archiwum Parafii p.w. Wniebowzi\u0119cia NMP \u017baga\u0144<\/td>\n<\/tr>\n<tr class=\"row-27 odd\">\n\t<td class=\"column-1\">PBrz-kat 26<\/td><td class=\"column-2\">Parafia rzymskokatolicka Brze\u017anica (Briesnitz)<\/td><td class=\"column-3\">Duplicat des Peterswaldauer Kirchen-Copulations-Tauf-und Begraebniss-Buches<\/td><td class=\"column-4\"><\/td><td class=\"column-5\">1846<\/td><td class=\"column-6\">1864<\/td><td class=\"column-7\"><\/td><td class=\"column-8\">poszyt<\/td><td class=\"column-9\"><\/td><td class=\"column-10\"><\/td><td class=\"column-11\">niem<\/td><td class=\"column-12\"><\/td><td class=\"column-13\">Archiwum Parafii p.w. Wniebowzi\u0119cia NMP \u017baga\u0144<\/td>\n<\/tr>\n<tr class=\"row-28 even\">\n\t<td class=\"column-1\">PBrz-kat 27<\/td><td class=\"column-2\">Parafia rzymskokatolicka Brze\u017anica (Briesnitz)<\/td><td class=\"column-3\">Duplicat des Rengersdoerffer Kirchen-Trauunung-Tauf-und Begraebniss-Buches<\/td><td class=\"column-4\"><\/td><td class=\"column-5\">1854<\/td><td class=\"column-6\">1854<\/td><td class=\"column-7\"><\/td><td class=\"column-8\">poszyt<\/td><td class=\"column-9\"><\/td><td class=\"column-10\"><\/td><td class=\"column-11\">niem<\/td><td class=\"column-12\"><\/td><td class=\"column-13\">Archiwum Parafii p.w. Wniebowzi\u0119cia NMP \u017baga\u0144<\/td>\n<\/tr>\n<tr class=\"row-29 odd\">\n\t<td class=\"column-1\">PBrz-kat 28<\/td><td class=\"column-2\">Parafia rzymskokatolicka Brze\u017anica (Briesnitz)<\/td><td class=\"column-3\">Duplicat des Rengersdoerffer Kirchen-Trauunung-Tauf-und Begraebniss-Buches<\/td><td class=\"column-4\"><\/td><td class=\"column-5\">1855<\/td><td class=\"column-6\">1855<\/td><td class=\"column-7\"><\/td><td class=\"column-8\">poszyt<\/td><td class=\"column-9\"><\/td><td class=\"column-10\"><\/td><td class=\"column-11\">niem<\/td><td class=\"column-12\"><\/td><td class=\"column-13\">Archiwum Parafii p.w. Wniebowzi\u0119cia NMP \u017baga\u0144<\/td>\n<\/tr>\n<tr class=\"row-30 even\">\n\t<td class=\"column-1\">PBrz-kat 29<\/td><td class=\"column-2\">Parafia rzymskokatolicka Brze\u017anica (Briesnitz)<\/td><td class=\"column-3\">Duplicat bt: den Kirchenbuechren der katholischen Filial-Kirche Peterswaldau Kreis Sagan<\/td><td class=\"column-4\"><\/td><td class=\"column-5\">1859<\/td><td class=\"column-6\">1859<\/td><td class=\"column-7\"><\/td><td class=\"column-8\">poszyt<\/td><td class=\"column-9\"><\/td><td class=\"column-10\"><\/td><td class=\"column-11\">niem<\/td><td class=\"column-12\"><\/td><td class=\"column-13\">Archiwum Parafii p.w. Wniebowzi\u0119cia NMP \u017baga\u0144<\/td>\n<\/tr>\n<tr class=\"row-31 odd\">\n\t<td class=\"column-1\">PBrz-kat 30<\/td><td class=\"column-2\">Parafia rzymskokatolicka Brze\u017anica (Briesnitz)<\/td><td class=\"column-3\">Duplicat bt: den Trauunungs, Tauf u. Begraebniss-Buechere der katholischen Filial-Kirche Peterswaldau<\/td><td class=\"column-4\"><\/td><td class=\"column-5\">1860<\/td><td class=\"column-6\">1860<\/td><td class=\"column-7\"><\/td><td class=\"column-8\">poszyt<\/td><td class=\"column-9\"><\/td><td class=\"column-10\"><\/td><td class=\"column-11\">niem<\/td><td class=\"column-12\"><\/td><td class=\"column-13\">Archiwum Parafii p.w. Wniebowzi\u0119cia NMP \u017baga\u0144<\/td>\n<\/tr>\n<tr class=\"row-32 even\">\n\t<td class=\"column-1\">PBrz-kat 31<\/td><td class=\"column-2\">Parafia rzymskokatolicka Brze\u017anica (Briesnitz)<\/td><td class=\"column-3\">Duplicat des Peterswaldauer Kirchen Copulations, Tauf u. Begraebniss-Bueches<\/td><td class=\"column-4\"><\/td><td class=\"column-5\">1861<\/td><td class=\"column-6\">1861<\/td><td class=\"column-7\"><\/td><td class=\"column-8\">poszyt<\/td><td class=\"column-9\"><\/td><td class=\"column-10\"><\/td><td class=\"column-11\">niem<\/td><td class=\"column-12\"><\/td><td class=\"column-13\">Archiwum Parafii p.w. Wniebowzi\u0119cia NMP \u017baga\u0144<\/td>\n<\/tr>\n<tr class=\"row-33 odd\">\n\t<td class=\"column-1\">PBrz-kat 32<\/td><td class=\"column-2\">Parafia rzymskokatolicka Brze\u017anica (Briesnitz)<\/td><td class=\"column-3\">Duplicat des Peterswaldauer Kirchen Copulations, Tauf u. Begraebniss-Bueches<\/td><td class=\"column-4\"><\/td><td class=\"column-5\">1862<\/td><td class=\"column-6\">1862<\/td><td class=\"column-7\"><\/td><td class=\"column-8\">poszyt<\/td><td class=\"column-9\"><\/td><td class=\"column-10\"><\/td><td class=\"column-11\">niem<\/td><td class=\"column-12\"><\/td><td class=\"column-13\">Archiwum Parafii p.w. Wniebowzi\u0119cia NMP \u017baga\u0144<\/td>\n<\/tr>\n<tr class=\"row-34 even\">\n\t<td class=\"column-1\">PBrz-kat 33<\/td><td class=\"column-2\">Parafia rzymskokatolicka Brze\u017anica (Briesnitz)<\/td><td class=\"column-3\">Duplicat des Peterswaldauer Kirchen Copulations, Tauf u. Begraebniss-Bueches<\/td><td class=\"column-4\"><\/td><td class=\"column-5\">1863<\/td><td class=\"column-6\">1863<\/td><td class=\"column-7\"><\/td><td class=\"column-8\">poszyt<\/td><td class=\"column-9\"><\/td><td class=\"column-10\"><\/td><td class=\"column-11\">niem<\/td><td class=\"column-12\"><\/td><td class=\"column-13\">Archiwum Parafii p.w. Wniebowzi\u0119cia NMP \u017baga\u0144<\/td>\n<\/tr>\n<tr class=\"row-35 odd\">\n\t<td class=\"column-1\">PBrz-kat 34<\/td><td class=\"column-2\">Parafia rzymskokatolicka Brze\u017anica (Briesnitz)<\/td><td class=\"column-3\">Duplicat des Peterswaldauer Kirchen Copulations, Tauf u. Begraebniss-Bueches<\/td><td class=\"column-4\"><\/td><td class=\"column-5\">1864<\/td><td class=\"column-6\">1864<\/td><td class=\"column-7\"><\/td><td class=\"column-8\">poszyt<\/td><td class=\"column-9\"><\/td><td class=\"column-10\"><\/td><td class=\"column-11\">niem<\/td><td class=\"column-12\"><\/td><td class=\"column-13\">Archiwum Parafii p.w. Wniebowzi\u0119cia NMP \u017baga\u0144<\/td>\n<\/tr>\n<tr class=\"row-36 even\">\n\t<td class=\"column-1\">PBrz-kat 35<\/td><td class=\"column-2\">Parafia rzymskokatolicka Brze\u017anica (Briesnitz)<\/td><td class=\"column-3\">Duplicat des Briesnitzer Kirchen Copulations, Tauf u. Begraebniss-Bueches<\/td><td class=\"column-4\"><\/td><td class=\"column-5\">1870<\/td><td class=\"column-6\">1870<\/td><td class=\"column-7\"><\/td><td class=\"column-8\">poszyt<\/td><td class=\"column-9\"><\/td><td class=\"column-10\"><\/td><td class=\"column-11\">niem<\/td><td class=\"column-12\"><\/td><td class=\"column-13\">Archiwum Parafii p.w. Wniebowzi\u0119cia NMP \u017baga\u0144<\/td>\n<\/tr>\n<tr class=\"row-37 odd\">\n\t<td class=\"column-1\">PBrz-kat 36<\/td><td class=\"column-2\">Parafia rzymskokatolicka Brze\u017anica (Briesnitz)<\/td><td class=\"column-3\">Duplicat des Rengersdorfer Kirchen Copulations, Tauf u. Begraebniss-Bueches<\/td><td class=\"column-4\"><\/td><td class=\"column-5\">1871<\/td><td class=\"column-6\">1871<\/td><td class=\"column-7\"><\/td><td class=\"column-8\">poszyt<\/td><td class=\"column-9\"><\/td><td class=\"column-10\"><\/td><td class=\"column-11\">niem<\/td><td class=\"column-12\"><\/td><td class=\"column-13\">Archiwum Parafii p.w. Wniebowzi\u0119cia NMP \u017baga\u0144<\/td>\n<\/tr>\n<tr class=\"row-38 even\">\n\t<td class=\"column-1\">PBrz-kat 37<\/td><td class=\"column-2\">Parafia rzymskokatolicka Brze\u017anica (Briesnitz)<\/td><td class=\"column-3\">Amts-Blatt Parochie Briesnitz<\/td><td class=\"column-4\"><\/td><td class=\"column-5\">1830<\/td><td class=\"column-6\">1830<\/td><td class=\"column-7\"><\/td><td class=\"column-8\">ksi\u0119ga<\/td><td class=\"column-9\"><\/td><td class=\"column-10\"><\/td><td class=\"column-11\">niem<\/td><td class=\"column-12\"><\/td><td class=\"column-13\">AP Brze\u017anica<\/td>\n<\/tr>\n<tr class=\"row-39 odd\">\n\t<td class=\"column-1\">PBrz-kat 38<\/td><td class=\"column-2\">Parafia rzymskokatolicka Brze\u017anica (Briesnitz)<\/td><td class=\"column-3\">[Ksi\u0119ga og\u0142osze\u0144]<\/td><td class=\"column-4\"><\/td><td class=\"column-5\">1935<\/td><td class=\"column-6\">1945<\/td><td class=\"column-7\"><\/td><td class=\"column-8\">ksi\u0119ga<\/td><td class=\"column-9\"><\/td><td class=\"column-10\"><\/td><td class=\"column-11\">niem<\/td><td class=\"column-12\"><\/td><td class=\"column-13\">AP Brze\u017anica<\/td>\n<\/tr>\n<\/tbody>\n<\/table>\n<!-- #tablepress-213 from cache -->\n","protected":false},"excerpt":{"rendered":"","protected":false},"author":1,"featured_media":0,"parent":46,"menu_order":0,"comment_status":"closed","ping_status":"closed","template":"","meta":{"ngg_post_thumbnail":0},"_links":{"self":[{"href":"https:\/\/archiwum.diecezjazg.pl\/index.php\/wp-json\/wp\/v2\/pages\/1452"}],"collection":[{"href":"https:\/\/archiwum.diecezjazg.pl\/index.php\/wp-json\/wp\/v2\/pages"}],"about":[{"href":"https:\/\/archiwum.diecezjazg.pl\/index.php\/wp-json\/wp\/v2\/types\/page"}],"author":[{"embeddable":true,"href":"https:\/\/archiwum.diecezjazg.pl\/index.php\/wp-json\/wp\/v2\/users\/1"}],"replies":[{"embeddable":true,"href":"https:\/\/archiwum.diecezjazg.pl\/index.php\/wp-json\/wp\/v2\/comments?post=1452"}],"version-history":[{"count":1,"href":"https:\/\/archiwum.diecezjazg.pl\/index.php\/wp-json\/wp\/v2\/pages\/1452\/revisions"}],"predecessor-version":[{"id":1453,"href":"https:\/\/archiwum.diecezjazg.pl\/index.php\/wp-json\/wp\/v2\/pages\/1452\/revisions\/1453"}],"up":[{"embeddable":true,"href":"https:\/\/archiwum.diecezjazg.pl\/index.php\/wp-json\/wp\/v2\/pages\/46"}],"wp:attachment":[{"href":"https:\/\/archiwum.diecezjazg.pl\/index.php\/wp-json\/wp\/v2\/media?parent=1452"}],"curies":[{"name":"wp","href":"https:\/\/api.w.org\/{rel}","templated":true}]}}