{"id":1446,"date":"2017-09-26T10:55:39","date_gmt":"2017-09-26T08:55:39","guid":{"rendered":"http:\/\/www.archiwum.diecezjazg.pl\/?page_id=1446"},"modified":"2017-09-26T10:55:39","modified_gmt":"2017-09-26T08:55:39","slug":"akta-parafii-katolickiej-brojce-bratz-zespol-80-sygnatura-pbro-kat","status":"publish","type":"page","link":"https:\/\/archiwum.diecezjazg.pl\/index.php\/zasoby-archiwalne\/akta-parafii-katolickiej-brojce-bratz-zespol-80-sygnatura-pbro-kat\/","title":{"rendered":"Akta parafii katolickiej Br\u00f3jce Br\u00e4tz, zesp\u00f3\u0142 80, sygnatura PBr\u00f3-kat"},"content":{"rendered":"\n<table id=\"tablepress-210\" class=\"tablepress tablepress-id-210\">\n<thead>\n<tr class=\"row-1 odd\">\n\t<th class=\"column-1\">Sygn<\/th><th class=\"column-2\">Zesp\u00f3\u0142 80<\/th><th class=\"column-3\">Tytu\u0142<\/th><th class=\"column-4\">Rok_ant<\/th><th class=\"column-5\">Rok_p<\/th><th class=\"column-6\">Rok_k<\/th><th class=\"column-7\">Rok_pos<\/th><th class=\"column-8\">Opis_fizyczny<\/th><th class=\"column-9\">ilo\u015b\u0107 stron<\/th><th class=\"column-10\">wymiar<\/th><th class=\"column-11\">j\u0119zyk<\/th><th class=\"column-12\">Sygnatury dawne<\/th><th class=\"column-13\">Uwagi<\/th>\n<\/tr>\n<\/thead>\n<tbody class=\"row-hover\">\n<tr class=\"row-2 even\">\n\t<td class=\"column-1\">Pbr\u00f3-kat 1<\/td><td class=\"column-2\">Parafia rzymskokatolicka Br\u00f3jce (Br \u00e4 tz )<\/td><td class=\"column-3\">Tau-Trau-u.Toten-Buch des Kath.Pfarramtes zu Br \u00e4 tz<\/td><td class=\"column-4\"><\/td><td class=\"column-5\">1864<\/td><td class=\"column-6\">1946<\/td><td class=\"column-7\"><\/td><td class=\"column-8\">ksi\u0119ga<\/td><td class=\"column-9\"><\/td><td class=\"column-10\"><\/td><td class=\"column-11\">niem<\/td><td class=\"column-12\">chrzty 1864-1944; \u015bluby 1864-1938 (3 karty wydarte); zgony (4 karty wydarte) 1897-1946<\/td><td class=\"column-13\">AP Br\u00f3jce<\/td>\n<\/tr>\n<tr class=\"row-3 odd\">\n\t<td class=\"column-1\">Pbr\u00f3-kat 2<\/td><td class=\"column-2\">Parafia rzymskokatolicka Br\u00f3jce (Br \u00e4 tz )<\/td><td class=\"column-3\">Liber Confirmatorum parochiae Brojce Braetz<\/td><td class=\"column-4\"><\/td><td class=\"column-5\">1888<\/td><td class=\"column-6\">1993<\/td><td class=\"column-7\"><\/td><td class=\"column-8\">ksi\u0119ga<\/td><td class=\"column-9\"><\/td><td class=\"column-10\"><\/td><td class=\"column-11\">niem,pol<\/td><td class=\"column-12\"><\/td><td class=\"column-13\">AP Br\u00f3jce<\/td>\n<\/tr>\n<\/tbody>\n<\/table>\n<!-- #tablepress-210 from cache -->\n","protected":false},"excerpt":{"rendered":"","protected":false},"author":1,"featured_media":0,"parent":46,"menu_order":0,"comment_status":"closed","ping_status":"closed","template":"","meta":{"ngg_post_thumbnail":0},"_links":{"self":[{"href":"https:\/\/archiwum.diecezjazg.pl\/index.php\/wp-json\/wp\/v2\/pages\/1446"}],"collection":[{"href":"https:\/\/archiwum.diecezjazg.pl\/index.php\/wp-json\/wp\/v2\/pages"}],"about":[{"href":"https:\/\/archiwum.diecezjazg.pl\/index.php\/wp-json\/wp\/v2\/types\/page"}],"author":[{"embeddable":true,"href":"https:\/\/archiwum.diecezjazg.pl\/index.php\/wp-json\/wp\/v2\/users\/1"}],"replies":[{"embeddable":true,"href":"https:\/\/archiwum.diecezjazg.pl\/index.php\/wp-json\/wp\/v2\/comments?post=1446"}],"version-history":[{"count":1,"href":"https:\/\/archiwum.diecezjazg.pl\/index.php\/wp-json\/wp\/v2\/pages\/1446\/revisions"}],"predecessor-version":[{"id":1447,"href":"https:\/\/archiwum.diecezjazg.pl\/index.php\/wp-json\/wp\/v2\/pages\/1446\/revisions\/1447"}],"up":[{"embeddable":true,"href":"https:\/\/archiwum.diecezjazg.pl\/index.php\/wp-json\/wp\/v2\/pages\/46"}],"wp:attachment":[{"href":"https:\/\/archiwum.diecezjazg.pl\/index.php\/wp-json\/wp\/v2\/media?parent=1446"}],"curies":[{"name":"wp","href":"https:\/\/api.w.org\/{rel}","templated":true}]}}